{"id":4210,"date":"2016-07-28T11:34:40","date_gmt":"2016-07-28T11:34:40","guid":{"rendered":"https:\/\/staging.femtouch.eu\/wie-funktioniert-es\/"},"modified":"2022-12-21T11:16:30","modified_gmt":"2022-12-21T11:16:30","slug":"how-it-works","status":"publish","type":"page","link":"https:\/\/femtouch.eu\/de\/our-treatment\/how-it-works\/","title":{"rendered":"WIE FUNKTIONIERT ES?"},"content":{"rendered":"<div class=\"wpb-content-wrapper\"><p>[vc_row type=&#8220;image&#8220; bg_position=&#8220;center&#8220; bg_position_horizontal=&#8220;center&#8220; column_gap=&#8220;no&#8220; padding_top=&#8220;13%&#8220; padding_bottom=&#8220;13%&#8220; bg_image=&#8220;682&#8243;][vc_column][vc_custom_heading text=&#8220;&#8220; font_container=&#8220;tag:h2|text_align:left|color:%23ffffff&#8220; use_theme_fonts=&#8220;yes&#8220;][\/vc_column][\/vc_row][vc_row text_align=&#8220;center&#8220; text_color=&#8220;#ffffff&#8220; column_gap=&#8220;no&#8220; padding_top=&#8220;25&#8243; padding_bottom=&#8220;25&#8243;][vc_column][vc_column_text]<div id=\"ccchildpages-1\" class=\"ccchildpages ccflex  simple ccclearfix\"><ul class=\"ccchildpages_list ccclearfix\"><li class=\"page_item page-item-4365\"><a href=\"https:\/\/femtouch.eu\/de\/our-treatment\/about\/\">\u00dcBER FEMTOUCH\u2122<\/a><\/li>\n<li class=\"page_item page-item-4210\"><a href=\"https:\/\/femtouch.eu\/de\/our-treatment\/how-it-works\/\">WIE FUNKTIONIERT ES?<\/a><\/li>\n<li class=\"page_item page-item-4534\"><a href=\"https:\/\/femtouch.eu\/de\/our-treatment\/what-should-i-expect\/\">WAS KANN ICH ERWARTEN?<\/a><\/li>\n<li class=\"page_item page-item-4573\"><a href=\"https:\/\/femtouch.eu\/de\/our-treatment\/do-i-need-it\/\">Mehrwert der Behandlung<\/a><\/li><\/ul><\/div>[\/vc_column_text][\/vc_column][\/vc_row][vc_row equal_height=\"yes\" content_placement=\"middle\" type=\"color\" bg_color=\"#f2f2f2\" column_gap=\"no\" padding_top=\"65\" padding_bottom=\"65\"][vc_column width=\"1\/2\" css=\".vc_custom_1469703389938{margin-left: 0px !important;background-color: #ffffff !important;}\"][vc_custom_heading text=\"Wie funktioniert FemTouch\u2122 eigentlich? Die Technologie\" font_container=\"tag:h3|text_align:left|color:%23ef6967\" use_theme_fonts=\"yes\" css=\".vc_custom_1470815675499{padding-top: 10px !important;padding-left: 25px !important;}\"][vc_column_text css=\".vc_custom_1581414787453{margin-bottom: 15px !important;padding-right: 25px !important;padding-left: 25px !important;}\"]<\/p>\n<p style=\"padding-left: 25px; padding-right: 25px;\">FemTouch\u2122 ist eine innovative, hochmoderne CO\u2082-Lasertechnologie zur Behandlung h\u00e4ufig auftretender Probleme im Bereich\u00a0der <a href=\"https:\/\/femtouch.eu\/de\"> Vaginalgesundheit<\/a>. Sie stimuliert das Wachstum von neuem Vaginalgewebe durch Aktivierung der Kollagenproduktion.<\/p>\n<p style=\"padding-left: 25px; padding-right: 25px;\">W\u00e4hrend der ambulanten Behandlung mit FemTouch\u2122 f\u00fchrt Ihr Arzt einen sterilisierten Applikator zun\u00e4chst in die Scheide ein und dann in einer nach au\u00dfen gerichteten Bewegung an der Vaginalwand entlang. Dabei wendet er den Laser in einer 360\u00b0-Bewegung auf dem Vaginalgewebe an. Dieses Bewegungsmuster stellt sicher, dass der gesamte Bereich abgedeckt wird. FemTouch\u2122 ist die modernste nicht-invasive und schmerzfreie Laserbehandlung f\u00fcr die Vagina und stimuliert neues Gewebewachstum.<\/p>\n<p>[\/vc_column_text][\/vc_column][vc_column width=\"1\/2\" css=\".vc_custom_1470815852938{background: #ffffff url(https:\/\/femtouch.eu\/wp-content\/uploads\/2016\/08\/GettyImages-88621741-e1470815808998.jpg?id=602) !important;background-position: center !important;background-repeat: no-repeat !important;background-size: cover !important;}\" el_class=\"mob_bg_fix\"][\/vc_column][\/vc_row][vc_row content_placement=\"middle\" type=\"color\" column_gap=\"no\" padding_top=\"50\" padding_bottom=\"25\"][vc_column][vc_custom_heading text=\"Echte Menschen &amp; wahre Geschichten\" font_container=\"tag:h2|text_align:center\" use_theme_fonts=\"yes\" el_class=\"border_bottom\"][\/vc_column][\/vc_row][vc_row equal_height=\"yes\" text_align=\"center\" column_gap=\"no\" el_class=\"testi\"][vc_column width=\"1\/2\" css=\".vc_custom_1469703589231{margin-right: 10px !important;background-color: #f2f2f2 !important;}\"][vc_single_image image=\"3418\" img_size=\"full\" alignment=\"center\" full_width=\"yes\" css=\".vc_custom_1471177183073{margin-bottom: 20px !important;}\"][vc_column_text font_size=\"20px\" css=\".vc_custom_1471424559440{padding-right: 35px !important;padding-left: 35px !important;}\"]<\/p>\n<p style=\"text-align: center;\"><em>\u201cIch wusste nicht einmal, wie sehr ich<br \/>\ndiese Behandlung brauchte. Nun sind mein Mann und ich<br \/>\ntotal begeistert!\" Das war gro\u00dfartig.<br \/>\nIch habe all meinen Freundinnen davon erz\u00e4hlt!\u201d<br \/>\n<\/em><\/p>\n<p style=\"text-align: center;\">A. P., FemTouch-Patientin<\/p>\n<p>[\/vc_column_text][vc_btn title=\"Weiterlesen\" style=\"outline\" shape=\"round\" color=\"pink\" align=\"center\" css=\".vc_custom_1471853618619{margin-bottom: 30px !important;}\" link=\"url:%2Fde%2Ffemtouch-testimonials%2Fwomens-testimonials%2F|\"][\/vc_column][vc_column width=\"1\/2\" css=\".vc_custom_1469703597082{margin-left: 10px !important;background-color: #f2f2f2 !important;}\"][vc_single_image image=\"3454\" img_size=\"full\" alignment=\"center\" full_width=\"yes\" css=\".vc_custom_1470831232433{margin-bottom: 20px !important;}\"][vc_column_text font_size=\"20px\" css=\".vc_custom_1471424541609{padding-right: 35px !important;padding-left: 35px !important;}\"]<\/p>\n<p style=\"text-align: center;\"><em>\"Solch ein geringer Aufwand f\u00fcr so positive Reaktionen der Patientinnen.<br \/>\nMeine Patientinnen in den Wechseljahren sind wirklich dankbar daf\u00fcr,<br \/>\ndass ihr Liebesleben durch die Linderung der vaginalen Trockenheit<br \/>\nneuen Schwung erhalten hat. Eine Patientin sagte sogar, sie f\u00fchle sich wieder wie 19!\"<\/em><\/p>\n<p style=\"text-align: center;\">Dr. Scott Evan Eder, Gyn\u00e4kologin<\/p>\n<p>[\/vc_column_text][vc_btn title=\"Weiterlesen\" style=\"outline\" shape=\"round\" color=\"pink\" align=\"center\" css=\".vc_custom_1471424555808{margin-bottom: 30px !important;}\" link=\"url:%2Fde%2Ffemtouch-testimonials%2Fdoctors-thought%2F|\"][\/vc_column][\/vc_row][vc_row equal_height=\"yes\" content_placement=\"middle\" type=\"color\" bg_color=\"#f2f2f2\" column_gap=\"no\" padding_top=\"50\" padding_bottom=\"60\" margin_top=\"25\"][vc_column][vc_custom_heading text=\"Klinische Ressourcen\" font_container=\"tag:h2|text_align:center\" use_theme_fonts=\"yes\" el_class=\"border_bottom\" css=\".vc_custom_1469703713462{margin-bottom: 60px !important;}\"][\/vc_column][vc_column width=\"1\/2\" css=\".vc_custom_1469698248453{background-color: #ffffff !important;}\"][vc_column_text text_color=\"#ef6967\" font_size=\"24px\" el_class=\"line_h14\"]<\/p>\n<p style=\"text-align: center;\">Behandlungen mit FemTouch<br \/>\nverbessern die Gesundheit der Frau.<br \/>\nDr. M. Marziali<\/p>\n<p>[\/vc_column_text][vc_column_text font_size=\"20px\"]<\/p>\n<p style=\"text-align: center;\">Aktuelle Studien belegen die Effizienz von CO<sub>2<\/sub>.-Lasern<br \/>\nbei der Linderung von Symptomen bei vaginaler<br \/>\nTrockenheit, Reizung und Brennen in der Scheide.<\/p>\n<p>[\/vc_column_text][vc_btn title=\"Weiterlesen\" style=\"outline\" shape=\"round\" color=\"pink\" align=\"center\" css=\".vc_custom_1471341444077{margin-bottom: 30px !important;}\" link=\"url:%2Fde%2Ffor-physicians%2Fclinical-resources%2F|\"][\/vc_column][vc_column width=\"1\/2\"][vc_single_image image=\"3517\" img_size=\"full\" alignment=\"center\" full_width=\"yes\" css=\".vc_custom_1471178181234{margin-bottom: 0px !important;}\"][\/vc_column][\/vc_row][vc_row content_placement=\"middle\" type=\"color\" column_gap=\"no\" padding_top=\"50\" padding_bottom=\"25\"][vc_column][vc_custom_heading text=\"NOCH FRAGEN?\" font_container=\"tag:h2|text_align:center\" use_theme_fonts=\"yes\" el_class=\"border_bottom\" css=\".vc_custom_1471342466940{margin-bottom: 60px !important;}\"][vc_row_inner equal_height=\"yes\" content_placement=\"middle\"][vc_column_inner width=\"1\/2\"][vc_column_text font_size=\"20px\"]<\/p>\n<h3 style=\"text-align: center;\"><span style=\"color: #ef6967;\">Ist die Behandlung mit<br \/>\nFemTouch schmerzhaft? <\/span><\/h3>\n<p style=\"text-align: center;\">Behandlungen mit FemTouch\u2122 sind angenehm<br \/>\nund kommen ohne Bet\u00e4ubung oder An\u00e4sthesie aus.<\/p>\n<p>[\/vc_column_text][vc_btn title=\"Weiterlesen\" style=\"outline\" shape=\"round\" color=\"pink\" align=\"center\" css=\".vc_custom_1471342691014{margin-bottom: 30px !important;}\" link=\"url:%2Fde%2Fquestions%2F|\"][\/vc_column_inner][vc_column_inner width=\"1\/2\"][vc_single_image image=\"3258\" img_size=\"full\" full_width=\"yes\"][\/vc_column_inner][\/vc_row_inner][\/vc_column][\/vc_row][vc_row type=\"color\" bg_color=\"#f2f2f2\" padding_top=\"80\" padding_bottom=\"120\"][vc_column][vc_column_text]<\/p>\n<div id=\"storepoint-container\" data-language=\"german\" data-tags=\"women's health\" data-map-id=\"16334002e7fec5\"><\/div>\n<p><script>(function(){var a=document.createElement(\"script\");a.type=\"text\/javascript\";a.async=!0;a.src=\"https:\/\/cdn.storepoint.co\/api\/v1\/js\/16334002e7fec5.js\";var b=document.getElementsByTagName(\"script\")[0];b.parentNode.insertBefore(a,b);}());<\/script><\/p>\n<style>#storepoint-tag-dropdown{display:none!important;}<\/style>\n<p>[\/vc_column_text][vc_column_text]PB-00012490 Rev A_A<\/p>\n<div id=\"gtx-trans\" style=\"position: absolute; left: -7px; top: -10px;\">\n<div class=\"gtx-trans-icon\"><\/div>\n<\/div>\n<p>[\/vc_column_text][\/vc_column][\/vc_row]<\/p>\n<\/div>","protected":false},"excerpt":{"rendered":"<p>[vc_row type=&#8220;image&#8220; bg_position=&#8220;center&#8220; bg_position_horizontal=&#8220;center&#8220; column_gap=&#8220;no&#8220; padding_top=&#8220;13%&#8220; padding_bottom=&#8220;13%&#8220; bg_image=&#8220;682&#8243;][vc_column][vc_custom_heading text=&#8220;&#8220; font_container=&#8220;tag:h2|text_align:left|color:%23ffffff&#8220; use_theme_fonts=&#8220;yes&#8220;][\/vc_column][\/vc_row][vc_row text_align=&#8220;center&#8220; text_color=&#8220;#ffffff&#8220; column_gap=&#8220;no&#8220; padding_top=&#8220;25&#8243; padding_bottom=&#8220;25&#8243;][vc_column][vc_column_text][\/vc_column_text][\/vc_column][\/vc_row][vc_row equal_height=&#8220;yes&#8220; content_placement=&#8220;middle&#8220; type=&#8220;color&#8220; bg_color=&#8220;#f2f2f2&#8243; column_gap=&#8220;no&#8220; padding_top=&#8220;65&#8243; padding_bottom=&#8220;65&#8243;][vc_column width=&#8220;1\/2&#8243; css=&#8220;.vc_custom_1469703389938{margin-left: 0px !important;background-color: #ffffff !important;}&#8220;][vc_custom_heading text=&#8220;Wie funktioniert FemTouch\u2122 eigentlich? Die Technologie&#8220; font_container=&#8220;tag:h3|text_align:left|color:%23ef6967&#8243; use_theme_fonts=&#8220;yes&#8220; css=&#8220;.vc_custom_1470815675499{padding-top: 10px !important;padding-left: 25px !important;}&#8220;][vc_column_text css=&#8220;.vc_custom_1581414787453{margin-bottom: 15px !important;padding-right: 25px !important;padding-left: 25px !important;}&#8220;] FemTouch\u2122 ist eine innovative, hochmoderne CO\u2082-Lasertechnologie zur Behandlung h\u00e4ufig auftretender Probleme [&hellip;]<\/p>\n","protected":false},"author":1,"featured_media":0,"parent":4773,"menu_order":0,"comment_status":"closed","ping_status":"closed","template":"","meta":{"footnotes":""},"class_list":["post-4210","page","type-page","status-publish","hentry"],"yoast_head":"<!-- This site is optimized with the Yoast SEO plugin v27.3 - https:\/\/yoast.com\/product\/yoast-seo-wordpress\/ -->\n<title>Wie funktioniert Femtouch? | Femtouch - Vaginalgesundheit<\/title>\n<meta name=\"description\" content=\"FemTouch\u2122 ist eine innovative CO\u2082-Lasertechnologie zur Behandlung h\u00e4ufig auftretender Erkrankungen im Bereich\u00a0der Vagina und zur F\u00f6rderung der Vaginalgesundheit.\" \/>\n<meta name=\"robots\" content=\"index, follow, max-snippet:-1, max-image-preview:large, max-video-preview:-1\" \/>\n<link rel=\"canonical\" href=\"https:\/\/femtouch.eu\/de\/our-treatment\/how-it-works\/\" \/>\n<meta property=\"og:locale\" content=\"de_DE\" \/>\n<meta property=\"og:type\" content=\"article\" \/>\n<meta property=\"og:title\" content=\"Wie funktioniert Femtouch? | Femtouch - Vaginalgesundheit\" \/>\n<meta property=\"og:description\" content=\"FemTouch\u2122 ist eine innovative CO\u2082-Lasertechnologie zur Behandlung h\u00e4ufig auftretender Erkrankungen im Bereich\u00a0der Vagina und zur F\u00f6rderung der Vaginalgesundheit.\" \/>\n<meta property=\"og:url\" content=\"https:\/\/femtouch.eu\/our-treatment\/how-it-works\/\" \/>\n<meta property=\"og:site_name\" content=\"FemTouch for Improved Vaginal Health\" \/>\n<meta property=\"article:modified_time\" content=\"2022-12-21T11:16:30+00:00\" \/>\n<meta name=\"twitter:card\" content=\"summary_large_image\" \/>\n<meta name=\"twitter:label1\" content=\"Gesch\u00e4tzte Lesezeit\" \/>\n\t<meta name=\"twitter:data1\" content=\"5\u00a0Minuten\" \/>\n<script type=\"application\/ld+json\" class=\"yoast-schema-graph\">{\"@context\":\"https:\\\/\\\/schema.org\",\"@graph\":[{\"@type\":\"WebPage\",\"@id\":\"https:\\\/\\\/femtouch.eu\\\/our-treatment\\\/how-it-works\\\/\",\"url\":\"https:\\\/\\\/femtouch.eu\\\/our-treatment\\\/how-it-works\\\/\",\"name\":\"Wie funktioniert Femtouch? | Femtouch - Vaginalgesundheit\",\"isPartOf\":{\"@id\":\"https:\\\/\\\/femtouch.eu\\\/#website\"},\"datePublished\":\"2016-07-28T11:34:40+00:00\",\"dateModified\":\"2022-12-21T11:16:30+00:00\",\"description\":\"FemTouch\u2122 ist eine innovative CO\u2082-Lasertechnologie zur Behandlung h\u00e4ufig auftretender Erkrankungen im Bereich\u00a0der Vagina und zur F\u00f6rderung der Vaginalgesundheit.\",\"breadcrumb\":{\"@id\":\"https:\\\/\\\/femtouch.eu\\\/our-treatment\\\/how-it-works\\\/#breadcrumb\"},\"inLanguage\":\"de\",\"potentialAction\":[{\"@type\":\"ReadAction\",\"target\":[\"https:\\\/\\\/femtouch.eu\\\/our-treatment\\\/how-it-works\\\/\"]}]},{\"@type\":\"BreadcrumbList\",\"@id\":\"https:\\\/\\\/femtouch.eu\\\/our-treatment\\\/how-it-works\\\/#breadcrumb\",\"itemListElement\":[{\"@type\":\"ListItem\",\"position\":1,\"name\":\"HOME\",\"item\":\"https:\\\/\\\/femtouch.eu\\\/\"},{\"@type\":\"ListItem\",\"position\":2,\"name\":\"UNSERE BEHANDLUNG\",\"item\":\"https:\\\/\\\/femtouch.eu\\\/our-treatment\\\/\"},{\"@type\":\"ListItem\",\"position\":3,\"name\":\"WIE FUNKTIONIERT ES?\"}]},{\"@type\":\"WebSite\",\"@id\":\"https:\\\/\\\/femtouch.eu\\\/#website\",\"url\":\"https:\\\/\\\/femtouch.eu\\\/\",\"name\":\"FemTouch for Improved Vaginal Health\",\"description\":\"\",\"potentialAction\":[{\"@type\":\"SearchAction\",\"target\":{\"@type\":\"EntryPoint\",\"urlTemplate\":\"https:\\\/\\\/femtouch.eu\\\/?s={search_term_string}\"},\"query-input\":{\"@type\":\"PropertyValueSpecification\",\"valueRequired\":true,\"valueName\":\"search_term_string\"}}],\"inLanguage\":\"de\"}]}<\/script>\n<!-- \/ Yoast SEO plugin. -->","yoast_head_json":{"title":"Wie funktioniert Femtouch? | Femtouch - Vaginalgesundheit","description":"FemTouch\u2122 ist eine innovative CO\u2082-Lasertechnologie zur Behandlung h\u00e4ufig auftretender Erkrankungen im Bereich\u00a0der Vagina und zur F\u00f6rderung der Vaginalgesundheit.","robots":{"index":"index","follow":"follow","max-snippet":"max-snippet:-1","max-image-preview":"max-image-preview:large","max-video-preview":"max-video-preview:-1"},"canonical":"https:\/\/femtouch.eu\/de\/our-treatment\/how-it-works\/","og_locale":"de_DE","og_type":"article","og_title":"Wie funktioniert Femtouch? | Femtouch - Vaginalgesundheit","og_description":"FemTouch\u2122 ist eine innovative CO\u2082-Lasertechnologie zur Behandlung h\u00e4ufig auftretender Erkrankungen im Bereich\u00a0der Vagina und zur F\u00f6rderung der Vaginalgesundheit.","og_url":"https:\/\/femtouch.eu\/our-treatment\/how-it-works\/","og_site_name":"FemTouch for Improved Vaginal Health","article_modified_time":"2022-12-21T11:16:30+00:00","twitter_card":"summary_large_image","twitter_misc":{"Gesch\u00e4tzte Lesezeit":"5\u00a0Minuten"},"schema":{"@context":"https:\/\/schema.org","@graph":[{"@type":"WebPage","@id":"https:\/\/femtouch.eu\/our-treatment\/how-it-works\/","url":"https:\/\/femtouch.eu\/our-treatment\/how-it-works\/","name":"Wie funktioniert Femtouch? | Femtouch - Vaginalgesundheit","isPartOf":{"@id":"https:\/\/femtouch.eu\/#website"},"datePublished":"2016-07-28T11:34:40+00:00","dateModified":"2022-12-21T11:16:30+00:00","description":"FemTouch\u2122 ist eine innovative CO\u2082-Lasertechnologie zur Behandlung h\u00e4ufig auftretender Erkrankungen im Bereich\u00a0der Vagina und zur F\u00f6rderung der Vaginalgesundheit.","breadcrumb":{"@id":"https:\/\/femtouch.eu\/our-treatment\/how-it-works\/#breadcrumb"},"inLanguage":"de","potentialAction":[{"@type":"ReadAction","target":["https:\/\/femtouch.eu\/our-treatment\/how-it-works\/"]}]},{"@type":"BreadcrumbList","@id":"https:\/\/femtouch.eu\/our-treatment\/how-it-works\/#breadcrumb","itemListElement":[{"@type":"ListItem","position":1,"name":"HOME","item":"https:\/\/femtouch.eu\/"},{"@type":"ListItem","position":2,"name":"UNSERE BEHANDLUNG","item":"https:\/\/femtouch.eu\/our-treatment\/"},{"@type":"ListItem","position":3,"name":"WIE FUNKTIONIERT ES?"}]},{"@type":"WebSite","@id":"https:\/\/femtouch.eu\/#website","url":"https:\/\/femtouch.eu\/","name":"FemTouch for Improved Vaginal Health","description":"","potentialAction":[{"@type":"SearchAction","target":{"@type":"EntryPoint","urlTemplate":"https:\/\/femtouch.eu\/?s={search_term_string}"},"query-input":{"@type":"PropertyValueSpecification","valueRequired":true,"valueName":"search_term_string"}}],"inLanguage":"de"}]}},"jetpack_shortlink":"https:\/\/wp.me\/P7S3gX-15U","jetpack_sharing_enabled":true,"_links":{"self":[{"href":"https:\/\/femtouch.eu\/de\/wp-json\/wp\/v2\/pages\/4210","targetHints":{"allow":["GET"]}}],"collection":[{"href":"https:\/\/femtouch.eu\/de\/wp-json\/wp\/v2\/pages"}],"about":[{"href":"https:\/\/femtouch.eu\/de\/wp-json\/wp\/v2\/types\/page"}],"author":[{"embeddable":true,"href":"https:\/\/femtouch.eu\/de\/wp-json\/wp\/v2\/users\/1"}],"replies":[{"embeddable":true,"href":"https:\/\/femtouch.eu\/de\/wp-json\/wp\/v2\/comments?post=4210"}],"version-history":[{"count":5,"href":"https:\/\/femtouch.eu\/de\/wp-json\/wp\/v2\/pages\/4210\/revisions"}],"predecessor-version":[{"id":9283,"href":"https:\/\/femtouch.eu\/de\/wp-json\/wp\/v2\/pages\/4210\/revisions\/9283"}],"up":[{"embeddable":true,"href":"https:\/\/femtouch.eu\/de\/wp-json\/wp\/v2\/pages\/4773"}],"wp:attachment":[{"href":"https:\/\/femtouch.eu\/de\/wp-json\/wp\/v2\/media?parent=4210"}],"curies":[{"name":"wp","href":"https:\/\/api.w.org\/{rel}","templated":true}]}}