{"id":4234,"date":"2016-07-27T12:10:41","date_gmt":"2016-07-27T12:10:41","guid":{"rendered":"https:\/\/staging.femtouch.eu\/home\/"},"modified":"2022-12-21T11:00:04","modified_gmt":"2022-12-21T11:00:04","slug":"home","status":"publish","type":"page","link":"https:\/\/femtouch.eu\/de\/","title":{"rendered":"Home"},"content":{"rendered":"<div class=\"wpb-content-wrapper\"><p>[vc_row inner_container=&#8220;no&#8220; column_gap=&#8220;no&#8220; padding_top=&#8220;0&#8243; padding_bottom=&#8220;0&#8243; visibility=&#8220;hidden-xs&#8220;][vc_column][vc_single_image image=&#8220;3592&#8243; img_size=&#8220;full&#8220;][\/vc_column][\/vc_row][vc_row inner_container=&#8220;no&#8220; column_gap=&#8220;no&#8220; padding_top=&#8220;0&#8243; padding_bottom=&#8220;0&#8243; visibility=&#8220;hidden-sm,hidden-md,hidden-lg,hidden-xlg&#8220;][vc_column][vc_single_image image=&#8220;4140&#8243; img_size=&#8220;full&#8220;][\/vc_column][\/vc_row][vc_row equal_height=&#8220;yes&#8220; content_placement=&#8220;middle&#8220; type=&#8220;color&#8220; bg_color=&#8220;#f2f2f2&#8243; column_gap=&#8220;no&#8220; padding_top=&#8220;65&#8243; padding_bottom=&#8220;65&#8243;][vc_column width=&#8220;1\/2&#8243; css=&#8220;.vc_custom_1470637694951{padding-right: 25px !important;padding-left: 25px !important;background-color: #ffffff !important;}&#8220;][vc_custom_heading text=&#8220;FemTouch\u2122 Schnell, effizient, einfach!&#8220; font_container=&#8220;tag:h3|text_align:center|color:%23ef6967&#8243; use_theme_fonts=&#8220;yes&#8220;][vc_custom_heading text=&#8220;Eine nicht-operative, ambulante, nicht-hormonelle Behandlung f\u00fcr ein verbessertes Wohlbefinden bei Frauen&#8220; font_container=&#8220;tag:h4|text_align:center|color:%23696a6c&#8220; use_theme_fonts=&#8220;yes&#8220; css=&#8220;.vc_custom_1581313759186{margin-bottom: 30px !important;padding-top: 20px !important;padding-bottom: 20px !important;}&#8220;][vc_btn title=&#8220;Weiterlesen&#8220; style=&#8220;outline&#8220; shape=&#8220;round&#8220; color=&#8220;pink&#8220; align=&#8220;center&#8220; css=&#8220;.vc_custom_1580463919599{margin-bottom: 30px !important;}&#8220; link=&#8220;url:%2Fde%2Four-treatment%2Fabout%2F|||&#8220;][\/vc_column][vc_column width=&#8220;1\/2&#8243; css=&#8220;.vc_custom_1469703389938{margin-left: 0px !important;background-color: #ffffff !important;}&#8220;][vc_video link=&#8220;https:\/\/www.youtube.com\/watch?v=95Kw3ds9WlM&#8220;][\/vc_column][\/vc_row][vc_row content_placement=&#8220;middle&#8220; type=&#8220;color&#8220; column_gap=&#8220;no&#8220; padding_top=&#8220;50&#8243; padding_bottom=&#8220;25&#8243;][vc_column][vc_custom_heading text=&#8220;Echte Menschen &amp; wahre Geschichten&#8220; font_container=&#8220;tag:h2|text_align:center&#8220; use_theme_fonts=&#8220;yes&#8220; el_class=&#8220;border_bottom&#8220;][\/vc_column][\/vc_row][vc_row equal_height=&#8220;yes&#8220; text_align=&#8220;center&#8220; column_gap=&#8220;no&#8220; padding_bottom=&#8220;0&#8243; el_class=&#8220;testi&#8220;][vc_column width=&#8220;1\/2&#8243; css=&#8220;.vc_custom_1469703589231{margin-right: 10px !important;background-color: #f2f2f2 !important;}&#8220;][vc_video link=&#8220;https:\/\/www.youtube.com\/watch?v=PpJMw0-q4AA&amp;feature=youtu.be&#8220;][vc_column_text font_size=&#8220;20px&#8220; css=&#8220;.vc_custom_1509027581800{padding-right: 35px !important;padding-left: 35px !important;}&#8220;]<em>\u201cErst konnte ich den Unterschied in derart kurzer Zeit kaum glauben\u201d<br \/>\nWie FemTouch mir mein Leben zur\u00fcckgab<br \/>\n<\/em><\/p>\n<p style=\"text-align: center;\">Angela &amp; Tim berichten<\/p>\n<p>[\/vc_column_text][vc_btn title=&#8220;Weitere Erfahrungsberichte von Frauen lesen&#8220; style=&#8220;outline&#8220; shape=&#8220;round&#8220; color=&#8220;pink&#8220; align=&#8220;left&#8220; css=&#8220;.vc_custom_1580464895044{margin-bottom: 30px !important;}&#8220; link=&#8220;url:%2Fde%2Ffemtouch-testimonials%2Fwomens-testimonials%2F|||&#8220;][\/vc_column][vc_column width=&#8220;1\/2&#8243; css=&#8220;.vc_custom_1469703597082{margin-left: 10px !important;background-color: #f2f2f2 !important;}&#8220;][vc_single_image image=&#8220;3885&#8243; img_size=&#8220;615*346&#8243; alignment=&#8220;center&#8220; css=&#8220;.vc_custom_1522217229768{margin-bottom: 20px !important;}&#8220;][vc_column_text font_size=&#8220;20px&#8220; css=&#8220;.vc_custom_1580465230649{padding-right: 35px !important;padding-left: 35px !important;}&#8220;]<\/p>\n<p style=\"text-align: center;\"><em>&#8220; Solch ein geringer Aufwand f\u00fcr so positive Reaktionen der Patientinnen.<br \/>\nMeine Menopause-Patientinnen sind so dankbar f\u00fcr die Hilfe. Eine Patientin sagte sogar, sie f\u00fchle sich wieder wie 19!&#8220;<\/em><\/p>\n<p style=\"text-align: center;\">Dr. Scott Evan Eder, Gyn\u00e4kologin<\/p>\n<p>[\/vc_column_text][vc_btn title=&#8220;Weitere Erfahrungsberichte von \u00c4rzten lesen&#8220; style=&#8220;outline&#8220; shape=&#8220;round&#8220; color=&#8220;pink&#8220; align=&#8220;left&#8220; css=&#8220;.vc_custom_1596539028818{margin-bottom: 30px !important;}&#8220; link=&#8220;url:%2Fde%2Ffemtouch-testimonials%2Fdoctors-thought%2F|||&#8220;][\/vc_column][\/vc_row][vc_row equal_height=&#8220;yes&#8220; content_placement=&#8220;middle&#8220; type=&#8220;color&#8220; column_gap=&#8220;no&#8220; padding_top=&#8220;20&#8243; padding_bottom=&#8220;65&#8243;][vc_column width=&#8220;1\/2&#8243; css=&#8220;.vc_custom_1499089969147{padding-right: 25px !important;padding-left: 25px !important;background-color: #F2F2F2 !important;}&#8220;][vc_custom_heading text=&#8220;Erfahren Sie mehr \u00fcber die Erfahrungen f\u00fchrender \u00c4rzte mit FemTouch&#8220; font_container=&#8220;tag:h3|text_align:center|color:%23ef6967&#8243; use_theme_fonts=&#8220;yes&#8220;][vc_column_text]<\/p>\n<p style=\"text-align: center;\">\u00c4rzte berichten von ihren Erfahrungen bei der Behandlung von Patientinnen mit FemTouch &#8211; einem Verfahren zur Behandlung h\u00e4ufig auftretender Gesundheitsprobleme bei Frauen<\/p>\n<p style=\"text-align: center;\"><em>\u201cErhebliche Verbesserung der Lebensqualit\u00e4t\u201d<\/em><\/p>\n<p style=\"text-align: center;\"><em>\u201cNach der Erfindung von Botox das n\u00e4chste Gl\u00fcckslos\u201d<\/em><\/p>\n<p style=\"text-align: center;\"><em>\u201cHohe Patientenzufriedenheit\u201d<\/em><\/p>\n<p>[\/vc_column_text][\/vc_column][vc_column width=&#8220;1\/2&#8243; css=&#8220;.vc_custom_1469703389938{margin-left: 0px !important;background-color: #ffffff !important;}&#8220;][vc_video link=&#8220;https:\/\/www.youtube.com\/watch?v=fqn_ov3_phs&#8220;][\/vc_column][\/vc_row][vc_row equal_height=&#8220;yes&#8220; content_placement=&#8220;middle&#8220; type=&#8220;color&#8220; bg_color=&#8220;#f2f2f2&#8243; column_gap=&#8220;no&#8220; padding_top=&#8220;50&#8243; padding_bottom=&#8220;60&#8243; margin_top=&#8220;25&#8243;][vc_column][vc_custom_heading text=&#8220;Klinische Ressourcen&#8220; font_container=&#8220;tag:h2|text_align:center&#8220; use_theme_fonts=&#8220;yes&#8220; el_class=&#8220;border_bottom&#8220; css=&#8220;.vc_custom_1469703713462{margin-bottom: 60px !important;}&#8220;][\/vc_column][vc_column width=&#8220;1\/2&#8243; css=&#8220;.vc_custom_1469698248453{background-color: #ffffff !important;}&#8220;][vc_column_text text_color=&#8220;#ef6967&#8243; font_size=&#8220;24px&#8220; el_class=&#8220;line_h14&#8243;]<\/p>\n<p style=\"text-align: center;\">Lumenis ist seit 1979<br \/>\nVorreiter bei gyn\u00e4kologischen<br \/>\nLaserbehandlungen<\/p>\n<p>[\/vc_column_text][vc_column_text font_size=&#8220;20px&#8220;]<\/p>\n<p style=\"text-align: center;\">Die Produkte aus der CO<sub>2<\/sub> -Reihe von Lumenis<br \/>\nkommen auf der ganzen Welt bei verschiedenen<br \/>\nVaginalanwendungen zum Einsatz<\/p>\n<p>[\/vc_column_text][vc_btn title=&#8220;Weiterlesen&#8220; style=&#8220;outline&#8220; shape=&#8220;round&#8220; color=&#8220;pink&#8220; align=&#8220;center&#8220; css=&#8220;.vc_custom_1580464325774{margin-bottom: 30px !important;}&#8220; link=&#8220;url:%2Fde%2Ffor-physicians%2Fclinical-resources%2F|||&#8220;][\/vc_column][vc_column width=&#8220;1\/2&#8243;][vc_single_image image=&#8220;3517&#8243; img_size=&#8220;full&#8220; alignment=&#8220;center&#8220; full_width=&#8220;yes&#8220; css=&#8220;.vc_custom_1471175516844{margin-bottom: 0px !important;}&#8220;][\/vc_column][\/vc_row][vc_row][vc_column][\/vc_column][\/vc_row][vc_row 0=&#8220;&#8220;][vc_column 0=&#8220;&#8220;][vc_column_text]<\/p>\n<div id=\"storepoint-container\" data-language=\"german\" data-tags=\"women's health\" data-map-id=\"16334002e7fec5\"><\/div>\n<p><script>(function(){var a=document.createElement(\"script\");a.type=\"text\/javascript\";a.async=!0;a.src=\"https:\/\/cdn.storepoint.co\/api\/v1\/js\/16334002e7fec5.js\";var b=document.getElementsByTagName(\"script\")[0];b.parentNode.insertBefore(a,b);}());<\/script><\/p>\n<style>#storepoint-tag-dropdown{display:none!important;}<\/style>\n<p>[\/vc_column_text][vc_column_text]PB-00012470 Rev A_A<\/p>\n<div id=\"gtx-trans\" style=\"position: absolute; left: -8px; top: -10px;\">\n<div class=\"gtx-trans-icon\"><\/div>\n<\/div>\n<p>[\/vc_column_text][\/vc_column][\/vc_row]<\/p>\n<\/div>","protected":false},"excerpt":{"rendered":"<p>[vc_row inner_container=&#8220;no&#8220; column_gap=&#8220;no&#8220; padding_top=&#8220;0&#8243; padding_bottom=&#8220;0&#8243; visibility=&#8220;hidden-xs&#8220;][vc_column][vc_single_image image=&#8220;3592&#8243; img_size=&#8220;full&#8220;][\/vc_column][\/vc_row][vc_row inner_container=&#8220;no&#8220; column_gap=&#8220;no&#8220; padding_top=&#8220;0&#8243; padding_bottom=&#8220;0&#8243; visibility=&#8220;hidden-sm,hidden-md,hidden-lg,hidden-xlg&#8220;][vc_column][vc_single_image image=&#8220;4140&#8243; img_size=&#8220;full&#8220;][\/vc_column][\/vc_row][vc_row equal_height=&#8220;yes&#8220; content_placement=&#8220;middle&#8220; type=&#8220;color&#8220; bg_color=&#8220;#f2f2f2&#8243; column_gap=&#8220;no&#8220; padding_top=&#8220;65&#8243; padding_bottom=&#8220;65&#8243;][vc_column width=&#8220;1\/2&#8243; css=&#8220;.vc_custom_1470637694951{padding-right: 25px !important;padding-left: 25px !important;background-color: #ffffff !important;}&#8220;][vc_custom_heading text=&#8220;FemTouch\u2122 Schnell, effizient, einfach!&#8220; font_container=&#8220;tag:h3|text_align:center|color:%23ef6967&#8243; use_theme_fonts=&#8220;yes&#8220;][vc_custom_heading text=&#8220;Eine nicht-operative, ambulante, nicht-hormonelle Behandlung f\u00fcr ein verbessertes Wohlbefinden bei Frauen&#8220; font_container=&#8220;tag:h4|text_align:center|color:%23696a6c&#8220; use_theme_fonts=&#8220;yes&#8220; css=&#8220;.vc_custom_1581313759186{margin-bottom: 30px !important;padding-top: 20px !important;padding-bottom: 20px !important;}&#8220;][vc_btn title=&#8220;Weiterlesen&#8220; style=&#8220;outline&#8220; shape=&#8220;round&#8220; color=&#8220;pink&#8220; [&hellip;]<\/p>\n","protected":false},"author":1,"featured_media":0,"parent":0,"menu_order":0,"comment_status":"closed","ping_status":"closed","template":"","meta":{"footnotes":""},"class_list":["post-4234","page","type-page","status-publish","hentry"],"yoast_head":"<!-- This site is optimized with the Yoast SEO plugin v27.4 - https:\/\/yoast.com\/product\/yoast-seo-wordpress\/ -->\n<title>Vaginalgesundheit | Femtouch<\/title>\n<meta name=\"description\" content=\"Femtouch von Lumenis ist ein gyn\u00e4kologisches Laserverfahren f\u00fcr die nicht-operative, ambulante, nicht-hormonelle Behandlung zur Verbesserung von Symptomen im Bereich der Vaginalgesundheit\" \/>\n<meta name=\"robots\" content=\"index, follow, max-snippet:-1, max-image-preview:large, max-video-preview:-1\" \/>\n<link rel=\"canonical\" href=\"https:\/\/femtouch.eu\/de\/\" \/>\n<meta property=\"og:locale\" content=\"de_DE\" \/>\n<meta property=\"og:type\" content=\"article\" \/>\n<meta property=\"og:title\" content=\"Vaginalgesundheit | Femtouch\" \/>\n<meta property=\"og:description\" content=\"Femtouch von Lumenis ist ein gyn\u00e4kologisches Laserverfahren f\u00fcr die nicht-operative, ambulante, nicht-hormonelle Behandlung zur Verbesserung von Symptomen im Bereich der Vaginalgesundheit\" \/>\n<meta property=\"og:url\" content=\"https:\/\/femtouch.eu\/\" \/>\n<meta property=\"og:site_name\" content=\"FemTouch for Improved Vaginal Health\" \/>\n<meta property=\"article:modified_time\" content=\"2022-12-21T11:00:04+00:00\" \/>\n<meta name=\"twitter:card\" content=\"summary_large_image\" \/>\n<meta name=\"twitter:label1\" content=\"Gesch\u00e4tzte Lesezeit\" \/>\n\t<meta name=\"twitter:data1\" content=\"4\u00a0Minuten\" \/>\n<script type=\"application\/ld+json\" class=\"yoast-schema-graph\">{\"@context\":\"https:\\\/\\\/schema.org\",\"@graph\":[{\"@type\":\"WebPage\",\"@id\":\"https:\\\/\\\/femtouch.eu\\\/\",\"url\":\"https:\\\/\\\/femtouch.eu\\\/\",\"name\":\"Vaginalgesundheit | Femtouch\",\"isPartOf\":{\"@id\":\"https:\\\/\\\/femtouch.eu\\\/#website\"},\"datePublished\":\"2016-07-27T12:10:41+00:00\",\"dateModified\":\"2022-12-21T11:00:04+00:00\",\"description\":\"Femtouch von Lumenis ist ein gyn\u00e4kologisches Laserverfahren f\u00fcr die nicht-operative, ambulante, nicht-hormonelle Behandlung zur Verbesserung von Symptomen im Bereich der Vaginalgesundheit\",\"breadcrumb\":{\"@id\":\"https:\\\/\\\/femtouch.eu\\\/#breadcrumb\"},\"inLanguage\":\"de\",\"potentialAction\":[{\"@type\":\"ReadAction\",\"target\":[\"https:\\\/\\\/femtouch.eu\\\/\"]}]},{\"@type\":\"BreadcrumbList\",\"@id\":\"https:\\\/\\\/femtouch.eu\\\/#breadcrumb\",\"itemListElement\":[{\"@type\":\"ListItem\",\"position\":1,\"name\":\"HOME\",\"item\":\"https:\\\/\\\/femtouch.eu\\\/\"},{\"@type\":\"ListItem\",\"position\":2,\"name\":\"Home\"}]},{\"@type\":\"WebSite\",\"@id\":\"https:\\\/\\\/femtouch.eu\\\/#website\",\"url\":\"https:\\\/\\\/femtouch.eu\\\/\",\"name\":\"FemTouch for Improved Vaginal Health\",\"description\":\"\",\"potentialAction\":[{\"@type\":\"SearchAction\",\"target\":{\"@type\":\"EntryPoint\",\"urlTemplate\":\"https:\\\/\\\/femtouch.eu\\\/?s={search_term_string}\"},\"query-input\":{\"@type\":\"PropertyValueSpecification\",\"valueRequired\":true,\"valueName\":\"search_term_string\"}}],\"inLanguage\":\"de\"}]}<\/script>\n<!-- \/ Yoast SEO plugin. -->","yoast_head_json":{"title":"Vaginalgesundheit | Femtouch","description":"Femtouch von Lumenis ist ein gyn\u00e4kologisches Laserverfahren f\u00fcr die nicht-operative, ambulante, nicht-hormonelle Behandlung zur Verbesserung von Symptomen im Bereich der Vaginalgesundheit","robots":{"index":"index","follow":"follow","max-snippet":"max-snippet:-1","max-image-preview":"max-image-preview:large","max-video-preview":"max-video-preview:-1"},"canonical":"https:\/\/femtouch.eu\/de\/","og_locale":"de_DE","og_type":"article","og_title":"Vaginalgesundheit | Femtouch","og_description":"Femtouch von Lumenis ist ein gyn\u00e4kologisches Laserverfahren f\u00fcr die nicht-operative, ambulante, nicht-hormonelle Behandlung zur Verbesserung von Symptomen im Bereich der Vaginalgesundheit","og_url":"https:\/\/femtouch.eu\/","og_site_name":"FemTouch for Improved Vaginal Health","article_modified_time":"2022-12-21T11:00:04+00:00","twitter_card":"summary_large_image","twitter_misc":{"Gesch\u00e4tzte Lesezeit":"4\u00a0Minuten"},"schema":{"@context":"https:\/\/schema.org","@graph":[{"@type":"WebPage","@id":"https:\/\/femtouch.eu\/","url":"https:\/\/femtouch.eu\/","name":"Vaginalgesundheit | Femtouch","isPartOf":{"@id":"https:\/\/femtouch.eu\/#website"},"datePublished":"2016-07-27T12:10:41+00:00","dateModified":"2022-12-21T11:00:04+00:00","description":"Femtouch von Lumenis ist ein gyn\u00e4kologisches Laserverfahren f\u00fcr die nicht-operative, ambulante, nicht-hormonelle Behandlung zur Verbesserung von Symptomen im Bereich der Vaginalgesundheit","breadcrumb":{"@id":"https:\/\/femtouch.eu\/#breadcrumb"},"inLanguage":"de","potentialAction":[{"@type":"ReadAction","target":["https:\/\/femtouch.eu\/"]}]},{"@type":"BreadcrumbList","@id":"https:\/\/femtouch.eu\/#breadcrumb","itemListElement":[{"@type":"ListItem","position":1,"name":"HOME","item":"https:\/\/femtouch.eu\/"},{"@type":"ListItem","position":2,"name":"Home"}]},{"@type":"WebSite","@id":"https:\/\/femtouch.eu\/#website","url":"https:\/\/femtouch.eu\/","name":"FemTouch for Improved Vaginal Health","description":"","potentialAction":[{"@type":"SearchAction","target":{"@type":"EntryPoint","urlTemplate":"https:\/\/femtouch.eu\/?s={search_term_string}"},"query-input":{"@type":"PropertyValueSpecification","valueRequired":true,"valueName":"search_term_string"}}],"inLanguage":"de"}]}},"jetpack_shortlink":"https:\/\/wp.me\/P7S3gX-16i","jetpack_sharing_enabled":true,"_links":{"self":[{"href":"https:\/\/femtouch.eu\/de\/wp-json\/wp\/v2\/pages\/4234","targetHints":{"allow":["GET"]}}],"collection":[{"href":"https:\/\/femtouch.eu\/de\/wp-json\/wp\/v2\/pages"}],"about":[{"href":"https:\/\/femtouch.eu\/de\/wp-json\/wp\/v2\/types\/page"}],"author":[{"embeddable":true,"href":"https:\/\/femtouch.eu\/de\/wp-json\/wp\/v2\/users\/1"}],"replies":[{"embeddable":true,"href":"https:\/\/femtouch.eu\/de\/wp-json\/wp\/v2\/comments?post=4234"}],"version-history":[{"count":6,"href":"https:\/\/femtouch.eu\/de\/wp-json\/wp\/v2\/pages\/4234\/revisions"}],"predecessor-version":[{"id":9224,"href":"https:\/\/femtouch.eu\/de\/wp-json\/wp\/v2\/pages\/4234\/revisions\/9224"}],"wp:attachment":[{"href":"https:\/\/femtouch.eu\/de\/wp-json\/wp\/v2\/media?parent=4234"}],"curies":[{"name":"wp","href":"https:\/\/api.w.org\/{rel}","templated":true}]}}