{"id":4365,"date":"2016-07-28T11:30:08","date_gmt":"2016-07-28T11:30:08","guid":{"rendered":"https:\/\/staging.femtouch.eu\/%e2%80%a2ueber-femtouch\/"},"modified":"2022-12-21T11:16:54","modified_gmt":"2022-12-21T11:16:54","slug":"about","status":"publish","type":"page","link":"https:\/\/femtouch.eu\/de\/our-treatment\/about\/","title":{"rendered":"\u00dcBER FEMTOUCH\u2122"},"content":{"rendered":"<div class=\"wpb-content-wrapper\"><p>[vc_row type=&#8220;image&#8220; bg_position=&#8220;center&#8220; bg_position_horizontal=&#8220;center&#8220; column_gap=&#8220;no&#8220; padding_top=&#8220;13%&#8220; padding_bottom=&#8220;13%&#8220; bg_image=&#8220;1029&#8243;][vc_column][vc_custom_heading text=&#8220;&#8220; font_container=&#8220;tag:h2|text_align:left|color:%23ffffff&#8220; use_theme_fonts=&#8220;yes&#8220;][\/vc_column][\/vc_row][vc_row text_align=&#8220;center&#8220; text_color=&#8220;#ffffff&#8220; column_gap=&#8220;no&#8220; padding_top=&#8220;25&#8243; padding_bottom=&#8220;25&#8243;][vc_column][vc_column_text]<div id=\"ccchildpages-1\" class=\"ccchildpages ccflex  simple ccclearfix\"><ul class=\"ccchildpages_list ccclearfix\"><li class=\"page_item page-item-4365\"><a href=\"https:\/\/femtouch.eu\/de\/our-treatment\/about\/\">\u00dcBER FEMTOUCH\u2122<\/a><\/li>\n<li class=\"page_item page-item-4210\"><a href=\"https:\/\/femtouch.eu\/de\/our-treatment\/how-it-works\/\">WIE FUNKTIONIERT ES?<\/a><\/li>\n<li class=\"page_item page-item-4534\"><a href=\"https:\/\/femtouch.eu\/de\/our-treatment\/what-should-i-expect\/\">WAS KANN ICH ERWARTEN?<\/a><\/li>\n<li class=\"page_item page-item-4573\"><a href=\"https:\/\/femtouch.eu\/de\/our-treatment\/do-i-need-it\/\">Mehrwert der Behandlung<\/a><\/li><\/ul><\/div>[\/vc_column_text][\/vc_column][\/vc_row][vc_row equal_height=\"yes\" content_placement=\"middle\" type=\"color\" bg_color=\"#f2f2f2\" column_gap=\"no\" padding_top=\"65\" padding_bottom=\"25\"][vc_column width=\"1\/2\" css=\".vc_custom_1469703389938{margin-left: 0px !important;background-color: #ffffff !important;}\"][vc_custom_heading text=\"Der FemTouch\u2122-Laser sorgt f\u00fcr ein verbessertes Gesundheitsempfinden bei Frauen!\" font_container=\"tag:h3|text_align:left|color:%23ef6967\" use_theme_fonts=\"yes\" css=\".vc_custom_1539263483865{margin-top: 0px !important;border-top-width: 0px !important;padding-top: 25px !important;padding-right: 25px !important;padding-bottom: 0px !important;padding-left: 25px !important;}\"][vc_column_text css=\".vc_custom_1581414962979{padding-top: 0px !important;padding-right: 25px !important;padding-bottom: 10px !important;padding-left: 25px !important;}\"]<\/p>\n<p style=\"padding-left: 25px;\">FemTouch\u2122 von Lumenis\u00ae ist eine ambulante, minimalinvasive, nicht-operative und nicht-hormonelle Behandlung zur Verbesserung des <a href=\"https:\/\/femtouch.eu\/de\">Wohlbefinden von Frauen.<\/a> Mit FemTouch\u2122 geh\u00f6ren schmerzhafte und Unangenehme Situationen im Leben einer Frau der Vergangenheit an! Beginnen Sie noch heute mit Ihrer Behandlung und genie\u00dfen Sie Ihr Leben wieder in vollen Z\u00fcgen!<u><\/u><u><\/u><\/p>\n<p style=\"padding-left: 25px;\">Mit steigendem Alter finden bei Frauen Ver\u00e4nderungen in<br \/>\nder Vagina statt. Diese sind vor allem auf einen sinkenden \u00d6strogenspiegel zur\u00fcckzuf\u00fchren.<\/p>\n<p>[\/vc_column_text][\/vc_column][vc_column width=\"1\/2\" css=\".vc_custom_1469703385418{background-color: #ffffff !important;}\"][vc_single_image image=\"3831\" img_size=\"full\"][\/vc_column][\/vc_row][vc_row equal_height=\"yes\" content_placement=\"middle\" type=\"color\" bg_color=\"#f2f2f2\" column_gap=\"no\" padding_top=\"65\" padding_bottom=\"25\"][vc_column width=\"1\/2\" css=\".vc_custom_1470814327920{margin-left: 0px !important;background: #ffffff url(https:\/\/femtouch.eu\/wp-content\/uploads\/2016\/08\/infographics-background.jpg?id=611) !important;background-position: center !important;background-repeat: no-repeat !important;background-size: cover !important;}\" el_class=\"mob_bg_fix\"][\/vc_column][vc_column width=\"1\/2\" css=\".vc_custom_1470308320335{margin-top: 0px !important;margin-right: 0px !important;margin-bottom: 0px !important;margin-left: 0px !important;border-top-width: 0px !important;border-right-width: 0px !important;border-bottom-width: 0px !important;border-left-width: 0px !important;padding-top: 0px !important;padding-right: 0px !important;padding-bottom: 0px !important;padding-left: 0px !important;background-color: #ffffff !important;}\"][vc_custom_heading text=\"Innovative CO\u2082-Laserbehandlungen mit FemTouch\u2122\" font_container=\"tag:h3|text_align:left|color:%23ef6967\" use_theme_fonts=\"yes\" css=\".vc_custom_1470814448734{padding-top: 30px !important;padding-right: 25px !important;padding-left: 25px !important;}\"][vc_column_text css=\".vc_custom_1539262475696{padding-right: 25px !important;padding-bottom: 30px !important;padding-left: 25px !important;}\"]<a href=\"https:\/\/femtouch.eu\/de\">FemTouch\u2122<\/a> ist eine innovative CO\u2082-Laserbehandlung, die entlang der Vaginalw\u00e4nde angewandt wird. Sie sorgt f\u00fcr eine sanft kontrollierte Ablation und Koagulation des Vaginalbelags und verbessert damit das Gesundheitsempfinden von Frauen.<\/p>\n<p>Vom Marktf\u00fchrer f\u00fcr Laserger\u00e4te f\u00fcr die \u00e4sthetische Medizin in Zusammenarbeit mit f\u00fchrenden Gyn\u00e4kologen entwickelt, bietet Lumenis nun eine schnelle und effiziente M\u00f6glichkeit zur Behandlung von Frauenkrankheiten und anderen h\u00e4ufig auftretenden Gesundheitsproblemen bei Frauen.[\/vc_column_text][\/vc_column][\/vc_row][vc_row equal_height=\"yes\" content_placement=\"middle\" type=\"color\" bg_color=\"#f2f2f2\" column_gap=\"no\" padding_top=\"65\" padding_bottom=\"65\"][vc_column width=\"1\/2\" css=\".vc_custom_1470308320335{margin-top: 0px !important;margin-right: 0px !important;margin-bottom: 0px !important;margin-left: 0px !important;border-top-width: 0px !important;border-right-width: 0px !important;border-bottom-width: 0px !important;border-left-width: 0px !important;padding-top: 0px !important;padding-right: 0px !important;padding-bottom: 0px !important;padding-left: 0px !important;background-color: #ffffff !important;}\"][vc_custom_heading text=\"Lumenis\u00ae - der f\u00fchrende Entwickler energiebasierter Medizinger\u00e4te\" font_container=\"tag:h3|text_align:left|color:%23ef6967\" use_theme_fonts=\"yes\" css=\".vc_custom_1470814119027{padding-top: 30px !important;padding-right: 25px !important;padding-left: 25px !important;}\"][vc_column_text css=\".vc_custom_1471154904245{padding-right: 25px !important;padding-bottom: 30px !important;padding-left: 25px !important;}\"]Lumenis Ltd. ist das weltweit gr\u00f6\u00dfte Unternehmen f\u00fcr energiebasierte Medizinger\u00e4te f\u00fcr chirurgische, \u00e4sthetische und ophtalmologische Anwendungen. Als Wegbereiter f\u00fcr medizinische Laser f\u00fchrte Lumenis als erstes Unternehmen zahlreiche Technologien in diesem Bereich ein - dazu z\u00e4hlen etwa Intense Pulsed Light (IPL) und die Hauterneuerung mit CO<sub>2<\/sub>-Lasern.<\/p>\n<p>Seit \u00fcber zwei Jahrzehnten f\u00fchren Gyn\u00e4kologen auf der ganzen Welt mit den CO<sub>\u2082<\/sub>-Produkten von Lumenis minimalinvasive Operationen bei Fruchtbarkeitsst\u00f6rungen, zum Erhalt der Eierst\u00f6cke und bei verschiedenen Erkrankungen durch, die eine Ablation, Koagulation, Inzision oder die Entfernung von Weichgewebe erfordern.[\/vc_column_text][\/vc_column][vc_column width=\"1\/2\" css=\".vc_custom_1470813730866{margin-left: 0px !important;background: #ffffff url(https:\/\/femtouch.eu\/wp-content\/uploads\/2016\/07\/Lumenis-1169.jpg?id=685) !important;background-position: center !important;background-repeat: no-repeat !important;background-size: cover !important;}\" el_class=\"mob_bg_fix\"][\/vc_column][\/vc_row][vc_row content_placement=\"middle\" type=\"color\" column_gap=\"no\" padding_top=\"50\" padding_bottom=\"25\"][vc_column][vc_custom_heading text=\"Echte Menschen &amp; wahre Geschichten\" font_container=\"tag:h2|text_align:center\" use_theme_fonts=\"yes\" el_class=\"border_bottom\"][\/vc_column][\/vc_row][vc_row equal_height=\"yes\" text_align=\"center\" column_gap=\"no\" el_class=\"testi\"][vc_column width=\"1\/2\" css=\".vc_custom_1469703589231{margin-right: 10px !important;background-color: #f2f2f2 !important;}\"][vc_single_image image=\"3418\" img_size=\"full\" alignment=\"center\" full_width=\"yes\" css=\".vc_custom_1470831053176{margin-bottom: 20px !important;}\"][vc_column_text font_size=\"20px\" css=\".vc_custom_1471865456626{padding-right: 35px !important;padding-bottom: 5px !important;padding-left: 35px !important;}\"]<\/p>\n<p style=\"text-align: center;\"><em>\"Ich wusste nicht einmal, wie sehr ich diese Behandlung brauchte. Mein Mann und ich sind total begeistert! Das war gro\u00dfartig. Ich habe all meinen Freundinnen davon erz\u00e4hlt!\"<br \/>\n<\/em><\/p>\n<p style=\"text-align: center;\">A. P. , FemTouch-Patientin<\/p>\n<p>[\/vc_column_text][vc_btn title=\"Weiterlesen\" style=\"outline\" shape=\"round\" color=\"pink\" align=\"center\" css=\".vc_custom_1471853503346{margin-bottom: 30px !important;}\" link=\"url:%2Fde%2Ffemtouch-testimonials%2Fwomens-testimonials%2F|\"][\/vc_column][vc_column width=\"1\/2\" css=\".vc_custom_1469703597082{margin-left: 10px !important;background-color: #f2f2f2 !important;}\"][vc_single_image image=\"3454\" img_size=\"full\" alignment=\"center\" full_width=\"yes\" css=\".vc_custom_1470831187272{margin-bottom: 20px !important;}\"][vc_column_text font_size=\"20px\" css=\".vc_custom_1471865445714{padding-right: 35px !important;padding-bottom: 5px !important;padding-left: 35px !important;}\"]<\/p>\n<p style=\"text-align: center;\"><em>\"Solch ein geringer Aufwand f\u00fcr so positive Reaktionen der Patientinnen. Meine Patientinnen in den Wechseljahren sind wirklich dankbar daf\u00fcr, dass ihr Liebesleben durch die Linderung der vaginalen Trockenheit neuen Schwung erhalten hat. Eine Patientin sagte sogar, sie f\u00fchle sich wieder wie 19!\"<\/em><\/p>\n<p style=\"text-align: center;\">Dr. Scott Evan Eder, Gyn\u00e4kologin<\/p>\n<p>[\/vc_column_text][vc_btn title=\"Weiterlesen\" style=\"outline\" shape=\"round\" color=\"pink\" align=\"center\" css=\".vc_custom_1471424442690{margin-bottom: 30px !important;}\" link=\"url:%2Fde%2Ffemtouch-testimonials%2Fdoctors-thought%2F|\"][\/vc_column][\/vc_row][vc_row equal_height=\"yes\" content_placement=\"middle\" type=\"color\" bg_color=\"#f2f2f2\" column_gap=\"no\" padding_top=\"50\" padding_bottom=\"60\" margin_top=\"25\"][vc_column][vc_custom_heading text=\"Klinische Ressourcen\" font_container=\"tag:h2|text_align:center\" use_theme_fonts=\"yes\" el_class=\"border_bottom\" css=\".vc_custom_1469703713462{margin-bottom: 60px !important;}\"][\/vc_column][vc_column width=\"1\/2\" css=\".vc_custom_1469698248453{background-color: #ffffff !important;}\"][vc_column_text text_color=\"#ef6967\" font_size=\"24px\" el_class=\"line_h14\"]<\/p>\n<p style=\"text-align: center;\">Behandlungen mit FemTouch<br \/>\nverbessern die Gesundheit der Frau.<br \/>\nDr. M. Marziali<\/p>\n<p>[\/vc_column_text][vc_column_text font_size=\"20px\"]<\/p>\n<p style=\"text-align: center;\">Aktuelle Studien belegen die Effizienz von CO<sub>2<\/sub>-Lasern<br \/>\nbei der Linderung von Symptomen bei vaginaler<br \/>\nTrockenheit, Reizung und Brennen in der Scheide.<\/p>\n<p>[\/vc_column_text][vc_btn title=\"Weiterlesen\" style=\"outline\" shape=\"round\" color=\"pink\" align=\"center\" css=\".vc_custom_1471176865565{margin-bottom: 30px !important;}\" link=\"url:%2Fde%2Ffor-physicians%2Fclinical-resources%2F|\"][\/vc_column][vc_column width=\"1\/2\"][vc_single_image image=\"3517\" img_size=\"full\" alignment=\"center\" full_width=\"yes\" css=\".vc_custom_1471176760652{margin-bottom: 0px !important;}\"][\/vc_column][\/vc_row][vc_row content_placement=\"middle\" type=\"color\" column_gap=\"no\" padding_top=\"50\" padding_bottom=\"25\"][vc_column][vc_custom_heading text=\"NOCH FRAGEN?\" font_container=\"tag:h2|text_align:center\" use_theme_fonts=\"yes\" el_class=\"border_bottom\" css=\".vc_custom_1471176817807{margin-bottom: 60px !important;}\"][vc_row_inner equal_height=\"yes\" content_placement=\"middle\"][vc_column_inner width=\"1\/2\"][vc_column_text font_size=\"20px\"]<\/p>\n<h3 style=\"text-align: center;\"><span style=\"color: #f05151;\">Ist die Behandlung mit FemTouch schmerzhaft?<\/span><\/h3>\n<p style=\"text-align: center;\">Behandlungen mit FemTouch\u2122 sind angenehm<br \/>\nund kommen ohne Bet\u00e4ubung oder An\u00e4sthesie aus.<\/p>\n<p>[\/vc_column_text][vc_btn title=\"Weiterlesen\" style=\"outline\" shape=\"round\" color=\"pink\" align=\"center\" css=\".vc_custom_1471176987517{margin-bottom: 30px !important;}\" link=\"url:%2Fde%2Fquestions%2F|\"][\/vc_column_inner][vc_column_inner width=\"1\/2\"][vc_single_image image=\"3258\" img_size=\"full\" full_width=\"yes\"][\/vc_column_inner][\/vc_row_inner][\/vc_column][\/vc_row][vc_row type=\"color\" bg_color=\"#f2f2f2\" padding_top=\"80\" padding_bottom=\"120\"][vc_column][vc_column_text]<\/p>\n<div id=\"storepoint-container\" data-language=\"german\" data-tags=\"women's health\" data-map-id=\"16334002e7fec5\"><\/div>\n<p><script>(function(){var a=document.createElement(\"script\");a.type=\"text\/javascript\";a.async=!0;a.src=\"https:\/\/cdn.storepoint.co\/api\/v1\/js\/16334002e7fec5.js\";var b=document.getElementsByTagName(\"script\")[0];b.parentNode.insertBefore(a,b);}());<\/script><\/p>\n<style>#storepoint-tag-dropdown{display:none!important;}<\/style>\n<p>[\/vc_column_text][vc_column_text]PB-00012480 Rev A_A<\/p>\n<div id=\"gtx-trans\" style=\"position: absolute; left: 117px; top: 89px;\">\n<div class=\"gtx-trans-icon\"><\/div>\n<\/div>\n<p>[\/vc_column_text][\/vc_column][\/vc_row]<\/p>\n<\/div>","protected":false},"excerpt":{"rendered":"<p>[vc_row type=&#8220;image&#8220; bg_position=&#8220;center&#8220; bg_position_horizontal=&#8220;center&#8220; column_gap=&#8220;no&#8220; padding_top=&#8220;13%&#8220; padding_bottom=&#8220;13%&#8220; bg_image=&#8220;1029&#8243;][vc_column][vc_custom_heading text=&#8220;&#8220; font_container=&#8220;tag:h2|text_align:left|color:%23ffffff&#8220; use_theme_fonts=&#8220;yes&#8220;][\/vc_column][\/vc_row][vc_row text_align=&#8220;center&#8220; text_color=&#8220;#ffffff&#8220; column_gap=&#8220;no&#8220; padding_top=&#8220;25&#8243; padding_bottom=&#8220;25&#8243;][vc_column][vc_column_text][\/vc_column_text][\/vc_column][\/vc_row][vc_row equal_height=&#8220;yes&#8220; content_placement=&#8220;middle&#8220; type=&#8220;color&#8220; bg_color=&#8220;#f2f2f2&#8243; column_gap=&#8220;no&#8220; padding_top=&#8220;65&#8243; padding_bottom=&#8220;25&#8243;][vc_column width=&#8220;1\/2&#8243; css=&#8220;.vc_custom_1469703389938{margin-left: 0px !important;background-color: #ffffff !important;}&#8220;][vc_custom_heading text=&#8220;Der FemTouch\u2122-Laser sorgt f\u00fcr ein verbessertes Gesundheitsempfinden bei Frauen!&#8220; font_container=&#8220;tag:h3|text_align:left|color:%23ef6967&#8243; use_theme_fonts=&#8220;yes&#8220; css=&#8220;.vc_custom_1539263483865{margin-top: 0px !important;border-top-width: 0px !important;padding-top: 25px !important;padding-right: 25px !important;padding-bottom: 0px !important;padding-left: 25px !important;}&#8220;][vc_column_text css=&#8220;.vc_custom_1581414962979{padding-top: 0px !important;padding-right: 25px !important;padding-bottom: 10px !important;padding-left: [&hellip;]<\/p>\n","protected":false},"author":1,"featured_media":0,"parent":4773,"menu_order":0,"comment_status":"closed","ping_status":"closed","template":"","meta":{"footnotes":""},"class_list":["post-4365","page","type-page","status-publish","hentry"],"yoast_head":"<!-- This site is optimized with the Yoast SEO plugin v27.3 - https:\/\/yoast.com\/product\/yoast-seo-wordpress\/ -->\n<title>Behandlungen mit FemTouch, Behandlungen im Bereich Vaginalgesundheit | Femtouch - Vaginalgesundheit<\/title>\n<meta name=\"description\" content=\"Die Behandlung mit FemTouch von Lumenis ist eine ambulante, minimalinvasive, nicht-operative und nicht-hormonelle Behandlung zur Verbesserung der Vaginalgesundheit.\" \/>\n<meta name=\"robots\" content=\"index, follow, max-snippet:-1, max-image-preview:large, max-video-preview:-1\" \/>\n<link rel=\"canonical\" href=\"https:\/\/femtouch.eu\/de\/our-treatment\/about\/\" \/>\n<meta property=\"og:locale\" content=\"de_DE\" \/>\n<meta property=\"og:type\" content=\"article\" \/>\n<meta property=\"og:title\" content=\"Behandlungen mit FemTouch, Behandlungen im Bereich Vaginalgesundheit | Femtouch - Vaginalgesundheit\" \/>\n<meta property=\"og:description\" content=\"Die Behandlung mit FemTouch von Lumenis ist eine ambulante, minimalinvasive, nicht-operative und nicht-hormonelle Behandlung zur Verbesserung der Vaginalgesundheit.\" \/>\n<meta property=\"og:url\" content=\"https:\/\/femtouch.eu\/our-treatment\/about\/\" \/>\n<meta property=\"og:site_name\" content=\"FemTouch for Improved Vaginal Health\" \/>\n<meta property=\"article:modified_time\" content=\"2022-12-21T11:16:54+00:00\" \/>\n<meta name=\"twitter:card\" content=\"summary_large_image\" \/>\n<meta name=\"twitter:label1\" content=\"Gesch\u00e4tzte Lesezeit\" \/>\n\t<meta name=\"twitter:data1\" content=\"7\u00a0Minuten\" \/>\n<script type=\"application\/ld+json\" class=\"yoast-schema-graph\">{\"@context\":\"https:\\\/\\\/schema.org\",\"@graph\":[{\"@type\":\"WebPage\",\"@id\":\"https:\\\/\\\/femtouch.eu\\\/our-treatment\\\/about\\\/\",\"url\":\"https:\\\/\\\/femtouch.eu\\\/our-treatment\\\/about\\\/\",\"name\":\"Behandlungen mit FemTouch, Behandlungen im Bereich Vaginalgesundheit | Femtouch - Vaginalgesundheit\",\"isPartOf\":{\"@id\":\"https:\\\/\\\/femtouch.eu\\\/#website\"},\"datePublished\":\"2016-07-28T11:30:08+00:00\",\"dateModified\":\"2022-12-21T11:16:54+00:00\",\"description\":\"Die Behandlung mit FemTouch von Lumenis ist eine ambulante, minimalinvasive, nicht-operative und nicht-hormonelle Behandlung zur Verbesserung der Vaginalgesundheit.\",\"breadcrumb\":{\"@id\":\"https:\\\/\\\/femtouch.eu\\\/our-treatment\\\/about\\\/#breadcrumb\"},\"inLanguage\":\"de\",\"potentialAction\":[{\"@type\":\"ReadAction\",\"target\":[\"https:\\\/\\\/femtouch.eu\\\/our-treatment\\\/about\\\/\"]}]},{\"@type\":\"BreadcrumbList\",\"@id\":\"https:\\\/\\\/femtouch.eu\\\/our-treatment\\\/about\\\/#breadcrumb\",\"itemListElement\":[{\"@type\":\"ListItem\",\"position\":1,\"name\":\"HOME\",\"item\":\"https:\\\/\\\/femtouch.eu\\\/\"},{\"@type\":\"ListItem\",\"position\":2,\"name\":\"UNSERE BEHANDLUNG\",\"item\":\"https:\\\/\\\/femtouch.eu\\\/our-treatment\\\/\"},{\"@type\":\"ListItem\",\"position\":3,\"name\":\"\u00dcBER FEMTOUCH\u2122\"}]},{\"@type\":\"WebSite\",\"@id\":\"https:\\\/\\\/femtouch.eu\\\/#website\",\"url\":\"https:\\\/\\\/femtouch.eu\\\/\",\"name\":\"FemTouch for Improved Vaginal Health\",\"description\":\"\",\"potentialAction\":[{\"@type\":\"SearchAction\",\"target\":{\"@type\":\"EntryPoint\",\"urlTemplate\":\"https:\\\/\\\/femtouch.eu\\\/?s={search_term_string}\"},\"query-input\":{\"@type\":\"PropertyValueSpecification\",\"valueRequired\":true,\"valueName\":\"search_term_string\"}}],\"inLanguage\":\"de\"}]}<\/script>\n<!-- \/ Yoast SEO plugin. -->","yoast_head_json":{"title":"Behandlungen mit FemTouch, Behandlungen im Bereich Vaginalgesundheit | Femtouch - Vaginalgesundheit","description":"Die Behandlung mit FemTouch von Lumenis ist eine ambulante, minimalinvasive, nicht-operative und nicht-hormonelle Behandlung zur Verbesserung der Vaginalgesundheit.","robots":{"index":"index","follow":"follow","max-snippet":"max-snippet:-1","max-image-preview":"max-image-preview:large","max-video-preview":"max-video-preview:-1"},"canonical":"https:\/\/femtouch.eu\/de\/our-treatment\/about\/","og_locale":"de_DE","og_type":"article","og_title":"Behandlungen mit FemTouch, Behandlungen im Bereich Vaginalgesundheit | Femtouch - Vaginalgesundheit","og_description":"Die Behandlung mit FemTouch von Lumenis ist eine ambulante, minimalinvasive, nicht-operative und nicht-hormonelle Behandlung zur Verbesserung der Vaginalgesundheit.","og_url":"https:\/\/femtouch.eu\/our-treatment\/about\/","og_site_name":"FemTouch for Improved Vaginal Health","article_modified_time":"2022-12-21T11:16:54+00:00","twitter_card":"summary_large_image","twitter_misc":{"Gesch\u00e4tzte Lesezeit":"7\u00a0Minuten"},"schema":{"@context":"https:\/\/schema.org","@graph":[{"@type":"WebPage","@id":"https:\/\/femtouch.eu\/our-treatment\/about\/","url":"https:\/\/femtouch.eu\/our-treatment\/about\/","name":"Behandlungen mit FemTouch, Behandlungen im Bereich Vaginalgesundheit | Femtouch - Vaginalgesundheit","isPartOf":{"@id":"https:\/\/femtouch.eu\/#website"},"datePublished":"2016-07-28T11:30:08+00:00","dateModified":"2022-12-21T11:16:54+00:00","description":"Die Behandlung mit FemTouch von Lumenis ist eine ambulante, minimalinvasive, nicht-operative und nicht-hormonelle Behandlung zur Verbesserung der Vaginalgesundheit.","breadcrumb":{"@id":"https:\/\/femtouch.eu\/our-treatment\/about\/#breadcrumb"},"inLanguage":"de","potentialAction":[{"@type":"ReadAction","target":["https:\/\/femtouch.eu\/our-treatment\/about\/"]}]},{"@type":"BreadcrumbList","@id":"https:\/\/femtouch.eu\/our-treatment\/about\/#breadcrumb","itemListElement":[{"@type":"ListItem","position":1,"name":"HOME","item":"https:\/\/femtouch.eu\/"},{"@type":"ListItem","position":2,"name":"UNSERE BEHANDLUNG","item":"https:\/\/femtouch.eu\/our-treatment\/"},{"@type":"ListItem","position":3,"name":"\u00dcBER FEMTOUCH\u2122"}]},{"@type":"WebSite","@id":"https:\/\/femtouch.eu\/#website","url":"https:\/\/femtouch.eu\/","name":"FemTouch for Improved Vaginal Health","description":"","potentialAction":[{"@type":"SearchAction","target":{"@type":"EntryPoint","urlTemplate":"https:\/\/femtouch.eu\/?s={search_term_string}"},"query-input":{"@type":"PropertyValueSpecification","valueRequired":true,"valueName":"search_term_string"}}],"inLanguage":"de"}]}},"jetpack_shortlink":"https:\/\/wp.me\/P7S3gX-18p","jetpack_sharing_enabled":true,"_links":{"self":[{"href":"https:\/\/femtouch.eu\/de\/wp-json\/wp\/v2\/pages\/4365","targetHints":{"allow":["GET"]}}],"collection":[{"href":"https:\/\/femtouch.eu\/de\/wp-json\/wp\/v2\/pages"}],"about":[{"href":"https:\/\/femtouch.eu\/de\/wp-json\/wp\/v2\/types\/page"}],"author":[{"embeddable":true,"href":"https:\/\/femtouch.eu\/de\/wp-json\/wp\/v2\/users\/1"}],"replies":[{"embeddable":true,"href":"https:\/\/femtouch.eu\/de\/wp-json\/wp\/v2\/comments?post=4365"}],"version-history":[{"count":5,"href":"https:\/\/femtouch.eu\/de\/wp-json\/wp\/v2\/pages\/4365\/revisions"}],"predecessor-version":[{"id":9289,"href":"https:\/\/femtouch.eu\/de\/wp-json\/wp\/v2\/pages\/4365\/revisions\/9289"}],"up":[{"embeddable":true,"href":"https:\/\/femtouch.eu\/de\/wp-json\/wp\/v2\/pages\/4773"}],"wp:attachment":[{"href":"https:\/\/femtouch.eu\/de\/wp-json\/wp\/v2\/media?parent=4365"}],"curies":[{"name":"wp","href":"https:\/\/api.w.org\/{rel}","templated":true}]}}