{"id":4641,"date":"2016-08-01T08:17:43","date_gmt":"2016-08-01T08:17:43","guid":{"rendered":"https:\/\/staging.femtouch.eu\/erfahrungsberichte-von-frauen\/"},"modified":"2022-12-21T11:17:57","modified_gmt":"2022-12-21T11:17:57","slug":"womens-testimonials","status":"publish","type":"page","link":"https:\/\/femtouch.eu\/de\/femtouch-testimonials\/womens-testimonials\/","title":{"rendered":"ERFAHRUNGSBERICHTE VON FRAUEN"},"content":{"rendered":"<div class=\"wpb-content-wrapper\"><p>[vc_row type=&#8220;image&#8220; bg_position=&#8220;center&#8220; bg_position_horizontal=&#8220;center&#8220; column_gap=&#8220;no&#8220; padding_top=&#8220;13%&#8220; padding_bottom=&#8220;13%&#8220; bg_image=&#8220;1028&#8243;][vc_column][vc_custom_heading text=&#8220;&#8220; font_container=&#8220;tag:h2|text_align:left|color:%23ffffff&#8220; use_theme_fonts=&#8220;yes&#8220;][\/vc_column][\/vc_row][vc_row text_align=&#8220;center&#8220; text_color=&#8220;#ffffff&#8220; column_gap=&#8220;no&#8220; padding_top=&#8220;25&#8243; padding_bottom=&#8220;25&#8243;][vc_column][vc_column_text]<div id=\"ccchildpages-1\" class=\"ccchildpages ccflex  simple ccclearfix\"><ul class=\"ccchildpages_list ccclearfix\"><li class=\"page_item page-item-4641\"><a href=\"https:\/\/femtouch.eu\/de\/femtouch-testimonials\/womens-testimonials\/\">ERFAHRUNGSBERICHTE VON FRAUEN<\/a><\/li>\n<li class=\"page_item page-item-4695\"><a href=\"https:\/\/femtouch.eu\/de\/femtouch-testimonials\/doctors-thought\/\">\u00c4RZTLICHE MEINUNGEN<\/a><\/li><\/ul><\/div>[\/vc_column_text][\/vc_column][\/vc_row][vc_row equal_height=\"yes\" text_align=\"center\" type=\"color\" bg_color=\"#f2f2f2\" column_gap=\"no\"][vc_column width=\"1\/2\" css=\".vc_custom_1542550981773{background-color: #ffffff !important;}\"][vc_custom_heading text=\"Erfahren Sie mehr \u00fcber die Erfahrungen<br \/>\nvon FemTouch-Patientinnen\" font_container=\"tag:h3|text_align:center|color:%23ef6967\" use_theme_fonts=\"yes\" css=\".vc_custom_1580730563867{padding-top: 9px !important;}\"][vc_column_text font_size=\"20\" css=\".vc_custom_1542550848530{border-bottom-width: 30px !important;padding-right: 35px !important;padding-left: 35px !important;}\"]<\/p>\n<p style=\"text-align: center; background: white; margin: 10.2pt 0in 10.2pt 0in;\" align=\"center\"><em><span style=\"font-size: 15.0pt; font-family: 'Open Sans'; color: #696a6c;\">Patientinnen berichten anderen von ihren Erfahrungen und erkl\u00e4ren, wie die Behandlung ihnen zu einem verbesserten Gesundheitsempfinden verholfen hat<\/span><\/em><\/p>\n<p style=\"text-align: center; background: white; margin: 10.2pt 0in 10.2pt 0in;\" align=\"center\"><em><span style=\"font-size: 15.0pt; font-family: 'Open Sans'; color: #696a6c;\">\u201cDie Behandlung war schmerzfrei und einfach\u201d<\/span><\/em><\/p>\n<p style=\"text-align: center; background: white; box-sizing: border-box; margin: 10.2pt 0in 10.2pt 0in;\" align=\"center\"><em><span style=\"font-size: 15.0pt; font-family: 'Open Sans'; color: #696a6c;\">\u201cFemTouch hat uns unser Leben zur\u00fcckgegeben\u201d<\/span><\/em><\/p>\n<p style=\"text-align: center; background: white; box-sizing: border-box; margin: 10.2pt 0in 10.2pt 0in;\" align=\"center\"><em><span style=\"font-size: 15.0pt; font-family: 'Open Sans'; color: #696a6c;\">\u201cIch konnte ohne jede Angst wieder zum Laufen \u00fcbergehen\u201d<\/span><\/em><\/p>\n<p>[\/vc_column_text][\/vc_column][vc_column width=\"1\/2\" css=\".vc_custom_1470053051040{margin-right: 10px !important;background-color: #ffffff !important;}\"][\/vc_column][\/vc_row][vc_row equal_height=\"yes\" text_align=\"center\" column_gap=\"no\"][vc_column width=\"1\/2\" css=\".vc_custom_1542550545868{margin-right: 10px !important;background-color: #ffffff !important;}\"][vc_single_image image=\"3478\" img_size=\"full\" alignment=\"center\" full_width=\"yes\" css=\".vc_custom_1470907653671{margin-bottom: 20px !important;}\"][vc_column_text font_size=\"20px\" css=\".vc_custom_1471159228631{padding-top: 5px !important;padding-right: 35px !important;padding-bottom: 20px !important;padding-left: 35px !important;}\"]<\/p>\n<p style=\"text-align: center;\"><em>\u201cEinen solch komfortablen Eingriff<\/em><br \/>\n<em>hatte ich nicht erwartet.\u201d<\/em><\/p>\n<p style=\"text-align: center;\">A., FemTouch-Patientin<\/p>\n<p>[\/vc_column_text][\/vc_column][vc_column width=\"1\/2\" css=\".vc_custom_1542550540117{margin-left: 10px !important;background-color: #ffffff !important;}\"][vc_single_image image=\"3448\" img_size=\"full\" alignment=\"center\" full_width=\"yes\" css=\".vc_custom_1470907673658{margin-bottom: 20px !important;}\"][vc_column_text font_size=\"20px\" css=\".vc_custom_1471159238519{padding-top: 5px !important;padding-right: 35px !important;padding-bottom: 20px !important;padding-left: 35px !important;}\"]<\/p>\n<p style=\"text-align: center;\"><em>\u201cIch f\u00fchle mich schon nach einer Behandlung j\u00fcnger<\/em><br \/>\n<em>und sogar in meinem Liebesleben l\u00e4uft es besser.\u201d<\/em><\/p>\n<p style=\"text-align: center;\">L., FemTouch-Patientin<\/p>\n<p>[\/vc_column_text][\/vc_column][\/vc_row][vc_row equal_height=\"yes\" text_align=\"center\" type=\"color\" bg_color=\"#f2f2f2\" column_gap=\"no\" el_class=\"testi\"][vc_column width=\"1\/2\" css=\".vc_custom_1542550381722{margin-right: 10px !important;background-color: #ffffff !important;}\"][vc_single_image image=\"3418\" img_size=\"full\" alignment=\"center\" full_width=\"yes\" css=\".vc_custom_1471440428149{margin-bottom: 20px !important;}\"][vc_column_text font_size=\"20px\" css=\".vc_custom_1471180062902{padding-top: 5px !important;padding-right: 35px !important;padding-bottom: 20px !important;padding-left: 35px !important;}\"]<\/p>\n<div class=\"kleo_text_column wpb_content_element vc_custom_1471175857546\">\n<div class=\"wpb_wrapper\">\n<p style=\"text-align: center;\"><em>\u201cIch wusste nicht einmal, wie sehr ich<br \/>\ndiese Behandlung brauchte. Mein Mann und ich sind<br \/>\ntotal begeistert!\" Das war gro\u00dfartig.<br \/>\nIch habe all meinen Freundinnen davon erz\u00e4hlt!\u201d<br \/>\n<\/em><\/p>\n<p style=\"text-align: center;\">A. P. , FemTouch-Patientin<\/p>\n<\/div>\n<\/div>\n<div class=\"vc_btn3-container vc_btn3-center vc_custom_1471176010043\" style=\"text-align: center;\"><\/div>\n<p>[\/vc_column_text][\/vc_column][vc_column width=\"1\/2\" css=\".vc_custom_1470053057180{margin-left: 10px !important;background-color: #ffffff !important;}\"][vc_single_image image=\"3484\" img_size=\"full\" alignment=\"center\" full_width=\"yes\" css=\".vc_custom_1471179851849{margin-bottom: 20px !important;}\"][vc_column_text font_size=\"20px\" css=\".vc_custom_1580730767018{padding-top: 5px !important;padding-right: 35px !important;padding-left: 35px !important;}\"]<\/p>\n<p style=\"text-align: center;\"><em>\u201cNach acht Wochen und zwei Behandlungen<br \/>\nkonnte ich im Gegensatz zur Zeit davor ohne<br \/>\njede Form von Angst oder Unbehagen wieder<br \/>\nzum Laufen \u00fcbergehen. Das ist f\u00fcr<br \/>\neine 45-j\u00e4hrige Frau von gro\u00dfer Bedeutung!\u201d<\/em><\/p>\n<p style=\"text-align: center;\">Marzia, FemTouch-Patientin<\/p>\n<p>[\/vc_column_text][vc_btn title=\"Weiterlesen\" style=\"outline\" shape=\"round\" color=\"pink\" align=\"center\" css=\".vc_custom_1580731677396{margin-bottom: 30px !important;}\" link=\"url:%2Ffemtouch-testimonials%2Fwomen-testimonial%2Fmarzia-45-years-rome-italy-2%2F|||\"][\/vc_column][\/vc_row][vc_row type=\"color\" bg_color=\"#f2f2f2\" padding_top=\"80\" padding_bottom=\"120\"][vc_column][vc_column_text]<\/p>\n<div id=\"storepoint-container\" data-language=\"german\" data-tags=\"women's health\" data-map-id=\"16334002e7fec5\"><\/div>\n<p><script>(function(){var a=document.createElement(\"script\");a.type=\"text\/javascript\";a.async=!0;a.src=\"https:\/\/cdn.storepoint.co\/api\/v1\/js\/16334002e7fec5.js\";var b=document.getElementsByTagName(\"script\")[0];b.parentNode.insertBefore(a,b);}());<\/script><\/p>\n<style>#storepoint-tag-dropdown{display:none!important;}<\/style>\n<p>[\/vc_column_text][vc_column_text]PB-00012520 Rev A[\/vc_column_text][\/vc_column][\/vc_row][vc_row el_class=\"hidden-xs hidden-sm hidden-md hidden-lg\"][vc_column][vc_single_image image=\"3621\" img_size=\"615X410\" alignment=\"center\" full_width=\"yes\" css=\".vc_custom_1471181919148{margin-bottom: 39px !important;}\"][vc_column_text font_size=\"20px\" css=\".vc_custom_1471421572538{padding-right: 35px !important;padding-left: 35px !important;}\"]<\/p>\n<p style=\"text-align: center;\"><em>\u00a0\"I am 46 years young, and have four children. While I have always tried to take care of myself physically (doing yoga, eating healthy...\"<\/em><\/p>\n<p style=\"text-align: center;\">Wayne, NJ<\/p>\n<p>[\/vc_column_text][vc_btn title=\"Weiterlesen\" style=\"outline\" shape=\"round\" color=\"pink\" align=\"center\" css=\".vc_custom_1471421500453{margin-bottom: 30px !important;}\" link=\"url:%2Fde%2Ffemtouch-testimonials%2Fwomen-testimonial%2Fmost-definitely-worth-it-wayne-nj%2F|\"][\/vc_column][\/vc_row]<\/p>\n<\/div>","protected":false},"excerpt":{"rendered":"<p>[vc_row type=&#8220;image&#8220; bg_position=&#8220;center&#8220; bg_position_horizontal=&#8220;center&#8220; column_gap=&#8220;no&#8220; padding_top=&#8220;13%&#8220; padding_bottom=&#8220;13%&#8220; bg_image=&#8220;1028&#8243;][vc_column][vc_custom_heading text=&#8220;&#8220; font_container=&#8220;tag:h2|text_align:left|color:%23ffffff&#8220; use_theme_fonts=&#8220;yes&#8220;][\/vc_column][\/vc_row][vc_row text_align=&#8220;center&#8220; text_color=&#8220;#ffffff&#8220; column_gap=&#8220;no&#8220; padding_top=&#8220;25&#8243; padding_bottom=&#8220;25&#8243;][vc_column][vc_column_text][\/vc_column_text][\/vc_column][\/vc_row][vc_row equal_height=&#8220;yes&#8220; text_align=&#8220;center&#8220; type=&#8220;color&#8220; bg_color=&#8220;#f2f2f2&#8243; column_gap=&#8220;no&#8220;][vc_column width=&#8220;1\/2&#8243; css=&#8220;.vc_custom_1542550981773{background-color: #ffffff !important;}&#8220;][vc_custom_heading text=&#8220;Erfahren Sie mehr \u00fcber die Erfahrungen von FemTouch-Patientinnen&#8220; font_container=&#8220;tag:h3|text_align:center|color:%23ef6967&#8243; use_theme_fonts=&#8220;yes&#8220; css=&#8220;.vc_custom_1580730563867{padding-top: 9px !important;}&#8220;][vc_column_text font_size=&#8220;20&#8243; css=&#8220;.vc_custom_1542550848530{border-bottom-width: 30px !important;padding-right: 35px !important;padding-left: 35px !important;}&#8220;] Patientinnen berichten anderen von ihren Erfahrungen und erkl\u00e4ren, wie die Behandlung ihnen zu einem [&hellip;]<\/p>\n","protected":false},"author":1,"featured_media":0,"parent":4668,"menu_order":0,"comment_status":"closed","ping_status":"closed","template":"","meta":{"footnotes":""},"class_list":["post-4641","page","type-page","status-publish","hentry"],"yoast_head":"<!-- This site is optimized with the Yoast SEO plugin v27.3 - https:\/\/yoast.com\/product\/yoast-seo-wordpress\/ -->\n<title>Vaginalgesundheit Erfahrungsberichte, Frauen sprechen \u00fcber Behandlungen ihrer Vagina, Femtouch Erfahrungsberichte | Femtouch - Vaginalgesundheit<\/title>\n<meta name=\"description\" content=\"Willkommen bei unseren einzigartigen Erfahrungsberichten \u00fcber FemTouch. Erfahren Sie mehr \u00fcber Vaginalgesundheit von Patientinnen, die dar\u00fcber berichten, wie die Behandlung ihnen zu einer verbesserten Vaginalgesundheit verholfen hat\" \/>\n<meta name=\"robots\" content=\"index, follow, max-snippet:-1, max-image-preview:large, max-video-preview:-1\" \/>\n<link rel=\"canonical\" href=\"https:\/\/femtouch.eu\/de\/femtouch-testimonials\/womens-testimonials\/\" \/>\n<meta property=\"og:locale\" content=\"de_DE\" \/>\n<meta property=\"og:type\" content=\"article\" \/>\n<meta property=\"og:title\" content=\"Vaginalgesundheit Erfahrungsberichte, Frauen sprechen \u00fcber Behandlungen ihrer Vagina, Femtouch Erfahrungsberichte | Femtouch - Vaginalgesundheit\" \/>\n<meta property=\"og:description\" content=\"Willkommen bei unseren einzigartigen Erfahrungsberichten \u00fcber FemTouch. Erfahren Sie mehr \u00fcber Vaginalgesundheit von Patientinnen, die dar\u00fcber berichten, wie die Behandlung ihnen zu einer verbesserten Vaginalgesundheit verholfen hat\" \/>\n<meta property=\"og:url\" content=\"https:\/\/femtouch.eu\/femtouch-testimonials\/womens-testimonials\/\" \/>\n<meta property=\"og:site_name\" content=\"FemTouch for Improved Vaginal Health\" \/>\n<meta property=\"article:modified_time\" content=\"2022-12-21T11:17:57+00:00\" \/>\n<meta name=\"twitter:card\" content=\"summary_large_image\" \/>\n<meta name=\"twitter:label1\" content=\"Gesch\u00e4tzte Lesezeit\" \/>\n\t<meta name=\"twitter:data1\" content=\"4\u00a0Minuten\" \/>\n<script type=\"application\/ld+json\" class=\"yoast-schema-graph\">{\"@context\":\"https:\\\/\\\/schema.org\",\"@graph\":[{\"@type\":\"WebPage\",\"@id\":\"https:\\\/\\\/femtouch.eu\\\/femtouch-testimonials\\\/womens-testimonials\\\/\",\"url\":\"https:\\\/\\\/femtouch.eu\\\/femtouch-testimonials\\\/womens-testimonials\\\/\",\"name\":\"Vaginalgesundheit Erfahrungsberichte, Frauen sprechen \u00fcber Behandlungen ihrer Vagina, Femtouch Erfahrungsberichte | Femtouch - Vaginalgesundheit\",\"isPartOf\":{\"@id\":\"https:\\\/\\\/femtouch.eu\\\/#website\"},\"datePublished\":\"2016-08-01T08:17:43+00:00\",\"dateModified\":\"2022-12-21T11:17:57+00:00\",\"description\":\"Willkommen bei unseren einzigartigen Erfahrungsberichten \u00fcber FemTouch. Erfahren Sie mehr \u00fcber Vaginalgesundheit von Patientinnen, die dar\u00fcber berichten, wie die Behandlung ihnen zu einer verbesserten Vaginalgesundheit verholfen hat\",\"breadcrumb\":{\"@id\":\"https:\\\/\\\/femtouch.eu\\\/femtouch-testimonials\\\/womens-testimonials\\\/#breadcrumb\"},\"inLanguage\":\"de\",\"potentialAction\":[{\"@type\":\"ReadAction\",\"target\":[\"https:\\\/\\\/femtouch.eu\\\/femtouch-testimonials\\\/womens-testimonials\\\/\"]}]},{\"@type\":\"BreadcrumbList\",\"@id\":\"https:\\\/\\\/femtouch.eu\\\/femtouch-testimonials\\\/womens-testimonials\\\/#breadcrumb\",\"itemListElement\":[{\"@type\":\"ListItem\",\"position\":1,\"name\":\"HOME\",\"item\":\"https:\\\/\\\/femtouch.eu\\\/\"},{\"@type\":\"ListItem\",\"position\":2,\"name\":\"ERFAHRUNGSBERICHTE\",\"item\":\"https:\\\/\\\/femtouch.eu\\\/femtouch-testimonials\\\/\"},{\"@type\":\"ListItem\",\"position\":3,\"name\":\"ERFAHRUNGSBERICHTE VON FRAUEN\"}]},{\"@type\":\"WebSite\",\"@id\":\"https:\\\/\\\/femtouch.eu\\\/#website\",\"url\":\"https:\\\/\\\/femtouch.eu\\\/\",\"name\":\"FemTouch for Improved Vaginal Health\",\"description\":\"\",\"potentialAction\":[{\"@type\":\"SearchAction\",\"target\":{\"@type\":\"EntryPoint\",\"urlTemplate\":\"https:\\\/\\\/femtouch.eu\\\/?s={search_term_string}\"},\"query-input\":{\"@type\":\"PropertyValueSpecification\",\"valueRequired\":true,\"valueName\":\"search_term_string\"}}],\"inLanguage\":\"de\"}]}<\/script>\n<!-- \/ Yoast SEO plugin. -->","yoast_head_json":{"title":"Vaginalgesundheit Erfahrungsberichte, Frauen sprechen \u00fcber Behandlungen ihrer Vagina, Femtouch Erfahrungsberichte | Femtouch - Vaginalgesundheit","description":"Willkommen bei unseren einzigartigen Erfahrungsberichten \u00fcber FemTouch. Erfahren Sie mehr \u00fcber Vaginalgesundheit von Patientinnen, die dar\u00fcber berichten, wie die Behandlung ihnen zu einer verbesserten Vaginalgesundheit verholfen hat","robots":{"index":"index","follow":"follow","max-snippet":"max-snippet:-1","max-image-preview":"max-image-preview:large","max-video-preview":"max-video-preview:-1"},"canonical":"https:\/\/femtouch.eu\/de\/femtouch-testimonials\/womens-testimonials\/","og_locale":"de_DE","og_type":"article","og_title":"Vaginalgesundheit Erfahrungsberichte, Frauen sprechen \u00fcber Behandlungen ihrer Vagina, Femtouch Erfahrungsberichte | Femtouch - Vaginalgesundheit","og_description":"Willkommen bei unseren einzigartigen Erfahrungsberichten \u00fcber FemTouch. Erfahren Sie mehr \u00fcber Vaginalgesundheit von Patientinnen, die dar\u00fcber berichten, wie die Behandlung ihnen zu einer verbesserten Vaginalgesundheit verholfen hat","og_url":"https:\/\/femtouch.eu\/femtouch-testimonials\/womens-testimonials\/","og_site_name":"FemTouch for Improved Vaginal Health","article_modified_time":"2022-12-21T11:17:57+00:00","twitter_card":"summary_large_image","twitter_misc":{"Gesch\u00e4tzte Lesezeit":"4\u00a0Minuten"},"schema":{"@context":"https:\/\/schema.org","@graph":[{"@type":"WebPage","@id":"https:\/\/femtouch.eu\/femtouch-testimonials\/womens-testimonials\/","url":"https:\/\/femtouch.eu\/femtouch-testimonials\/womens-testimonials\/","name":"Vaginalgesundheit Erfahrungsberichte, Frauen sprechen \u00fcber Behandlungen ihrer Vagina, Femtouch Erfahrungsberichte | Femtouch - Vaginalgesundheit","isPartOf":{"@id":"https:\/\/femtouch.eu\/#website"},"datePublished":"2016-08-01T08:17:43+00:00","dateModified":"2022-12-21T11:17:57+00:00","description":"Willkommen bei unseren einzigartigen Erfahrungsberichten \u00fcber FemTouch. Erfahren Sie mehr \u00fcber Vaginalgesundheit von Patientinnen, die dar\u00fcber berichten, wie die Behandlung ihnen zu einer verbesserten Vaginalgesundheit verholfen hat","breadcrumb":{"@id":"https:\/\/femtouch.eu\/femtouch-testimonials\/womens-testimonials\/#breadcrumb"},"inLanguage":"de","potentialAction":[{"@type":"ReadAction","target":["https:\/\/femtouch.eu\/femtouch-testimonials\/womens-testimonials\/"]}]},{"@type":"BreadcrumbList","@id":"https:\/\/femtouch.eu\/femtouch-testimonials\/womens-testimonials\/#breadcrumb","itemListElement":[{"@type":"ListItem","position":1,"name":"HOME","item":"https:\/\/femtouch.eu\/"},{"@type":"ListItem","position":2,"name":"ERFAHRUNGSBERICHTE","item":"https:\/\/femtouch.eu\/femtouch-testimonials\/"},{"@type":"ListItem","position":3,"name":"ERFAHRUNGSBERICHTE VON FRAUEN"}]},{"@type":"WebSite","@id":"https:\/\/femtouch.eu\/#website","url":"https:\/\/femtouch.eu\/","name":"FemTouch for Improved Vaginal Health","description":"","potentialAction":[{"@type":"SearchAction","target":{"@type":"EntryPoint","urlTemplate":"https:\/\/femtouch.eu\/?s={search_term_string}"},"query-input":{"@type":"PropertyValueSpecification","valueRequired":true,"valueName":"search_term_string"}}],"inLanguage":"de"}]}},"jetpack_shortlink":"https:\/\/wp.me\/P7S3gX-1cR","jetpack_sharing_enabled":true,"_links":{"self":[{"href":"https:\/\/femtouch.eu\/de\/wp-json\/wp\/v2\/pages\/4641","targetHints":{"allow":["GET"]}}],"collection":[{"href":"https:\/\/femtouch.eu\/de\/wp-json\/wp\/v2\/pages"}],"about":[{"href":"https:\/\/femtouch.eu\/de\/wp-json\/wp\/v2\/types\/page"}],"author":[{"embeddable":true,"href":"https:\/\/femtouch.eu\/de\/wp-json\/wp\/v2\/users\/1"}],"replies":[{"embeddable":true,"href":"https:\/\/femtouch.eu\/de\/wp-json\/wp\/v2\/comments?post=4641"}],"version-history":[{"count":5,"href":"https:\/\/femtouch.eu\/de\/wp-json\/wp\/v2\/pages\/4641\/revisions"}],"predecessor-version":[{"id":9304,"href":"https:\/\/femtouch.eu\/de\/wp-json\/wp\/v2\/pages\/4641\/revisions\/9304"}],"up":[{"embeddable":true,"href":"https:\/\/femtouch.eu\/de\/wp-json\/wp\/v2\/pages\/4668"}],"wp:attachment":[{"href":"https:\/\/femtouch.eu\/de\/wp-json\/wp\/v2\/media?parent=4641"}],"curies":[{"name":"wp","href":"https:\/\/api.w.org\/{rel}","templated":true}]}}