{"id":4695,"date":"2016-08-01T12:01:42","date_gmt":"2016-08-01T12:01:42","guid":{"rendered":"https:\/\/staging.femtouch.eu\/femtouch-testimonials\/aerztliche-meinungen\/"},"modified":"2022-12-21T11:18:18","modified_gmt":"2022-12-21T11:18:18","slug":"doctors-thought","status":"publish","type":"page","link":"https:\/\/femtouch.eu\/de\/femtouch-testimonials\/doctors-thought\/","title":{"rendered":"\u00c4RZTLICHE MEINUNGEN"},"content":{"rendered":"<div class=\"wpb-content-wrapper\"><p>[vc_row type=&#8220;image&#8220; bg_position=&#8220;center&#8220; bg_position_horizontal=&#8220;center&#8220; column_gap=&#8220;no&#8220; padding_top=&#8220;13%&#8220; padding_bottom=&#8220;13%&#8220; bg_image=&#8220;1028&#8243;][vc_column][vc_custom_heading text=&#8220;&#8220; font_container=&#8220;tag:h2|text_align:left|color:%23ffffff&#8220; use_theme_fonts=&#8220;yes&#8220;][\/vc_column][\/vc_row][vc_row text_align=&#8220;center&#8220; text_color=&#8220;#ffffff&#8220; column_gap=&#8220;no&#8220; padding_top=&#8220;25&#8243; padding_bottom=&#8220;25&#8243;][vc_column][vc_column_text]<div id=\"ccchildpages-1\" class=\"ccchildpages ccflex  simple ccclearfix\"><ul class=\"ccchildpages_list ccclearfix\"><li class=\"page_item page-item-4641\"><a href=\"https:\/\/femtouch.eu\/de\/femtouch-testimonials\/womens-testimonials\/\">ERFAHRUNGSBERICHTE VON FRAUEN<\/a><\/li>\n<li class=\"page_item page-item-4695\"><a href=\"https:\/\/femtouch.eu\/de\/femtouch-testimonials\/doctors-thought\/\">\u00c4RZTLICHE MEINUNGEN<\/a><\/li><\/ul><\/div>[\/vc_column_text][\/vc_column][\/vc_row][vc_row equal_height=\"yes\" text_align=\"center\" type=\"color\" bg_color=\"#f2f2f2\" column_gap=\"no\"][vc_column width=\"1\/2\" css=\".vc_custom_1501077019530{margin-right: 0px !important;background-color: #ffffff !important;}\"][vc_custom_heading text=\"Lesen Sie mehr \u00fcber die Erfahrungen f\u00fchrender \u00c4rzte mit FemTouch\" font_container=\"tag:h3|text_align:center|color:%23ef6967\" use_theme_fonts=\"yes\" css=\".vc_custom_1580724579109{padding-top: 0px !important;}\"][vc_column_text font_size=\"20px\" css=\".vc_custom_1580724632674{padding-top: 0px !important;padding-right: 35px !important;padding-bottom: 0px !important;padding-left: 35px !important;}\"]<\/p>\n<p style=\"text-align: center;\">\u00c4rzte berichten von ihren Erfahrungen bei der Behandlung von Patientinnen mit FemTouch - einem Verfahren zur Behandlung h\u00e4ufig auftretender vaginaler Beschwerden bei Frauen<\/p>\n<p style=\"text-align: center;\"><em>\u201cErhebliche Verbesserung der Lebensqualit\u00e4t\u201d<\/em><\/p>\n<p style=\"text-align: center;\"><em>\u201cNach der Erfindung von Botox das n\u00e4chste Gl\u00fcckslos\u201d<\/em><\/p>\n<p style=\"text-align: center;\"><em>\u201cHohe Patientenzufriedenheit\u201d<\/em><\/p>\n<p>[\/vc_column_text][\/vc_column][vc_column width=\"1\/2\" css=\".vc_custom_1501077026611{background-color: #ffffff !important;}\"][vc_column_text][\/vc_column_text][\/vc_column][\/vc_row][vc_row equal_height=\"yes\" text_align=\"center\" type=\"color\" bg_color=\"#f2f2f2\" column_gap=\"no\"][vc_column width=\"1\/2\" css=\".vc_custom_1501082834281{margin-right: 10px !important;background-color: #ffffff !important;}\"][vc_single_image image=\"3861\" img_size=\"full\" alignment=\"center\" full_width=\"yes\" css=\".vc_custom_1501082391861{margin-bottom: 10px !important;}\"][vc_column_text font_size=\"20px\" css=\".vc_custom_1543235070786{padding-right: 35px !important;padding-bottom: 30px !important;padding-left: 35px !important;}\"]<\/p>\n<p style=\"text-align: center; padding-left: 35px; padding-right: 35px;\"><em>\u201cDie Behandlung ist nicht nur schnell und relativ schmerzfrei, sondern hat auch derart sensationelle Ergebnisse hinsichtlich Effizienz und Patientenzufriedenheit erzielt, dass ich sie meinen Patientinnen besten Gewissens empfehlen kann...\" \t\t<a\t\t\t\thref=\"javascript:void(0)\"\r\n\t\t\t\tclass=\"sgpb-show-popup sgpb-popup-id-2679\"\r\n\t\tdata-sgpbpopupid=\"2679\"\r\n\t\tdata-popup-event=\"click\"\r\n\t\t>\r\n\t\tWeiterlesen\t\t<\/a>\r\n\t\t<\/em><\/p>\n<p style=\"text-align: center; padding-left: 35px; padding-right: 35px;\">Monika G. Kiripolsky, MD, FAAD, FAACS<br \/>\nZertifizierte Dermatologin Geschulte Sch\u00f6nheits- &amp; Laserchirurgin<\/p>\n<p>[\/vc_column_text][\/vc_column][vc_column width=\"1\/2\" css=\".vc_custom_1501082858272{margin-left: 10px !important;background-color: #ffffff !important;}\"][vc_single_image image=\"3837\" img_size=\"full\" alignment=\"center\" full_width=\"yes\" css=\".vc_custom_1501082841837{margin-bottom: 10px !important;}\"][vc_column_text font_size=\"20px\" css=\".vc_custom_Sun Apr 09 2017 14:41:56 GMT+0300 (Jerusalem Standard Time){padding-top: 10px !important;padding-right: 35px !important;padding-bottom: 50px !important;padding-left: 35px !important;}\"]<\/p>\n<p style=\"text-align: center; padding-left: 35px; padding-right: 35px;\"><em>\u201cDie Behandlung mit dem fraktionellen CO2-Vaginallaser von FemTouch war gut vertr\u00e4glich und f\u00fchrte nach drei monatlichen Behandlungen zu einer Verbesserung der Symptome bei vaginalen Beschwerden und zu einer Steigerung der Lebensqualit\u00e4t der Frau. Mit weiteren Studien zur Beschreibung der Verbesserung der Symptome und der langfristigen Ergebnisse wurde bereits begonnen, um die Vorz\u00fcge dieser minimalinvasiven Behandlung weiter zu evaluieren\"<\/em><\/p>\n<p style=\"text-align: center; padding-left: 35px; padding-right: 35px;\">Jamie Bartley, DO. Urologie von Beaumont, Detroit MI<\/p>\n<p>[\/vc_column_text][\/vc_column][\/vc_row][vc_row equal_height=\"yes\" text_align=\"center\" type=\"color\" bg_color=\"#f2f2f2\" column_gap=\"no\"][vc_column width=\"1\/2\" css=\".vc_custom_1501082870856{margin-right: 10px !important;background-color: #ffffff !important;}\"][vc_single_image image=\"3772\" img_size=\"full\" alignment=\"center\" full_width=\"yes\" css=\".vc_custom_1473164378924{margin-bottom: 20px !important;}\"][vc_column_text font_size=\"20px\" css=\".vc_custom_Sun Apr 09 2017 14:16:42 GMT+0300 (Jerusalem Standard Time){padding-right: 35px !important;padding-bottom: 10px !important;padding-left: 35px !important;}\"]<\/p>\n<p style=\"text-align: center; padding-left: 25px; padding-right: 25px;\"><em>\"Ich gehe davon aus, dass dieses hochmoderne, minimalinvasive und ambulante Verfahren in vielen F\u00e4llen das Leben ver\u00e4ndern kann\".<\/em><\/p>\n<p style=\"text-align: center; padding-left: 25px; padding-right: 25px;\">Frau Smita Rajshekhar, Geburtshelferin und Gyn\u00e4kologin, UK<\/p>\n<p>[\/vc_column_text][\/vc_column][vc_column width=\"1\/2\" css=\".vc_custom_1501082864825{margin-left: 10px !important;background-color: #ffffff !important;}\"][vc_single_image image=\"3855\" img_size=\"full\" alignment=\"center\" full_width=\"yes\" css=\".vc_custom_1501082702586{margin-bottom: 20px !important;}\"][vc_column_text font_size=\"20px\" css=\".vc_custom_1539263058548{padding-right: 35px !important;padding-bottom: 10px !important;padding-left: 35px !important;}\"]<\/p>\n<p style=\"text-align: center;\"><em>\"Ich bin sehr angetan davon, dass meine Sch\u00f6nheitschirurgie und mein medizinisches Regenerationszentrum FemTouch ins Behandlungsprogamm aufgenommen haben. Nachdem ich mich in der Vergangenheit auf vorhergehende oder nachfolgende chirurgische Reparaturen verlassen musste, kann ich h\u00e4ufig auftretende Frauenbeschwerden nun einfach mit FemTouch behandeln. Ich wei\u00df es zu sch\u00e4tzen, dass Lumenis an der Spitze der Entwicklung und Optimierung dieser Technologie steht und die Bed\u00fcrfnisse des Endverbrauchers in den Vordergrund stellt.\"<\/em><\/p>\n<p style=\"text-align: center;\">David N. Michelson, MD, Vorsitzender der Amerikanischen<br \/>\nGesellschaft f\u00fcr kosmetische Brustoperationen<br \/>\nOxnard, CA<\/p>\n<p>[\/vc_column_text][\/vc_column][\/vc_row][vc_row equal_height=\"yes\" text_align=\"center\" type=\"color\" bg_color=\"#f2f2f2\" column_gap=\"no\"][vc_column width=\"1\/2\" css=\".vc_custom_1470053051040{margin-right: 10px !important;background-color: #ffffff !important;}\"][vc_single_image image=\"3891\" img_size=\"full\" alignment=\"center\" css=\".vc_custom_1509282786662{margin-bottom: 10px !important;}\"][vc_column_text font_size=\"20px\" css=\".vc_custom_Sun Apr 09 2017 14:15:25 GMT+0300 (Jerusalem Standard Time){padding-right: 35px !important;padding-bottom: 10px !important;padding-left: 35px !important;}\"]<\/p>\n<p style=\"text-align: center; padding-left: 25px; padding-right: 25px;\"><em>\"Solch ein geringer Aufwand f\u00fcr so positive Reaktionen der Patientinnen. Meine Menopause-Patientinnen sind so dankbar f\u00fcr die Hilfe. Eine Patientin sagte sogar, sie f\u00fchle sich wieder wie 19!\"<\/em><\/p>\n<p style=\"text-align: center;\">Dr. Scott Evan Eder, Gyn\u00e4kologin<\/p>\n<p>[\/vc_column_text][\/vc_column][vc_column width=\"1\/2\" css=\".vc_custom_1470053057180{margin-left: 10px !important;background-color: #ffffff !important;}\"][vc_single_image image=\"3730\" img_size=\"full\" alignment=\"center\" full_width=\"yes\" css=\".vc_custom_1501073904969{margin-bottom: -3px !important;}\"][vc_column_text font_size=\"20px\" css=\".vc_custom_1539263074167{padding-top: 10px !important;padding-right: 35px !important;padding-bottom: 50px !important;padding-left: 35px !important;}\"]<\/p>\n<p style=\"text-align: center;\"><em>\u201cDie Behandlung mit FemTouch ist schnell und angenehm.<\/em><br \/>\n<em>Das ist die Zukunft der Gesundheit der Frau.\u201d<\/em><\/p>\n<p style=\"text-align: center;\">Dr. Massimiliano Marziali, Gyn\u00e4kologe<\/p>\n<p>[\/vc_column_text][\/vc_column][\/vc_row][vc_row type=\"color\" bg_color=\"#f2f2f2\" padding_top=\"80\" padding_bottom=\"120\"][vc_column][vc_column_text]<\/p>\n<div id=\"storepoint-container\" data-language=\"german\" data-tags=\"women's health\" data-map-id=\"16334002e7fec5\"><\/div>\n<p><script>(function(){var a=document.createElement(\"script\");a.type=\"text\/javascript\";a.async=!0;a.src=\"https:\/\/cdn.storepoint.co\/api\/v1\/js\/16334002e7fec5.js\";var b=document.getElementsByTagName(\"script\")[0];b.parentNode.insertBefore(a,b);}());<\/script><\/p>\n<style>#storepoint-tag-dropdown{display:none!important;}<\/style>\n<p>[\/vc_column_text][vc_column_text]PB-00012530 Rev A_A[\/vc_column_text][\/vc_column][\/vc_row]<\/p>\n<\/div>","protected":false},"excerpt":{"rendered":"<p>[vc_row type=&#8220;image&#8220; bg_position=&#8220;center&#8220; bg_position_horizontal=&#8220;center&#8220; column_gap=&#8220;no&#8220; padding_top=&#8220;13%&#8220; padding_bottom=&#8220;13%&#8220; bg_image=&#8220;1028&#8243;][vc_column][vc_custom_heading text=&#8220;&#8220; font_container=&#8220;tag:h2|text_align:left|color:%23ffffff&#8220; use_theme_fonts=&#8220;yes&#8220;][\/vc_column][\/vc_row][vc_row text_align=&#8220;center&#8220; text_color=&#8220;#ffffff&#8220; column_gap=&#8220;no&#8220; padding_top=&#8220;25&#8243; padding_bottom=&#8220;25&#8243;][vc_column][vc_column_text][\/vc_column_text][\/vc_column][\/vc_row][vc_row equal_height=&#8220;yes&#8220; text_align=&#8220;center&#8220; type=&#8220;color&#8220; bg_color=&#8220;#f2f2f2&#8243; column_gap=&#8220;no&#8220;][vc_column width=&#8220;1\/2&#8243; css=&#8220;.vc_custom_1501077019530{margin-right: 0px !important;background-color: #ffffff !important;}&#8220;][vc_custom_heading text=&#8220;Lesen Sie mehr \u00fcber die Erfahrungen f\u00fchrender \u00c4rzte mit FemTouch&#8220; font_container=&#8220;tag:h3|text_align:center|color:%23ef6967&#8243; use_theme_fonts=&#8220;yes&#8220; css=&#8220;.vc_custom_1580724579109{padding-top: 0px !important;}&#8220;][vc_column_text font_size=&#8220;20px&#8220; css=&#8220;.vc_custom_1580724632674{padding-top: 0px !important;padding-right: 35px !important;padding-bottom: 0px !important;padding-left: 35px !important;}&#8220;] \u00c4rzte berichten von ihren Erfahrungen bei der Behandlung [&hellip;]<\/p>\n","protected":false},"author":1,"featured_media":0,"parent":4668,"menu_order":0,"comment_status":"closed","ping_status":"closed","template":"","meta":{"footnotes":""},"class_list":["post-4695","page","type-page","status-publish","hentry"],"yoast_head":"<!-- This site is optimized with the Yoast SEO plugin v27.4 - https:\/\/yoast.com\/product\/yoast-seo-wordpress\/ -->\n<title>\u00c4rztliche Meinungen zu Vaginalgesundheit, \u00e4rztliche Meinung zu FemTouch bei vaginalen Beschwerden | Femtouch - Vaginalgesundheit<\/title>\n<meta name=\"description\" content=\"Erfahren Sie mehr dar\u00fcber, was \u00c4rzte \u00fcber die Behandlung vaginaler Beschwerden mit FemTouch denken und wie Sie Ihre Lebensqualit\u00e4t mit einer geeigneten Behandlung steigern k\u00f6nnen\" \/>\n<meta name=\"robots\" content=\"index, follow, max-snippet:-1, max-image-preview:large, max-video-preview:-1\" \/>\n<link rel=\"canonical\" href=\"https:\/\/femtouch.eu\/de\/femtouch-testimonials\/doctors-thought\/\" \/>\n<meta property=\"og:locale\" content=\"de_DE\" \/>\n<meta property=\"og:type\" content=\"article\" \/>\n<meta property=\"og:title\" content=\"\u00c4rztliche Meinungen zu Vaginalgesundheit, \u00e4rztliche Meinung zu FemTouch bei vaginalen Beschwerden | Femtouch - Vaginalgesundheit\" \/>\n<meta property=\"og:description\" content=\"Erfahren Sie mehr dar\u00fcber, was \u00c4rzte \u00fcber die Behandlung vaginaler Beschwerden mit FemTouch denken und wie Sie Ihre Lebensqualit\u00e4t mit einer geeigneten Behandlung steigern k\u00f6nnen\" \/>\n<meta property=\"og:url\" content=\"https:\/\/femtouch.eu\/femtouch-testimonials\/doctors-thought\/\" \/>\n<meta property=\"og:site_name\" content=\"FemTouch for Improved Vaginal Health\" \/>\n<meta property=\"article:modified_time\" content=\"2022-12-21T11:18:18+00:00\" \/>\n<meta name=\"twitter:card\" content=\"summary_large_image\" \/>\n<meta name=\"twitter:label1\" content=\"Gesch\u00e4tzte Lesezeit\" \/>\n\t<meta name=\"twitter:data1\" content=\"5\u00a0Minuten\" \/>\n<script type=\"application\/ld+json\" class=\"yoast-schema-graph\">{\"@context\":\"https:\\\/\\\/schema.org\",\"@graph\":[{\"@type\":\"WebPage\",\"@id\":\"https:\\\/\\\/femtouch.eu\\\/femtouch-testimonials\\\/doctors-thought\\\/\",\"url\":\"https:\\\/\\\/femtouch.eu\\\/femtouch-testimonials\\\/doctors-thought\\\/\",\"name\":\"\u00c4rztliche Meinungen zu Vaginalgesundheit, \u00e4rztliche Meinung zu FemTouch bei vaginalen Beschwerden | Femtouch - Vaginalgesundheit\",\"isPartOf\":{\"@id\":\"https:\\\/\\\/femtouch.eu\\\/#website\"},\"datePublished\":\"2016-08-01T12:01:42+00:00\",\"dateModified\":\"2022-12-21T11:18:18+00:00\",\"description\":\"Erfahren Sie mehr dar\u00fcber, was \u00c4rzte \u00fcber die Behandlung vaginaler Beschwerden mit FemTouch denken und wie Sie Ihre Lebensqualit\u00e4t mit einer geeigneten Behandlung steigern k\u00f6nnen\",\"breadcrumb\":{\"@id\":\"https:\\\/\\\/femtouch.eu\\\/femtouch-testimonials\\\/doctors-thought\\\/#breadcrumb\"},\"inLanguage\":\"de\",\"potentialAction\":[{\"@type\":\"ReadAction\",\"target\":[\"https:\\\/\\\/femtouch.eu\\\/femtouch-testimonials\\\/doctors-thought\\\/\"]}]},{\"@type\":\"BreadcrumbList\",\"@id\":\"https:\\\/\\\/femtouch.eu\\\/femtouch-testimonials\\\/doctors-thought\\\/#breadcrumb\",\"itemListElement\":[{\"@type\":\"ListItem\",\"position\":1,\"name\":\"HOME\",\"item\":\"https:\\\/\\\/femtouch.eu\\\/\"},{\"@type\":\"ListItem\",\"position\":2,\"name\":\"ERFAHRUNGSBERICHTE\",\"item\":\"https:\\\/\\\/femtouch.eu\\\/femtouch-testimonials\\\/\"},{\"@type\":\"ListItem\",\"position\":3,\"name\":\"\u00c4RZTLICHE MEINUNGEN\"}]},{\"@type\":\"WebSite\",\"@id\":\"https:\\\/\\\/femtouch.eu\\\/#website\",\"url\":\"https:\\\/\\\/femtouch.eu\\\/\",\"name\":\"FemTouch for Improved Vaginal Health\",\"description\":\"\",\"potentialAction\":[{\"@type\":\"SearchAction\",\"target\":{\"@type\":\"EntryPoint\",\"urlTemplate\":\"https:\\\/\\\/femtouch.eu\\\/?s={search_term_string}\"},\"query-input\":{\"@type\":\"PropertyValueSpecification\",\"valueRequired\":true,\"valueName\":\"search_term_string\"}}],\"inLanguage\":\"de\"}]}<\/script>\n<!-- \/ Yoast SEO plugin. -->","yoast_head_json":{"title":"\u00c4rztliche Meinungen zu Vaginalgesundheit, \u00e4rztliche Meinung zu FemTouch bei vaginalen Beschwerden | Femtouch - Vaginalgesundheit","description":"Erfahren Sie mehr dar\u00fcber, was \u00c4rzte \u00fcber die Behandlung vaginaler Beschwerden mit FemTouch denken und wie Sie Ihre Lebensqualit\u00e4t mit einer geeigneten Behandlung steigern k\u00f6nnen","robots":{"index":"index","follow":"follow","max-snippet":"max-snippet:-1","max-image-preview":"max-image-preview:large","max-video-preview":"max-video-preview:-1"},"canonical":"https:\/\/femtouch.eu\/de\/femtouch-testimonials\/doctors-thought\/","og_locale":"de_DE","og_type":"article","og_title":"\u00c4rztliche Meinungen zu Vaginalgesundheit, \u00e4rztliche Meinung zu FemTouch bei vaginalen Beschwerden | Femtouch - Vaginalgesundheit","og_description":"Erfahren Sie mehr dar\u00fcber, was \u00c4rzte \u00fcber die Behandlung vaginaler Beschwerden mit FemTouch denken und wie Sie Ihre Lebensqualit\u00e4t mit einer geeigneten Behandlung steigern k\u00f6nnen","og_url":"https:\/\/femtouch.eu\/femtouch-testimonials\/doctors-thought\/","og_site_name":"FemTouch for Improved Vaginal Health","article_modified_time":"2022-12-21T11:18:18+00:00","twitter_card":"summary_large_image","twitter_misc":{"Gesch\u00e4tzte Lesezeit":"5\u00a0Minuten"},"schema":{"@context":"https:\/\/schema.org","@graph":[{"@type":"WebPage","@id":"https:\/\/femtouch.eu\/femtouch-testimonials\/doctors-thought\/","url":"https:\/\/femtouch.eu\/femtouch-testimonials\/doctors-thought\/","name":"\u00c4rztliche Meinungen zu Vaginalgesundheit, \u00e4rztliche Meinung zu FemTouch bei vaginalen Beschwerden | Femtouch - Vaginalgesundheit","isPartOf":{"@id":"https:\/\/femtouch.eu\/#website"},"datePublished":"2016-08-01T12:01:42+00:00","dateModified":"2022-12-21T11:18:18+00:00","description":"Erfahren Sie mehr dar\u00fcber, was \u00c4rzte \u00fcber die Behandlung vaginaler Beschwerden mit FemTouch denken und wie Sie Ihre Lebensqualit\u00e4t mit einer geeigneten Behandlung steigern k\u00f6nnen","breadcrumb":{"@id":"https:\/\/femtouch.eu\/femtouch-testimonials\/doctors-thought\/#breadcrumb"},"inLanguage":"de","potentialAction":[{"@type":"ReadAction","target":["https:\/\/femtouch.eu\/femtouch-testimonials\/doctors-thought\/"]}]},{"@type":"BreadcrumbList","@id":"https:\/\/femtouch.eu\/femtouch-testimonials\/doctors-thought\/#breadcrumb","itemListElement":[{"@type":"ListItem","position":1,"name":"HOME","item":"https:\/\/femtouch.eu\/"},{"@type":"ListItem","position":2,"name":"ERFAHRUNGSBERICHTE","item":"https:\/\/femtouch.eu\/femtouch-testimonials\/"},{"@type":"ListItem","position":3,"name":"\u00c4RZTLICHE MEINUNGEN"}]},{"@type":"WebSite","@id":"https:\/\/femtouch.eu\/#website","url":"https:\/\/femtouch.eu\/","name":"FemTouch for Improved Vaginal Health","description":"","potentialAction":[{"@type":"SearchAction","target":{"@type":"EntryPoint","urlTemplate":"https:\/\/femtouch.eu\/?s={search_term_string}"},"query-input":{"@type":"PropertyValueSpecification","valueRequired":true,"valueName":"search_term_string"}}],"inLanguage":"de"}]}},"jetpack_shortlink":"https:\/\/wp.me\/P7S3gX-1dJ","jetpack_sharing_enabled":true,"_links":{"self":[{"href":"https:\/\/femtouch.eu\/de\/wp-json\/wp\/v2\/pages\/4695","targetHints":{"allow":["GET"]}}],"collection":[{"href":"https:\/\/femtouch.eu\/de\/wp-json\/wp\/v2\/pages"}],"about":[{"href":"https:\/\/femtouch.eu\/de\/wp-json\/wp\/v2\/types\/page"}],"author":[{"embeddable":true,"href":"https:\/\/femtouch.eu\/de\/wp-json\/wp\/v2\/users\/1"}],"replies":[{"embeddable":true,"href":"https:\/\/femtouch.eu\/de\/wp-json\/wp\/v2\/comments?post=4695"}],"version-history":[{"count":5,"href":"https:\/\/femtouch.eu\/de\/wp-json\/wp\/v2\/pages\/4695\/revisions"}],"predecessor-version":[{"id":9305,"href":"https:\/\/femtouch.eu\/de\/wp-json\/wp\/v2\/pages\/4695\/revisions\/9305"}],"up":[{"embeddable":true,"href":"https:\/\/femtouch.eu\/de\/wp-json\/wp\/v2\/pages\/4668"}],"wp:attachment":[{"href":"https:\/\/femtouch.eu\/de\/wp-json\/wp\/v2\/media?parent=4695"}],"curies":[{"name":"wp","href":"https:\/\/api.w.org\/{rel}","templated":true}]}}