{"id":4998,"date":"2016-07-28T06:59:44","date_gmt":"2016-07-28T06:59:44","guid":{"rendered":"https:\/\/staging.femtouch.eu\/fragen\/"},"modified":"2022-12-21T11:17:16","modified_gmt":"2022-12-21T11:17:16","slug":"questions","status":"publish","type":"page","link":"https:\/\/femtouch.eu\/de\/questions\/","title":{"rendered":"Fragen?"},"content":{"rendered":"<div class=\"wpb-content-wrapper\"><p>[vc_row section_type=&#8220;header&#8220; type=&#8220;image&#8220; bg_position_horizontal=&#8220;center&#8220; column_gap=&#8220;no&#8220; padding_top=&#8220;13%&#8220; padding_bottom=&#8220;13%&#8220; bg_image=&#8220;600&#8243;][vc_column][\/vc_column][\/vc_row][vc_row column_gap=&#8220;no&#8220; padding_top=&#8220;25&#8243; padding_bottom=&#8220;25&#8243;][vc_column][vc_column_text]<div class=\"breadcrumb\" itemprop=\"breadcrumb\"><span><span><a href=\"https:\/\/femtouch.eu\/\">HOME<\/a><\/span><\/span><\/div>[\/vc_column_text][\/vc_column][\/vc_row][vc_row equal_height=&#8220;yes&#8220; type=&#8220;color&#8220; bg_color=&#8220;#f2f2f2&#8243; column_gap=&#8220;no&#8220; padding_top=&#8220;65&#8243; padding_bottom=&#8220;65&#8243;][vc_column width=&#8220;1\/2&#8243; css=&#8220;.vc_custom_1470899988502{margin-right: 10px !important;margin-left: 0px !important;padding-top: 25px !important;padding-right: 25px !important;padding-bottom: 25px !important;padding-left: 25px !important;background-color: #ffffff !important;}&#8220;][vc_custom_heading text=&#8220;Fragen&#8220; font_container=&#8220;tag:h3|text_align:center|color:%23ef6967&#8243; use_theme_fonts=&#8220;yes&#8220; el_class=&#8220;border_bottom&#8220; css=&#8220;.vc_custom_1470903255613{padding-right: 25px !important;padding-left: 25px !important;}&#8220;]<ul class=\"link_colorA fontelo-list\" style=\"float:left;\"><li><i class=\"icon-angle-double-right\"><\/i> <a href=\"https:\/\/femtouch.eu\/de\/questions\/candidate-femtouch-treatments\/\"><strong>F\u00fcr wen sind die Behandlungen mit FemTouch geeignet?<\/strong><\/a><\/li><li><i class=\"icon-angle-double-right\"><\/i> <strong><a href=\"https:\/\/femtouch.eu\/de\/questions\/long-femtouch-treatment-take\/\">Wie lange dauert die Behandlung mit FemTouch?<\/a><\/strong><\/li><li><i class=\"icon-angle-double-right\"><\/i> <strong><a href=\"https:\/\/femtouch.eu\/de\/questions\/many-treatments-needed\/\">Wie viele Behandlungen sind n\u00f6tig?<\/a><br \/>\n<\/strong><\/li><li><i class=\"icon-angle-double-right\"><\/i> <strong><a href=\"https:\/\/femtouch.eu\/de\/questions\/treatment-regime-look-like-many-weeks-treatment\/\">Wie sieht der Behandlungsplan aus? Wie viele Wochen liegen zwischen den einzelnen Behandlungen?<\/a><br \/>\n<\/strong><\/li><li><i class=\"icon-angle-double-right\"><\/i> <a href=\"https:\/\/femtouch.eu\/de\/questions\/can-i-resume-my-daily-routine-after-the-treatment-what-about-sexual-intercourse\/\"><strong>Tagesablauf \u00fcbergehen? Und wie ist es mit dem Geschlechtsverkehr?<\/strong><\/a><strong><br \/>\n<\/strong><\/li><li><i class=\"icon-angle-double-right\"><\/i> <a href=\"https:\/\/femtouch.eu\/de\/questions\/is-the-femtouch-treatment-painful-what-will-i-feel-during-the-treatment\/\"><strong>Ist die Behandlung mit FemTouch schmerzhaft? Was sp\u00fcre ich w\u00e4hrend der Behandlung?<\/strong><\/a><strong><br \/>\n<\/strong><\/li><li><i class=\"icon-angle-double-right\"><\/i> <a href=\"https:\/\/femtouch.eu\/de\/questions\/what-post-treatment-care-is-required\/\"><strong>Welche Form der Pflege wird nach der Behandlung empfohlen?<\/strong><\/a><strong><br \/>\n<\/strong><\/li><li><i class=\"icon-angle-double-right\"><\/i> <a href=\"https:\/\/femtouch.eu\/de\/questions\/how-quickly-will-i-experience-an-improvement\/\"><strong>Wie schnell kann ich Verbesserungen feststellen?<\/strong><\/a><strong><br \/>\n<\/strong><\/li><li><i class=\"icon-angle-double-right\"><\/i> <a href=\"https:\/\/femtouch.eu\/de\/questions\/are-there-any-side-effects-associated-with-the-femtouch-treatment\/\"><strong>Treten bei der Behandlung mit FemTouch irgendwelche Nebenwirkungen auf?<\/strong><\/a><strong><br \/>\n<\/strong><\/li><li><i class=\"icon-angle-double-right\"><\/i> <a href=\"https:\/\/femtouch.eu\/de\/questions\/can-i-have-femtouch-treatment-if-i-had-a-hysterectomy\/\"><strong>Kann ich mich mit FemTouch behandeln lassen, wenn bei mir die Geb\u00e4rmutter entfernt wurde?<\/strong><\/a><strong><br \/>\n<\/strong><\/li><li><i class=\"icon-angle-double-right\"><\/i> <a href=\"https:\/\/femtouch.eu\/de\/questions\/can-i-undergo-treatment-while-breastfeeding\/\"><strong>Kann ich mich w\u00e4hrend der Stillzeit behandeln lassen?<\/strong><\/a><strong><br \/>\n<\/strong><\/li><li><i class=\"icon-angle-double-right\"><\/i> <a href=\"https:\/\/femtouch.eu\/de\/questions\/what-type-of-equipment-is-used-during-the-treatment\/\"><strong>Welche Art von Ausr\u00fcstung kommt w\u00e4hrend der Behandlung zum Einsatz?<\/strong><\/a><\/li><\/ul>[\/vc_column][vc_column width=&#8220;1\/2&#8243; css=&#8220;.vc_custom_1470901163847{background-image: url(https:\/\/femtouch.eu\/wp-content\/uploads\/2016\/08\/questions-banner.jpg?id=617) !important;background-position: center !important;background-repeat: no-repeat !important;background-size: cover !important;}&#8220;][\/vc_column][\/vc_row][vc_row content_placement=&#8220;middle&#8220; type=&#8220;color&#8220; bg_color=&#8220;#f2f2f2&#8243; column_gap=&#8220;no&#8220; padding_top=&#8220;25&#8243; padding_bottom=&#8220;25&#8243;][vc_column][vc_custom_heading text=&#8220;Echte Menschen &amp; wahre Geschichten&#8220; font_container=&#8220;tag:h2|text_align:center&#8220; use_theme_fonts=&#8220;yes&#8220; el_class=&#8220;border_bottom&#8220;][\/vc_column][\/vc_row][vc_row equal_height=&#8220;yes&#8220; text_align=&#8220;center&#8220; type=&#8220;color&#8220; bg_color=&#8220;#f2f2f2&#8243; column_gap=&#8220;no&#8220; el_class=&#8220;testi&#8220;][vc_column width=&#8220;1\/2&#8243; css=&#8220;.vc_custom_1470053051040{margin-right: 10px !important;background-color: #ffffff !important;}&#8220;][vc_single_image image=&#8220;3418&#8243; img_size=&#8220;full&#8220; alignment=&#8220;center&#8220; full_width=&#8220;yes&#8220; css=&#8220;.vc_custom_1470906364478{margin-bottom: 20px !important;}&#8220;][vc_column_text font_size=&#8220;20px&#8220; css=&#8220;.vc_custom_1471865938563{padding-right: 35px !important;padding-left: 35px !important;}&#8220;]<\/p>\n<div class=\"kleo_text_column wpb_content_element vc_custom_1470832655503\">\n<div class=\"wpb_wrapper\">\n<p style=\"text-align: center;\"><em>\u201cIch wusste nicht einmal, wie sehr ich diese Behandlung brauchte.<br \/>\nMein Mann und ich sind total begeistert!<br \/>\nDas war gro\u00dfartig.<br \/>\nIch habe all meinen Freundinnen davon erz\u00e4hlt!\u201d<br \/>\n<\/em><\/p>\n<p style=\"text-align: center;\">A. P. , FemTouch-Patientin<\/p>\n<\/div>\n<\/div>\n<p>[\/vc_column_text][vc_btn title=&#8220;Weiterlesen&#8220; style=&#8220;outline&#8220; shape=&#8220;round&#8220; color=&#8220;pink&#8220; align=&#8220;center&#8220; css=&#8220;.vc_custom_1471505739783{margin-bottom: 30px !important;}&#8220; link=&#8220;url:%2Fde%2Ffemtouch-testimonials%2Fwomens-testimonials%2F|&#8220;][\/vc_column][vc_column width=&#8220;1\/2&#8243; css=&#8220;.vc_custom_1470834919842{margin-left: 10px !important;background-color: #ffffff !important;}&#8220;][vc_single_image image=&#8220;3484&#8243; img_size=&#8220;full&#8220; alignment=&#8220;center&#8220; full_width=&#8220;yes&#8220; css=&#8220;.vc_custom_1471505827708{margin-bottom: 20px !important;}&#8220;][vc_column_text font_size=&#8220;20px&#8220; css=&#8220;.vc_custom_Sun Apr 09 2017 14:55:06 GMT+0300 (Jerusalem Standard Time){padding-right: 35px !important;padding-left: 35px !important;}&#8220;]<\/p>\n<p style=\"text-align: center;\"><em>\u201cNach acht Wochen und zwei Behandlungen<br \/>\nkonnte ich im Gegensatz zur Zeit davor ohne<br \/>\njede Form von Angst oder Unbehagen wieder<br \/>\nzum Laufen \u00fcbergehen. Das ist f\u00fcr<br \/>\neine 45-j\u00e4hrige Frau von gro\u00dfer Bedeutung!\u201d<\/em><\/p>\n<p style=\"text-align: center;\">Marzia, FemTouch-Patientin<\/p>\n<p>[\/vc_column_text][vc_btn title=&#8220;Weiterlesen&#8220; style=&#8220;outline&#8220; shape=&#8220;round&#8220; color=&#8220;pink&#8220; align=&#8220;center&#8220; css=&#8220;.vc_custom_1471505739783{margin-bottom: 30px !important;}&#8220; link=&#8220;url:%2Fde%2Ffemtouch-testimonials%2Fwomens-testimonials%2F|&#8220;][\/vc_column][\/vc_row][vc_row equal_height=&#8220;yes&#8220; text_align=&#8220;center&#8220; type=&#8220;color&#8220; bg_color=&#8220;#f2f2f2&#8243; column_gap=&#8220;no&#8220;][vc_column][vc_raw_html]JTNDZGl2JTIwaWQlM0QlMjJzdG9yZXBvaW50LWNvbnRhaW5lciUyMiUyMGRhdGEtbGFuZ3VhZ2UlM0QlMjJnZXJtYW4lMjIlMjBkYXRhLXRhZ3MlM0QlMjJ3b21lbiUyN3MlMjBoZWFsdGglMjIlMjBkYXRhLW1hcC1pZCUzRCUyMjE2MzM0MDAyZTdmZWM1JTIyJTNFJTNDJTJGZGl2JTNFJTBBJTNDc2NyaXB0JTNFJTI4ZnVuY3Rpb24lMjglMjklN0J2YXIlMjBhJTNEZG9jdW1lbnQuY3JlYXRlRWxlbWVudCUyOCUyMnNjcmlwdCUyMiUyOSUzQmEudHlwZSUzRCUyMnRleHQlMkZqYXZhc2NyaXB0JTIyJTNCYS5hc3luYyUzRCUyMTAlM0JhLnNyYyUzRCUyMmh0dHBzJTNBJTJGJTJGY2RuLnN0b3JlcG9pbnQuY28lMkZhcGklMkZ2MSUyRmpzJTJGMTYzMzQwMDJlN2ZlYzUuanMlMjIlM0J2YXIlMjBiJTNEZG9jdW1lbnQuZ2V0RWxlbWVudHNCeVRhZ05hbWUlMjglMjJzY3JpcHQlMjIlMjklNUIwJTVEJTNCYi5wYXJlbnROb2RlLmluc2VydEJlZm9yZSUyOGElMkNiJTI5JTNCJTdEJTI4JTI5JTI5JTNCJTNDJTJGc2NyaXB0JTNFJTBBJTBBJTNDc3R5bGUlM0UlMjNzdG9yZXBvaW50LXRhZy1kcm9wZG93biU3QmRpc3BsYXklM0Fub25lJTIxaW1wb3J0YW50JTNCJTdEJTNDJTJGc3R5bGUlM0U=[\/vc_raw_html][\/vc_column][\/vc_row][vc_row][vc_column][vc_column_text]PB-00012540 Rev A[\/vc_column_text][\/vc_column][\/vc_row]<\/p>\n<\/div>","protected":false},"excerpt":{"rendered":"<p>[vc_row section_type=&#8220;header&#8220; type=&#8220;image&#8220; bg_position_horizontal=&#8220;center&#8220; column_gap=&#8220;no&#8220; padding_top=&#8220;13%&#8220; padding_bottom=&#8220;13%&#8220; bg_image=&#8220;600&#8243;][vc_column][\/vc_column][\/vc_row][vc_row column_gap=&#8220;no&#8220; padding_top=&#8220;25&#8243; padding_bottom=&#8220;25&#8243;][vc_column][vc_column_text][\/vc_column_text][\/vc_column][\/vc_row][vc_row equal_height=&#8220;yes&#8220; type=&#8220;color&#8220; bg_color=&#8220;#f2f2f2&#8243; column_gap=&#8220;no&#8220; padding_top=&#8220;65&#8243; padding_bottom=&#8220;65&#8243;][vc_column width=&#8220;1\/2&#8243; css=&#8220;.vc_custom_1470899988502{margin-right: 10px !important;margin-left: 0px !important;padding-top: 25px !important;padding-right: 25px !important;padding-bottom: 25px !important;padding-left: 25px !important;background-color: #ffffff !important;}&#8220;][vc_custom_heading text=&#8220;Fragen&#8220; font_container=&#8220;tag:h3|text_align:center|color:%23ef6967&#8243; use_theme_fonts=&#8220;yes&#8220; el_class=&#8220;border_bottom&#8220; css=&#8220;.vc_custom_1470903255613{padding-right: 25px !important;padding-left: 25px !important;}&#8220;][\/vc_column][vc_column width=&#8220;1\/2&#8243; css=&#8220;.vc_custom_1470901163847{background-image: url(https:\/\/femtouch.eu\/wp-content\/uploads\/2016\/08\/questions-banner.jpg?id=617) !important;background-position: center !important;background-repeat: no-repeat !important;background-size: cover !important;}&#8220;][\/vc_column][\/vc_row][vc_row content_placement=&#8220;middle&#8220; type=&#8220;color&#8220; bg_color=&#8220;#f2f2f2&#8243; column_gap=&#8220;no&#8220; padding_top=&#8220;25&#8243; padding_bottom=&#8220;25&#8243;][vc_column][vc_custom_heading text=&#8220;Echte Menschen [&hellip;]<\/p>\n","protected":false},"author":1,"featured_media":0,"parent":0,"menu_order":0,"comment_status":"closed","ping_status":"closed","template":"","meta":{"footnotes":""},"class_list":["post-4998","page","type-page","status-publish","hentry"],"yoast_head":"<!-- This site is optimized with the Yoast SEO plugin v27.3 - https:\/\/yoast.com\/product\/yoast-seo-wordpress\/ -->\n<title>Ist die Behandlung schmerzhaft? Vaginalgesundheit FAQ, Fragen zu Vaginalgesundheit | Femtouch - Vaginalgesundheit<\/title>\n<meta name=\"description\" content=\"Erfahren Sie mehr \u00fcber die Ursachen &amp; Arten der Vaginalgesundheit und \u00fcber Behandlungsm\u00f6glichkeiten, die f\u00fcr Frauen mit vaginaler Atrophie zur Verf\u00fcgung stehen, und steigern Sie Ihre Lebensqualit\u00e4t\" \/>\n<meta name=\"robots\" content=\"index, follow, max-snippet:-1, max-image-preview:large, max-video-preview:-1\" \/>\n<link rel=\"canonical\" href=\"https:\/\/femtouch.eu\/de\/questions\/\" \/>\n<meta property=\"og:locale\" content=\"de_DE\" \/>\n<meta property=\"og:type\" content=\"article\" \/>\n<meta property=\"og:title\" content=\"Ist die Behandlung schmerzhaft? Vaginalgesundheit FAQ, Fragen zu Vaginalgesundheit | Femtouch - Vaginalgesundheit\" \/>\n<meta property=\"og:description\" content=\"Erfahren Sie mehr \u00fcber die Ursachen &amp; Arten der Vaginalgesundheit und \u00fcber Behandlungsm\u00f6glichkeiten, die f\u00fcr Frauen mit vaginaler Atrophie zur Verf\u00fcgung stehen, und steigern Sie Ihre Lebensqualit\u00e4t\" \/>\n<meta property=\"og:url\" content=\"https:\/\/femtouch.eu\/questions\/\" \/>\n<meta property=\"og:site_name\" content=\"FemTouch for Improved Vaginal Health\" \/>\n<meta property=\"article:modified_time\" content=\"2022-12-21T11:17:16+00:00\" \/>\n<meta name=\"twitter:card\" content=\"summary_large_image\" \/>\n<meta name=\"twitter:label1\" content=\"Gesch\u00e4tzte Lesezeit\" \/>\n\t<meta name=\"twitter:data1\" content=\"4\u00a0Minuten\" \/>\n<script type=\"application\/ld+json\" class=\"yoast-schema-graph\">{\"@context\":\"https:\\\/\\\/schema.org\",\"@graph\":[{\"@type\":\"WebPage\",\"@id\":\"https:\\\/\\\/femtouch.eu\\\/questions\\\/\",\"url\":\"https:\\\/\\\/femtouch.eu\\\/questions\\\/\",\"name\":\"Ist die Behandlung schmerzhaft? Vaginalgesundheit FAQ, Fragen zu Vaginalgesundheit | Femtouch - Vaginalgesundheit\",\"isPartOf\":{\"@id\":\"https:\\\/\\\/femtouch.eu\\\/#website\"},\"datePublished\":\"2016-07-28T06:59:44+00:00\",\"dateModified\":\"2022-12-21T11:17:16+00:00\",\"description\":\"Erfahren Sie mehr \u00fcber die Ursachen & Arten der Vaginalgesundheit und \u00fcber Behandlungsm\u00f6glichkeiten, die f\u00fcr Frauen mit vaginaler Atrophie zur Verf\u00fcgung stehen, und steigern Sie Ihre Lebensqualit\u00e4t\",\"breadcrumb\":{\"@id\":\"https:\\\/\\\/femtouch.eu\\\/questions\\\/#breadcrumb\"},\"inLanguage\":\"de\",\"potentialAction\":[{\"@type\":\"ReadAction\",\"target\":[\"https:\\\/\\\/femtouch.eu\\\/questions\\\/\"]}]},{\"@type\":\"BreadcrumbList\",\"@id\":\"https:\\\/\\\/femtouch.eu\\\/questions\\\/#breadcrumb\",\"itemListElement\":[{\"@type\":\"ListItem\",\"position\":1,\"name\":\"HOME\",\"item\":\"https:\\\/\\\/femtouch.eu\\\/\"},{\"@type\":\"ListItem\",\"position\":2,\"name\":\"Fragen?\"}]},{\"@type\":\"WebSite\",\"@id\":\"https:\\\/\\\/femtouch.eu\\\/#website\",\"url\":\"https:\\\/\\\/femtouch.eu\\\/\",\"name\":\"FemTouch for Improved Vaginal Health\",\"description\":\"\",\"potentialAction\":[{\"@type\":\"SearchAction\",\"target\":{\"@type\":\"EntryPoint\",\"urlTemplate\":\"https:\\\/\\\/femtouch.eu\\\/?s={search_term_string}\"},\"query-input\":{\"@type\":\"PropertyValueSpecification\",\"valueRequired\":true,\"valueName\":\"search_term_string\"}}],\"inLanguage\":\"de\"}]}<\/script>\n<!-- \/ Yoast SEO plugin. -->","yoast_head_json":{"title":"Ist die Behandlung schmerzhaft? Vaginalgesundheit FAQ, Fragen zu Vaginalgesundheit | Femtouch - Vaginalgesundheit","description":"Erfahren Sie mehr \u00fcber die Ursachen & Arten der Vaginalgesundheit und \u00fcber Behandlungsm\u00f6glichkeiten, die f\u00fcr Frauen mit vaginaler Atrophie zur Verf\u00fcgung stehen, und steigern Sie Ihre Lebensqualit\u00e4t","robots":{"index":"index","follow":"follow","max-snippet":"max-snippet:-1","max-image-preview":"max-image-preview:large","max-video-preview":"max-video-preview:-1"},"canonical":"https:\/\/femtouch.eu\/de\/questions\/","og_locale":"de_DE","og_type":"article","og_title":"Ist die Behandlung schmerzhaft? Vaginalgesundheit FAQ, Fragen zu Vaginalgesundheit | Femtouch - Vaginalgesundheit","og_description":"Erfahren Sie mehr \u00fcber die Ursachen & Arten der Vaginalgesundheit und \u00fcber Behandlungsm\u00f6glichkeiten, die f\u00fcr Frauen mit vaginaler Atrophie zur Verf\u00fcgung stehen, und steigern Sie Ihre Lebensqualit\u00e4t","og_url":"https:\/\/femtouch.eu\/questions\/","og_site_name":"FemTouch for Improved Vaginal Health","article_modified_time":"2022-12-21T11:17:16+00:00","twitter_card":"summary_large_image","twitter_misc":{"Gesch\u00e4tzte Lesezeit":"4\u00a0Minuten"},"schema":{"@context":"https:\/\/schema.org","@graph":[{"@type":"WebPage","@id":"https:\/\/femtouch.eu\/questions\/","url":"https:\/\/femtouch.eu\/questions\/","name":"Ist die Behandlung schmerzhaft? Vaginalgesundheit FAQ, Fragen zu Vaginalgesundheit | Femtouch - Vaginalgesundheit","isPartOf":{"@id":"https:\/\/femtouch.eu\/#website"},"datePublished":"2016-07-28T06:59:44+00:00","dateModified":"2022-12-21T11:17:16+00:00","description":"Erfahren Sie mehr \u00fcber die Ursachen & Arten der Vaginalgesundheit und \u00fcber Behandlungsm\u00f6glichkeiten, die f\u00fcr Frauen mit vaginaler Atrophie zur Verf\u00fcgung stehen, und steigern Sie Ihre Lebensqualit\u00e4t","breadcrumb":{"@id":"https:\/\/femtouch.eu\/questions\/#breadcrumb"},"inLanguage":"de","potentialAction":[{"@type":"ReadAction","target":["https:\/\/femtouch.eu\/questions\/"]}]},{"@type":"BreadcrumbList","@id":"https:\/\/femtouch.eu\/questions\/#breadcrumb","itemListElement":[{"@type":"ListItem","position":1,"name":"HOME","item":"https:\/\/femtouch.eu\/"},{"@type":"ListItem","position":2,"name":"Fragen?"}]},{"@type":"WebSite","@id":"https:\/\/femtouch.eu\/#website","url":"https:\/\/femtouch.eu\/","name":"FemTouch for Improved Vaginal Health","description":"","potentialAction":[{"@type":"SearchAction","target":{"@type":"EntryPoint","urlTemplate":"https:\/\/femtouch.eu\/?s={search_term_string}"},"query-input":{"@type":"PropertyValueSpecification","valueRequired":true,"valueName":"search_term_string"}}],"inLanguage":"de"}]}},"jetpack_shortlink":"https:\/\/wp.me\/P7S3gX-1iC","jetpack_sharing_enabled":true,"_links":{"self":[{"href":"https:\/\/femtouch.eu\/de\/wp-json\/wp\/v2\/pages\/4998","targetHints":{"allow":["GET"]}}],"collection":[{"href":"https:\/\/femtouch.eu\/de\/wp-json\/wp\/v2\/pages"}],"about":[{"href":"https:\/\/femtouch.eu\/de\/wp-json\/wp\/v2\/types\/page"}],"author":[{"embeddable":true,"href":"https:\/\/femtouch.eu\/de\/wp-json\/wp\/v2\/users\/1"}],"replies":[{"embeddable":true,"href":"https:\/\/femtouch.eu\/de\/wp-json\/wp\/v2\/comments?post=4998"}],"version-history":[{"count":5,"href":"https:\/\/femtouch.eu\/de\/wp-json\/wp\/v2\/pages\/4998\/revisions"}],"predecessor-version":[{"id":9298,"href":"https:\/\/femtouch.eu\/de\/wp-json\/wp\/v2\/pages\/4998\/revisions\/9298"}],"wp:attachment":[{"href":"https:\/\/femtouch.eu\/de\/wp-json\/wp\/v2\/media?parent=4998"}],"curies":[{"name":"wp","href":"https:\/\/api.w.org\/{rel}","templated":true}]}}