{"id":5098,"date":"2016-08-01T11:51:19","date_gmt":"2016-08-01T11:51:19","guid":{"rendered":"https:\/\/staging.femtouch.eu\/sidebar\/"},"modified":"2020-02-03T05:34:26","modified_gmt":"2020-02-03T05:34:26","slug":"sidebar","status":"publish","type":"page","link":"https:\/\/femtouch.eu\/de\/sidebar\/","title":{"rendered":"sidebar"},"content":{"rendered":"<div class=\"wpb-content-wrapper\"><p>[vc_row disable_element=&#8220;yes&#8220; front_status=&#8220;draft&#8220; type=&#8220;color&#8220; bg_color=&#8220;#f2f2f2&#8243; padding_top=&#8220;0&#8243; padding_bottom=&#8220;0&#8243; margin_bottom=&#8220;30&#8243;][vc_column][vc_single_image image=&#8220;3655&#8243; img_size=&#8220;full&#8220; full_width=&#8220;yes&#8220; css=&#8220;.vc_custom_1471426675942{margin-top: 35px !important;margin-bottom: 0px !important;}&#8220;][\/vc_column][\/vc_row][vc_row type=&#8220;color&#8220; bg_color=&#8220;#f2f2f2&#8243; padding_top=&#8220;0&#8243; margin_bottom=&#8220;30&#8243;][vc_column css=&#8220;.vc_custom_1471340547245{background-color: #f2f2f2 !important;}&#8220;][vc_single_image image=&#8220;3831&#8243; img_size=&#8220;full&#8220;][vc_column_text letter_spacing=&#8220;&#8220; css=&#8220;.vc_custom_1539262914376{margin-top: 0px !important;margin-bottom: 0px !important;padding-top: 15px !important;padding-bottom: 15px !important;background-color: #f2f2f2 !important;}&#8220;]<\/p>\n<h4 style=\"text-align: center;\">BEHANDLUNG MIT FEMTOUCH\u2122<\/h4>\n<p style=\"text-align: center;\">Eine nicht-operative, ambulante, nicht-hormonelle Behandlung f\u00fcr ein verbessertes Gesundheitsempfinden bei Frauen<\/p>\n<p>[\/vc_column_text][vc_btn title=&#8220;Weiterlesen&#8220; style=&#8220;outline&#8220; shape=&#8220;round&#8220; color=&#8220;pink&#8220; align=&#8220;center&#8220; css=&#8220;.vc_custom_1471340284147{margin-top: 0px !important;padding-top: 0px !important;padding-bottom: 30px !important;background-color: #f2f2f2 !important;}&#8220; link=&#8220;url:%2Fde%2Four-treatment%2Fabout%2F|&#8220;][\/vc_column][\/vc_row][vc_row type=&#8220;color&#8220; bg_color=&#8220;#f2f2f2&#8243; padding_top=&#8220;0&#8243; padding_bottom=&#8220;25&#8243; margin_bottom=&#8220;35&#8243;][vc_column][vc_single_image image=&#8220;3448&#8243; img_size=&#8220;full&#8220; full_width=&#8220;yes&#8220; css=&#8220;.vc_custom_1471156759970{margin-top: 35px !important;margin-bottom: 0px !important;}&#8220;][vc_column_text letter_spacing=&#8220;&#8220; css=&#8220;.vc_custom_1471865315923{margin-top: 0px !important;margin-bottom: 0px !important;padding-top: 15px !important;padding-right: 15px !important;padding-bottom: 15px !important;padding-left: 15px !important;background-color: #f2f2f2 !important;}&#8220;]<\/p>\n<p style=\"text-align: center;\"><em>\u201cIch f\u00fchle mich schon nach einer Behandlung j\u00fcnger, und sogar in meinem Liebesleben l\u00e4uft es besser.\u201d<\/em><br \/>\nL., FemTouch-Patientin<\/p>\n<p>[\/vc_column_text][vc_btn title=&#8220;Weiterlesen&#8220; style=&#8220;outline&#8220; shape=&#8220;round&#8220; color=&#8220;pink&#8220; align=&#8220;center&#8220; css=&#8220;.vc_custom_1471855155447{margin-top: 0px !important;margin-bottom: 0px !important;padding-top: 0px !important;padding-bottom: 30px !important;background-color: #f2f2f2 !important;}&#8220; link=&#8220;url:%2Fde%2Ffemtouch-testimonials%2Fwomens-testimonials%2F|&#8220;][\/vc_column][\/vc_row]<\/p>\n<\/div>","protected":false},"excerpt":{"rendered":"<p>[vc_row disable_element=&#8220;yes&#8220; front_status=&#8220;draft&#8220; type=&#8220;color&#8220; bg_color=&#8220;#f2f2f2&#8243; padding_top=&#8220;0&#8243; padding_bottom=&#8220;0&#8243; margin_bottom=&#8220;30&#8243;][vc_column][vc_single_image image=&#8220;3655&#8243; img_size=&#8220;full&#8220; full_width=&#8220;yes&#8220; css=&#8220;.vc_custom_1471426675942{margin-top: 35px !important;margin-bottom: 0px !important;}&#8220;][\/vc_column][\/vc_row][vc_row type=&#8220;color&#8220; bg_color=&#8220;#f2f2f2&#8243; padding_top=&#8220;0&#8243; margin_bottom=&#8220;30&#8243;][vc_column css=&#8220;.vc_custom_1471340547245{background-color: #f2f2f2 !important;}&#8220;][vc_single_image image=&#8220;3831&#8243; img_size=&#8220;full&#8220;][vc_column_text letter_spacing=&#8220;&#8220; css=&#8220;.vc_custom_1539262914376{margin-top: 0px !important;margin-bottom: 0px !important;padding-top: 15px !important;padding-bottom: 15px !important;background-color: #f2f2f2 !important;}&#8220;] BEHANDLUNG MIT FEMTOUCH\u2122 Eine nicht-operative, ambulante, nicht-hormonelle Behandlung f\u00fcr ein verbessertes Gesundheitsempfinden bei Frauen [\/vc_column_text][vc_btn title=&#8220;Weiterlesen&#8220; style=&#8220;outline&#8220; shape=&#8220;round&#8220; color=&#8220;pink&#8220; align=&#8220;center&#8220; css=&#8220;.vc_custom_1471340284147{margin-top: 0px !important;padding-top: [&hellip;]<\/p>\n","protected":false},"author":1,"featured_media":0,"parent":0,"menu_order":0,"comment_status":"closed","ping_status":"closed","template":"","meta":{"footnotes":""},"class_list":["post-5098","page","type-page","status-publish","hentry"],"yoast_head":"<!-- This site is optimized with the Yoast SEO plugin v27.4 - https:\/\/yoast.com\/product\/yoast-seo-wordpress\/ -->\n<title>sidebar - FemTouch for Improved Vaginal Health<\/title>\n<meta name=\"robots\" content=\"noindex, nofollow\" \/>\n<meta property=\"og:locale\" content=\"de_DE\" \/>\n<meta property=\"og:type\" content=\"article\" \/>\n<meta property=\"og:title\" content=\"sidebar - FemTouch for Improved Vaginal Health\" \/>\n<meta property=\"og:description\" content=\"[vc_row disable_element=&#8220;yes&#8220; front_status=&#8220;draft&#8220; type=&#8220;color&#8220; bg_color=&#8220;#f2f2f2&#8243; padding_top=&#8220;0&#8243; padding_bottom=&#8220;0&#8243; margin_bottom=&#8220;30&#8243;][vc_column][vc_single_image image=&#8220;3655&#8243; img_size=&#8220;full&#8220; full_width=&#8220;yes&#8220; css=&#8220;.vc_custom_1471426675942{margin-top: 35px !important;margin-bottom: 0px !important;}&#8220;][\/vc_column][\/vc_row][vc_row type=&#8220;color&#8220; bg_color=&#8220;#f2f2f2&#8243; padding_top=&#8220;0&#8243; margin_bottom=&#8220;30&#8243;][vc_column css=&#8220;.vc_custom_1471340547245{background-color: #f2f2f2 !important;}&#8220;][vc_single_image image=&#8220;3831&#8243; img_size=&#8220;full&#8220;][vc_column_text letter_spacing=&#8220;&#8220; css=&#8220;.vc_custom_1539262914376{margin-top: 0px !important;margin-bottom: 0px !important;padding-top: 15px !important;padding-bottom: 15px !important;background-color: #f2f2f2 !important;}&#8220;] BEHANDLUNG MIT FEMTOUCH\u2122 Eine nicht-operative, ambulante, nicht-hormonelle Behandlung f\u00fcr ein verbessertes Gesundheitsempfinden bei Frauen [\/vc_column_text][vc_btn title=&#8220;Weiterlesen&#8220; style=&#8220;outline&#8220; shape=&#8220;round&#8220; color=&#8220;pink&#8220; align=&#8220;center&#8220; css=&#8220;.vc_custom_1471340284147{margin-top: 0px !important;padding-top: [&hellip;]\" \/>\n<meta property=\"og:url\" content=\"https:\/\/femtouch.eu\/sidebar\/\" \/>\n<meta property=\"og:site_name\" content=\"FemTouch for Improved Vaginal Health\" \/>\n<meta property=\"article:modified_time\" content=\"2020-02-03T05:34:26+00:00\" \/>\n<meta name=\"twitter:card\" content=\"summary_large_image\" \/>\n<meta name=\"twitter:label1\" content=\"Gesch\u00e4tzte Lesezeit\" \/>\n\t<meta name=\"twitter:data1\" content=\"1\u00a0Minute\" \/>\n<script type=\"application\/ld+json\" class=\"yoast-schema-graph\">{\"@context\":\"https:\\\/\\\/schema.org\",\"@graph\":[{\"@type\":\"WebPage\",\"@id\":\"https:\\\/\\\/femtouch.eu\\\/sidebar\\\/\",\"url\":\"https:\\\/\\\/femtouch.eu\\\/sidebar\\\/\",\"name\":\"sidebar - FemTouch for Improved Vaginal Health\",\"isPartOf\":{\"@id\":\"https:\\\/\\\/femtouch.eu\\\/#website\"},\"datePublished\":\"2016-08-01T11:51:19+00:00\",\"dateModified\":\"2020-02-03T05:34:26+00:00\",\"breadcrumb\":{\"@id\":\"https:\\\/\\\/femtouch.eu\\\/sidebar\\\/#breadcrumb\"},\"inLanguage\":\"de\",\"potentialAction\":[{\"@type\":\"ReadAction\",\"target\":[\"https:\\\/\\\/femtouch.eu\\\/sidebar\\\/\"]}]},{\"@type\":\"BreadcrumbList\",\"@id\":\"https:\\\/\\\/femtouch.eu\\\/sidebar\\\/#breadcrumb\",\"itemListElement\":[{\"@type\":\"ListItem\",\"position\":1,\"name\":\"HOME\",\"item\":\"https:\\\/\\\/femtouch.eu\\\/\"},{\"@type\":\"ListItem\",\"position\":2,\"name\":\"sidebar\"}]},{\"@type\":\"WebSite\",\"@id\":\"https:\\\/\\\/femtouch.eu\\\/#website\",\"url\":\"https:\\\/\\\/femtouch.eu\\\/\",\"name\":\"FemTouch for Improved Vaginal Health\",\"description\":\"\",\"potentialAction\":[{\"@type\":\"SearchAction\",\"target\":{\"@type\":\"EntryPoint\",\"urlTemplate\":\"https:\\\/\\\/femtouch.eu\\\/?s={search_term_string}\"},\"query-input\":{\"@type\":\"PropertyValueSpecification\",\"valueRequired\":true,\"valueName\":\"search_term_string\"}}],\"inLanguage\":\"de\"}]}<\/script>\n<!-- \/ Yoast SEO plugin. -->","yoast_head_json":{"title":"sidebar - FemTouch for Improved Vaginal Health","robots":{"index":"noindex","follow":"nofollow"},"og_locale":"de_DE","og_type":"article","og_title":"sidebar - FemTouch for Improved Vaginal Health","og_description":"[vc_row disable_element=&#8220;yes&#8220; front_status=&#8220;draft&#8220; type=&#8220;color&#8220; bg_color=&#8220;#f2f2f2&#8243; padding_top=&#8220;0&#8243; padding_bottom=&#8220;0&#8243; margin_bottom=&#8220;30&#8243;][vc_column][vc_single_image image=&#8220;3655&#8243; img_size=&#8220;full&#8220; full_width=&#8220;yes&#8220; css=&#8220;.vc_custom_1471426675942{margin-top: 35px !important;margin-bottom: 0px !important;}&#8220;][\/vc_column][\/vc_row][vc_row type=&#8220;color&#8220; bg_color=&#8220;#f2f2f2&#8243; padding_top=&#8220;0&#8243; margin_bottom=&#8220;30&#8243;][vc_column css=&#8220;.vc_custom_1471340547245{background-color: #f2f2f2 !important;}&#8220;][vc_single_image image=&#8220;3831&#8243; img_size=&#8220;full&#8220;][vc_column_text letter_spacing=&#8220;&#8220; css=&#8220;.vc_custom_1539262914376{margin-top: 0px !important;margin-bottom: 0px !important;padding-top: 15px !important;padding-bottom: 15px !important;background-color: #f2f2f2 !important;}&#8220;] BEHANDLUNG MIT FEMTOUCH\u2122 Eine nicht-operative, ambulante, nicht-hormonelle Behandlung f\u00fcr ein verbessertes Gesundheitsempfinden bei Frauen [\/vc_column_text][vc_btn title=&#8220;Weiterlesen&#8220; style=&#8220;outline&#8220; shape=&#8220;round&#8220; color=&#8220;pink&#8220; align=&#8220;center&#8220; css=&#8220;.vc_custom_1471340284147{margin-top: 0px !important;padding-top: [&hellip;]","og_url":"https:\/\/femtouch.eu\/sidebar\/","og_site_name":"FemTouch for Improved Vaginal Health","article_modified_time":"2020-02-03T05:34:26+00:00","twitter_card":"summary_large_image","twitter_misc":{"Gesch\u00e4tzte Lesezeit":"1\u00a0Minute"},"schema":{"@context":"https:\/\/schema.org","@graph":[{"@type":"WebPage","@id":"https:\/\/femtouch.eu\/sidebar\/","url":"https:\/\/femtouch.eu\/sidebar\/","name":"sidebar - FemTouch for Improved Vaginal Health","isPartOf":{"@id":"https:\/\/femtouch.eu\/#website"},"datePublished":"2016-08-01T11:51:19+00:00","dateModified":"2020-02-03T05:34:26+00:00","breadcrumb":{"@id":"https:\/\/femtouch.eu\/sidebar\/#breadcrumb"},"inLanguage":"de","potentialAction":[{"@type":"ReadAction","target":["https:\/\/femtouch.eu\/sidebar\/"]}]},{"@type":"BreadcrumbList","@id":"https:\/\/femtouch.eu\/sidebar\/#breadcrumb","itemListElement":[{"@type":"ListItem","position":1,"name":"HOME","item":"https:\/\/femtouch.eu\/"},{"@type":"ListItem","position":2,"name":"sidebar"}]},{"@type":"WebSite","@id":"https:\/\/femtouch.eu\/#website","url":"https:\/\/femtouch.eu\/","name":"FemTouch for Improved Vaginal Health","description":"","potentialAction":[{"@type":"SearchAction","target":{"@type":"EntryPoint","urlTemplate":"https:\/\/femtouch.eu\/?s={search_term_string}"},"query-input":{"@type":"PropertyValueSpecification","valueRequired":true,"valueName":"search_term_string"}}],"inLanguage":"de"}]}},"jetpack_shortlink":"https:\/\/wp.me\/P7S3gX-1ke","jetpack_sharing_enabled":true,"_links":{"self":[{"href":"https:\/\/femtouch.eu\/de\/wp-json\/wp\/v2\/pages\/5098","targetHints":{"allow":["GET"]}}],"collection":[{"href":"https:\/\/femtouch.eu\/de\/wp-json\/wp\/v2\/pages"}],"about":[{"href":"https:\/\/femtouch.eu\/de\/wp-json\/wp\/v2\/types\/page"}],"author":[{"embeddable":true,"href":"https:\/\/femtouch.eu\/de\/wp-json\/wp\/v2\/users\/1"}],"replies":[{"embeddable":true,"href":"https:\/\/femtouch.eu\/de\/wp-json\/wp\/v2\/comments?post=5098"}],"version-history":[{"count":5,"href":"https:\/\/femtouch.eu\/de\/wp-json\/wp\/v2\/pages\/5098\/revisions"}],"predecessor-version":[{"id":5629,"href":"https:\/\/femtouch.eu\/de\/wp-json\/wp\/v2\/pages\/5098\/revisions\/5629"}],"wp:attachment":[{"href":"https:\/\/femtouch.eu\/de\/wp-json\/wp\/v2\/media?parent=5098"}],"curies":[{"name":"wp","href":"https:\/\/api.w.org\/{rel}","templated":true}]}}