{"id":5185,"date":"2016-08-03T06:16:50","date_gmt":"2016-08-03T06:16:50","guid":{"rendered":"https:\/\/staging.femtouch.eu\/faq\/"},"modified":"2021-04-20T12:24:37","modified_gmt":"2021-04-20T12:24:37","slug":"faq","status":"publish","type":"page","link":"https:\/\/femtouch.eu\/de\/for-physicians\/faq\/","title":{"rendered":"FAQ"},"content":{"rendered":"<div class=\"wpb-content-wrapper\"><p>[vc_row type=&#8220;image&#8220; bg_position_horizontal=&#8220;center&#8220; enable_parallax=&#8220;false&#8220; column_gap=&#8220;no&#8220; padding_top=&#8220;13%&#8220; padding_bottom=&#8220;13%&#8220; bg_image=&#8220;600&#8243;][vc_column][\/vc_column][\/vc_row][vc_row text_align=&#8220;center&#8220; text_color=&#8220;#ffffff&#8220; column_gap=&#8220;no&#8220; padding_top=&#8220;25&#8243; padding_bottom=&#8220;25&#8243;][vc_column][vc_column_text]<div id=\"ccchildpages-1\" class=\"ccchildpages ccflex  simple ccclearfix\"><ul class=\"ccchildpages_list ccclearfix\"><li class=\"page_item page-item-5133\"><a href=\"https:\/\/femtouch.eu\/de\/for-physicians\/about-femtouch\/\">\u00dcBER FEMTOUCH\u2122<\/a><\/li>\n<li class=\"page_item page-item-5157\"><a href=\"https:\/\/femtouch.eu\/de\/for-physicians\/clinical-resources\/\">KLINISCHE RESSOURCEN<\/a><\/li>\n<li class=\"page_item page-item-5185 page_item_has_children\"><a href=\"https:\/\/femtouch.eu\/de\/for-physicians\/faq\/\">FAQ<\/a><\/li><\/ul><\/div>[\/vc_column_text][\/vc_column][\/vc_row][vc_row equal_height=\"yes\" type=\"color\" bg_color=\"#f2f2f2\" column_gap=\"no\" padding_top=\"65\" padding_bottom=\"65\"][vc_column width=\"1\/2\" css=\".vc_custom_1470899988502{margin-right: 10px !important;margin-left: 0px !important;padding-top: 25px !important;padding-right: 25px !important;padding-bottom: 25px !important;padding-left: 25px !important;background-color: #ffffff !important;}\"][vc_custom_heading text=\"\u00c4rzte FAQ\" font_container=\"tag:h3|text_align:center|color:%23ef6967\" use_theme_fonts=\"yes\" el_class=\"border_bottom\" css=\".vc_custom_1470902838738{padding-right: 25px !important;padding-left: 25px !important;}\"]<ul class=\"link_colorA fontelo-list\" style=\"float:left;\"><li><i class=\"icon-angle-double-right\"><\/i> <a href=\"https:\/\/femtouch.eu\/de\/for-physicians\/faq\/for-more-significant-symptoms-does-it-make-sense-to-increase-the-energy-delivered\/\"><strong>Ist es bei deutlicheren Symptomen sinnvoll, die Energieabgabe zu erh\u00f6hen?<\/strong><\/a><\/li><li><i class=\"icon-angle-double-right\"><\/i> <a href=\"https:\/\/femtouch.eu\/de\/for-physicians\/faq\/what-is-the-mechanism-that-causes-a-loss-of-estrogen-and-vaginal-dryness-during-breastfeeding\/\"><strong>Welcher Mechanismus ist f\u00fcr den gesunkenen \u00d6strogenspiegel und die vaginale Trockenheit w\u00e4hrend der Stillzeit urs\u00e4chlich?<\/strong><\/a><\/li><li><i class=\"icon-angle-double-right\"><\/i> <a href=\"https:\/\/femtouch.eu\/de\/questions\/how-do-i-control-the-penetration-depth-and-make-sure-i-dont-penetrate-into-the-fibromuscular-layer\/\"><strong>Wie kontrolliere ich die Eindringtiefe, und wie kann ich ein Eindringen in die fibromuskul\u00e4re Schicht verhindern?<\/strong><\/a>\n<strong>\u00a0<\/strong><\/li><li><i class=\"icon-angle-double-right\"><\/i> <a href=\"https:\/\/femtouch.eu\/de\/questions\/why-do-i-need-3-different-levels-of-energy-and-density\/\"><strong>Warum ben\u00f6tige ich drei unterschiedliche Energie- und Dichtestufen? <\/strong><\/a>\n<strong>\u00a0<\/strong>\n<strong>\u00a0<\/strong><\/li><li><i class=\"icon-angle-double-right\"><\/i> <a href=\"https:\/\/femtouch.eu\/de\/questions\/how-does-the-co2-treatment-affect-vaginal-dryness\/\"><strong>Inwiefern hat die Behandlung mit <em>CO<sub>2<\/sub><\/em> Auswirkungen auf die vaginale Trockenheit?<\/strong><\/a>\n<strong>\u00a0<\/strong>\n<strong>\u00a0<\/strong>\n<strong>\u00a0<\/strong><\/li><li><i class=\"icon-angle-double-right\"><\/i> <a href=\"https:\/\/femtouch.eu\/de\/questions\/can-laser-based-energy-treatments-be-considered-preventative-and-positioned-for-prolapse\/\"><strong>Kann man bei einem Prolaps des Beckenbodens von einer Pr\u00e4ventionswirkung und Eignung von Energiebehandlungen auf Laserbasis ausgehen?<\/strong><\/a>\n<strong>\u00a0<\/strong>\n<strong>\u00a0<\/strong>\n<strong>\u00a0<\/strong><\/li><li><i class=\"icon-angle-double-right\"><\/i> <a href=\"https:\/\/femtouch.eu\/de\/questions\/what-is-the-co2-effect-on-the-lamina-propria-layer\/\"><strong>Welche Auswirkungen hat das <em>CO<sub>2<\/sub><\/em> auf die Eigenschicht?<\/strong><\/a><\/li><\/ul>[\/vc_column][vc_column width=\"1\/2\" css=\".vc_custom_1470902869503{background: #ffffff url(https:\/\/femtouch.eu\/wp-content\/uploads\/2016\/08\/find-a-clinic-2-banner.jpg?id=599) !important;background-position: center !important;background-repeat: no-repeat !important;background-size: cover !important;}\"][\/vc_column][\/vc_row][vc_row type=\"color\" bg_color=\"#142846\" border=\"bottom\" inline_style=\"border-bottom: 8px solid #ef6967;\"][vc_column][vc_column_text text_color=\"#ffffff\"]<\/p>\n<h4 style=\"color: #fff; font-size: 30px; line-height: 1; margin-top: 20px;\">GET MORE INFO<\/h4>\n<p>[\/vc_column_text][vc_raw_html]PCEtLSBbaWYgbHRlIElFIDhdPg0KDQo8c2NyaXB0IGNoYXJzZXQ9InV0Zi04IiB0eXBlPSJ0ZXh0L2phdmFzY3JpcHQiIHNyYz0iLy9qcy5oc2Zvcm1zLm5ldC9mb3Jtcy92Mi1sZWdhY3kuanMiPjwvc2NyaXB0Pg0KDQo8IVtlbmRpZl0tLT4NCg0KPHNjcmlwdCBjaGFyc2V0PSJ1dGYtOCIgdHlwZT0idGV4dC9qYXZhc2NyaXB0IiBzcmM9Ii8vanMuaHNmb3Jtcy5uZXQvZm9ybXMvdjIuanMiPjwvc2NyaXB0Pg0KDQo8c2NyaXB0Pg0KDQogIGhic3B0LmZvcm1zLmNyZWF0ZSh7DQoNCiAgICBzZmRjQ2FtcGFpZ25JZDogJzcwMUMwMDAwMDAxOWFqY0lBQScsDQoNCiAgICBwb3J0YWxJZDogJzI3ODQyNycsDQoNCiAgICBmb3JtSWQ6ICc4YzNkZmJlNS00ZTdiLTQwNmItYmYwZC1mZGEzYzY1Zjg0NjQnDQoNCiAgfSk7DQoNCjwvc2NyaXB0Pg==[\/vc_raw_html][\/vc_column][\/vc_row][vc_row][vc_column][vc_column_text]PB-00012580 Rev A<\/p>\n<div id=\"gtx-trans\" style=\"position: absolute; left: 165px; top: 86px;\">\n<div class=\"gtx-trans-icon\"><\/div>\n<\/div>\n<p>[\/vc_column_text][\/vc_column][\/vc_row]<\/p>\n<\/div>","protected":false},"excerpt":{"rendered":"<p>[vc_row type=&#8220;image&#8220; bg_position_horizontal=&#8220;center&#8220; enable_parallax=&#8220;false&#8220; column_gap=&#8220;no&#8220; padding_top=&#8220;13%&#8220; padding_bottom=&#8220;13%&#8220; bg_image=&#8220;600&#8243;][vc_column][\/vc_column][\/vc_row][vc_row text_align=&#8220;center&#8220; text_color=&#8220;#ffffff&#8220; column_gap=&#8220;no&#8220; padding_top=&#8220;25&#8243; padding_bottom=&#8220;25&#8243;][vc_column][vc_column_text][\/vc_column_text][\/vc_column][\/vc_row][vc_row equal_height=&#8220;yes&#8220; type=&#8220;color&#8220; bg_color=&#8220;#f2f2f2&#8243; column_gap=&#8220;no&#8220; padding_top=&#8220;65&#8243; padding_bottom=&#8220;65&#8243;][vc_column width=&#8220;1\/2&#8243; css=&#8220;.vc_custom_1470899988502{margin-right: 10px !important;margin-left: 0px !important;padding-top: 25px !important;padding-right: 25px !important;padding-bottom: 25px !important;padding-left: 25px !important;background-color: #ffffff !important;}&#8220;][vc_custom_heading text=&#8220;\u00c4rzte FAQ&#8220; font_container=&#8220;tag:h3|text_align:center|color:%23ef6967&#8243; use_theme_fonts=&#8220;yes&#8220; el_class=&#8220;border_bottom&#8220; css=&#8220;.vc_custom_1470902838738{padding-right: 25px !important;padding-left: 25px !important;}&#8220;][\/vc_column][vc_column width=&#8220;1\/2&#8243; css=&#8220;.vc_custom_1470902869503{background: #ffffff url(https:\/\/femtouch.eu\/wp-content\/uploads\/2016\/08\/find-a-clinic-2-banner.jpg?id=599) !important;background-position: center !important;background-repeat: no-repeat !important;background-size: cover !important;}&#8220;][\/vc_column][\/vc_row][vc_row type=&#8220;color&#8220; bg_color=&#8220;#142846&#8243; border=&#8220;bottom&#8220; inline_style=&#8220;border-bottom: [&hellip;]<\/p>\n","protected":false},"author":1,"featured_media":0,"parent":5197,"menu_order":0,"comment_status":"closed","ping_status":"closed","template":"","meta":{"footnotes":""},"class_list":["post-5185","page","type-page","status-publish","hentry"],"yoast_head":"<!-- This site is optimized with the Yoast SEO plugin v27.3 - https:\/\/yoast.com\/product\/yoast-seo-wordpress\/ -->\n<title>Femtouch - FAQ<\/title>\n<meta name=\"robots\" content=\"index, follow, max-snippet:-1, max-image-preview:large, max-video-preview:-1\" \/>\n<link rel=\"canonical\" href=\"https:\/\/femtouch.eu\/de\/for-physicians\/faq\/\" \/>\n<meta property=\"og:locale\" content=\"de_DE\" \/>\n<meta property=\"og:type\" content=\"article\" \/>\n<meta property=\"og:title\" content=\"Femtouch - FAQ\" \/>\n<meta property=\"og:description\" content=\"[vc_row type=&#8220;image&#8220; bg_position_horizontal=&#8220;center&#8220; enable_parallax=&#8220;false&#8220; column_gap=&#8220;no&#8220; padding_top=&#8220;13%&#8220; padding_bottom=&#8220;13%&#8220; bg_image=&#8220;600&#8243;][vc_column][\/vc_column][\/vc_row][vc_row text_align=&#8220;center&#8220; text_color=&#8220;#ffffff&#8220; column_gap=&#8220;no&#8220; padding_top=&#8220;25&#8243; padding_bottom=&#8220;25&#8243;][vc_column][vc_column_text][\/vc_column_text][\/vc_column][\/vc_row][vc_row equal_height=&#8220;yes&#8220; type=&#8220;color&#8220; bg_color=&#8220;#f2f2f2&#8243; column_gap=&#8220;no&#8220; padding_top=&#8220;65&#8243; padding_bottom=&#8220;65&#8243;][vc_column width=&#8220;1\/2&#8243; css=&#8220;.vc_custom_1470899988502{margin-right: 10px !important;margin-left: 0px !important;padding-top: 25px !important;padding-right: 25px !important;padding-bottom: 25px !important;padding-left: 25px !important;background-color: #ffffff !important;}&#8220;][vc_custom_heading text=&#8220;\u00c4rzte FAQ&#8220; font_container=&#8220;tag:h3|text_align:center|color:%23ef6967&#8243; use_theme_fonts=&#8220;yes&#8220; el_class=&#8220;border_bottom&#8220; css=&#8220;.vc_custom_1470902838738{padding-right: 25px !important;padding-left: 25px !important;}&#8220;][\/vc_column][vc_column width=&#8220;1\/2&#8243; css=&#8220;.vc_custom_1470902869503{background: #ffffff url(https:\/\/femtouch.eu\/wp-content\/uploads\/2016\/08\/find-a-clinic-2-banner.jpg?id=599) !important;background-position: center !important;background-repeat: no-repeat !important;background-size: cover !important;}&#8220;][\/vc_column][\/vc_row][vc_row type=&#8220;color&#8220; bg_color=&#8220;#142846&#8243; border=&#8220;bottom&#8220; inline_style=&#8220;border-bottom: [&hellip;]\" \/>\n<meta property=\"og:url\" content=\"https:\/\/femtouch.eu\/for-physicians\/faq\/\" \/>\n<meta property=\"og:site_name\" content=\"FemTouch for Improved Vaginal Health\" \/>\n<meta property=\"article:modified_time\" content=\"2021-04-20T12:24:37+00:00\" \/>\n<meta name=\"twitter:card\" content=\"summary_large_image\" \/>\n<meta name=\"twitter:label1\" content=\"Gesch\u00e4tzte Lesezeit\" \/>\n\t<meta name=\"twitter:data1\" content=\"2\u00a0Minuten\" \/>\n<script type=\"application\/ld+json\" class=\"yoast-schema-graph\">{\"@context\":\"https:\\\/\\\/schema.org\",\"@graph\":[{\"@type\":\"WebPage\",\"@id\":\"https:\\\/\\\/femtouch.eu\\\/for-physicians\\\/faq\\\/\",\"url\":\"https:\\\/\\\/femtouch.eu\\\/for-physicians\\\/faq\\\/\",\"name\":\"Femtouch - FAQ\",\"isPartOf\":{\"@id\":\"https:\\\/\\\/femtouch.eu\\\/#website\"},\"datePublished\":\"2016-08-03T06:16:50+00:00\",\"dateModified\":\"2021-04-20T12:24:37+00:00\",\"breadcrumb\":{\"@id\":\"https:\\\/\\\/femtouch.eu\\\/for-physicians\\\/faq\\\/#breadcrumb\"},\"inLanguage\":\"de\",\"potentialAction\":[{\"@type\":\"ReadAction\",\"target\":[\"https:\\\/\\\/femtouch.eu\\\/for-physicians\\\/faq\\\/\"]}]},{\"@type\":\"BreadcrumbList\",\"@id\":\"https:\\\/\\\/femtouch.eu\\\/for-physicians\\\/faq\\\/#breadcrumb\",\"itemListElement\":[{\"@type\":\"ListItem\",\"position\":1,\"name\":\"HOME\",\"item\":\"https:\\\/\\\/femtouch.eu\\\/\"},{\"@type\":\"ListItem\",\"position\":2,\"name\":\"FOR PHYSICIANS\",\"item\":\"https:\\\/\\\/femtouch.eu\\\/for-physicians\\\/\"},{\"@type\":\"ListItem\",\"position\":3,\"name\":\"FAQ\"}]},{\"@type\":\"WebSite\",\"@id\":\"https:\\\/\\\/femtouch.eu\\\/#website\",\"url\":\"https:\\\/\\\/femtouch.eu\\\/\",\"name\":\"FemTouch for Improved Vaginal Health\",\"description\":\"\",\"potentialAction\":[{\"@type\":\"SearchAction\",\"target\":{\"@type\":\"EntryPoint\",\"urlTemplate\":\"https:\\\/\\\/femtouch.eu\\\/?s={search_term_string}\"},\"query-input\":{\"@type\":\"PropertyValueSpecification\",\"valueRequired\":true,\"valueName\":\"search_term_string\"}}],\"inLanguage\":\"de\"}]}<\/script>\n<!-- \/ Yoast SEO plugin. -->","yoast_head_json":{"title":"Femtouch - FAQ","robots":{"index":"index","follow":"follow","max-snippet":"max-snippet:-1","max-image-preview":"max-image-preview:large","max-video-preview":"max-video-preview:-1"},"canonical":"https:\/\/femtouch.eu\/de\/for-physicians\/faq\/","og_locale":"de_DE","og_type":"article","og_title":"Femtouch - FAQ","og_description":"[vc_row type=&#8220;image&#8220; bg_position_horizontal=&#8220;center&#8220; enable_parallax=&#8220;false&#8220; column_gap=&#8220;no&#8220; padding_top=&#8220;13%&#8220; padding_bottom=&#8220;13%&#8220; bg_image=&#8220;600&#8243;][vc_column][\/vc_column][\/vc_row][vc_row text_align=&#8220;center&#8220; text_color=&#8220;#ffffff&#8220; column_gap=&#8220;no&#8220; padding_top=&#8220;25&#8243; padding_bottom=&#8220;25&#8243;][vc_column][vc_column_text][\/vc_column_text][\/vc_column][\/vc_row][vc_row equal_height=&#8220;yes&#8220; type=&#8220;color&#8220; bg_color=&#8220;#f2f2f2&#8243; column_gap=&#8220;no&#8220; padding_top=&#8220;65&#8243; padding_bottom=&#8220;65&#8243;][vc_column width=&#8220;1\/2&#8243; css=&#8220;.vc_custom_1470899988502{margin-right: 10px !important;margin-left: 0px !important;padding-top: 25px !important;padding-right: 25px !important;padding-bottom: 25px !important;padding-left: 25px !important;background-color: #ffffff !important;}&#8220;][vc_custom_heading text=&#8220;\u00c4rzte FAQ&#8220; font_container=&#8220;tag:h3|text_align:center|color:%23ef6967&#8243; use_theme_fonts=&#8220;yes&#8220; el_class=&#8220;border_bottom&#8220; css=&#8220;.vc_custom_1470902838738{padding-right: 25px !important;padding-left: 25px !important;}&#8220;][\/vc_column][vc_column width=&#8220;1\/2&#8243; css=&#8220;.vc_custom_1470902869503{background: #ffffff url(https:\/\/femtouch.eu\/wp-content\/uploads\/2016\/08\/find-a-clinic-2-banner.jpg?id=599) !important;background-position: center !important;background-repeat: no-repeat !important;background-size: cover !important;}&#8220;][\/vc_column][\/vc_row][vc_row type=&#8220;color&#8220; bg_color=&#8220;#142846&#8243; border=&#8220;bottom&#8220; inline_style=&#8220;border-bottom: [&hellip;]","og_url":"https:\/\/femtouch.eu\/for-physicians\/faq\/","og_site_name":"FemTouch for Improved Vaginal Health","article_modified_time":"2021-04-20T12:24:37+00:00","twitter_card":"summary_large_image","twitter_misc":{"Gesch\u00e4tzte Lesezeit":"2\u00a0Minuten"},"schema":{"@context":"https:\/\/schema.org","@graph":[{"@type":"WebPage","@id":"https:\/\/femtouch.eu\/for-physicians\/faq\/","url":"https:\/\/femtouch.eu\/for-physicians\/faq\/","name":"Femtouch - FAQ","isPartOf":{"@id":"https:\/\/femtouch.eu\/#website"},"datePublished":"2016-08-03T06:16:50+00:00","dateModified":"2021-04-20T12:24:37+00:00","breadcrumb":{"@id":"https:\/\/femtouch.eu\/for-physicians\/faq\/#breadcrumb"},"inLanguage":"de","potentialAction":[{"@type":"ReadAction","target":["https:\/\/femtouch.eu\/for-physicians\/faq\/"]}]},{"@type":"BreadcrumbList","@id":"https:\/\/femtouch.eu\/for-physicians\/faq\/#breadcrumb","itemListElement":[{"@type":"ListItem","position":1,"name":"HOME","item":"https:\/\/femtouch.eu\/"},{"@type":"ListItem","position":2,"name":"FOR PHYSICIANS","item":"https:\/\/femtouch.eu\/for-physicians\/"},{"@type":"ListItem","position":3,"name":"FAQ"}]},{"@type":"WebSite","@id":"https:\/\/femtouch.eu\/#website","url":"https:\/\/femtouch.eu\/","name":"FemTouch for Improved Vaginal Health","description":"","potentialAction":[{"@type":"SearchAction","target":{"@type":"EntryPoint","urlTemplate":"https:\/\/femtouch.eu\/?s={search_term_string}"},"query-input":{"@type":"PropertyValueSpecification","valueRequired":true,"valueName":"search_term_string"}}],"inLanguage":"de"}]}},"jetpack_shortlink":"https:\/\/wp.me\/P7S3gX-1lD","jetpack_sharing_enabled":true,"_links":{"self":[{"href":"https:\/\/femtouch.eu\/de\/wp-json\/wp\/v2\/pages\/5185","targetHints":{"allow":["GET"]}}],"collection":[{"href":"https:\/\/femtouch.eu\/de\/wp-json\/wp\/v2\/pages"}],"about":[{"href":"https:\/\/femtouch.eu\/de\/wp-json\/wp\/v2\/types\/page"}],"author":[{"embeddable":true,"href":"https:\/\/femtouch.eu\/de\/wp-json\/wp\/v2\/users\/1"}],"replies":[{"embeddable":true,"href":"https:\/\/femtouch.eu\/de\/wp-json\/wp\/v2\/comments?post=5185"}],"version-history":[{"count":6,"href":"https:\/\/femtouch.eu\/de\/wp-json\/wp\/v2\/pages\/5185\/revisions"}],"predecessor-version":[{"id":5265,"href":"https:\/\/femtouch.eu\/de\/wp-json\/wp\/v2\/pages\/5185\/revisions\/5265"}],"up":[{"embeddable":true,"href":"https:\/\/femtouch.eu\/de\/wp-json\/wp\/v2\/pages\/5197"}],"wp:attachment":[{"href":"https:\/\/femtouch.eu\/de\/wp-json\/wp\/v2\/media?parent=5185"}],"curies":[{"name":"wp","href":"https:\/\/api.w.org\/{rel}","templated":true}]}}