{"id":5212,"date":"2016-08-09T16:18:44","date_gmt":"2016-08-09T16:18:44","guid":{"rendered":"https:\/\/staging.femtouch.eu\/for-physicians\/faq\/welcher-mechanismus-ist-fuer-den-gesunkenen-oestrogenspiegel-und-die-vaginale-trockenheit-waehrend-der-stillzeit-ursaechlich\/"},"modified":"2020-02-03T05:37:35","modified_gmt":"2020-02-03T05:37:35","slug":"what-is-the-mechanism-that-causes-a-loss-of-estrogen-and-vaginal-dryness-during-breastfeeding","status":"publish","type":"page","link":"https:\/\/femtouch.eu\/de\/for-physicians\/faq\/what-is-the-mechanism-that-causes-a-loss-of-estrogen-and-vaginal-dryness-during-breastfeeding\/","title":{"rendered":"Welcher Mechanismus ist f\u00fcr den gesunkenen \u00d6strogenspiegel und die vaginale Trockenheit w\u00e4hrend der Stillzeit urs\u00e4chlich?"},"content":{"rendered":"<div class=\"wpb-content-wrapper\"><p>[vc_row type=&#8220;image&#8220; bg_position_horizontal=&#8220;center&#8220; enable_parallax=&#8220;false&#8220; column_gap=&#8220;no&#8220; padding_top=&#8220;13%&#8220; padding_bottom=&#8220;13%&#8220; bg_image=&#8220;600&#8243;][vc_column][\/vc_column][\/vc_row][vc_row column_gap=&#8220;no&#8220; padding_top=&#8220;25&#8243; padding_bottom=&#8220;25&#8243;][vc_column][vc_column_text letter_spacing=&#8220;&#8220;]<div class=\"breadcrumb\" itemprop=\"breadcrumb\"><span><span><a href=\"https:\/\/femtouch.eu\/\">HOME<\/a><\/span><\/span><\/div>[\/vc_column_text][\/vc_column][\/vc_row][vc_row equal_height=&#8220;yes&#8220; content_placement=&#8220;middle&#8220; type=&#8220;color&#8220; bg_color=&#8220;#f2f2f2&#8243; column_gap=&#8220;no&#8220; padding_top=&#8220;65&#8243; padding_bottom=&#8220;65&#8243;][vc_column width=&#8220;2\/3&#8243; css=&#8220;.vc_custom_1470053436572{margin-right: 10px !important;margin-left: 0px !important;padding-top: 33px !important;padding-right: 25px !important;padding-bottom: 33px !important;padding-left: 25px !important;background-color: #ffffff !important;}&#8220;][vc_column_text letter_spacing=&#8220;&#8220;]<\/p>\n<h4>Welcher Mechanismus ist f\u00fcr den gesunkenen \u00d6strogenspiegel und die vaginale Trockenheit w\u00e4hrend der Stillzeit urs\u00e4chlich?<\/h4>\n<p><strong>ANTWORT:<\/strong>Die Vagina besteht aus drei Schichten: der Vaginalhaut, der Eigenschicht und der Lamina muscularis mucosae (LMM).  Alle drei Schichten verf\u00fcgen \u00fcber \u00d6strogenrezeptoren. \u00d6strogen ist ein wesentlicher Regulator f\u00fcr die Gr\u00f6\u00dfe und Funktion der vaskul\u00e4ren und nichtvaskul\u00e4ren weichen Muskulatur in den subepithelialen Schichten der Vagina: der Eigenschicht und der Lamina muscularis mucosae W\u00e4hrend der Menopause kommt es aufgrund einer signifikanten Senkung des \u00d6strogenspiegels zu einem R\u00fcckgang der Dicke der Vaginalhaut (von ungef\u00e4hr acht bis zehn auf drei bis vier Zellschichten). Der \u00d6strogenmangel beeinflusst das Vaginalgewebe und verursacht den Verlust von Kollagen, den Verlust der F\u00e4higkeit, Wasser zu speichern und eine Ausd\u00fcnnung der Oberfl\u00e4che der Vaginalhaut. Ausged\u00fcnntes Gewebe ist anf\u00e4lliger f\u00fcr Reizungen, und die Oberfl\u00e4che der Vagina wird spr\u00f6de. Als Folge davon k\u00f6nnen.<br \/>\nnach nur minimalen Traumata Petechien, Ulzerationen und vermehrte Blutungen auftreten.<br \/>\nW\u00e4hrend der Stillzeit weisen Frauen einen hohen Prolaktinspiegel auf, der eine antagonistische Wirkung auf die \u00d6strogenproduktion aus\u00fcbt. Aus diesen Gr\u00fcnden kann w\u00e4hrend der Stillzeit eine Hypo\u00f6strogen\u00e4mie auftreten. Ein gesunkener \u00d6strogenspiegel kann eine urogenitale Atrophie verursachen, mit der eine Ausd\u00fcnnung der Vaginalhaut, eine Abnahme ihrer Elastizit\u00e4t und eine Minderung der Durchblutung der Vagina einhergeht. Symptomatische vulvovaginale Ver\u00e4nderungen, die auf eine Hypo\u00f6strogen\u00e4mie zur\u00fcckzuf\u00fchren sind, werden h\u00e4ufig als atrophische Vaginitis bezeichnet und \u00e4u\u00dfern sich normalerweise in Form von <a href=\"https:\/\/femtouch.eu\/vaginal-health\/vaginal-atrophy\/\">vaginaler Trockenheit<\/a>,Juckreiz, Brennen, Reizungen und Dyspareunie. Hypo\u00f6strogen\u00e4mie kann auch Symptome der Harnwege wie Dysurie und gesteigerten bzw. h\u00e4ufigen Harndrang verursachen.[\/vc_column_text][vc_btn title=&#8220;ZUR\u00dcCK ZU DEN FRAGEN&#8220; size=&#8220;sm&#8220; link=&#8220;url:%2Fde%2Ffor-physicians%2Ffaq%2F|||&#8220;][\/vc_column][vc_column width=&#8220;1\/3&#8243; css=&#8220;.vc_custom_1471850113310{margin-left: 10px !important;}&#8220;][\/vc_column][\/vc_row]<\/p>\n<\/div>","protected":false},"excerpt":{"rendered":"<p>[vc_row type=&#8220;image&#8220; bg_position_horizontal=&#8220;center&#8220; enable_parallax=&#8220;false&#8220; column_gap=&#8220;no&#8220; padding_top=&#8220;13%&#8220; padding_bottom=&#8220;13%&#8220; bg_image=&#8220;600&#8243;][vc_column][\/vc_column][\/vc_row][vc_row column_gap=&#8220;no&#8220; padding_top=&#8220;25&#8243; padding_bottom=&#8220;25&#8243;][vc_column][vc_column_text letter_spacing=&#8220;&#8220;][\/vc_column_text][\/vc_column][\/vc_row][vc_row equal_height=&#8220;yes&#8220; content_placement=&#8220;middle&#8220; type=&#8220;color&#8220; bg_color=&#8220;#f2f2f2&#8243; column_gap=&#8220;no&#8220; padding_top=&#8220;65&#8243; padding_bottom=&#8220;65&#8243;][vc_column width=&#8220;2\/3&#8243; css=&#8220;.vc_custom_1470053436572{margin-right: 10px !important;margin-left: 0px !important;padding-top: 33px !important;padding-right: 25px !important;padding-bottom: 33px !important;padding-left: 25px !important;background-color: #ffffff !important;}&#8220;][vc_column_text letter_spacing=&#8220;&#8220;] Welcher Mechanismus ist f\u00fcr den gesunkenen \u00d6strogenspiegel und die vaginale Trockenheit w\u00e4hrend der Stillzeit urs\u00e4chlich? ANTWORT:Die Vagina besteht aus drei Schichten: der Vaginalhaut, der [&hellip;]<\/p>\n","protected":false},"author":1,"featured_media":0,"parent":5185,"menu_order":0,"comment_status":"closed","ping_status":"closed","template":"","meta":{"footnotes":""},"class_list":["post-5212","page","type-page","status-publish","hentry"],"yoast_head":"<!-- This site is optimized with the Yoast SEO plugin v27.3 - https:\/\/yoast.com\/product\/yoast-seo-wordpress\/ -->\n<title>Welcher Mechanismus ist f\u00fcr den gesunkenen \u00d6strogenspiegel und die vaginale Trockenheit w\u00e4hrend der Stillzeit urs\u00e4chlich? - FemTouch for Improved Vaginal Health<\/title>\n<meta name=\"robots\" content=\"index, follow, max-snippet:-1, max-image-preview:large, max-video-preview:-1\" \/>\n<link rel=\"canonical\" href=\"https:\/\/femtouch.eu\/de\/for-physicians\/faq\/what-is-the-mechanism-that-causes-a-loss-of-estrogen-and-vaginal-dryness-during-breastfeeding\/\" \/>\n<meta property=\"og:locale\" content=\"de_DE\" \/>\n<meta property=\"og:type\" content=\"article\" \/>\n<meta property=\"og:title\" content=\"Welcher Mechanismus ist f\u00fcr den gesunkenen \u00d6strogenspiegel und die vaginale Trockenheit w\u00e4hrend der Stillzeit urs\u00e4chlich? - FemTouch for Improved Vaginal Health\" \/>\n<meta property=\"og:description\" content=\"[vc_row type=&#8220;image&#8220; bg_position_horizontal=&#8220;center&#8220; enable_parallax=&#8220;false&#8220; column_gap=&#8220;no&#8220; padding_top=&#8220;13%&#8220; padding_bottom=&#8220;13%&#8220; bg_image=&#8220;600&#8243;][vc_column][\/vc_column][\/vc_row][vc_row column_gap=&#8220;no&#8220; padding_top=&#8220;25&#8243; padding_bottom=&#8220;25&#8243;][vc_column][vc_column_text letter_spacing=&#8220;&#8220;][\/vc_column_text][\/vc_column][\/vc_row][vc_row equal_height=&#8220;yes&#8220; content_placement=&#8220;middle&#8220; type=&#8220;color&#8220; bg_color=&#8220;#f2f2f2&#8243; column_gap=&#8220;no&#8220; padding_top=&#8220;65&#8243; padding_bottom=&#8220;65&#8243;][vc_column width=&#8220;2\/3&#8243; css=&#8220;.vc_custom_1470053436572{margin-right: 10px !important;margin-left: 0px !important;padding-top: 33px !important;padding-right: 25px !important;padding-bottom: 33px !important;padding-left: 25px !important;background-color: #ffffff !important;}&#8220;][vc_column_text letter_spacing=&#8220;&#8220;] Welcher Mechanismus ist f\u00fcr den gesunkenen \u00d6strogenspiegel und die vaginale Trockenheit w\u00e4hrend der Stillzeit urs\u00e4chlich? ANTWORT:Die Vagina besteht aus drei Schichten: der Vaginalhaut, der [&hellip;]\" \/>\n<meta property=\"og:url\" content=\"https:\/\/femtouch.eu\/for-physicians\/faq\/what-is-the-mechanism-that-causes-a-loss-of-estrogen-and-vaginal-dryness-during-breastfeeding\/\" \/>\n<meta property=\"og:site_name\" content=\"FemTouch for Improved Vaginal Health\" \/>\n<meta property=\"article:modified_time\" content=\"2020-02-03T05:37:35+00:00\" \/>\n<meta name=\"twitter:card\" content=\"summary_large_image\" \/>\n<meta name=\"twitter:label1\" content=\"Gesch\u00e4tzte Lesezeit\" \/>\n\t<meta name=\"twitter:data1\" content=\"2\u00a0Minuten\" \/>\n<script type=\"application\/ld+json\" class=\"yoast-schema-graph\">{\"@context\":\"https:\\\/\\\/schema.org\",\"@graph\":[{\"@type\":\"WebPage\",\"@id\":\"https:\\\/\\\/femtouch.eu\\\/for-physicians\\\/faq\\\/what-is-the-mechanism-that-causes-a-loss-of-estrogen-and-vaginal-dryness-during-breastfeeding\\\/\",\"url\":\"https:\\\/\\\/femtouch.eu\\\/for-physicians\\\/faq\\\/what-is-the-mechanism-that-causes-a-loss-of-estrogen-and-vaginal-dryness-during-breastfeeding\\\/\",\"name\":\"Welcher Mechanismus ist f\u00fcr den gesunkenen \u00d6strogenspiegel und die vaginale Trockenheit w\u00e4hrend der Stillzeit urs\u00e4chlich? - FemTouch for Improved Vaginal Health\",\"isPartOf\":{\"@id\":\"https:\\\/\\\/femtouch.eu\\\/#website\"},\"datePublished\":\"2016-08-09T16:18:44+00:00\",\"dateModified\":\"2020-02-03T05:37:35+00:00\",\"breadcrumb\":{\"@id\":\"https:\\\/\\\/femtouch.eu\\\/for-physicians\\\/faq\\\/what-is-the-mechanism-that-causes-a-loss-of-estrogen-and-vaginal-dryness-during-breastfeeding\\\/#breadcrumb\"},\"inLanguage\":\"de\",\"potentialAction\":[{\"@type\":\"ReadAction\",\"target\":[\"https:\\\/\\\/femtouch.eu\\\/for-physicians\\\/faq\\\/what-is-the-mechanism-that-causes-a-loss-of-estrogen-and-vaginal-dryness-during-breastfeeding\\\/\"]}]},{\"@type\":\"BreadcrumbList\",\"@id\":\"https:\\\/\\\/femtouch.eu\\\/for-physicians\\\/faq\\\/what-is-the-mechanism-that-causes-a-loss-of-estrogen-and-vaginal-dryness-during-breastfeeding\\\/#breadcrumb\",\"itemListElement\":[{\"@type\":\"ListItem\",\"position\":1,\"name\":\"HOME\",\"item\":\"https:\\\/\\\/femtouch.eu\\\/\"},{\"@type\":\"ListItem\",\"position\":2,\"name\":\"FOR PHYSICIANS\",\"item\":\"https:\\\/\\\/femtouch.eu\\\/for-physicians\\\/\"},{\"@type\":\"ListItem\",\"position\":3,\"name\":\"FAQ\",\"item\":\"https:\\\/\\\/femtouch.eu\\\/for-physicians\\\/faq\\\/\"},{\"@type\":\"ListItem\",\"position\":4,\"name\":\"Welcher Mechanismus ist f\u00fcr den gesunkenen \u00d6strogenspiegel und die vaginale Trockenheit w\u00e4hrend der Stillzeit urs\u00e4chlich?\"}]},{\"@type\":\"WebSite\",\"@id\":\"https:\\\/\\\/femtouch.eu\\\/#website\",\"url\":\"https:\\\/\\\/femtouch.eu\\\/\",\"name\":\"FemTouch for Improved Vaginal Health\",\"description\":\"\",\"potentialAction\":[{\"@type\":\"SearchAction\",\"target\":{\"@type\":\"EntryPoint\",\"urlTemplate\":\"https:\\\/\\\/femtouch.eu\\\/?s={search_term_string}\"},\"query-input\":{\"@type\":\"PropertyValueSpecification\",\"valueRequired\":true,\"valueName\":\"search_term_string\"}}],\"inLanguage\":\"de\"}]}<\/script>\n<!-- \/ Yoast SEO plugin. -->","yoast_head_json":{"title":"Welcher Mechanismus ist f\u00fcr den gesunkenen \u00d6strogenspiegel und die vaginale Trockenheit w\u00e4hrend der Stillzeit urs\u00e4chlich? - FemTouch for Improved Vaginal Health","robots":{"index":"index","follow":"follow","max-snippet":"max-snippet:-1","max-image-preview":"max-image-preview:large","max-video-preview":"max-video-preview:-1"},"canonical":"https:\/\/femtouch.eu\/de\/for-physicians\/faq\/what-is-the-mechanism-that-causes-a-loss-of-estrogen-and-vaginal-dryness-during-breastfeeding\/","og_locale":"de_DE","og_type":"article","og_title":"Welcher Mechanismus ist f\u00fcr den gesunkenen \u00d6strogenspiegel und die vaginale Trockenheit w\u00e4hrend der Stillzeit urs\u00e4chlich? - FemTouch for Improved Vaginal Health","og_description":"[vc_row type=&#8220;image&#8220; bg_position_horizontal=&#8220;center&#8220; enable_parallax=&#8220;false&#8220; column_gap=&#8220;no&#8220; padding_top=&#8220;13%&#8220; padding_bottom=&#8220;13%&#8220; bg_image=&#8220;600&#8243;][vc_column][\/vc_column][\/vc_row][vc_row column_gap=&#8220;no&#8220; padding_top=&#8220;25&#8243; padding_bottom=&#8220;25&#8243;][vc_column][vc_column_text letter_spacing=&#8220;&#8220;][\/vc_column_text][\/vc_column][\/vc_row][vc_row equal_height=&#8220;yes&#8220; content_placement=&#8220;middle&#8220; type=&#8220;color&#8220; bg_color=&#8220;#f2f2f2&#8243; column_gap=&#8220;no&#8220; padding_top=&#8220;65&#8243; padding_bottom=&#8220;65&#8243;][vc_column width=&#8220;2\/3&#8243; css=&#8220;.vc_custom_1470053436572{margin-right: 10px !important;margin-left: 0px !important;padding-top: 33px !important;padding-right: 25px !important;padding-bottom: 33px !important;padding-left: 25px !important;background-color: #ffffff !important;}&#8220;][vc_column_text letter_spacing=&#8220;&#8220;] Welcher Mechanismus ist f\u00fcr den gesunkenen \u00d6strogenspiegel und die vaginale Trockenheit w\u00e4hrend der Stillzeit urs\u00e4chlich? ANTWORT:Die Vagina besteht aus drei Schichten: der Vaginalhaut, der [&hellip;]","og_url":"https:\/\/femtouch.eu\/for-physicians\/faq\/what-is-the-mechanism-that-causes-a-loss-of-estrogen-and-vaginal-dryness-during-breastfeeding\/","og_site_name":"FemTouch for Improved Vaginal Health","article_modified_time":"2020-02-03T05:37:35+00:00","twitter_card":"summary_large_image","twitter_misc":{"Gesch\u00e4tzte Lesezeit":"2\u00a0Minuten"},"schema":{"@context":"https:\/\/schema.org","@graph":[{"@type":"WebPage","@id":"https:\/\/femtouch.eu\/for-physicians\/faq\/what-is-the-mechanism-that-causes-a-loss-of-estrogen-and-vaginal-dryness-during-breastfeeding\/","url":"https:\/\/femtouch.eu\/for-physicians\/faq\/what-is-the-mechanism-that-causes-a-loss-of-estrogen-and-vaginal-dryness-during-breastfeeding\/","name":"Welcher Mechanismus ist f\u00fcr den gesunkenen \u00d6strogenspiegel und die vaginale Trockenheit w\u00e4hrend der Stillzeit urs\u00e4chlich? - FemTouch for Improved Vaginal Health","isPartOf":{"@id":"https:\/\/femtouch.eu\/#website"},"datePublished":"2016-08-09T16:18:44+00:00","dateModified":"2020-02-03T05:37:35+00:00","breadcrumb":{"@id":"https:\/\/femtouch.eu\/for-physicians\/faq\/what-is-the-mechanism-that-causes-a-loss-of-estrogen-and-vaginal-dryness-during-breastfeeding\/#breadcrumb"},"inLanguage":"de","potentialAction":[{"@type":"ReadAction","target":["https:\/\/femtouch.eu\/for-physicians\/faq\/what-is-the-mechanism-that-causes-a-loss-of-estrogen-and-vaginal-dryness-during-breastfeeding\/"]}]},{"@type":"BreadcrumbList","@id":"https:\/\/femtouch.eu\/for-physicians\/faq\/what-is-the-mechanism-that-causes-a-loss-of-estrogen-and-vaginal-dryness-during-breastfeeding\/#breadcrumb","itemListElement":[{"@type":"ListItem","position":1,"name":"HOME","item":"https:\/\/femtouch.eu\/"},{"@type":"ListItem","position":2,"name":"FOR PHYSICIANS","item":"https:\/\/femtouch.eu\/for-physicians\/"},{"@type":"ListItem","position":3,"name":"FAQ","item":"https:\/\/femtouch.eu\/for-physicians\/faq\/"},{"@type":"ListItem","position":4,"name":"Welcher Mechanismus ist f\u00fcr den gesunkenen \u00d6strogenspiegel und die vaginale Trockenheit w\u00e4hrend der Stillzeit urs\u00e4chlich?"}]},{"@type":"WebSite","@id":"https:\/\/femtouch.eu\/#website","url":"https:\/\/femtouch.eu\/","name":"FemTouch for Improved Vaginal Health","description":"","potentialAction":[{"@type":"SearchAction","target":{"@type":"EntryPoint","urlTemplate":"https:\/\/femtouch.eu\/?s={search_term_string}"},"query-input":{"@type":"PropertyValueSpecification","valueRequired":true,"valueName":"search_term_string"}}],"inLanguage":"de"}]}},"jetpack_shortlink":"https:\/\/wp.me\/P7S3gX-1m4","jetpack_sharing_enabled":true,"_links":{"self":[{"href":"https:\/\/femtouch.eu\/de\/wp-json\/wp\/v2\/pages\/5212","targetHints":{"allow":["GET"]}}],"collection":[{"href":"https:\/\/femtouch.eu\/de\/wp-json\/wp\/v2\/pages"}],"about":[{"href":"https:\/\/femtouch.eu\/de\/wp-json\/wp\/v2\/types\/page"}],"author":[{"embeddable":true,"href":"https:\/\/femtouch.eu\/de\/wp-json\/wp\/v2\/users\/1"}],"replies":[{"embeddable":true,"href":"https:\/\/femtouch.eu\/de\/wp-json\/wp\/v2\/comments?post=5212"}],"version-history":[{"count":2,"href":"https:\/\/femtouch.eu\/de\/wp-json\/wp\/v2\/pages\/5212\/revisions"}],"predecessor-version":[{"id":5634,"href":"https:\/\/femtouch.eu\/de\/wp-json\/wp\/v2\/pages\/5212\/revisions\/5634"}],"up":[{"embeddable":true,"href":"https:\/\/femtouch.eu\/de\/wp-json\/wp\/v2\/pages\/5185"}],"wp:attachment":[{"href":"https:\/\/femtouch.eu\/de\/wp-json\/wp\/v2\/media?parent=5212"}],"curies":[{"name":"wp","href":"https:\/\/api.w.org\/{rel}","templated":true}]}}