{"id":5235,"date":"2016-08-09T16:28:28","date_gmt":"2016-08-09T16:28:28","guid":{"rendered":"https:\/\/staging.femtouch.eu\/questions\/warum-benoetige-ich-drei-unterschiedliche-energie-und-dichtestufen\/"},"modified":"2020-02-03T05:40:25","modified_gmt":"2020-02-03T05:40:25","slug":"why-do-i-need-3-different-levels-of-energy-and-density","status":"publish","type":"page","link":"https:\/\/femtouch.eu\/de\/questions\/why-do-i-need-3-different-levels-of-energy-and-density\/","title":{"rendered":"Warum ben\u00f6tige ich drei unterschiedliche Energie- und Dichtestufen?"},"content":{"rendered":"<div class=\"wpb-content-wrapper\"><p>[vc_row type=&#8220;image&#8220; bg_position_horizontal=&#8220;center&#8220; enable_parallax=&#8220;false&#8220; column_gap=&#8220;no&#8220; padding_top=&#8220;13%&#8220; padding_bottom=&#8220;13%&#8220; bg_image=&#8220;600&#8243;][vc_column][\/vc_column][\/vc_row][vc_row column_gap=&#8220;no&#8220; padding_top=&#8220;25&#8243; padding_bottom=&#8220;25&#8243;][vc_column][vc_column_text letter_spacing=&#8220;&#8220;]<div class=\"breadcrumb\" itemprop=\"breadcrumb\"><span><span><a href=\"https:\/\/femtouch.eu\/\">HOME<\/a><\/span><\/span><\/div>[\/vc_column_text][\/vc_column][\/vc_row][vc_row equal_height=&#8220;yes&#8220; content_placement=&#8220;middle&#8220; type=&#8220;color&#8220; bg_color=&#8220;#f2f2f2&#8243; column_gap=&#8220;no&#8220; padding_top=&#8220;65&#8243; padding_bottom=&#8220;65&#8243;][vc_column width=&#8220;2\/3&#8243; css=&#8220;.vc_custom_1470053436572{margin-right: 10px !important;margin-left: 0px !important;padding-top: 33px !important;padding-right: 25px !important;padding-bottom: 33px !important;padding-left: 25px !important;background-color: #ffffff !important;}&#8220;][vc_column_text letter_spacing=&#8220;&#8220;]<\/p>\n<h4>Warum ben\u00f6tige ich drei unterschiedliche Energie- und Dichtestufen?<\/h4>\n<p><strong>ANTWORT: <\/strong>Die Wahl zwischen verschiedenen Energie- und Dichtestufen macht es \u00c4rzten m\u00f6glich, jede einzelne Patientin ihren Bed\u00fcrfnissen entsprechend zu behandeln.  Die verwendeten Parameter sollten mit der Dicke der Mukosaschicht korrelieren. Durch die Wahl zwischen verschiedenen Energiestufen k\u00f6nnen \u00c4rzte die ben\u00f6tigte Eindringtiefe kontrollieren. Zus\u00e4tzlich ging man davon aus, dass die Wirkung der Laserbehandlung unter Umst\u00e4nden von verschiedenen Variablen wie Patientenauswahl, Alter der Patientin, Zeit seit der Menopause, Gewebewassergehalt und den klinischen Eigenschaften der behandelten Patientinnen abh\u00e4ngt.<\/p>\n<p>&nbsp;<\/p>\n<p><span style=\"border-radius: 2px; text-indent: 20px; width: auto; padding: 0px 4px 0px 0px; text-align: center; font: bold 11px\/20px 'Helvetica Neue',Helvetica,sans-serif; color: #ffffff; background: #bd081c no-repeat scroll 3px 50% \/ 14px 14px; position: absolute; opacity: 0.85; z-index: 8675309; display: none; cursor: pointer; top: 285px; left: 20px;\">Save<\/span>[\/vc_column_text][vc_btn title=&#8220;ZUR\u00dcCK ZU DEN FRAGEN&#8220; size=&#8220;sm&#8220; link=&#8220;url:%2Fde%2Ffor-physicians%2Ffaq%2F|&#8220;][\/vc_column][vc_column width=&#8220;1\/3&#8243; css=&#8220;.vc_custom_1471850214247{margin-left: 10px !important;}&#8220;][\/vc_column][\/vc_row]<\/p>\n<\/div>","protected":false},"excerpt":{"rendered":"<p>[vc_row type=&#8220;image&#8220; bg_position_horizontal=&#8220;center&#8220; enable_parallax=&#8220;false&#8220; column_gap=&#8220;no&#8220; padding_top=&#8220;13%&#8220; padding_bottom=&#8220;13%&#8220; bg_image=&#8220;600&#8243;][vc_column][\/vc_column][\/vc_row][vc_row column_gap=&#8220;no&#8220; padding_top=&#8220;25&#8243; padding_bottom=&#8220;25&#8243;][vc_column][vc_column_text letter_spacing=&#8220;&#8220;][\/vc_column_text][\/vc_column][\/vc_row][vc_row equal_height=&#8220;yes&#8220; content_placement=&#8220;middle&#8220; type=&#8220;color&#8220; bg_color=&#8220;#f2f2f2&#8243; column_gap=&#8220;no&#8220; padding_top=&#8220;65&#8243; padding_bottom=&#8220;65&#8243;][vc_column width=&#8220;2\/3&#8243; css=&#8220;.vc_custom_1470053436572{margin-right: 10px !important;margin-left: 0px !important;padding-top: 33px !important;padding-right: 25px !important;padding-bottom: 33px !important;padding-left: 25px !important;background-color: #ffffff !important;}&#8220;][vc_column_text letter_spacing=&#8220;&#8220;] Warum ben\u00f6tige ich drei unterschiedliche Energie- und Dichtestufen? ANTWORT: Die Wahl zwischen verschiedenen Energie- und Dichtestufen macht es \u00c4rzten m\u00f6glich, jede einzelne Patientin ihren [&hellip;]<\/p>\n","protected":false},"author":1,"featured_media":0,"parent":4998,"menu_order":0,"comment_status":"closed","ping_status":"closed","template":"","meta":{"footnotes":""},"class_list":["post-5235","page","type-page","status-publish","hentry"],"yoast_head":"<!-- This site is optimized with the Yoast SEO plugin v27.4 - https:\/\/yoast.com\/product\/yoast-seo-wordpress\/ -->\n<title>Warum ben\u00f6tige ich drei unterschiedliche Energie- und Dichtestufen? - FemTouch for Improved Vaginal Health<\/title>\n<meta name=\"robots\" content=\"index, follow, max-snippet:-1, max-image-preview:large, max-video-preview:-1\" \/>\n<link rel=\"canonical\" href=\"https:\/\/femtouch.eu\/de\/questions\/why-do-i-need-3-different-levels-of-energy-and-density\/\" \/>\n<meta property=\"og:locale\" content=\"de_DE\" \/>\n<meta property=\"og:type\" content=\"article\" \/>\n<meta property=\"og:title\" content=\"Warum ben\u00f6tige ich drei unterschiedliche Energie- und Dichtestufen? - FemTouch for Improved Vaginal Health\" \/>\n<meta property=\"og:description\" content=\"[vc_row type=&#8220;image&#8220; bg_position_horizontal=&#8220;center&#8220; enable_parallax=&#8220;false&#8220; column_gap=&#8220;no&#8220; padding_top=&#8220;13%&#8220; padding_bottom=&#8220;13%&#8220; bg_image=&#8220;600&#8243;][vc_column][\/vc_column][\/vc_row][vc_row column_gap=&#8220;no&#8220; padding_top=&#8220;25&#8243; padding_bottom=&#8220;25&#8243;][vc_column][vc_column_text letter_spacing=&#8220;&#8220;][\/vc_column_text][\/vc_column][\/vc_row][vc_row equal_height=&#8220;yes&#8220; content_placement=&#8220;middle&#8220; type=&#8220;color&#8220; bg_color=&#8220;#f2f2f2&#8243; column_gap=&#8220;no&#8220; padding_top=&#8220;65&#8243; padding_bottom=&#8220;65&#8243;][vc_column width=&#8220;2\/3&#8243; css=&#8220;.vc_custom_1470053436572{margin-right: 10px !important;margin-left: 0px !important;padding-top: 33px !important;padding-right: 25px !important;padding-bottom: 33px !important;padding-left: 25px !important;background-color: #ffffff !important;}&#8220;][vc_column_text letter_spacing=&#8220;&#8220;] Warum ben\u00f6tige ich drei unterschiedliche Energie- und Dichtestufen? ANTWORT: Die Wahl zwischen verschiedenen Energie- und Dichtestufen macht es \u00c4rzten m\u00f6glich, jede einzelne Patientin ihren [&hellip;]\" \/>\n<meta property=\"og:url\" content=\"https:\/\/femtouch.eu\/questions\/why-do-i-need-3-different-levels-of-energy-and-density\/\" \/>\n<meta property=\"og:site_name\" content=\"FemTouch for Improved Vaginal Health\" \/>\n<meta property=\"article:modified_time\" content=\"2020-02-03T05:40:25+00:00\" \/>\n<meta name=\"twitter:card\" content=\"summary_large_image\" \/>\n<meta name=\"twitter:label1\" content=\"Gesch\u00e4tzte Lesezeit\" \/>\n\t<meta name=\"twitter:data1\" content=\"1\u00a0Minute\" \/>\n<script type=\"application\/ld+json\" class=\"yoast-schema-graph\">{\"@context\":\"https:\\\/\\\/schema.org\",\"@graph\":[{\"@type\":\"WebPage\",\"@id\":\"https:\\\/\\\/femtouch.eu\\\/questions\\\/why-do-i-need-3-different-levels-of-energy-and-density\\\/\",\"url\":\"https:\\\/\\\/femtouch.eu\\\/questions\\\/why-do-i-need-3-different-levels-of-energy-and-density\\\/\",\"name\":\"Warum ben\u00f6tige ich drei unterschiedliche Energie- und Dichtestufen? - FemTouch for Improved Vaginal Health\",\"isPartOf\":{\"@id\":\"https:\\\/\\\/femtouch.eu\\\/#website\"},\"datePublished\":\"2016-08-09T16:28:28+00:00\",\"dateModified\":\"2020-02-03T05:40:25+00:00\",\"breadcrumb\":{\"@id\":\"https:\\\/\\\/femtouch.eu\\\/questions\\\/why-do-i-need-3-different-levels-of-energy-and-density\\\/#breadcrumb\"},\"inLanguage\":\"de\",\"potentialAction\":[{\"@type\":\"ReadAction\",\"target\":[\"https:\\\/\\\/femtouch.eu\\\/questions\\\/why-do-i-need-3-different-levels-of-energy-and-density\\\/\"]}]},{\"@type\":\"BreadcrumbList\",\"@id\":\"https:\\\/\\\/femtouch.eu\\\/questions\\\/why-do-i-need-3-different-levels-of-energy-and-density\\\/#breadcrumb\",\"itemListElement\":[{\"@type\":\"ListItem\",\"position\":1,\"name\":\"HOME\",\"item\":\"https:\\\/\\\/femtouch.eu\\\/\"},{\"@type\":\"ListItem\",\"position\":2,\"name\":\"Fragen?\",\"item\":\"https:\\\/\\\/femtouch.eu\\\/questions\\\/\"},{\"@type\":\"ListItem\",\"position\":3,\"name\":\"Warum ben\u00f6tige ich drei unterschiedliche Energie- und Dichtestufen?\"}]},{\"@type\":\"WebSite\",\"@id\":\"https:\\\/\\\/femtouch.eu\\\/#website\",\"url\":\"https:\\\/\\\/femtouch.eu\\\/\",\"name\":\"FemTouch for Improved Vaginal Health\",\"description\":\"\",\"potentialAction\":[{\"@type\":\"SearchAction\",\"target\":{\"@type\":\"EntryPoint\",\"urlTemplate\":\"https:\\\/\\\/femtouch.eu\\\/?s={search_term_string}\"},\"query-input\":{\"@type\":\"PropertyValueSpecification\",\"valueRequired\":true,\"valueName\":\"search_term_string\"}}],\"inLanguage\":\"de\"}]}<\/script>\n<!-- \/ Yoast SEO plugin. -->","yoast_head_json":{"title":"Warum ben\u00f6tige ich drei unterschiedliche Energie- und Dichtestufen? - FemTouch for Improved Vaginal Health","robots":{"index":"index","follow":"follow","max-snippet":"max-snippet:-1","max-image-preview":"max-image-preview:large","max-video-preview":"max-video-preview:-1"},"canonical":"https:\/\/femtouch.eu\/de\/questions\/why-do-i-need-3-different-levels-of-energy-and-density\/","og_locale":"de_DE","og_type":"article","og_title":"Warum ben\u00f6tige ich drei unterschiedliche Energie- und Dichtestufen? - FemTouch for Improved Vaginal Health","og_description":"[vc_row type=&#8220;image&#8220; bg_position_horizontal=&#8220;center&#8220; enable_parallax=&#8220;false&#8220; column_gap=&#8220;no&#8220; padding_top=&#8220;13%&#8220; padding_bottom=&#8220;13%&#8220; bg_image=&#8220;600&#8243;][vc_column][\/vc_column][\/vc_row][vc_row column_gap=&#8220;no&#8220; padding_top=&#8220;25&#8243; padding_bottom=&#8220;25&#8243;][vc_column][vc_column_text letter_spacing=&#8220;&#8220;][\/vc_column_text][\/vc_column][\/vc_row][vc_row equal_height=&#8220;yes&#8220; content_placement=&#8220;middle&#8220; type=&#8220;color&#8220; bg_color=&#8220;#f2f2f2&#8243; column_gap=&#8220;no&#8220; padding_top=&#8220;65&#8243; padding_bottom=&#8220;65&#8243;][vc_column width=&#8220;2\/3&#8243; css=&#8220;.vc_custom_1470053436572{margin-right: 10px !important;margin-left: 0px !important;padding-top: 33px !important;padding-right: 25px !important;padding-bottom: 33px !important;padding-left: 25px !important;background-color: #ffffff !important;}&#8220;][vc_column_text letter_spacing=&#8220;&#8220;] Warum ben\u00f6tige ich drei unterschiedliche Energie- und Dichtestufen? ANTWORT: Die Wahl zwischen verschiedenen Energie- und Dichtestufen macht es \u00c4rzten m\u00f6glich, jede einzelne Patientin ihren [&hellip;]","og_url":"https:\/\/femtouch.eu\/questions\/why-do-i-need-3-different-levels-of-energy-and-density\/","og_site_name":"FemTouch for Improved Vaginal Health","article_modified_time":"2020-02-03T05:40:25+00:00","twitter_card":"summary_large_image","twitter_misc":{"Gesch\u00e4tzte Lesezeit":"1\u00a0Minute"},"schema":{"@context":"https:\/\/schema.org","@graph":[{"@type":"WebPage","@id":"https:\/\/femtouch.eu\/questions\/why-do-i-need-3-different-levels-of-energy-and-density\/","url":"https:\/\/femtouch.eu\/questions\/why-do-i-need-3-different-levels-of-energy-and-density\/","name":"Warum ben\u00f6tige ich drei unterschiedliche Energie- und Dichtestufen? - FemTouch for Improved Vaginal Health","isPartOf":{"@id":"https:\/\/femtouch.eu\/#website"},"datePublished":"2016-08-09T16:28:28+00:00","dateModified":"2020-02-03T05:40:25+00:00","breadcrumb":{"@id":"https:\/\/femtouch.eu\/questions\/why-do-i-need-3-different-levels-of-energy-and-density\/#breadcrumb"},"inLanguage":"de","potentialAction":[{"@type":"ReadAction","target":["https:\/\/femtouch.eu\/questions\/why-do-i-need-3-different-levels-of-energy-and-density\/"]}]},{"@type":"BreadcrumbList","@id":"https:\/\/femtouch.eu\/questions\/why-do-i-need-3-different-levels-of-energy-and-density\/#breadcrumb","itemListElement":[{"@type":"ListItem","position":1,"name":"HOME","item":"https:\/\/femtouch.eu\/"},{"@type":"ListItem","position":2,"name":"Fragen?","item":"https:\/\/femtouch.eu\/questions\/"},{"@type":"ListItem","position":3,"name":"Warum ben\u00f6tige ich drei unterschiedliche Energie- und Dichtestufen?"}]},{"@type":"WebSite","@id":"https:\/\/femtouch.eu\/#website","url":"https:\/\/femtouch.eu\/","name":"FemTouch for Improved Vaginal Health","description":"","potentialAction":[{"@type":"SearchAction","target":{"@type":"EntryPoint","urlTemplate":"https:\/\/femtouch.eu\/?s={search_term_string}"},"query-input":{"@type":"PropertyValueSpecification","valueRequired":true,"valueName":"search_term_string"}}],"inLanguage":"de"}]}},"jetpack_shortlink":"https:\/\/wp.me\/P7S3gX-1mr","jetpack_sharing_enabled":true,"_links":{"self":[{"href":"https:\/\/femtouch.eu\/de\/wp-json\/wp\/v2\/pages\/5235","targetHints":{"allow":["GET"]}}],"collection":[{"href":"https:\/\/femtouch.eu\/de\/wp-json\/wp\/v2\/pages"}],"about":[{"href":"https:\/\/femtouch.eu\/de\/wp-json\/wp\/v2\/types\/page"}],"author":[{"embeddable":true,"href":"https:\/\/femtouch.eu\/de\/wp-json\/wp\/v2\/users\/1"}],"replies":[{"embeddable":true,"href":"https:\/\/femtouch.eu\/de\/wp-json\/wp\/v2\/comments?post=5235"}],"version-history":[{"count":2,"href":"https:\/\/femtouch.eu\/de\/wp-json\/wp\/v2\/pages\/5235\/revisions"}],"predecessor-version":[{"id":5638,"href":"https:\/\/femtouch.eu\/de\/wp-json\/wp\/v2\/pages\/5235\/revisions\/5638"}],"up":[{"embeddable":true,"href":"https:\/\/femtouch.eu\/de\/wp-json\/wp\/v2\/pages\/4998"}],"wp:attachment":[{"href":"https:\/\/femtouch.eu\/de\/wp-json\/wp\/v2\/media?parent=5235"}],"curies":[{"name":"wp","href":"https:\/\/api.w.org\/{rel}","templated":true}]}}