{"id":5241,"date":"2016-08-09T16:33:27","date_gmt":"2016-08-09T16:33:27","guid":{"rendered":"https:\/\/staging.femtouch.eu\/for-physicians\/faq\/inwiefern-hat-die-behandlung-mit-co2-auswirkungen-auf-die-vaginale-trockenheit\/"},"modified":"2020-02-03T05:58:46","modified_gmt":"2020-02-03T05:58:46","slug":"how-does-the-co2-treatment-affect-vaginal-dryness","status":"publish","type":"page","link":"https:\/\/femtouch.eu\/de\/for-physicians\/faq\/how-does-the-co2-treatment-affect-vaginal-dryness\/","title":{"rendered":"Inwiefern hat die Behandlung mit CO2  Auswirkungen auf die vaginale Trockenheit?"},"content":{"rendered":"<div class=\"wpb-content-wrapper\"><p>[vc_row type=&#8220;image&#8220; bg_position_horizontal=&#8220;center&#8220; enable_parallax=&#8220;false&#8220; column_gap=&#8220;no&#8220; padding_top=&#8220;13%&#8220; padding_bottom=&#8220;13%&#8220; bg_image=&#8220;600&#8243;][vc_column][\/vc_column][\/vc_row][vc_row column_gap=&#8220;no&#8220; padding_top=&#8220;25&#8243; padding_bottom=&#8220;25&#8243;][vc_column][vc_column_text letter_spacing=&#8220;&#8220;]<div class=\"breadcrumb\" itemprop=\"breadcrumb\"><span><span><a href=\"https:\/\/femtouch.eu\/\">HOME<\/a><\/span><\/span><\/div>[\/vc_column_text][\/vc_column][\/vc_row][vc_row equal_height=&#8220;yes&#8220; content_placement=&#8220;middle&#8220; type=&#8220;color&#8220; bg_color=&#8220;#f2f2f2&#8243; column_gap=&#8220;no&#8220; padding_top=&#8220;65&#8243; padding_bottom=&#8220;65&#8243;][vc_column width=&#8220;2\/3&#8243; css=&#8220;.vc_custom_1470053436572{margin-right: 10px !important;margin-left: 0px !important;padding-top: 33px !important;padding-right: 25px !important;padding-bottom: 33px !important;padding-left: 25px !important;background-color: #ffffff !important;}&#8220;][vc_column_text letter_spacing=&#8220;&#8220;]<\/p>\n<h4>Inwiefern hat die Behandlung mit<em>CO<sub>2<\/sub><\/em>Auswirkungen auf die vaginale Trockenheit?<\/h4>\n<p><strong>ANTWORT: <\/strong>Verschiedene Studien haben gezeigt, dass die Laserbehandlung zu einer Verbesserung der durch <a href=\"https:\/\/femtouch.eu\/de\/vaginal-health\/vaginal-atrophy\/\">vaginale Atrophie <\/a>verursachten Symptome wie Trockenheit, Juckreiz und Dyspareunie gef\u00fchrt hat. Zum Beispiel zeigten Juan F. et al. in ihrer Studie, dass alle Patientinnen vor der Behandlung \u00fcber schwere<a href=\"https:\/\/femtouch.eu\/de\/vaginal-health\/vaginal-atrophy\/\">vaginale Trockenheit<\/a> vaginale Trockenheit und schwere Dyspareunie klagten und 97,5 % der Patientinnen aufgrund ihrer Symptome auf Sex verzichteten. Drei Monate nach der Behandlung gaben 70 % der Patientinnen an, die vaginale Trockenheit sei bei ihnen verschwunden, w\u00e4hrend 30 % angaben, nur noch an leichter vaginaler Trockenheit zu leiden. 90 % der Patientinnen gaben an, die Dyspareunie sei abgeklungen und sie w\u00fcrden nicht mehr auf Geschlechtsverkehr verzichten, w\u00e4hrend nur noch 10 % der Patientinnen an einer leichten Form von Dyspareunie litten und gelegentlich auf Sex verzichteten.<\/p>\n<p>Laut Salvatore et al. erwies sich die Behandlung mit einem fraktionellen <em>CO<sub>2<\/sub><\/em> Laser als effizient und f\u00fchrte beim Test an 50 Frauen im Rahmen einer Verlaufsuntersuchung zu einer Verbesserung der vulvovaginalen Symptome einer Atrophie Dazu geh\u00f6rten Linderungen der vaginalen Trockenheit, des Brennens und des <a href=\"https:\/\/femtouch.eu\/de\/vaginal-health\/vaginal-atrophy\/\">Juckreizes in der Scheide<\/a>, der Dyspareunie und der Dysurie.<\/p>\n<p>Den Autoren zufolge m\u00fcssen die Mechanismen, die zu dieser Art von &#8222;Verj\u00fcngung&#8220; der Vaginalw\u00e4nde f\u00fchren, genauso wie die Dauer der durch die Laseranwendung hervorgerufenen Ver\u00e4nderungen weiter erforscht werden. Es ist jedoch denkbar, dass der Effekt auf die Remodellierung von Kollagen, der in ex-vivo-Vaginalproben nachgewiesen wurde, ziemlich \u00e4hnlich dem ist, der in vivo auf Hautebene beobachtet werden kann.<\/p>\n<p>F\u00fcr die Scheidenfeuchtigkeit (Vaginallubrikation) sind verschiedene Faktoren urs\u00e4chlich:<\/p>\n<ul>\n<li>Der Muttermund (die Zervix), die bei einem Anstieg des \u00d6strogenspiegels Schleim absondert, welcher in die Vagina str\u00f6mt.<\/li>\n<li>Die bartholinischen Dr\u00fcsen &#8211; zwei winzige Dr\u00fcsen, die sich auf jeder inneren Schamlippe in der N\u00e4he der Vaginal\u00f6ffnung befinden. Diese Dr\u00fcsen sondern  <a href=\"https:\/\/en.wikipedia.org\/wiki\/Mucus\" target=\"_blank\" rel=\"noopener noreferrer\">Schleim<\/a>ab, der wiederum f\u00fcr die <a href=\"https:\/\/en.wikipedia.org\/wiki\/Vaginal_lubrication\" target=\"_blank\" rel=\"noopener noreferrer\">Vaginallubrikation<\/a>. sorgt. Die bartholinischen Dr\u00fcsen scheiden relativ minuti\u00f6s bestimmte Fl\u00fcssigkeitsmengen ab, wenn eine Frau <a href=\"https:\/\/en.wikipedia.org\/wiki\/Sexual_arousal\" target=\"_blank\" rel=\"noopener noreferrer\">sexuell erregt<\/a>ist.<\/li>\n<li>Obwohl die Vagina \u00fcber keine Dr\u00fcsen verf\u00fcgt, produziert sie gro\u00dfe Mengen an Fl\u00fcssigkeit. Das Vaginalsekret ist eine Mischung aus verschiedenen Bestandteilen wie Proteinen\/Peptiden, Glykoprotein, Milchs\u00e4ure, Ethans\u00e4ure, Glycerin, Urea, Glykogen und Ionen.<\/li>\n<\/ul>\n<p>Es konnte nachgewiesen werden, dass es infolge der <em>CO<sub>2<\/sub><\/em>-Behandlung zu einem Anstieg der fibroplastischen Aktivit\u00e4t kommt. Dies ist auf die Produktion neuer molekularer Komponenten der Bindegewebsmatrix, die Wiederherstellung der Gef\u00e4\u00dfversorgung und eine Erh\u00f6hung der Epithelzellaktivit\u00e4t mit verbesserter Synthese, Speicherung und Freisetzung von Glykogen zur\u00fcckzuf\u00fchren. Die Erneuerung der Grundsubstanzkomponenten zieht eine neue Synthese und die Freisetzung von Glykosaminoglykanen, Glykoproteinen und multiadh\u00e4siven Glykoproteiden nach sich. Diese Molek\u00fcle sind in der Lage, gro\u00dfe Wassermengen zu binden. Dies f\u00fchrt zu einem signifikanten Anstieg der Gewebehydratation und einem relativen Anstieg der Durchl\u00e4ssigkeit von N\u00e4hrstoffen, die von den Blutgef\u00e4\u00dfen ins Gewebe gelangen k\u00f6nnen. <\/p>\n<h6><span style=\"color: #333333;\">Juan F. Bojanini B et al  Laser Treatment of Vaginal Atrophy in Post-menopause and Post-gynecological Cancer Patients Journal of the Laser and Health Academy , 2014<\/span><\/h6>\n<ol>\n<li>\n<h6><span style=\"color: #333333;\"> Salvatore et al. A 12-week treatment with fractional <em>CO<sub>2<\/sub><\/em> laser for vulvovaginal atrophy: a pilot study CLIMACTERIC 2014;17:363\u2013369<\/span><\/h6>\n<\/li>\n<\/ol>\n<p>&nbsp;<\/p>\n<p><span style=\"border-radius: 2px; text-indent: 20px; width: auto; padding: 0px 4px 0px 0px; text-align: center; font: bold 11px\/20px 'Helvetica Neue',Helvetica,sans-serif; color: #ffffff; background: #bd081c none no-repeat scroll 3px 50% \/ 14px 14px; position: absolute; opacity: 0.85; z-index: 8675309; display: none; cursor: pointer; top: 285px; left: 20px;\">Save<\/span>[\/vc_column_text][vc_btn title=&#8220;ZUR\u00dcCK ZU DEN FRAGEN&#8220; size=&#8220;sm&#8220; link=&#8220;url:%2Fde%2Ffor-physicians%2Ffaq%2F|&#8220;][\/vc_column][vc_column width=&#8220;1\/3&#8243; css=&#8220;.vc_custom_1471850235982{margin-left: 10px !important;}&#8220;][\/vc_column][\/vc_row]<\/p>\n<\/div>","protected":false},"excerpt":{"rendered":"<p>[vc_row type=&#8220;image&#8220; bg_position_horizontal=&#8220;center&#8220; enable_parallax=&#8220;false&#8220; column_gap=&#8220;no&#8220; padding_top=&#8220;13%&#8220; padding_bottom=&#8220;13%&#8220; bg_image=&#8220;600&#8243;][vc_column][\/vc_column][\/vc_row][vc_row column_gap=&#8220;no&#8220; padding_top=&#8220;25&#8243; padding_bottom=&#8220;25&#8243;][vc_column][vc_column_text letter_spacing=&#8220;&#8220;][\/vc_column_text][\/vc_column][\/vc_row][vc_row equal_height=&#8220;yes&#8220; content_placement=&#8220;middle&#8220; type=&#8220;color&#8220; bg_color=&#8220;#f2f2f2&#8243; column_gap=&#8220;no&#8220; padding_top=&#8220;65&#8243; padding_bottom=&#8220;65&#8243;][vc_column width=&#8220;2\/3&#8243; css=&#8220;.vc_custom_1470053436572{margin-right: 10px !important;margin-left: 0px !important;padding-top: 33px !important;padding-right: 25px !important;padding-bottom: 33px !important;padding-left: 25px !important;background-color: #ffffff !important;}&#8220;][vc_column_text letter_spacing=&#8220;&#8220;] Inwiefern hat die Behandlung mitCO2Auswirkungen auf die vaginale Trockenheit? ANTWORT: Verschiedene Studien haben gezeigt, dass die Laserbehandlung zu einer Verbesserung der durch vaginale Atrophie [&hellip;]<\/p>\n","protected":false},"author":1,"featured_media":0,"parent":5185,"menu_order":0,"comment_status":"closed","ping_status":"closed","template":"","meta":{"footnotes":""},"class_list":["post-5241","page","type-page","status-publish","hentry"],"yoast_head":"<!-- This site is optimized with the Yoast SEO plugin v27.3 - https:\/\/yoast.com\/product\/yoast-seo-wordpress\/ -->\n<title>Inwiefern hat die Behandlung mit CO2 Auswirkungen auf die vaginale Trockenheit? - FemTouch for Improved Vaginal Health<\/title>\n<meta name=\"robots\" content=\"index, follow, max-snippet:-1, max-image-preview:large, max-video-preview:-1\" \/>\n<link rel=\"canonical\" href=\"https:\/\/femtouch.eu\/de\/for-physicians\/faq\/how-does-the-co2-treatment-affect-vaginal-dryness\/\" \/>\n<meta property=\"og:locale\" content=\"de_DE\" \/>\n<meta property=\"og:type\" content=\"article\" \/>\n<meta property=\"og:title\" content=\"Inwiefern hat die Behandlung mit CO2 Auswirkungen auf die vaginale Trockenheit? - FemTouch for Improved Vaginal Health\" \/>\n<meta property=\"og:description\" content=\"[vc_row type=&#8220;image&#8220; bg_position_horizontal=&#8220;center&#8220; enable_parallax=&#8220;false&#8220; column_gap=&#8220;no&#8220; padding_top=&#8220;13%&#8220; padding_bottom=&#8220;13%&#8220; bg_image=&#8220;600&#8243;][vc_column][\/vc_column][\/vc_row][vc_row column_gap=&#8220;no&#8220; padding_top=&#8220;25&#8243; padding_bottom=&#8220;25&#8243;][vc_column][vc_column_text letter_spacing=&#8220;&#8220;][\/vc_column_text][\/vc_column][\/vc_row][vc_row equal_height=&#8220;yes&#8220; content_placement=&#8220;middle&#8220; type=&#8220;color&#8220; bg_color=&#8220;#f2f2f2&#8243; column_gap=&#8220;no&#8220; padding_top=&#8220;65&#8243; padding_bottom=&#8220;65&#8243;][vc_column width=&#8220;2\/3&#8243; css=&#8220;.vc_custom_1470053436572{margin-right: 10px !important;margin-left: 0px !important;padding-top: 33px !important;padding-right: 25px !important;padding-bottom: 33px !important;padding-left: 25px !important;background-color: #ffffff !important;}&#8220;][vc_column_text letter_spacing=&#8220;&#8220;] Inwiefern hat die Behandlung mitCO2Auswirkungen auf die vaginale Trockenheit? ANTWORT: Verschiedene Studien haben gezeigt, dass die Laserbehandlung zu einer Verbesserung der durch vaginale Atrophie [&hellip;]\" \/>\n<meta property=\"og:url\" content=\"https:\/\/femtouch.eu\/for-physicians\/faq\/how-does-the-co2-treatment-affect-vaginal-dryness\/\" \/>\n<meta property=\"og:site_name\" content=\"FemTouch for Improved Vaginal Health\" \/>\n<meta property=\"article:modified_time\" content=\"2020-02-03T05:58:46+00:00\" \/>\n<meta name=\"twitter:card\" content=\"summary_large_image\" \/>\n<meta name=\"twitter:label1\" content=\"Gesch\u00e4tzte Lesezeit\" \/>\n\t<meta name=\"twitter:data1\" content=\"3\u00a0Minuten\" \/>\n<script type=\"application\/ld+json\" class=\"yoast-schema-graph\">{\"@context\":\"https:\\\/\\\/schema.org\",\"@graph\":[{\"@type\":\"WebPage\",\"@id\":\"https:\\\/\\\/femtouch.eu\\\/for-physicians\\\/faq\\\/how-does-the-co2-treatment-affect-vaginal-dryness\\\/\",\"url\":\"https:\\\/\\\/femtouch.eu\\\/for-physicians\\\/faq\\\/how-does-the-co2-treatment-affect-vaginal-dryness\\\/\",\"name\":\"Inwiefern hat die Behandlung mit CO2 Auswirkungen auf die vaginale Trockenheit? - FemTouch for Improved Vaginal Health\",\"isPartOf\":{\"@id\":\"https:\\\/\\\/femtouch.eu\\\/#website\"},\"datePublished\":\"2016-08-09T16:33:27+00:00\",\"dateModified\":\"2020-02-03T05:58:46+00:00\",\"breadcrumb\":{\"@id\":\"https:\\\/\\\/femtouch.eu\\\/for-physicians\\\/faq\\\/how-does-the-co2-treatment-affect-vaginal-dryness\\\/#breadcrumb\"},\"inLanguage\":\"de\",\"potentialAction\":[{\"@type\":\"ReadAction\",\"target\":[\"https:\\\/\\\/femtouch.eu\\\/for-physicians\\\/faq\\\/how-does-the-co2-treatment-affect-vaginal-dryness\\\/\"]}]},{\"@type\":\"BreadcrumbList\",\"@id\":\"https:\\\/\\\/femtouch.eu\\\/for-physicians\\\/faq\\\/how-does-the-co2-treatment-affect-vaginal-dryness\\\/#breadcrumb\",\"itemListElement\":[{\"@type\":\"ListItem\",\"position\":1,\"name\":\"HOME\",\"item\":\"https:\\\/\\\/femtouch.eu\\\/\"},{\"@type\":\"ListItem\",\"position\":2,\"name\":\"FOR PHYSICIANS\",\"item\":\"https:\\\/\\\/femtouch.eu\\\/for-physicians\\\/\"},{\"@type\":\"ListItem\",\"position\":3,\"name\":\"FAQ\",\"item\":\"https:\\\/\\\/femtouch.eu\\\/for-physicians\\\/faq\\\/\"},{\"@type\":\"ListItem\",\"position\":4,\"name\":\"Inwiefern hat die Behandlung mit CO2 Auswirkungen auf die vaginale Trockenheit?\"}]},{\"@type\":\"WebSite\",\"@id\":\"https:\\\/\\\/femtouch.eu\\\/#website\",\"url\":\"https:\\\/\\\/femtouch.eu\\\/\",\"name\":\"FemTouch for Improved Vaginal Health\",\"description\":\"\",\"potentialAction\":[{\"@type\":\"SearchAction\",\"target\":{\"@type\":\"EntryPoint\",\"urlTemplate\":\"https:\\\/\\\/femtouch.eu\\\/?s={search_term_string}\"},\"query-input\":{\"@type\":\"PropertyValueSpecification\",\"valueRequired\":true,\"valueName\":\"search_term_string\"}}],\"inLanguage\":\"de\"}]}<\/script>\n<!-- \/ Yoast SEO plugin. -->","yoast_head_json":{"title":"Inwiefern hat die Behandlung mit CO2 Auswirkungen auf die vaginale Trockenheit? - FemTouch for Improved Vaginal Health","robots":{"index":"index","follow":"follow","max-snippet":"max-snippet:-1","max-image-preview":"max-image-preview:large","max-video-preview":"max-video-preview:-1"},"canonical":"https:\/\/femtouch.eu\/de\/for-physicians\/faq\/how-does-the-co2-treatment-affect-vaginal-dryness\/","og_locale":"de_DE","og_type":"article","og_title":"Inwiefern hat die Behandlung mit CO2 Auswirkungen auf die vaginale Trockenheit? - FemTouch for Improved Vaginal Health","og_description":"[vc_row type=&#8220;image&#8220; bg_position_horizontal=&#8220;center&#8220; enable_parallax=&#8220;false&#8220; column_gap=&#8220;no&#8220; padding_top=&#8220;13%&#8220; padding_bottom=&#8220;13%&#8220; bg_image=&#8220;600&#8243;][vc_column][\/vc_column][\/vc_row][vc_row column_gap=&#8220;no&#8220; padding_top=&#8220;25&#8243; padding_bottom=&#8220;25&#8243;][vc_column][vc_column_text letter_spacing=&#8220;&#8220;][\/vc_column_text][\/vc_column][\/vc_row][vc_row equal_height=&#8220;yes&#8220; content_placement=&#8220;middle&#8220; type=&#8220;color&#8220; bg_color=&#8220;#f2f2f2&#8243; column_gap=&#8220;no&#8220; padding_top=&#8220;65&#8243; padding_bottom=&#8220;65&#8243;][vc_column width=&#8220;2\/3&#8243; css=&#8220;.vc_custom_1470053436572{margin-right: 10px !important;margin-left: 0px !important;padding-top: 33px !important;padding-right: 25px !important;padding-bottom: 33px !important;padding-left: 25px !important;background-color: #ffffff !important;}&#8220;][vc_column_text letter_spacing=&#8220;&#8220;] Inwiefern hat die Behandlung mitCO2Auswirkungen auf die vaginale Trockenheit? ANTWORT: Verschiedene Studien haben gezeigt, dass die Laserbehandlung zu einer Verbesserung der durch vaginale Atrophie [&hellip;]","og_url":"https:\/\/femtouch.eu\/for-physicians\/faq\/how-does-the-co2-treatment-affect-vaginal-dryness\/","og_site_name":"FemTouch for Improved Vaginal Health","article_modified_time":"2020-02-03T05:58:46+00:00","twitter_card":"summary_large_image","twitter_misc":{"Gesch\u00e4tzte Lesezeit":"3\u00a0Minuten"},"schema":{"@context":"https:\/\/schema.org","@graph":[{"@type":"WebPage","@id":"https:\/\/femtouch.eu\/for-physicians\/faq\/how-does-the-co2-treatment-affect-vaginal-dryness\/","url":"https:\/\/femtouch.eu\/for-physicians\/faq\/how-does-the-co2-treatment-affect-vaginal-dryness\/","name":"Inwiefern hat die Behandlung mit CO2 Auswirkungen auf die vaginale Trockenheit? - FemTouch for Improved Vaginal Health","isPartOf":{"@id":"https:\/\/femtouch.eu\/#website"},"datePublished":"2016-08-09T16:33:27+00:00","dateModified":"2020-02-03T05:58:46+00:00","breadcrumb":{"@id":"https:\/\/femtouch.eu\/for-physicians\/faq\/how-does-the-co2-treatment-affect-vaginal-dryness\/#breadcrumb"},"inLanguage":"de","potentialAction":[{"@type":"ReadAction","target":["https:\/\/femtouch.eu\/for-physicians\/faq\/how-does-the-co2-treatment-affect-vaginal-dryness\/"]}]},{"@type":"BreadcrumbList","@id":"https:\/\/femtouch.eu\/for-physicians\/faq\/how-does-the-co2-treatment-affect-vaginal-dryness\/#breadcrumb","itemListElement":[{"@type":"ListItem","position":1,"name":"HOME","item":"https:\/\/femtouch.eu\/"},{"@type":"ListItem","position":2,"name":"FOR PHYSICIANS","item":"https:\/\/femtouch.eu\/for-physicians\/"},{"@type":"ListItem","position":3,"name":"FAQ","item":"https:\/\/femtouch.eu\/for-physicians\/faq\/"},{"@type":"ListItem","position":4,"name":"Inwiefern hat die Behandlung mit CO2 Auswirkungen auf die vaginale Trockenheit?"}]},{"@type":"WebSite","@id":"https:\/\/femtouch.eu\/#website","url":"https:\/\/femtouch.eu\/","name":"FemTouch for Improved Vaginal Health","description":"","potentialAction":[{"@type":"SearchAction","target":{"@type":"EntryPoint","urlTemplate":"https:\/\/femtouch.eu\/?s={search_term_string}"},"query-input":{"@type":"PropertyValueSpecification","valueRequired":true,"valueName":"search_term_string"}}],"inLanguage":"de"}]}},"jetpack_shortlink":"https:\/\/wp.me\/P7S3gX-1mx","jetpack_sharing_enabled":true,"_links":{"self":[{"href":"https:\/\/femtouch.eu\/de\/wp-json\/wp\/v2\/pages\/5241","targetHints":{"allow":["GET"]}}],"collection":[{"href":"https:\/\/femtouch.eu\/de\/wp-json\/wp\/v2\/pages"}],"about":[{"href":"https:\/\/femtouch.eu\/de\/wp-json\/wp\/v2\/types\/page"}],"author":[{"embeddable":true,"href":"https:\/\/femtouch.eu\/de\/wp-json\/wp\/v2\/users\/1"}],"replies":[{"embeddable":true,"href":"https:\/\/femtouch.eu\/de\/wp-json\/wp\/v2\/comments?post=5241"}],"version-history":[{"count":5,"href":"https:\/\/femtouch.eu\/de\/wp-json\/wp\/v2\/pages\/5241\/revisions"}],"predecessor-version":[{"id":5658,"href":"https:\/\/femtouch.eu\/de\/wp-json\/wp\/v2\/pages\/5241\/revisions\/5658"}],"up":[{"embeddable":true,"href":"https:\/\/femtouch.eu\/de\/wp-json\/wp\/v2\/pages\/5185"}],"wp:attachment":[{"href":"https:\/\/femtouch.eu\/de\/wp-json\/wp\/v2\/media?parent=5241"}],"curies":[{"name":"wp","href":"https:\/\/api.w.org\/{rel}","templated":true}]}}