{"id":5313,"date":"2016-08-11T08:36:16","date_gmt":"2016-08-11T08:36:16","guid":{"rendered":"https:\/\/staging.femtouch.eu\/questions\/kann-ich-nach-der-behandlung-zu-meinem-gewohnten-tagesablauf-uebergehen-und-wie-ist-es-mit-dem-geschlechtsverkehr\/"},"modified":"2020-01-30T13:37:07","modified_gmt":"2020-01-30T13:37:07","slug":"can-i-resume-my-daily-routine-after-the-treatment-what-about-sexual-intercourse","status":"publish","type":"page","link":"https:\/\/femtouch.eu\/de\/questions\/can-i-resume-my-daily-routine-after-the-treatment-what-about-sexual-intercourse\/","title":{"rendered":"Kann ich nach der Behandlung zu meinem gewohnten Tagesablauf \u00fcbergehen? Und wie ist es mit dem Geschlechtsverkehr?"},"content":{"rendered":"<div class=\"wpb-content-wrapper\"><p>[vc_row type=&#8220;image&#8220; bg_position_horizontal=&#8220;center&#8220; enable_parallax=&#8220;false&#8220; column_gap=&#8220;no&#8220; padding_top=&#8220;13%&#8220; padding_bottom=&#8220;13%&#8220; bg_image=&#8220;600&#8243;][vc_column][\/vc_column][\/vc_row][vc_row column_gap=&#8220;no&#8220; padding_top=&#8220;25&#8243; padding_bottom=&#8220;25&#8243;][vc_column][vc_column_text letter_spacing=&#8220;&#8220;]<div class=\"breadcrumb\" itemprop=\"breadcrumb\"><span><span><a href=\"https:\/\/femtouch.eu\/\">HOME<\/a><\/span><\/span><\/div>[\/vc_column_text][\/vc_column][\/vc_row][vc_row equal_height=&#8220;yes&#8220; content_placement=&#8220;middle&#8220; type=&#8220;color&#8220; bg_color=&#8220;#f2f2f2&#8243; column_gap=&#8220;no&#8220; padding_top=&#8220;65&#8243; padding_bottom=&#8220;65&#8243;][vc_column width=&#8220;2\/3&#8243; css=&#8220;.vc_custom_1470053436572{margin-right: 10px !important;margin-left: 0px !important;padding-top: 33px !important;padding-right: 25px !important;padding-bottom: 33px !important;padding-left: 25px !important;background-color: #ffffff !important;}&#8220;][vc_column_text letter_spacing=&#8220;&#8220;]<\/p>\n<h3>Kann ich nach der Behandlung zu meinem gewohnten Tagesablauf \u00fcbergehen? Und wie ist es mit dem Geschlechtsverkehr?<\/h3>\n<p>Die Patientinnen k\u00f6nnen sofort nach der Behandlung wieder zu ihrem gewohnten Tagesablauf \u00fcbergehen. Es wird empfohlen, nach der Behandlung f\u00fcr einen Zeitraum von 72 Stunden auf Geschlechtsverkehr zu verzichten.[\/vc_column_text][vc_btn title=&#8220;ZUR\u00dcCK ZU DEN FRAGEN&#8220; size=&#8220;sm&#8220; link=&#8220;url:%2Fde%2Fquestions%2F|||&#8220;][\/vc_column][vc_column width=&#8220;1\/3&#8243; css=&#8220;.vc_custom_1471180658032{margin-left: 10px !important;}&#8220;][\/vc_column][\/vc_row]<\/p>\n<\/div>","protected":false},"excerpt":{"rendered":"<p>[vc_row type=&#8220;image&#8220; bg_position_horizontal=&#8220;center&#8220; enable_parallax=&#8220;false&#8220; column_gap=&#8220;no&#8220; padding_top=&#8220;13%&#8220; padding_bottom=&#8220;13%&#8220; bg_image=&#8220;600&#8243;][vc_column][\/vc_column][\/vc_row][vc_row column_gap=&#8220;no&#8220; padding_top=&#8220;25&#8243; padding_bottom=&#8220;25&#8243;][vc_column][vc_column_text letter_spacing=&#8220;&#8220;][\/vc_column_text][\/vc_column][\/vc_row][vc_row equal_height=&#8220;yes&#8220; content_placement=&#8220;middle&#8220; type=&#8220;color&#8220; bg_color=&#8220;#f2f2f2&#8243; column_gap=&#8220;no&#8220; padding_top=&#8220;65&#8243; padding_bottom=&#8220;65&#8243;][vc_column width=&#8220;2\/3&#8243; css=&#8220;.vc_custom_1470053436572{margin-right: 10px !important;margin-left: 0px !important;padding-top: 33px !important;padding-right: 25px !important;padding-bottom: 33px !important;padding-left: 25px !important;background-color: #ffffff !important;}&#8220;][vc_column_text letter_spacing=&#8220;&#8220;] Kann ich nach der Behandlung zu meinem gewohnten Tagesablauf \u00fcbergehen? Und wie ist es mit dem Geschlechtsverkehr? Die Patientinnen k\u00f6nnen sofort nach der Behandlung [&hellip;]<\/p>\n","protected":false},"author":1,"featured_media":0,"parent":4998,"menu_order":0,"comment_status":"closed","ping_status":"closed","template":"","meta":{"footnotes":""},"class_list":["post-5313","page","type-page","status-publish","hentry"],"yoast_head":"<!-- This site is optimized with the Yoast SEO plugin v27.3 - https:\/\/yoast.com\/product\/yoast-seo-wordpress\/ -->\n<title>Kann ich nach der Behandlung zu meinem gewohnten Tagesablauf \u00fcbergehen? Und wie ist es mit dem Geschlechtsverkehr? - FemTouch for Improved Vaginal Health<\/title>\n<meta name=\"robots\" content=\"index, follow, max-snippet:-1, max-image-preview:large, max-video-preview:-1\" \/>\n<link rel=\"canonical\" href=\"https:\/\/femtouch.eu\/de\/questions\/can-i-resume-my-daily-routine-after-the-treatment-what-about-sexual-intercourse\/\" \/>\n<meta property=\"og:locale\" content=\"de_DE\" \/>\n<meta property=\"og:type\" content=\"article\" \/>\n<meta property=\"og:title\" content=\"Kann ich nach der Behandlung zu meinem gewohnten Tagesablauf \u00fcbergehen? Und wie ist es mit dem Geschlechtsverkehr? - FemTouch for Improved Vaginal Health\" \/>\n<meta property=\"og:description\" content=\"[vc_row type=&#8220;image&#8220; bg_position_horizontal=&#8220;center&#8220; enable_parallax=&#8220;false&#8220; column_gap=&#8220;no&#8220; padding_top=&#8220;13%&#8220; padding_bottom=&#8220;13%&#8220; bg_image=&#8220;600&#8243;][vc_column][\/vc_column][\/vc_row][vc_row column_gap=&#8220;no&#8220; padding_top=&#8220;25&#8243; padding_bottom=&#8220;25&#8243;][vc_column][vc_column_text letter_spacing=&#8220;&#8220;][\/vc_column_text][\/vc_column][\/vc_row][vc_row equal_height=&#8220;yes&#8220; content_placement=&#8220;middle&#8220; type=&#8220;color&#8220; bg_color=&#8220;#f2f2f2&#8243; column_gap=&#8220;no&#8220; padding_top=&#8220;65&#8243; padding_bottom=&#8220;65&#8243;][vc_column width=&#8220;2\/3&#8243; css=&#8220;.vc_custom_1470053436572{margin-right: 10px !important;margin-left: 0px !important;padding-top: 33px !important;padding-right: 25px !important;padding-bottom: 33px !important;padding-left: 25px !important;background-color: #ffffff !important;}&#8220;][vc_column_text letter_spacing=&#8220;&#8220;] Kann ich nach der Behandlung zu meinem gewohnten Tagesablauf \u00fcbergehen? Und wie ist es mit dem Geschlechtsverkehr? Die Patientinnen k\u00f6nnen sofort nach der Behandlung [&hellip;]\" \/>\n<meta property=\"og:url\" content=\"https:\/\/femtouch.eu\/questions\/can-i-resume-my-daily-routine-after-the-treatment-what-about-sexual-intercourse\/\" \/>\n<meta property=\"og:site_name\" content=\"FemTouch for Improved Vaginal Health\" \/>\n<meta property=\"article:modified_time\" content=\"2020-01-30T13:37:07+00:00\" \/>\n<meta name=\"twitter:card\" content=\"summary_large_image\" \/>\n<meta name=\"twitter:label1\" content=\"Gesch\u00e4tzte Lesezeit\" \/>\n\t<meta name=\"twitter:data1\" content=\"1\u00a0Minute\" \/>\n<script type=\"application\/ld+json\" class=\"yoast-schema-graph\">{\"@context\":\"https:\\\/\\\/schema.org\",\"@graph\":[{\"@type\":\"WebPage\",\"@id\":\"https:\\\/\\\/femtouch.eu\\\/questions\\\/can-i-resume-my-daily-routine-after-the-treatment-what-about-sexual-intercourse\\\/\",\"url\":\"https:\\\/\\\/femtouch.eu\\\/questions\\\/can-i-resume-my-daily-routine-after-the-treatment-what-about-sexual-intercourse\\\/\",\"name\":\"Kann ich nach der Behandlung zu meinem gewohnten Tagesablauf \u00fcbergehen? Und wie ist es mit dem Geschlechtsverkehr? - FemTouch for Improved Vaginal Health\",\"isPartOf\":{\"@id\":\"https:\\\/\\\/femtouch.eu\\\/#website\"},\"datePublished\":\"2016-08-11T08:36:16+00:00\",\"dateModified\":\"2020-01-30T13:37:07+00:00\",\"breadcrumb\":{\"@id\":\"https:\\\/\\\/femtouch.eu\\\/questions\\\/can-i-resume-my-daily-routine-after-the-treatment-what-about-sexual-intercourse\\\/#breadcrumb\"},\"inLanguage\":\"de\",\"potentialAction\":[{\"@type\":\"ReadAction\",\"target\":[\"https:\\\/\\\/femtouch.eu\\\/questions\\\/can-i-resume-my-daily-routine-after-the-treatment-what-about-sexual-intercourse\\\/\"]}]},{\"@type\":\"BreadcrumbList\",\"@id\":\"https:\\\/\\\/femtouch.eu\\\/questions\\\/can-i-resume-my-daily-routine-after-the-treatment-what-about-sexual-intercourse\\\/#breadcrumb\",\"itemListElement\":[{\"@type\":\"ListItem\",\"position\":1,\"name\":\"HOME\",\"item\":\"https:\\\/\\\/femtouch.eu\\\/\"},{\"@type\":\"ListItem\",\"position\":2,\"name\":\"Fragen?\",\"item\":\"https:\\\/\\\/femtouch.eu\\\/questions\\\/\"},{\"@type\":\"ListItem\",\"position\":3,\"name\":\"Kann ich nach der Behandlung zu meinem gewohnten Tagesablauf \u00fcbergehen? Und wie ist es mit dem Geschlechtsverkehr?\"}]},{\"@type\":\"WebSite\",\"@id\":\"https:\\\/\\\/femtouch.eu\\\/#website\",\"url\":\"https:\\\/\\\/femtouch.eu\\\/\",\"name\":\"FemTouch for Improved Vaginal Health\",\"description\":\"\",\"potentialAction\":[{\"@type\":\"SearchAction\",\"target\":{\"@type\":\"EntryPoint\",\"urlTemplate\":\"https:\\\/\\\/femtouch.eu\\\/?s={search_term_string}\"},\"query-input\":{\"@type\":\"PropertyValueSpecification\",\"valueRequired\":true,\"valueName\":\"search_term_string\"}}],\"inLanguage\":\"de\"}]}<\/script>\n<!-- \/ Yoast SEO plugin. -->","yoast_head_json":{"title":"Kann ich nach der Behandlung zu meinem gewohnten Tagesablauf \u00fcbergehen? Und wie ist es mit dem Geschlechtsverkehr? - FemTouch for Improved Vaginal Health","robots":{"index":"index","follow":"follow","max-snippet":"max-snippet:-1","max-image-preview":"max-image-preview:large","max-video-preview":"max-video-preview:-1"},"canonical":"https:\/\/femtouch.eu\/de\/questions\/can-i-resume-my-daily-routine-after-the-treatment-what-about-sexual-intercourse\/","og_locale":"de_DE","og_type":"article","og_title":"Kann ich nach der Behandlung zu meinem gewohnten Tagesablauf \u00fcbergehen? Und wie ist es mit dem Geschlechtsverkehr? - FemTouch for Improved Vaginal Health","og_description":"[vc_row type=&#8220;image&#8220; bg_position_horizontal=&#8220;center&#8220; enable_parallax=&#8220;false&#8220; column_gap=&#8220;no&#8220; padding_top=&#8220;13%&#8220; padding_bottom=&#8220;13%&#8220; bg_image=&#8220;600&#8243;][vc_column][\/vc_column][\/vc_row][vc_row column_gap=&#8220;no&#8220; padding_top=&#8220;25&#8243; padding_bottom=&#8220;25&#8243;][vc_column][vc_column_text letter_spacing=&#8220;&#8220;][\/vc_column_text][\/vc_column][\/vc_row][vc_row equal_height=&#8220;yes&#8220; content_placement=&#8220;middle&#8220; type=&#8220;color&#8220; bg_color=&#8220;#f2f2f2&#8243; column_gap=&#8220;no&#8220; padding_top=&#8220;65&#8243; padding_bottom=&#8220;65&#8243;][vc_column width=&#8220;2\/3&#8243; css=&#8220;.vc_custom_1470053436572{margin-right: 10px !important;margin-left: 0px !important;padding-top: 33px !important;padding-right: 25px !important;padding-bottom: 33px !important;padding-left: 25px !important;background-color: #ffffff !important;}&#8220;][vc_column_text letter_spacing=&#8220;&#8220;] Kann ich nach der Behandlung zu meinem gewohnten Tagesablauf \u00fcbergehen? Und wie ist es mit dem Geschlechtsverkehr? Die Patientinnen k\u00f6nnen sofort nach der Behandlung [&hellip;]","og_url":"https:\/\/femtouch.eu\/questions\/can-i-resume-my-daily-routine-after-the-treatment-what-about-sexual-intercourse\/","og_site_name":"FemTouch for Improved Vaginal Health","article_modified_time":"2020-01-30T13:37:07+00:00","twitter_card":"summary_large_image","twitter_misc":{"Gesch\u00e4tzte Lesezeit":"1\u00a0Minute"},"schema":{"@context":"https:\/\/schema.org","@graph":[{"@type":"WebPage","@id":"https:\/\/femtouch.eu\/questions\/can-i-resume-my-daily-routine-after-the-treatment-what-about-sexual-intercourse\/","url":"https:\/\/femtouch.eu\/questions\/can-i-resume-my-daily-routine-after-the-treatment-what-about-sexual-intercourse\/","name":"Kann ich nach der Behandlung zu meinem gewohnten Tagesablauf \u00fcbergehen? Und wie ist es mit dem Geschlechtsverkehr? - FemTouch for Improved Vaginal Health","isPartOf":{"@id":"https:\/\/femtouch.eu\/#website"},"datePublished":"2016-08-11T08:36:16+00:00","dateModified":"2020-01-30T13:37:07+00:00","breadcrumb":{"@id":"https:\/\/femtouch.eu\/questions\/can-i-resume-my-daily-routine-after-the-treatment-what-about-sexual-intercourse\/#breadcrumb"},"inLanguage":"de","potentialAction":[{"@type":"ReadAction","target":["https:\/\/femtouch.eu\/questions\/can-i-resume-my-daily-routine-after-the-treatment-what-about-sexual-intercourse\/"]}]},{"@type":"BreadcrumbList","@id":"https:\/\/femtouch.eu\/questions\/can-i-resume-my-daily-routine-after-the-treatment-what-about-sexual-intercourse\/#breadcrumb","itemListElement":[{"@type":"ListItem","position":1,"name":"HOME","item":"https:\/\/femtouch.eu\/"},{"@type":"ListItem","position":2,"name":"Fragen?","item":"https:\/\/femtouch.eu\/questions\/"},{"@type":"ListItem","position":3,"name":"Kann ich nach der Behandlung zu meinem gewohnten Tagesablauf \u00fcbergehen? Und wie ist es mit dem Geschlechtsverkehr?"}]},{"@type":"WebSite","@id":"https:\/\/femtouch.eu\/#website","url":"https:\/\/femtouch.eu\/","name":"FemTouch for Improved Vaginal Health","description":"","potentialAction":[{"@type":"SearchAction","target":{"@type":"EntryPoint","urlTemplate":"https:\/\/femtouch.eu\/?s={search_term_string}"},"query-input":{"@type":"PropertyValueSpecification","valueRequired":true,"valueName":"search_term_string"}}],"inLanguage":"de"}]}},"jetpack_shortlink":"https:\/\/wp.me\/P7S3gX-1nH","jetpack_sharing_enabled":true,"_links":{"self":[{"href":"https:\/\/femtouch.eu\/de\/wp-json\/wp\/v2\/pages\/5313","targetHints":{"allow":["GET"]}}],"collection":[{"href":"https:\/\/femtouch.eu\/de\/wp-json\/wp\/v2\/pages"}],"about":[{"href":"https:\/\/femtouch.eu\/de\/wp-json\/wp\/v2\/types\/page"}],"author":[{"embeddable":true,"href":"https:\/\/femtouch.eu\/de\/wp-json\/wp\/v2\/users\/1"}],"replies":[{"embeddable":true,"href":"https:\/\/femtouch.eu\/de\/wp-json\/wp\/v2\/comments?post=5313"}],"version-history":[{"count":2,"href":"https:\/\/femtouch.eu\/de\/wp-json\/wp\/v2\/pages\/5313\/revisions"}],"predecessor-version":[{"id":5319,"href":"https:\/\/femtouch.eu\/de\/wp-json\/wp\/v2\/pages\/5313\/revisions\/5319"}],"up":[{"embeddable":true,"href":"https:\/\/femtouch.eu\/de\/wp-json\/wp\/v2\/pages\/4998"}],"wp:attachment":[{"href":"https:\/\/femtouch.eu\/de\/wp-json\/wp\/v2\/media?parent=5313"}],"curies":[{"name":"wp","href":"https:\/\/api.w.org\/{rel}","templated":true}]}}