{"id":8779,"date":"2021-04-20T11:49:04","date_gmt":"2021-04-20T11:49:04","guid":{"rendered":"https:\/\/femtouch.eu\/?page_id=8779"},"modified":"2022-12-21T11:17:00","modified_gmt":"2022-12-21T11:17:00","slug":"doctors-thought","status":"publish","type":"page","link":"https:\/\/femtouch.eu\/de\/doctors-thought\/","title":{"rendered":"OPINIONI DEI MEDICI"},"content":{"rendered":"<div class=\"wpb-content-wrapper\"><p>[vc_row type=&#8220;image&#8220; bg_position=&#8220;center&#8220; bg_position_horizontal=&#8220;center&#8220; column_gap=&#8220;no&#8220; padding_top=&#8220;13%&#8220; padding_bottom=&#8220;13%&#8220; bg_image=&#8220;1028&#8243;][vc_column][vc_custom_heading text=&#8220;&#8220; font_container=&#8220;tag:h2|text_align:left|color:%23ffffff&#8220; use_theme_fonts=&#8220;yes&#8220;][\/vc_column][\/vc_row][vc_row text_align=&#8220;center&#8220; text_color=&#8220;#ffffff&#8220; column_gap=&#8220;no&#8220; padding_top=&#8220;25&#8243; padding_bottom=&#8220;25&#8243;][vc_column][vc_column_text]<div id=\"ccchildpages-1\" class=\"ccchildpages ccflex  simple ccclearfix\"><ul class=\"ccchildpages_list ccclearfix\"><li class=\"page_item page-item-5376\"><a href=\"https:\/\/femtouch.eu\/de\/find-a-center\/\">FIND A CENTER<\/a><\/li>\n<li class=\"page_item page-item-8735\"><a href=\"https:\/\/femtouch.eu\/de\/for-more-significant-symptoms-does-it-make-sense-to-increase-the-energy-delivered-2\/\">Ist es bei deutlicheren Symptomen sinnvoll, die Energieabgabe zu erh\u00f6hen?<\/a><\/li>\n<li class=\"page_item page-item-4668 page_item_has_children\"><a href=\"https:\/\/femtouch.eu\/de\/femtouch-testimonials\/\">ERFAHRUNGSBERICHTE<\/a><\/li>\n<li class=\"page_item page-item-8779\"><a href=\"https:\/\/femtouch.eu\/de\/doctors-thought\/\">OPINIONI DEI MEDICI<\/a><\/li>\n<li class=\"page_item page-item-5197 page_item_has_children\"><a href=\"https:\/\/femtouch.eu\/de\/for-physicians\/\">FOR PHYSICIANS<\/a><\/li>\n<li class=\"page_item page-item-5200\"><a href=\"https:\/\/femtouch.eu\/de\/for-more-significant-symptoms-does-it-make-sense-to-increase-the-energy-delivered\/\">Ist es bei deutlicheren Symptomen sinnvoll, die Energieabgabe zu erh\u00f6hen?<\/a><\/li>\n<li class=\"page_item page-item-4998 page_item_has_children\"><a href=\"https:\/\/femtouch.eu\/de\/questions\/\">Fragen?<\/a><\/li>\n<li class=\"page_item page-item-8584\"><a href=\"https:\/\/femtouch.eu\/de\/privacy-statement\/\">Privacy Statement<\/a><\/li>\n<li class=\"page_item page-item-4234\"><a href=\"https:\/\/femtouch.eu\/de\/\">Home<\/a><\/li>\n<li class=\"page_item page-item-9119\"><a href=\"https:\/\/femtouch.eu\/de\/terms-of-use\/\">Terms of Use<\/a><\/li>\n<li class=\"page_item page-item-4773 page_item_has_children\"><a href=\"https:\/\/femtouch.eu\/de\/our-treatment\/\">UNSERE BEHANDLUNG<\/a><\/li>\n<li class=\"page_item page-item-5098\"><a href=\"https:\/\/femtouch.eu\/de\/sidebar\/\">sidebar<\/a><\/li><\/ul><\/div>[\/vc_column_text][\/vc_column][\/vc_row][vc_row equal_height=\"yes\" text_align=\"center\" type=\"color\" bg_color=\"#f2f2f2\" column_gap=\"no\"][vc_column width=\"1\/2\" css=\".vc_custom_1501077019530{margin-right: 0px !important;background-color: #ffffff !important;}\"][vc_custom_heading text=\"Impara dall\u2019esperienza sviluppata con FemTouch da esperti medici professionisti\" font_container=\"tag:h3|text_align:center|color:%23ef6967\" use_theme_fonts=\"yes\" css=\".vc_custom_1585295729128{padding-top: 15px !important;}\"][vc_column_text text_color=\"#ddb880\" font_size=\"20px\" css=\".vc_custom_1584451730955{padding-top: 0px !important;padding-right: 35px !important;padding-bottom: 10px !important;padding-left: 35px !important;}\"]<\/p>\n<p style=\"text-align: center;\"><span lang=\"IT\" style=\"font-family: 'Open Sans',serif; color: #696a6c;\">I medici condividono la loro esperienza di trattamento con FemTouch nella risoluzione dei comuni problemi di salute femminile<\/span><\/p>\n<p style=\"text-align: center; margin: 10.2pt 0in 10.2pt 0in;\" align=\"center\"><em><span lang=\"IT\" style=\"font-family: 'Open Sans',serif; color: #696a6c;\">\"Immediato miglioramento della qualit\u00e0 di vita\"<\/span><\/em><\/p>\n<p style=\"text-align: center; margin: 10.2pt 0in 10.2pt 0in;\" align=\"center\"><em><span lang=\"IT\" style=\"font-family: 'Open Sans',serif; color: #696a6c;\">\"Rivoluzionario \u2013 la maggiore innovazione dai tempi del Botox.\"<\/span><\/em><\/p>\n<p style=\"text-align: center; margin: 10.2pt 0in 10.2pt 0in;\" align=\"center\"><em><span lang=\"IT\" style=\"font-family: 'Open Sans',serif; color: #696a6c;\">\"Alto grado di soddisfazione della paziente\"<\/span><\/em><\/p>\n<p>[\/vc_column_text][\/vc_column][vc_column width=\"1\/2\" css=\".vc_custom_1501077026611{background-color: #ffffff !important;}\"][vc_column_text][\/vc_column_text][\/vc_column][\/vc_row][vc_row equal_height=\"yes\" text_align=\"center\" type=\"color\" bg_color=\"#f2f2f2\" column_gap=\"no\"][vc_column width=\"1\/2\" css=\".vc_custom_1501082834281{margin-right: 10px !important;background-color: #ffffff !important;}\"][vc_single_image image=\"1907\" img_size=\"full\" alignment=\"center\" full_width=\"yes\" css=\".vc_custom_1501082391861{margin-bottom: 10px !important;}\"][vc_column_text font_size=\"20px\" css=\".vc_custom_1543235070786{padding-right: 35px !important;padding-bottom: 30px !important;padding-left: 35px !important;}\"]<\/p>\n<p style=\"text-align: center; padding-left: 35px; padding-right: 35px;\"><em>\u201c\"La procedura \u00e8 rapida e relativamente indolore e produce risultati cos\u00ec esaltanti in termini di efficacia e soddisfazione del paziente che mi sento di raccomandarla...\" \t\t<a\t\t\t\thref=\"javascript:void(0)\"\r\n\t\t\t\tclass=\"sgpb-show-popup sgpb-popup-id-2679\"\r\n\t\tdata-sgpbpopupid=\"2679\"\r\n\t\tdata-popup-event=\"click\"\r\n\t\t>\r\n\t\tPer saperne di pi\u00f9\t\t<\/a>\r\n\t\t<\/em><\/p>\n<p style=\"text-align: center; padding-left: 35px; padding-right: 35px;\">Monika G. Kiripolsky, MD, FAAD, FAACS<br \/>\nDermatologa certificata dalla commissione medica<br \/>\nSpecializzazione e formazione in chirurgia estetica e laser<\/p>\n<p>[\/vc_column_text][\/vc_column][vc_column width=\"1\/2\" css=\".vc_custom_1501082858272{margin-left: 10px !important;background-color: #ffffff !important;}\"][vc_single_image image=\"6355\" img_size=\"full\" alignment=\"center\" full_width=\"yes\" css=\".vc_custom_1501082841837{margin-bottom: 10px !important;}\"][vc_column_text font_size=\"20px\" css=\".vc_custom_Sun Apr 09 2017 14:41:56 GMT+0300 (Jerusalem Standard Time){padding-top: 10px !important;padding-right: 35px !important;padding-bottom: 50px !important;padding-left: 35px !important;}\"]<\/p>\n<p style=\"text-align: center; padding-left: 35px; padding-right: 35px;\"><em>\"Il trattamento vaginale con laser CO2 frazionato FemTouch \u00e8 risultato ben tollerato dalle pazienti e ne ha migliorato i sintomi vaginali e la qualit\u00e0 di vita dopo 3 trattamenti mensili. Sono in corso altri studi di valutazione di questo trattamento mini-invasivo mirato a caratterizzare benefici sintomatici e risultati a lungo termine.\"<\/em><\/p>\n<p style=\"text-align: center; padding-left: 35px; padding-right: 35px;\">Jamie Bartley, DO. Beaumont Urology, Detroit MI<\/p>\n<p>[\/vc_column_text][\/vc_column][\/vc_row][vc_row equal_height=\"yes\" text_align=\"center\" type=\"color\" bg_color=\"#f2f2f2\" column_gap=\"no\"][vc_column width=\"1\/2\" css=\".vc_custom_1501082870856{margin-right: 10px !important;background-color: #ffffff !important;}\"][vc_single_image image=\"1461\" img_size=\"full\" alignment=\"center\" full_width=\"yes\" css=\".vc_custom_1473164378924{margin-bottom: 20px !important;}\"][vc_column_text font_size=\"20px\" css=\".vc_custom_Sun Apr 09 2017 14:16:42 GMT+0300 (Jerusalem Standard Time){padding-right: 35px !important;padding-bottom: 10px !important;padding-left: 35px !important;}\"]<\/p>\n<p style=\"text-align: center;\"><em>\"Ritengo che questa innovativa procedura ambulatoriale mini-invasiva sia in grado di cambiare la vita delle pazienti\".<\/em><\/p>\n<p style=\"text-align: center;\">Sig.ra Smita Rajshekhar, ostetrica e ginecologa, Regno Unito<\/p>\n<p>[\/vc_column_text][\/vc_column][vc_column width=\"1\/2\" css=\".vc_custom_1501082864825{margin-left: 10px !important;background-color: #ffffff !important;}\"][vc_single_image image=\"1904\" img_size=\"full\" alignment=\"center\" full_width=\"yes\" css=\".vc_custom_1501082702586{margin-bottom: 20px !important;}\"][vc_column_text font_size=\"20px\" css=\".vc_custom_1539263058548{padding-right: 35px !important;padding-bottom: 10px !important;padding-left: 35px !important;}\"]<\/p>\n<p style=\"text-align: center;\"><em>\"Sono contenta di aver integrato FemTouch nella mia pratica di chirurgia estetica e medicina rigenerativa. Dopo aver fatto affidamento in passato sulla chirurgia di riparazione anteriore e posteriore, ora posso trattare comuni condizioni della salute femminile con FemTouch. \u00c8 piacevole sapere che Lumenis \u00e8 all'avanguardia nello sviluppo e nel perfezionamento di questa tecnologia e che \u00e8 particolarmente sensibile alle esigenze dell'utente finale.\"<\/em><\/p>\n<p style=\"text-align: center;\">David N. Michelson, MD, presidente dell'American<br \/>\nSociety of Cosmetic Breast Surgery<br \/>\nOxnard, CA<\/p>\n<p>[\/vc_column_text][\/vc_column][\/vc_row][vc_row equal_height=\"yes\" text_align=\"center\" type=\"color\" bg_color=\"#f2f2f2\" column_gap=\"no\"][vc_column width=\"1\/2\" css=\".vc_custom_1470053051040{margin-right: 10px !important;background-color: #ffffff !important;}\"][vc_single_image image=\"2003\" img_size=\"full\" alignment=\"center\" css=\".vc_custom_1509282786662{margin-bottom: 10px !important;}\"][vc_column_text font_size=\"20px\" css=\".vc_custom_1584434762588{padding-right: 35px !important;padding-bottom: 10px !important;padding-left: 35px !important;}\"]<\/p>\n<p style=\"text-align: center;\"><em>\"Risultati estremamente positivi con minimo sforzo. Le pazienti in menopausa mi sono estremamente grate per averle aiutate. Una di loro mi ha confidato di sentirsi di nuovo come una diciannovenne!\"<\/em><\/p>\n<p style=\"text-align: center;\">Dott. Scott Evan Eder, Ginecologo<\/p>\n<p>[\/vc_column_text][\/vc_column][vc_column width=\"1\/2\" css=\".vc_custom_1470053057180{margin-left: 10px !important;background-color: #ffffff !important;}\"][vc_single_image image=\"6349\" img_size=\"full\" alignment=\"center\" full_width=\"yes\" css=\".vc_custom_1501073904969{margin-bottom: -3px !important;}\"][vc_column_text font_size=\"20px\" css=\".vc_custom_1539263074167{padding-top: 10px !important;padding-right: 35px !important;padding-bottom: 50px !important;padding-left: 35px !important;}\"]<\/p>\n<p style=\"text-align: center;\"><em>\"Il trattamento FemTouch \u00e8 rapido e sicuro.<\/em><br \/>\n<em>La nuova frontiera della salute femminile.\"<\/em><\/p>\n<p style=\"text-align: center;\">Dott. Massimiliano Marziali, Ginecologo<\/p>\n<p>[\/vc_column_text][\/vc_column][\/vc_row][vc_row type=\"color\" bg_color=\"#f2f2f2\" padding_top=\"80\" padding_bottom=\"120\"][vc_column][vc_column_text]<\/p>\n<div id=\"storepoint-container\" data-language=\"german\" data-tags=\"women's health\" data-map-id=\"16334002e7fec5\"><\/div>\n<p><script>(function(){var a=document.createElement(\"script\");a.type=\"text\/javascript\";a.async=!0;a.src=\"https:\/\/cdn.storepoint.co\/api\/v1\/js\/16334002e7fec5.js\";var b=document.getElementsByTagName(\"script\")[0];b.parentNode.insertBefore(a,b);}());<\/script><\/p>\n<style>#storepoint-tag-dropdown{display:none!important;}<\/style>\n<p>[\/vc_column_text][vc_column_text]PB-00012530 Rev A_A[\/vc_column_text][\/vc_column][\/vc_row]<\/p>\n<\/div>","protected":false},"excerpt":{"rendered":"<p>[vc_row type=&#8220;image&#8220; bg_position=&#8220;center&#8220; bg_position_horizontal=&#8220;center&#8220; column_gap=&#8220;no&#8220; padding_top=&#8220;13%&#8220; padding_bottom=&#8220;13%&#8220; bg_image=&#8220;1028&#8243;][vc_column][vc_custom_heading text=&#8220;&#8220; font_container=&#8220;tag:h2|text_align:left|color:%23ffffff&#8220; use_theme_fonts=&#8220;yes&#8220;][\/vc_column][\/vc_row][vc_row text_align=&#8220;center&#8220; text_color=&#8220;#ffffff&#8220; column_gap=&#8220;no&#8220; padding_top=&#8220;25&#8243; padding_bottom=&#8220;25&#8243;][vc_column][vc_column_text][\/vc_column_text][\/vc_column][\/vc_row][vc_row equal_height=&#8220;yes&#8220; text_align=&#8220;center&#8220; type=&#8220;color&#8220; bg_color=&#8220;#f2f2f2&#8243; column_gap=&#8220;no&#8220;][vc_column width=&#8220;1\/2&#8243; css=&#8220;.vc_custom_1501077019530{margin-right: 0px !important;background-color: #ffffff !important;}&#8220;][vc_custom_heading text=&#8220;Impara dall\u2019esperienza sviluppata con FemTouch da esperti medici professionisti&#8220; font_container=&#8220;tag:h3|text_align:center|color:%23ef6967&#8243; use_theme_fonts=&#8220;yes&#8220; css=&#8220;.vc_custom_1585295729128{padding-top: 15px !important;}&#8220;][vc_column_text text_color=&#8220;#ddb880&#8243; font_size=&#8220;20px&#8220; css=&#8220;.vc_custom_1584451730955{padding-top: 0px !important;padding-right: 35px !important;padding-bottom: 10px !important;padding-left: 35px !important;}&#8220;] I medici condividono la loro esperienza di trattamento [&hellip;]<\/p>\n","protected":false},"author":5,"featured_media":0,"parent":0,"menu_order":0,"comment_status":"closed","ping_status":"closed","template":"","meta":{"footnotes":""},"class_list":["post-8779","page","type-page","status-publish","hentry"],"yoast_head":"<!-- This site is optimized with the Yoast SEO plugin v27.4 - https:\/\/yoast.com\/product\/yoast-seo-wordpress\/ -->\n<title>Medici sulla salute vaginale, medici che parlano di Femtouch per la salute vaginale | Femtouch - Salute vaginale<\/title>\n<meta name=\"description\" content=\"Scopri cosa pensano i medici del trattamento di salute vaginale Femtouch e come puoi migliorare la qualit\u00e0 della tua vita con un appropriato trattamento\" \/>\n<meta name=\"robots\" content=\"index, follow, max-snippet:-1, max-image-preview:large, max-video-preview:-1\" \/>\n<link rel=\"canonical\" href=\"https:\/\/femtouch.eu\/de\/?page_id=8782\" \/>\n<meta property=\"og:locale\" content=\"de_DE\" \/>\n<meta property=\"og:type\" content=\"article\" \/>\n<meta property=\"og:title\" content=\"Medici sulla salute vaginale, medici che parlano di Femtouch per la salute vaginale | Femtouch - Salute vaginale\" \/>\n<meta property=\"og:description\" content=\"Scopri cosa pensano i medici del trattamento di salute vaginale Femtouch e come puoi migliorare la qualit\u00e0 della tua vita con un appropriato trattamento\" \/>\n<meta property=\"og:url\" content=\"https:\/\/femtouch.eu\/?page_id=8782\" \/>\n<meta property=\"og:site_name\" content=\"FemTouch for Improved Vaginal Health\" \/>\n<meta property=\"article:modified_time\" content=\"2022-12-21T11:17:00+00:00\" \/>\n<meta name=\"twitter:card\" content=\"summary_large_image\" \/>\n<meta name=\"twitter:label1\" content=\"Gesch\u00e4tzte Lesezeit\" \/>\n\t<meta name=\"twitter:data1\" content=\"5\u00a0Minuten\" \/>\n<script type=\"application\/ld+json\" class=\"yoast-schema-graph\">{\"@context\":\"https:\\\/\\\/schema.org\",\"@graph\":[{\"@type\":\"WebPage\",\"@id\":\"https:\\\/\\\/femtouch.eu\\\/?page_id=8782\",\"url\":\"https:\\\/\\\/femtouch.eu\\\/?page_id=8782\",\"name\":\"Medici sulla salute vaginale, medici che parlano di Femtouch per la salute vaginale | Femtouch - Salute vaginale\",\"isPartOf\":{\"@id\":\"https:\\\/\\\/femtouch.eu\\\/#website\"},\"datePublished\":\"2021-04-20T11:49:04+00:00\",\"dateModified\":\"2022-12-21T11:17:00+00:00\",\"description\":\"Scopri cosa pensano i medici del trattamento di salute vaginale Femtouch e come puoi migliorare la qualit\u00e0 della tua vita con un appropriato trattamento\",\"breadcrumb\":{\"@id\":\"https:\\\/\\\/femtouch.eu\\\/?page_id=8782#breadcrumb\"},\"inLanguage\":\"de\",\"potentialAction\":[{\"@type\":\"ReadAction\",\"target\":[\"https:\\\/\\\/femtouch.eu\\\/?page_id=8782\"]}]},{\"@type\":\"BreadcrumbList\",\"@id\":\"https:\\\/\\\/femtouch.eu\\\/?page_id=8782#breadcrumb\",\"itemListElement\":[{\"@type\":\"ListItem\",\"position\":1,\"name\":\"HOME\",\"item\":\"https:\\\/\\\/femtouch.eu\\\/\"},{\"@type\":\"ListItem\",\"position\":2,\"name\":\"OPINIONI DEI MEDICI\"}]},{\"@type\":\"WebSite\",\"@id\":\"https:\\\/\\\/femtouch.eu\\\/#website\",\"url\":\"https:\\\/\\\/femtouch.eu\\\/\",\"name\":\"FemTouch for Improved Vaginal Health\",\"description\":\"\",\"potentialAction\":[{\"@type\":\"SearchAction\",\"target\":{\"@type\":\"EntryPoint\",\"urlTemplate\":\"https:\\\/\\\/femtouch.eu\\\/?s={search_term_string}\"},\"query-input\":{\"@type\":\"PropertyValueSpecification\",\"valueRequired\":true,\"valueName\":\"search_term_string\"}}],\"inLanguage\":\"de\"}]}<\/script>\n<!-- \/ Yoast SEO plugin. -->","yoast_head_json":{"title":"Medici sulla salute vaginale, medici che parlano di Femtouch per la salute vaginale | Femtouch - Salute vaginale","description":"Scopri cosa pensano i medici del trattamento di salute vaginale Femtouch e come puoi migliorare la qualit\u00e0 della tua vita con un appropriato trattamento","robots":{"index":"index","follow":"follow","max-snippet":"max-snippet:-1","max-image-preview":"max-image-preview:large","max-video-preview":"max-video-preview:-1"},"canonical":"https:\/\/femtouch.eu\/de\/?page_id=8782","og_locale":"de_DE","og_type":"article","og_title":"Medici sulla salute vaginale, medici che parlano di Femtouch per la salute vaginale | Femtouch - Salute vaginale","og_description":"Scopri cosa pensano i medici del trattamento di salute vaginale Femtouch e come puoi migliorare la qualit\u00e0 della tua vita con un appropriato trattamento","og_url":"https:\/\/femtouch.eu\/?page_id=8782","og_site_name":"FemTouch for Improved Vaginal Health","article_modified_time":"2022-12-21T11:17:00+00:00","twitter_card":"summary_large_image","twitter_misc":{"Gesch\u00e4tzte Lesezeit":"5\u00a0Minuten"},"schema":{"@context":"https:\/\/schema.org","@graph":[{"@type":"WebPage","@id":"https:\/\/femtouch.eu\/?page_id=8782","url":"https:\/\/femtouch.eu\/?page_id=8782","name":"Medici sulla salute vaginale, medici che parlano di Femtouch per la salute vaginale | Femtouch - Salute vaginale","isPartOf":{"@id":"https:\/\/femtouch.eu\/#website"},"datePublished":"2021-04-20T11:49:04+00:00","dateModified":"2022-12-21T11:17:00+00:00","description":"Scopri cosa pensano i medici del trattamento di salute vaginale Femtouch e come puoi migliorare la qualit\u00e0 della tua vita con un appropriato trattamento","breadcrumb":{"@id":"https:\/\/femtouch.eu\/?page_id=8782#breadcrumb"},"inLanguage":"de","potentialAction":[{"@type":"ReadAction","target":["https:\/\/femtouch.eu\/?page_id=8782"]}]},{"@type":"BreadcrumbList","@id":"https:\/\/femtouch.eu\/?page_id=8782#breadcrumb","itemListElement":[{"@type":"ListItem","position":1,"name":"HOME","item":"https:\/\/femtouch.eu\/"},{"@type":"ListItem","position":2,"name":"OPINIONI DEI MEDICI"}]},{"@type":"WebSite","@id":"https:\/\/femtouch.eu\/#website","url":"https:\/\/femtouch.eu\/","name":"FemTouch for Improved Vaginal Health","description":"","potentialAction":[{"@type":"SearchAction","target":{"@type":"EntryPoint","urlTemplate":"https:\/\/femtouch.eu\/?s={search_term_string}"},"query-input":{"@type":"PropertyValueSpecification","valueRequired":true,"valueName":"search_term_string"}}],"inLanguage":"de"}]}},"jetpack_shortlink":"https:\/\/wp.me\/P7S3gX-2hB","jetpack_sharing_enabled":true,"_links":{"self":[{"href":"https:\/\/femtouch.eu\/de\/wp-json\/wp\/v2\/pages\/8779","targetHints":{"allow":["GET"]}}],"collection":[{"href":"https:\/\/femtouch.eu\/de\/wp-json\/wp\/v2\/pages"}],"about":[{"href":"https:\/\/femtouch.eu\/de\/wp-json\/wp\/v2\/types\/page"}],"author":[{"embeddable":true,"href":"https:\/\/femtouch.eu\/de\/wp-json\/wp\/v2\/users\/5"}],"replies":[{"embeddable":true,"href":"https:\/\/femtouch.eu\/de\/wp-json\/wp\/v2\/comments?post=8779"}],"version-history":[{"count":2,"href":"https:\/\/femtouch.eu\/de\/wp-json\/wp\/v2\/pages\/8779\/revisions"}],"predecessor-version":[{"id":9292,"href":"https:\/\/femtouch.eu\/de\/wp-json\/wp\/v2\/pages\/8779\/revisions\/9292"}],"wp:attachment":[{"href":"https:\/\/femtouch.eu\/de\/wp-json\/wp\/v2\/media?parent=8779"}],"curies":[{"name":"wp","href":"https:\/\/api.w.org\/{rel}","templated":true}]}}