{"id":7273,"date":"2016-07-27T12:10:41","date_gmt":"2016-07-27T12:10:41","guid":{"rendered":"https:\/\/staging.femtouch.eu\/hogar\/"},"modified":"2022-12-21T11:04:31","modified_gmt":"2022-12-21T11:04:31","slug":"hogar","status":"publish","type":"page","link":"https:\/\/femtouch.eu\/es\/","title":{"rendered":"Hogar"},"content":{"rendered":"<div class=\"wpb-content-wrapper\"><p>[vc_row inner_container=\u00bbno\u00bb column_gap=\u00bbno\u00bb padding_top=\u00bb0&#8243; padding_bottom=\u00bb0&#8243; visibility=\u00bbhidden-xs\u00bb][vc_column][vc_single_image image=\u00bb1029&#8243; img_size=\u00bbfull\u00bb][\/vc_column][\/vc_row][vc_row inner_container=\u00bbno\u00bb column_gap=\u00bbno\u00bb padding_top=\u00bb0&#8243; padding_bottom=\u00bb0&#8243; visibility=\u00bbhidden-sm,hidden-md,hidden-lg,hidden-xlg\u00bb][vc_column][vc_single_image image=\u00bb5908&#8243; img_size=\u00bbfull\u00bb][\/vc_column][\/vc_row][vc_row equal_height=\u00bbyes\u00bb content_placement=\u00bbmiddle\u00bb type=\u00bbcolor\u00bb bg_color=\u00bb#f2f2f2&#8243; column_gap=\u00bbno\u00bb padding_top=\u00bb65&#8243; padding_bottom=\u00bb65&#8243;][vc_column width=\u00bb1\/2&#8243; css=\u00bb.vc_custom_1470637694951{padding-right: 25px !important;padding-left: 25px !important;background-color: #ffffff !important;}\u00bb][vc_custom_heading text=\u00bbFemTouch\u2122 \u00a1R\u00e1pido, eficiente, simple!\u00bb font_container=\u00bbtag:h3|text_align:center|color:%23ef6967&#8243; use_theme_fonts=\u00bbyes\u00bb][vc_custom_heading text=\u00bbUn tratamiento no hormonal, sin cirug\u00edas y ambulatorio para una mejor salud femenina\u00bb font_container=\u00bbtag:h4|text_align:center|color:%23696a6c\u00bb use_theme_fonts=\u00bbyes\u00bb css=\u00bb.vc_custom_1539261151020{margin-bottom: 30px !important;padding-top: 20px !important;padding-bottom: 20px !important;}\u00bb][vc_btn title=\u00bbLea m\u00e1s\u00bb style=\u00bboutline\u00bb shape=\u00bbround\u00bb color=\u00bbpink\u00bb align=\u00bbcenter\u00bb css=\u00bb.vc_custom_1584705405094{margin-bottom: 30px !important;}\u00bb link=\u00bburl:https%3A%2F%2Ffemtouch.eu%2Fes%2Four-treatment%2Fabout%2F|||\u00bb][\/vc_column][vc_column width=\u00bb1\/2&#8243; css=\u00bb.vc_custom_1469703389938{margin-left: 0px !important;background-color: #ffffff !important;}\u00bb][vc_video link=\u00bbhttps:\/\/www.youtube.com\/watch?v=95Kw3ds9WlM\u00bb][\/vc_column][\/vc_row][vc_row content_placement=\u00bbmiddle\u00bb type=\u00bbcolor\u00bb column_gap=\u00bbno\u00bb padding_top=\u00bb50&#8243; padding_bottom=\u00bb25&#8243;][vc_column][vc_custom_heading text=\u00bbGente real, historias reales\u00bb font_container=\u00bbtag:h2|text_align:center\u00bb use_theme_fonts=\u00bbyes\u00bb el_class=\u00bbborder_bottom\u00bb][\/vc_column][\/vc_row][vc_row equal_height=\u00bbyes\u00bb text_align=\u00bbcenter\u00bb column_gap=\u00bbno\u00bb padding_bottom=\u00bb0&#8243; el_class=\u00bbtesti\u00bb][vc_column width=\u00bb1\/2&#8243; css=\u00bb.vc_custom_1469703589231{margin-right: 10px !important;background-color: #f2f2f2 !important;}\u00bb][vc_video link=\u00bbhttps:\/\/www.youtube.com\/watch?v=PpJMw0-q4AA&amp;feature=youtu.be\u00bb][vc_column_text font_size=\u00bb20px\u00bb css=\u00bb.vc_custom_1509027581800{padding-right: 35px !important;padding-left: 35px !important;}\u00bb]<em>\u201cNo pod\u00eda creer la diferencia en tan poco tiempo\u201d<br \/>\nRecuper\u00e9 mi vida vida con FemTouch<br \/>\n<\/em><\/p>\n<p style=\"text-align: center;\">La historia de Angela y Tim<\/p>\n<p>[\/vc_column_text][vc_btn title=\u00bbLea m\u00e1s testimonios de mujeres\u00bb style=\u00bboutline\u00bb shape=\u00bbround\u00bb color=\u00bbpink\u00bb align=\u00bbleft\u00bb css=\u00bb.vc_custom_1584705384932{margin-bottom: 30px !important;}\u00bb link=\u00bburl:https%3A%2F%2Ffemtouch.eu%2Fes%2Ffemtouch-testimonials%2Fwomens-testimonials%2F|||\u00bb][\/vc_column][vc_column width=\u00bb1\/2&#8243; css=\u00bb.vc_custom_1469703597082{margin-left: 10px !important;background-color: #f2f2f2 !important;}\u00bb][vc_single_image image=\u00bb1997&#8243; img_size=\u00bb615*346&#8243; alignment=\u00bbcenter\u00bb css=\u00bb.vc_custom_1522217229768{margin-bottom: 20px !important;}\u00bb][vc_column_text font_size=\u00bb20px\u00bb css=\u00bb.vc_custom_Sun Apr 09 2017 11:35:02 GMT+0300 (Jerusalem Standard Time){padding-right: 35px !important;padding-left: 35px !important;}\u00bb]<\/p>\n<p style=\"text-align: center;\"><em>\u201cTan poco esfuerzo para conseguir respuestas tan positivas.<br \/>\nMis pacientes menopa\u00fasicas est\u00e1n muy agradecidas por la ayuda. Una paciente dijo que se sent\u00eda como si tuviera 19 a\u00f1os otra vez\u201d.<br \/>\n<\/em><\/p>\n<p style=\"text-align: center;\">Dr. Scott Evan Eder, Ginec\u00f3logo<\/p>\n<p>[\/vc_column_text][vc_btn title=\u00bbLea m\u00e1s testimonios de m\u00e9dicos\u00bb style=\u00bboutline\u00bb shape=\u00bbround\u00bb color=\u00bbpink\u00bb align=\u00bbleft\u00bb css=\u00bb.vc_custom_1596539080241{margin-bottom: 30px !important;}\u00bb link=\u00bburl:https%3A%2F%2Ffemtouch.eu%2Fes%2Ffemtouch-testimonials%2Fdoctors-thought%2F|||\u00bb][\/vc_column][\/vc_row][vc_row equal_height=\u00bbyes\u00bb content_placement=\u00bbmiddle\u00bb type=\u00bbcolor\u00bb column_gap=\u00bbno\u00bb padding_top=\u00bb20&#8243; padding_bottom=\u00bb65&#8243;][vc_column width=\u00bb1\/2&#8243; css=\u00bb.vc_custom_1499089969147{padding-right: 25px !important;padding-left: 25px !important;background-color: #F2F2F2 !important;}\u00bb][vc_custom_heading text=\u00bbAverig\u00fce lo que los m\u00e9dicos expertos en FemTouch tienen para decir\u00bb font_container=\u00bbtag:h3|text_align:center|color:%23ef6967&#8243; use_theme_fonts=\u00bbyes\u00bb][vc_column_text]<\/p>\n<p style=\"text-align: center;\">Los m\u00e9dicos comparten sus experiencias tratando pacientes con FemTouch, que se ocupa de los problemas habituales en la salud femenina.<\/p>\n<p style=\"text-align: center;\"><em>\u201cSignificativa mejor\u00eda en la calidad de vida\u201d<\/em><\/p>\n<p style=\"text-align: center;\"><em>\u201cEs un \u00e9xito&#8230; algo que no hab\u00eda visto desde el b\u00f3tox\u201d<\/em><\/p>\n<p style=\"text-align: center;\"><em>\u201cPacientes muy satisfechos\u201d<\/em><\/p>\n<p>[\/vc_column_text][\/vc_column][vc_column width=\u00bb1\/2&#8243; css=\u00bb.vc_custom_1469703389938{margin-left: 0px !important;background-color: #ffffff !important;}\u00bb][vc_video link=\u00bbhttps:\/\/www.youtube.com\/watch?v=fqn_ov3_phs\u00bb][\/vc_column][\/vc_row][vc_row equal_height=\u00bbyes\u00bb content_placement=\u00bbmiddle\u00bb type=\u00bbcolor\u00bb bg_color=\u00bb#f2f2f2&#8243; column_gap=\u00bbno\u00bb padding_top=\u00bb50&#8243; padding_bottom=\u00bb60&#8243; margin_top=\u00bb25&#8243;][vc_column][vc_custom_heading text=\u00bbRecursos cl\u00ednicos\u00bb font_container=\u00bbtag:h2|text_align:center\u00bb use_theme_fonts=\u00bbyes\u00bb el_class=\u00bbborder_bottom\u00bb css=\u00bb.vc_custom_1469703713462{margin-bottom: 60px !important;}\u00bb][\/vc_column][vc_column width=\u00bb1\/2&#8243; css=\u00bb.vc_custom_1469698248453{background-color: #ffffff !important;}\u00bb][vc_column_text text_color=\u00bb#ef6967&#8243; font_size=\u00bb24px\u00bb el_class=\u00bbline_h14&#8243;]<\/p>\n<p style=\"text-align: center;\">Lumenis ha estado liderando<br \/>\nel camino en procedimientos l\u00e1ser<br \/>\nginecol\u00f3gicos desde 1979.<\/p>\n<p>[\/vc_column_text][vc_column_text font_size=\u00bb20px\u00bb]<\/p>\n<p style=\"text-align: center;\">Los productos de CO<sub>2<\/sub> de Lumenis se utilizan en<br \/>\ntodo el mundo en una amplia gama de procedimientos vaginales.<\/p>\n<p>[\/vc_column_text][vc_btn title=\u00bbLea m\u00e1s\u00bb style=\u00bboutline\u00bb shape=\u00bbround\u00bb color=\u00bbpink\u00bb align=\u00bbcenter\u00bb css=\u00bb.vc_custom_1584705345139{margin-bottom: 30px !important;}\u00bb link=\u00bburl:https%3A%2F%2Ffemtouch.eu%2Fes%2Ffor-physicians%2Fclinical-resources%2F|||\u00bb][\/vc_column][vc_column width=\u00bb1\/2&#8243;][vc_single_image image=\u00bb7552&#8243; img_size=\u00bbfull\u00bb alignment=\u00bbcenter\u00bb full_width=\u00bbyes\u00bb css=\u00bb.vc_custom_1471175516844{margin-bottom: 0px !important;}\u00bb][\/vc_column][\/vc_row][vc_row][vc_column][\/vc_column][\/vc_row][vc_row 0=\u00bb\u00bb][vc_column 0=\u00bb\u00bb][vc_column_text]<\/p>\n<div id=\"storepoint-container\" data-language=\"spanish\" data-tags=\"women's health\" data-map-id=\"16334002e7fec5\"><\/div>\n<p><script>(function(){var a=document.createElement(\"script\");a.type=\"text\/javascript\";a.async=!0;a.src=\"https:\/\/cdn.storepoint.co\/api\/v1\/js\/16334002e7fec5.js\";var b=document.getElementsByTagName(\"script\")[0];b.parentNode.insertBefore(a,b);}());<\/script><\/p>\n<style>#storepoint-tag-dropdown{display:none!important;}<\/style>\n<p>[\/vc_column_text][vc_column_text]PB-00012470 Rev A_A[\/vc_column_text][\/vc_column][\/vc_row]<\/p>\n<\/div>","protected":false},"excerpt":{"rendered":"<p>[vc_row inner_container=\u00bbno\u00bb column_gap=\u00bbno\u00bb padding_top=\u00bb0&#8243; padding_bottom=\u00bb0&#8243; visibility=\u00bbhidden-xs\u00bb][vc_column][vc_single_image image=\u00bb1029&#8243; img_size=\u00bbfull\u00bb][\/vc_column][\/vc_row][vc_row inner_container=\u00bbno\u00bb column_gap=\u00bbno\u00bb padding_top=\u00bb0&#8243; padding_bottom=\u00bb0&#8243; visibility=\u00bbhidden-sm,hidden-md,hidden-lg,hidden-xlg\u00bb][vc_column][vc_single_image image=\u00bb5908&#8243; img_size=\u00bbfull\u00bb][\/vc_column][\/vc_row][vc_row equal_height=\u00bbyes\u00bb content_placement=\u00bbmiddle\u00bb type=\u00bbcolor\u00bb bg_color=\u00bb#f2f2f2&#8243; column_gap=\u00bbno\u00bb padding_top=\u00bb65&#8243; padding_bottom=\u00bb65&#8243;][vc_column width=\u00bb1\/2&#8243; css=\u00bb.vc_custom_1470637694951{padding-right: 25px !important;padding-left: 25px !important;background-color: #ffffff !important;}\u00bb][vc_custom_heading text=\u00bbFemTouch\u2122 \u00a1R\u00e1pido, eficiente, simple!\u00bb font_container=\u00bbtag:h3|text_align:center|color:%23ef6967&#8243; use_theme_fonts=\u00bbyes\u00bb][vc_custom_heading text=\u00bbUn tratamiento no hormonal, sin cirug\u00edas y ambulatorio para una mejor salud femenina\u00bb font_container=\u00bbtag:h4|text_align:center|color:%23696a6c\u00bb use_theme_fonts=\u00bbyes\u00bb css=\u00bb.vc_custom_1539261151020{margin-bottom: 30px !important;padding-top: 20px !important;padding-bottom: 20px !important;}\u00bb][vc_btn title=\u00bbLea m\u00e1s\u00bb [&hellip;]<\/p>\n","protected":false},"author":1,"featured_media":0,"parent":0,"menu_order":0,"comment_status":"closed","ping_status":"closed","template":"","meta":{"footnotes":""},"class_list":["post-7273","page","type-page","status-publish","hentry"],"yoast_head":"<!-- This site is optimized with the Yoast SEO plugin v27.4 - https:\/\/yoast.com\/product\/yoast-seo-wordpress\/ -->\n<title>Salud vaginal | Femtouch<\/title>\n<meta name=\"description\" content=\"Femtouch de Lumenis es una soluci\u00f3n de l\u00e1ser ginecol\u00f3gico para un tratamiento no hormonal, sin cirug\u00eda y ambulatorio cuyo objetivo es mejorar los s\u00edntomas de la salud vaginal.\" \/>\n<meta name=\"robots\" content=\"index, follow, max-snippet:-1, max-image-preview:large, max-video-preview:-1\" \/>\n<link rel=\"canonical\" href=\"https:\/\/femtouch.eu\/es\/\" \/>\n<meta property=\"og:locale\" content=\"es_ES\" \/>\n<meta property=\"og:type\" content=\"article\" \/>\n<meta property=\"og:title\" content=\"Salud vaginal | Femtouch\" \/>\n<meta property=\"og:description\" content=\"Femtouch de Lumenis es una soluci\u00f3n de l\u00e1ser ginecol\u00f3gico para un tratamiento no hormonal, sin cirug\u00eda y ambulatorio cuyo objetivo es mejorar los s\u00edntomas de la salud vaginal.\" \/>\n<meta property=\"og:url\" content=\"https:\/\/femtouch.eu\/es\/\" \/>\n<meta property=\"og:site_name\" content=\"FemTouch for Improved Vaginal Health\" \/>\n<meta property=\"article:modified_time\" content=\"2022-12-21T11:04:31+00:00\" \/>\n<meta name=\"twitter:card\" content=\"summary_large_image\" \/>\n<meta name=\"twitter:label1\" content=\"Tiempo de lectura\" \/>\n\t<meta name=\"twitter:data1\" content=\"4 minutos\" \/>\n<script type=\"application\/ld+json\" class=\"yoast-schema-graph\">{\"@context\":\"https:\\\/\\\/schema.org\",\"@graph\":[{\"@type\":\"WebPage\",\"@id\":\"https:\\\/\\\/femtouch.eu\\\/es\\\/\",\"url\":\"https:\\\/\\\/femtouch.eu\\\/es\\\/\",\"name\":\"Salud vaginal | Femtouch\",\"isPartOf\":{\"@id\":\"https:\\\/\\\/femtouch.eu\\\/#website\"},\"datePublished\":\"2016-07-27T12:10:41+00:00\",\"dateModified\":\"2022-12-21T11:04:31+00:00\",\"description\":\"Femtouch de Lumenis es una soluci\u00f3n de l\u00e1ser ginecol\u00f3gico para un tratamiento no hormonal, sin cirug\u00eda y ambulatorio cuyo objetivo es mejorar los s\u00edntomas de la salud vaginal.\",\"breadcrumb\":{\"@id\":\"https:\\\/\\\/femtouch.eu\\\/es\\\/#breadcrumb\"},\"inLanguage\":\"es\",\"potentialAction\":[{\"@type\":\"ReadAction\",\"target\":[\"https:\\\/\\\/femtouch.eu\\\/es\\\/\"]}]},{\"@type\":\"BreadcrumbList\",\"@id\":\"https:\\\/\\\/femtouch.eu\\\/es\\\/#breadcrumb\",\"itemListElement\":[{\"@type\":\"ListItem\",\"position\":1,\"name\":\"HOME\",\"item\":\"https:\\\/\\\/femtouch.eu\\\/es\\\/\"},{\"@type\":\"ListItem\",\"position\":2,\"name\":\"Hogar\"}]},{\"@type\":\"WebSite\",\"@id\":\"https:\\\/\\\/femtouch.eu\\\/#website\",\"url\":\"https:\\\/\\\/femtouch.eu\\\/\",\"name\":\"FemTouch for Improved Vaginal Health\",\"description\":\"\",\"potentialAction\":[{\"@type\":\"SearchAction\",\"target\":{\"@type\":\"EntryPoint\",\"urlTemplate\":\"https:\\\/\\\/femtouch.eu\\\/?s={search_term_string}\"},\"query-input\":{\"@type\":\"PropertyValueSpecification\",\"valueRequired\":true,\"valueName\":\"search_term_string\"}}],\"inLanguage\":\"es\"}]}<\/script>\n<!-- \/ Yoast SEO plugin. -->","yoast_head_json":{"title":"Salud vaginal | Femtouch","description":"Femtouch de Lumenis es una soluci\u00f3n de l\u00e1ser ginecol\u00f3gico para un tratamiento no hormonal, sin cirug\u00eda y ambulatorio cuyo objetivo es mejorar los s\u00edntomas de la salud vaginal.","robots":{"index":"index","follow":"follow","max-snippet":"max-snippet:-1","max-image-preview":"max-image-preview:large","max-video-preview":"max-video-preview:-1"},"canonical":"https:\/\/femtouch.eu\/es\/","og_locale":"es_ES","og_type":"article","og_title":"Salud vaginal | Femtouch","og_description":"Femtouch de Lumenis es una soluci\u00f3n de l\u00e1ser ginecol\u00f3gico para un tratamiento no hormonal, sin cirug\u00eda y ambulatorio cuyo objetivo es mejorar los s\u00edntomas de la salud vaginal.","og_url":"https:\/\/femtouch.eu\/es\/","og_site_name":"FemTouch for Improved Vaginal Health","article_modified_time":"2022-12-21T11:04:31+00:00","twitter_card":"summary_large_image","twitter_misc":{"Tiempo de lectura":"4 minutos"},"schema":{"@context":"https:\/\/schema.org","@graph":[{"@type":"WebPage","@id":"https:\/\/femtouch.eu\/es\/","url":"https:\/\/femtouch.eu\/es\/","name":"Salud vaginal | Femtouch","isPartOf":{"@id":"https:\/\/femtouch.eu\/#website"},"datePublished":"2016-07-27T12:10:41+00:00","dateModified":"2022-12-21T11:04:31+00:00","description":"Femtouch de Lumenis es una soluci\u00f3n de l\u00e1ser ginecol\u00f3gico para un tratamiento no hormonal, sin cirug\u00eda y ambulatorio cuyo objetivo es mejorar los s\u00edntomas de la salud vaginal.","breadcrumb":{"@id":"https:\/\/femtouch.eu\/es\/#breadcrumb"},"inLanguage":"es","potentialAction":[{"@type":"ReadAction","target":["https:\/\/femtouch.eu\/es\/"]}]},{"@type":"BreadcrumbList","@id":"https:\/\/femtouch.eu\/es\/#breadcrumb","itemListElement":[{"@type":"ListItem","position":1,"name":"HOME","item":"https:\/\/femtouch.eu\/es\/"},{"@type":"ListItem","position":2,"name":"Hogar"}]},{"@type":"WebSite","@id":"https:\/\/femtouch.eu\/#website","url":"https:\/\/femtouch.eu\/","name":"FemTouch for Improved Vaginal Health","description":"","potentialAction":[{"@type":"SearchAction","target":{"@type":"EntryPoint","urlTemplate":"https:\/\/femtouch.eu\/?s={search_term_string}"},"query-input":{"@type":"PropertyValueSpecification","valueRequired":true,"valueName":"search_term_string"}}],"inLanguage":"es"}]}},"jetpack_shortlink":"https:\/\/wp.me\/P7S3gX-1Tj","jetpack_sharing_enabled":true,"_links":{"self":[{"href":"https:\/\/femtouch.eu\/es\/wp-json\/wp\/v2\/pages\/7273","targetHints":{"allow":["GET"]}}],"collection":[{"href":"https:\/\/femtouch.eu\/es\/wp-json\/wp\/v2\/pages"}],"about":[{"href":"https:\/\/femtouch.eu\/es\/wp-json\/wp\/v2\/types\/page"}],"author":[{"embeddable":true,"href":"https:\/\/femtouch.eu\/es\/wp-json\/wp\/v2\/users\/1"}],"replies":[{"embeddable":true,"href":"https:\/\/femtouch.eu\/es\/wp-json\/wp\/v2\/comments?post=7273"}],"version-history":[{"count":5,"href":"https:\/\/femtouch.eu\/es\/wp-json\/wp\/v2\/pages\/7273\/revisions"}],"predecessor-version":[{"id":9232,"href":"https:\/\/femtouch.eu\/es\/wp-json\/wp\/v2\/pages\/7273\/revisions\/9232"}],"wp:attachment":[{"href":"https:\/\/femtouch.eu\/es\/wp-json\/wp\/v2\/media?parent=7273"}],"curies":[{"name":"wp","href":"https:\/\/api.w.org\/{rel}","templated":true}]}}