{"id":7287,"date":"2016-07-28T11:30:08","date_gmt":"2016-07-28T11:30:08","guid":{"rendered":"https:\/\/staging.femtouch.eu\/our-treatment\/acerca-de-femtouch\/"},"modified":"2022-12-21T11:23:21","modified_gmt":"2022-12-21T11:23:21","slug":"about","status":"publish","type":"page","link":"https:\/\/femtouch.eu\/es\/our-treatment\/about\/","title":{"rendered":"ACERCA DE FEMTOUCH\u2122"},"content":{"rendered":"<div class=\"wpb-content-wrapper\"><p>[vc_row type=\u00bbimage\u00bb bg_position=\u00bbcenter\u00bb bg_position_horizontal=\u00bbcenter\u00bb column_gap=\u00bbno\u00bb padding_top=\u00bb13%\u00bb padding_bottom=\u00bb13%\u00bb bg_image=\u00bb1029&#8243;][vc_column][vc_custom_heading text=\u00bb\u00bb font_container=\u00bbtag:h2|text_align:left|color:%23ffffff\u00bb use_theme_fonts=\u00bbyes\u00bb][\/vc_column][\/vc_row][vc_row text_align=\u00bbcenter\u00bb text_color=\u00bb#ffffff\u00bb column_gap=\u00bbno\u00bb padding_top=\u00bb25&#8243; padding_bottom=\u00bb25&#8243;][vc_column][vc_column_text]<div id=\"ccchildpages-1\" class=\"ccchildpages ccflex  simple ccclearfix\"><ul class=\"ccchildpages_list ccclearfix\"><li class=\"page_item page-item-7287\"><a href=\"https:\/\/femtouch.eu\/es\/our-treatment\/about\/\">ACERCA DE FEMTOUCH\u2122<\/a><\/li>\n<li class=\"page_item page-item-7300\"><a href=\"https:\/\/femtouch.eu\/es\/our-treatment\/how-it-works\/\">\u00bfC\u00d3MO FUNCIONA?<\/a><\/li>\n<li class=\"page_item page-item-7312\"><a href=\"https:\/\/femtouch.eu\/es\/our-treatment\/what-should-i-expect\/\">\u00bfQU\u00c9 DEBER\u00cdA ESPERAR?<\/a><\/li>\n<li class=\"page_item page-item-7321\"><a href=\"https:\/\/femtouch.eu\/es\/our-treatment\/do-i-need-it\/\">\u00bfYO LO NECESITO?<\/a><\/li><\/ul><\/div>[\/vc_column_text][\/vc_column][\/vc_row][vc_row equal_height=\"yes\" content_placement=\"middle\" type=\"color\" bg_color=\"#f2f2f2\" column_gap=\"no\" padding_top=\"65\" padding_bottom=\"25\"][vc_column width=\"1\/2\" css=\".vc_custom_1469703389938{margin-left: 0px !important;background-color: #ffffff !important;}\"][vc_custom_heading text=\"L\u00e1ser FemTouch\u2122 para una mejor salud femenina\" font_container=\"tag:h3|text_align:left|color:%23ef6967\" use_theme_fonts=\"yes\" css=\".vc_custom_1539263483865{margin-top: 0px !important;border-top-width: 0px !important;padding-top: 25px !important;padding-right: 25px !important;padding-bottom: 0px !important;padding-left: 25px !important;}\"][vc_column_text css=\".vc_custom_1539262444488{padding-top: 0px !important;padding-right: 25px !important;padding-bottom: 0px !important;padding-left: 25px !important;}\"]<\/p>\n<p style=\"padding-left: 25px;\">FemTouch\u2122 de Lumenis\u00ae es un tratamiento ambulatorio m\u00ednimamente invasivo, que no requiere cirug\u00eda ni hormonas, para tratar y mejorar la <a href=\"https:\/\/femtouch.eu\/es\/\">salud femenina<\/a>. Con FemTouch\u2122 ya no tiene que convivir con situaciones femeninas dolorosas y embarazosas. Inicie su tratamiento hoy y recupere su vida. <u><\/u><u><\/u><\/p>\n<p style=\"padding-left: 25px;\">A medida que las mujeres envejecen, experimentar\u00e1n cambios en la vagina que se deber\u00e1n, en gran medida, a la disminuci\u00f3n de los niveles de la hormona estr\u00f3geno.<\/p>\n<p>[\/vc_column_text][\/vc_column][vc_column width=\"1\/2\" css=\".vc_custom_1469703385418{background-color: #ffffff !important;}\"][vc_single_image image=\"5950\" img_size=\"full\"][\/vc_column][\/vc_row][vc_row equal_height=\"yes\" content_placement=\"middle\" type=\"color\" bg_color=\"#f2f2f2\" column_gap=\"no\" padding_top=\"65\" padding_bottom=\"25\"][vc_column width=\"1\/2\" css=\".vc_custom_1470814327920{margin-left: 0px !important;background: #ffffff url(https:\/\/femtouch.eu\/wp-content\/uploads\/2016\/08\/infographics-background.jpg?id=611) !important;background-position: center !important;background-repeat: no-repeat !important;background-size: cover !important;}\" el_class=\"mob_bg_fix\"][\/vc_column][vc_column width=\"1\/2\" css=\".vc_custom_1470308320335{margin-top: 0px !important;margin-right: 0px !important;margin-bottom: 0px !important;margin-left: 0px !important;border-top-width: 0px !important;border-right-width: 0px !important;border-bottom-width: 0px !important;border-left-width: 0px !important;padding-top: 0px !important;padding-right: 0px !important;padding-bottom: 0px !important;padding-left: 0px !important;background-color: #ffffff !important;}\"][vc_custom_heading text=\"FemTouch\u2122 es un innovador tratamiento l\u00e1ser de CO\u2082\" font_container=\"tag:h3|text_align:left|color:%23ef6967\" use_theme_fonts=\"yes\" css=\".vc_custom_1470814448734{padding-top: 30px !important;padding-right: 25px !important;padding-left: 25px !important;}\"][vc_column_text css=\".vc_custom_1584709583921{padding-right: 25px !important;padding-bottom: 30px !important;padding-left: 25px !important;}\"]<\/p>\n<p><a href=\"https:\/\/femtouch.eu\/es\/\">FemTouch\u2122<\/a> es un innovador tratamiento l\u00e1ser de CO\u2082 que se aplica a lo largo de las paredes vaginales y ofrece una ablaci\u00f3n y una coagulaci\u00f3n controladas muy suaves del recubrimiento vaginal para una mejor salud femenina.<\/p>\n<p>Desarrollado por la empresa l\u00edder de dispositivos l\u00e1ser para medicina est\u00e9tica en colaboraci\u00f3n con ginec\u00f3logos destacados, Lumenis ahora ofrece un tratamiento eficiente que trata enfermedades femeninas, adem\u00e1s de otros problemas de salud habituales en la mujer.<\/p>\n<p>[\/vc_column_text][\/vc_column][\/vc_row][vc_row equal_height=\"yes\" content_placement=\"middle\" type=\"color\" bg_color=\"#f2f2f2\" column_gap=\"no\" padding_top=\"65\" padding_bottom=\"65\"][vc_column width=\"1\/2\" css=\".vc_custom_1470308320335{margin-top: 0px !important;margin-right: 0px !important;margin-bottom: 0px !important;margin-left: 0px !important;border-top-width: 0px !important;border-right-width: 0px !important;border-bottom-width: 0px !important;border-left-width: 0px !important;padding-top: 0px !important;padding-right: 0px !important;padding-bottom: 0px !important;padding-left: 0px !important;background-color: #ffffff !important;}\"][vc_custom_heading text=\"Lumenis\u00ae - La m\u00e1s grande desarrolladora de dispositivos m\u00e9dicos basados en la emisi\u00f3n de energ\u00eda.\" font_container=\"tag:h3|text_align:left|color:%23ef6967\" use_theme_fonts=\"yes\" css=\".vc_custom_1470814119027{padding-top: 30px !important;padding-right: 25px !important;padding-left: 25px !important;}\"][vc_column_text css=\".vc_custom_1471154904245{padding-right: 25px !important;padding-bottom: 30px !important;padding-left: 25px !important;}\"]Lumenis Ltd., es la empresa de dispositivos m\u00e9dicos basados en la emisi\u00f3n de energ\u00eda para aplicaciones quir\u00fargicas, est\u00e9ticas y oftalmol\u00f3gicas m\u00e1s grande del mundo Como la pionera en el mercado en l\u00e1seres m\u00e9dicos, Lumenis fue la primera en introducir muchas tecnolog\u00edas en el campo, como la luz pulsada intensa (IPL) y el rejuvenecimiento de la piel mediante l\u00e1ser de CO2.<\/p>\n<p>Por m\u00e1s de dos d\u00e9cadas, los ginec\u00f3logos de todo el mundo han estado utilizando los productos de CO\u2082 de Lumenis para llevar a cabo cirug\u00edas m\u00ednimamente invasivas para las indicaciones relacionadas con la fertilidad, la preservaci\u00f3n de ovarios y diversas enfermedades que requieren ablaci\u00f3n, coagulaci\u00f3n, incisi\u00f3n o escisi\u00f3n de tejido blando.[\/vc_column_text][\/vc_column][vc_column width=\"1\/2\" css=\".vc_custom_1470813730866{margin-left: 0px !important;background: #ffffff url(https:\/\/femtouch.eu\/wp-content\/uploads\/2016\/07\/Lumenis-1169.jpg?id=685) !important;background-position: center !important;background-repeat: no-repeat !important;background-size: cover !important;}\" el_class=\"mob_bg_fix\"][\/vc_column][\/vc_row][vc_row content_placement=\"middle\" type=\"color\" column_gap=\"no\" padding_top=\"50\" padding_bottom=\"25\"][vc_column][vc_custom_heading text=\"Gente real, historias reales\" font_container=\"tag:h2|text_align:center\" use_theme_fonts=\"yes\" el_class=\"border_bottom\"][\/vc_column][\/vc_row][vc_row equal_height=\"yes\" text_align=\"center\" column_gap=\"no\" el_class=\"testi\"][vc_column width=\"1\/2\" css=\".vc_custom_1469703589231{margin-right: 10px !important;background-color: #f2f2f2 !important;}\"][vc_single_image image=\"5962\" img_size=\"full\" alignment=\"center\" full_width=\"yes\" css=\".vc_custom_1470831053176{margin-bottom: 20px !important;}\"][vc_column_text font_size=\"20px\" css=\".vc_custom_1471865456626{padding-right: 35px !important;padding-bottom: 5px !important;padding-left: 35px !important;}\"]<\/p>\n<p style=\"text-align: center;\"><em>\u201cNi siquiera sab\u00eda que en realidad necesitaba este procedimiento y, ahora, mi marido y yo estamos tipo \u2018guaw\u2019! Ha sido espectacular. \u00a1Le cont\u00e9 a todas mis amigas acerca de \u00e9l!\u201d<br \/>\n<\/em><\/p>\n<p style=\"text-align: center;\">A.P, Paciente de FemTouch<\/p>\n<p>[\/vc_column_text][vc_btn title=\"Lea m\u00e1s\" style=\"outline\" shape=\"round\" color=\"pink\" align=\"center\" css=\".vc_custom_1584709510172{margin-bottom: 30px !important;}\" link=\"url:https%3A%2F%2Ffemtouch.eu%2Fes%2Ffemtouch-testimonials%2Fwomens-testimonials%2F|||\"][\/vc_column][vc_column width=\"1\/2\" css=\".vc_custom_1469703597082{margin-left: 10px !important;background-color: #f2f2f2 !important;}\"][vc_single_image image=\"6040\" img_size=\"full\" alignment=\"center\" full_width=\"yes\" css=\".vc_custom_1470831187272{margin-bottom: 20px !important;}\"][vc_column_text font_size=\"20px\" css=\".vc_custom_1471865445714{padding-right: 35px !important;padding-bottom: 5px !important;padding-left: 35px !important;}\"]<\/p>\n<p style=\"text-align: center;\"><em>\u201cTan poco esfuerzo para conseguir respuestas tan positivas. \u201cMis pacientes con menopausia est\u00e1n muy agradecidas por la ayuda que supone a la hora de restaurar sus vidas sexuales y aliviar la sequedad vaginal. Una paciente dijo que se sent\u00eda como si tuviera 19 a\u00f1os otra vez\u201d.<\/em><\/p>\n<p style=\"text-align: center;\">Dr. Scott Evan Eder, Ginec\u00f3logo<\/p>\n<p>[\/vc_column_text][vc_btn title=\"Lea m\u00e1s\" style=\"outline\" shape=\"round\" color=\"pink\" align=\"center\" css=\".vc_custom_1584709530725{margin-bottom: 30px !important;}\" link=\"url:https%3A%2F%2Ffemtouch.eu%2Fes%2Ffemtouch-testimonials%2Fdoctors-thought%2F|||\"][\/vc_column][\/vc_row][vc_row equal_height=\"yes\" content_placement=\"middle\" type=\"color\" bg_color=\"#f2f2f2\" column_gap=\"no\" padding_top=\"50\" padding_bottom=\"60\" margin_top=\"25\"][vc_column][vc_custom_heading text=\"Recursos cl\u00ednicos\" font_container=\"tag:h2|text_align:center\" use_theme_fonts=\"yes\" el_class=\"border_bottom\" css=\".vc_custom_1469703713462{margin-bottom: 60px !important;}\"][\/vc_column][vc_column width=\"1\/2\" css=\".vc_custom_1469698248453{background-color: #ffffff !important;}\"][vc_column_text text_color=\"#ef6967\" font_size=\"24px\" el_class=\"line_h14\"]<\/p>\n<p style=\"text-align: center;\">Tratamiento con FemTouch para<br \/>\nuna mejor salud femenina<br \/>\nDr. M. Marziali<\/p>\n<p>[\/vc_column_text][vc_column_text font_size=\"20px\"]<\/p>\n<p style=\"text-align: center;\">Recientes estudios muestran que los l\u00e1seres<br \/>\nde CO2 han sido efectivos en aliviar significativamente<br \/>\nlos s\u00edntomas como las sensaciones de<br \/>\nsequedad vaginal, irritaci\u00f3n y ardor.<\/p>\n<p>[\/vc_column_text][vc_btn title=\"Lea m\u00e1s\" style=\"outline\" shape=\"round\" color=\"pink\" align=\"center\" css=\".vc_custom_1584709496678{margin-bottom: 30px !important;}\" link=\"url:https%3A%2F%2Ffemtouch.eu%2Fes%2Ffor-physicians%2Fclinical-resources%2F|||\"][\/vc_column][vc_column width=\"1\/2\"][vc_single_image image=\"7552\" img_size=\"full\" alignment=\"center\" full_width=\"yes\" css=\".vc_custom_1471176760652{margin-bottom: 0px !important;}\"][\/vc_column][\/vc_row][vc_row content_placement=\"middle\" type=\"color\" column_gap=\"no\" padding_top=\"50\" padding_bottom=\"25\"][vc_column][vc_custom_heading text=\"\u00bfPREGUNTAS?\" font_container=\"tag:h2|text_align:center\" use_theme_fonts=\"yes\" el_class=\"border_bottom\" css=\".vc_custom_1471176817807{margin-bottom: 60px !important;}\"][vc_row_inner equal_height=\"yes\" content_placement=\"middle\"][vc_column_inner width=\"1\/2\"][vc_column_text font_size=\"20px\"]<\/p>\n<h3 style=\"text-align: center;\"><span style=\"color: #f05151;\">\u00bfEs doloroso el tratamiento FemTouch?<\/span><\/h3>\n<p style=\"text-align: center;\">Los tratamientos FemTouch\u2122 son c\u00f3modos y no<br \/>\nrequieren adormecimiento ni anestesia.<\/p>\n<p>[\/vc_column_text][vc_btn title=\"Lea m\u00e1s\" style=\"outline\" shape=\"round\" color=\"pink\" align=\"center\" css=\".vc_custom_1584709478532{margin-bottom: 30px !important;}\" link=\"url:https%3A%2F%2Ffemtouch.eu%2Fes%2Fquestions%2F|||\"][\/vc_column_inner][vc_column_inner width=\"1\/2\"][vc_single_image image=\"600\" img_size=\"full\" full_width=\"yes\"][\/vc_column_inner][\/vc_row_inner][\/vc_column][\/vc_row][vc_row type=\"color\" bg_color=\"#f2f2f2\" padding_top=\"80\" padding_bottom=\"120\"][vc_column][vc_column_text]<\/p>\n<div id=\"storepoint-container\" data-language=\"spanish\" data-tags=\"women's health\" data-map-id=\"16334002e7fec5\"><\/div>\n<p><script>(function(){var a=document.createElement(\"script\");a.type=\"text\/javascript\";a.async=!0;a.src=\"https:\/\/cdn.storepoint.co\/api\/v1\/js\/16334002e7fec5.js\";var b=document.getElementsByTagName(\"script\")[0];b.parentNode.insertBefore(a,b);}());<\/script><\/p>\n<style>#storepoint-tag-dropdown{display:none!important;}<\/style>\n<p>[\/vc_column_text][vc_column_text]PB-00012480 Rev A_A[\/vc_column_text][\/vc_column][\/vc_row]<\/p>\n<\/div>","protected":false},"excerpt":{"rendered":"<p>[vc_row type=\u00bbimage\u00bb bg_position=\u00bbcenter\u00bb bg_position_horizontal=\u00bbcenter\u00bb column_gap=\u00bbno\u00bb padding_top=\u00bb13%\u00bb padding_bottom=\u00bb13%\u00bb bg_image=\u00bb1029&#8243;][vc_column][vc_custom_heading text=\u00bb\u00bb font_container=\u00bbtag:h2|text_align:left|color:%23ffffff\u00bb use_theme_fonts=\u00bbyes\u00bb][\/vc_column][\/vc_row][vc_row text_align=\u00bbcenter\u00bb text_color=\u00bb#ffffff\u00bb column_gap=\u00bbno\u00bb padding_top=\u00bb25&#8243; padding_bottom=\u00bb25&#8243;][vc_column][vc_column_text][\/vc_column_text][\/vc_column][\/vc_row][vc_row equal_height=\u00bbyes\u00bb content_placement=\u00bbmiddle\u00bb type=\u00bbcolor\u00bb bg_color=\u00bb#f2f2f2&#8243; column_gap=\u00bbno\u00bb padding_top=\u00bb65&#8243; padding_bottom=\u00bb25&#8243;][vc_column width=\u00bb1\/2&#8243; css=\u00bb.vc_custom_1469703389938{margin-left: 0px !important;background-color: #ffffff !important;}\u00bb][vc_custom_heading text=\u00bbL\u00e1ser FemTouch\u2122 para una mejor salud femenina\u00bb font_container=\u00bbtag:h3|text_align:left|color:%23ef6967&#8243; use_theme_fonts=\u00bbyes\u00bb css=\u00bb.vc_custom_1539263483865{margin-top: 0px !important;border-top-width: 0px !important;padding-top: 25px !important;padding-right: 25px !important;padding-bottom: 0px !important;padding-left: 25px !important;}\u00bb][vc_column_text css=\u00bb.vc_custom_1539262444488{padding-top: 0px !important;padding-right: 25px !important;padding-bottom: 0px !important;padding-left: 25px !important;}\u00bb] [&hellip;]<\/p>\n","protected":false},"author":1,"featured_media":0,"parent":6097,"menu_order":0,"comment_status":"closed","ping_status":"closed","template":"","meta":{"footnotes":""},"class_list":["post-7287","page","type-page","status-publish","hentry"],"yoast_head":"<!-- This site is optimized with the Yoast SEO plugin v27.3 - https:\/\/yoast.com\/product\/yoast-seo-wordpress\/ -->\n<title>Tratamiento con Femtouch, Salud vaginal | Femtouch - Salud vaginal<\/title>\n<meta name=\"description\" content=\"El tratamiento con FemTouch de Lumenis es un procedimiento ambulatorio, m\u00ednimamente invasivo, que no requiere cirug\u00eda ni hormonas, para mejorar la salud vaginal.\" \/>\n<meta name=\"robots\" content=\"index, follow, max-snippet:-1, max-image-preview:large, max-video-preview:-1\" \/>\n<link rel=\"canonical\" href=\"https:\/\/femtouch.eu\/es\/our-treatment\/about\/\" \/>\n<meta property=\"og:locale\" content=\"es_ES\" \/>\n<meta property=\"og:type\" content=\"article\" \/>\n<meta property=\"og:title\" content=\"Tratamiento con Femtouch, Salud vaginal | Femtouch - Salud vaginal\" \/>\n<meta property=\"og:description\" content=\"El tratamiento con FemTouch de Lumenis es un procedimiento ambulatorio, m\u00ednimamente invasivo, que no requiere cirug\u00eda ni hormonas, para mejorar la salud vaginal.\" \/>\n<meta property=\"og:url\" content=\"https:\/\/femtouch.eu\/our-treatment\/about\/\" \/>\n<meta property=\"og:site_name\" content=\"FemTouch for Improved Vaginal Health\" \/>\n<meta property=\"article:modified_time\" content=\"2022-12-21T11:23:21+00:00\" \/>\n<meta name=\"twitter:card\" content=\"summary_large_image\" \/>\n<meta name=\"twitter:label1\" content=\"Tiempo de lectura\" \/>\n\t<meta name=\"twitter:data1\" content=\"8 minutos\" \/>\n<script type=\"application\/ld+json\" class=\"yoast-schema-graph\">{\"@context\":\"https:\\\/\\\/schema.org\",\"@graph\":[{\"@type\":\"WebPage\",\"@id\":\"https:\\\/\\\/femtouch.eu\\\/our-treatment\\\/about\\\/\",\"url\":\"https:\\\/\\\/femtouch.eu\\\/our-treatment\\\/about\\\/\",\"name\":\"Tratamiento con Femtouch, Salud vaginal | Femtouch - Salud vaginal\",\"isPartOf\":{\"@id\":\"https:\\\/\\\/femtouch.eu\\\/#website\"},\"datePublished\":\"2016-07-28T11:30:08+00:00\",\"dateModified\":\"2022-12-21T11:23:21+00:00\",\"description\":\"El tratamiento con FemTouch de Lumenis es un procedimiento ambulatorio, m\u00ednimamente invasivo, que no requiere cirug\u00eda ni hormonas, para mejorar la salud vaginal.\",\"breadcrumb\":{\"@id\":\"https:\\\/\\\/femtouch.eu\\\/our-treatment\\\/about\\\/#breadcrumb\"},\"inLanguage\":\"es\",\"potentialAction\":[{\"@type\":\"ReadAction\",\"target\":[\"https:\\\/\\\/femtouch.eu\\\/our-treatment\\\/about\\\/\"]}]},{\"@type\":\"BreadcrumbList\",\"@id\":\"https:\\\/\\\/femtouch.eu\\\/our-treatment\\\/about\\\/#breadcrumb\",\"itemListElement\":[{\"@type\":\"ListItem\",\"position\":1,\"name\":\"HOME\",\"item\":\"https:\\\/\\\/femtouch.eu\\\/es\\\/\"},{\"@type\":\"ListItem\",\"position\":2,\"name\":\"OUR TREATMENT\",\"item\":\"https:\\\/\\\/femtouch.eu\\\/es\\\/our-treatment\\\/\"},{\"@type\":\"ListItem\",\"position\":3,\"name\":\"ACERCA DE FEMTOUCH\u2122\"}]},{\"@type\":\"WebSite\",\"@id\":\"https:\\\/\\\/femtouch.eu\\\/#website\",\"url\":\"https:\\\/\\\/femtouch.eu\\\/\",\"name\":\"FemTouch for Improved Vaginal Health\",\"description\":\"\",\"potentialAction\":[{\"@type\":\"SearchAction\",\"target\":{\"@type\":\"EntryPoint\",\"urlTemplate\":\"https:\\\/\\\/femtouch.eu\\\/?s={search_term_string}\"},\"query-input\":{\"@type\":\"PropertyValueSpecification\",\"valueRequired\":true,\"valueName\":\"search_term_string\"}}],\"inLanguage\":\"es\"}]}<\/script>\n<!-- \/ Yoast SEO plugin. -->","yoast_head_json":{"title":"Tratamiento con Femtouch, Salud vaginal | Femtouch - Salud vaginal","description":"El tratamiento con FemTouch de Lumenis es un procedimiento ambulatorio, m\u00ednimamente invasivo, que no requiere cirug\u00eda ni hormonas, para mejorar la salud vaginal.","robots":{"index":"index","follow":"follow","max-snippet":"max-snippet:-1","max-image-preview":"max-image-preview:large","max-video-preview":"max-video-preview:-1"},"canonical":"https:\/\/femtouch.eu\/es\/our-treatment\/about\/","og_locale":"es_ES","og_type":"article","og_title":"Tratamiento con Femtouch, Salud vaginal | Femtouch - Salud vaginal","og_description":"El tratamiento con FemTouch de Lumenis es un procedimiento ambulatorio, m\u00ednimamente invasivo, que no requiere cirug\u00eda ni hormonas, para mejorar la salud vaginal.","og_url":"https:\/\/femtouch.eu\/our-treatment\/about\/","og_site_name":"FemTouch for Improved Vaginal Health","article_modified_time":"2022-12-21T11:23:21+00:00","twitter_card":"summary_large_image","twitter_misc":{"Tiempo de lectura":"8 minutos"},"schema":{"@context":"https:\/\/schema.org","@graph":[{"@type":"WebPage","@id":"https:\/\/femtouch.eu\/our-treatment\/about\/","url":"https:\/\/femtouch.eu\/our-treatment\/about\/","name":"Tratamiento con Femtouch, Salud vaginal | Femtouch - Salud vaginal","isPartOf":{"@id":"https:\/\/femtouch.eu\/#website"},"datePublished":"2016-07-28T11:30:08+00:00","dateModified":"2022-12-21T11:23:21+00:00","description":"El tratamiento con FemTouch de Lumenis es un procedimiento ambulatorio, m\u00ednimamente invasivo, que no requiere cirug\u00eda ni hormonas, para mejorar la salud vaginal.","breadcrumb":{"@id":"https:\/\/femtouch.eu\/our-treatment\/about\/#breadcrumb"},"inLanguage":"es","potentialAction":[{"@type":"ReadAction","target":["https:\/\/femtouch.eu\/our-treatment\/about\/"]}]},{"@type":"BreadcrumbList","@id":"https:\/\/femtouch.eu\/our-treatment\/about\/#breadcrumb","itemListElement":[{"@type":"ListItem","position":1,"name":"HOME","item":"https:\/\/femtouch.eu\/es\/"},{"@type":"ListItem","position":2,"name":"OUR TREATMENT","item":"https:\/\/femtouch.eu\/es\/our-treatment\/"},{"@type":"ListItem","position":3,"name":"ACERCA DE FEMTOUCH\u2122"}]},{"@type":"WebSite","@id":"https:\/\/femtouch.eu\/#website","url":"https:\/\/femtouch.eu\/","name":"FemTouch for Improved Vaginal Health","description":"","potentialAction":[{"@type":"SearchAction","target":{"@type":"EntryPoint","urlTemplate":"https:\/\/femtouch.eu\/?s={search_term_string}"},"query-input":{"@type":"PropertyValueSpecification","valueRequired":true,"valueName":"search_term_string"}}],"inLanguage":"es"}]}},"jetpack_shortlink":"https:\/\/wp.me\/P7S3gX-1Tx","jetpack_sharing_enabled":true,"_links":{"self":[{"href":"https:\/\/femtouch.eu\/es\/wp-json\/wp\/v2\/pages\/7287","targetHints":{"allow":["GET"]}}],"collection":[{"href":"https:\/\/femtouch.eu\/es\/wp-json\/wp\/v2\/pages"}],"about":[{"href":"https:\/\/femtouch.eu\/es\/wp-json\/wp\/v2\/types\/page"}],"author":[{"embeddable":true,"href":"https:\/\/femtouch.eu\/es\/wp-json\/wp\/v2\/users\/1"}],"replies":[{"embeddable":true,"href":"https:\/\/femtouch.eu\/es\/wp-json\/wp\/v2\/comments?post=7287"}],"version-history":[{"count":5,"href":"https:\/\/femtouch.eu\/es\/wp-json\/wp\/v2\/pages\/7287\/revisions"}],"predecessor-version":[{"id":9349,"href":"https:\/\/femtouch.eu\/es\/wp-json\/wp\/v2\/pages\/7287\/revisions\/9349"}],"up":[{"embeddable":true,"href":"https:\/\/femtouch.eu\/es\/wp-json\/wp\/v2\/pages\/6097"}],"wp:attachment":[{"href":"https:\/\/femtouch.eu\/es\/wp-json\/wp\/v2\/media?parent=7287"}],"curies":[{"name":"wp","href":"https:\/\/api.w.org\/{rel}","templated":true}]}}