{"id":7321,"date":"2016-07-28T11:35:00","date_gmt":"2016-07-28T11:35:00","guid":{"rendered":"https:\/\/staging.femtouch.eu\/our-treatment\/yo-lo-necesito\/"},"modified":"2022-12-21T11:23:28","modified_gmt":"2022-12-21T11:23:28","slug":"do-i-need-it","status":"publish","type":"page","link":"https:\/\/femtouch.eu\/es\/our-treatment\/do-i-need-it\/","title":{"rendered":"\u00bfYO LO NECESITO?"},"content":{"rendered":"<div class=\"wpb-content-wrapper\"><p>[vc_row type=\u00bbimage\u00bb bg_position=\u00bbcenter\u00bb bg_position_horizontal=\u00bbcenter\u00bb column_gap=\u00bbno\u00bb padding_top=\u00bb13%\u00bb padding_bottom=\u00bb13%\u00bb bg_image=\u00bb682&#8243;][vc_column][vc_custom_heading text=\u00bb\u00bb font_container=\u00bbtag:h2|text_align:right|color:%23ffffff\u00bb use_theme_fonts=\u00bbyes\u00bb css=\u00bb.vc_custom_1470817422713{padding-right: 25px !important;padding-left: 25px !important;}\u00bb][\/vc_column][\/vc_row][vc_row text_align=\u00bbcenter\u00bb column_gap=\u00bbno\u00bb padding_top=\u00bb25&#8243; padding_bottom=\u00bb25&#8243;][vc_column][vc_column_text]<div id=\"ccchildpages-1\" class=\"ccchildpages ccflex  simple ccclearfix\"><ul class=\"ccchildpages_list ccclearfix\"><li class=\"page_item page-item-7287\"><a href=\"https:\/\/femtouch.eu\/es\/our-treatment\/about\/\">ACERCA DE FEMTOUCH\u2122<\/a><\/li>\n<li class=\"page_item page-item-7300\"><a href=\"https:\/\/femtouch.eu\/es\/our-treatment\/how-it-works\/\">\u00bfC\u00d3MO FUNCIONA?<\/a><\/li>\n<li class=\"page_item page-item-7312\"><a href=\"https:\/\/femtouch.eu\/es\/our-treatment\/what-should-i-expect\/\">\u00bfQU\u00c9 DEBER\u00cdA ESPERAR?<\/a><\/li>\n<li class=\"page_item page-item-7321\"><a href=\"https:\/\/femtouch.eu\/es\/our-treatment\/do-i-need-it\/\">\u00bfYO LO NECESITO?<\/a><\/li><\/ul><\/div>[\/vc_column_text][\/vc_column][\/vc_row][vc_row equal_height=\"yes\" content_placement=\"middle\" type=\"color\" bg_color=\"#f2f2f2\" column_gap=\"no\" padding_top=\"65\" padding_bottom=\"25\"][vc_column width=\"1\/2\" css=\".vc_custom_1469703385418{background-color: #ffffff !important;}\"][vc_column_text]<\/p>\n<h3 style=\"padding-left: 25px; padding-top: 25px; color: #ef6967;\">\u00bfQui\u00e9n es apta para FemTouch\u2122?<\/h3>\n<p>[\/vc_column_text][vc_column_text css=\".vc_custom_Thu Jun 08 2017 17:09:43 GMT+0300 (Jerusalem Standard Time){padding-right: 25px !important;padding-left: 25px !important;}\"]<\/p>\n<p style=\"padding-left: 25px;\">FemTouch\u2122 es apto para mujeres en etapa premenop\u00e1usica, menop\u00e1usica y posmenop\u00e1usica, desde j\u00f3venes de 20, hasta de 70 o incluso 80 a\u00f1os que busquen mejorar su salud vaginal.<\/p>\n<p>[\/vc_column_text][vc_column_text]<\/p>\n<h3 style=\"padding-left: 25px; color: #ef6967;\">\u00bfNecesito un tratamiento vaginal?<\/h3>\n<p>[\/vc_column_text][vc_column_text css=\".vc_custom_1581415502786{margin-bottom: 10px !important;padding-right: 25px !important;padding-left: 25px !important;}\"]<\/p>\n<p style=\"padding-left: 25px;\">Las mujeres, especialmente las menop\u00e1usicas y luego de dar a luz, comienzan a observar s\u00edntomas relacionados con la salud femenina que afectan a su calidad y estilo de vida.<\/p>\n<p>[\/vc_column_text][\/vc_column][vc_column width=\"1\/2\" css=\".vc_custom_1469703389938{margin-left: 0px !important;background-color: #ffffff !important;}\"][vc_single_image image=\"5950\" img_size=\"full\"][\/vc_column][\/vc_row][vc_row equal_height=\"yes\" content_placement=\"middle\" type=\"color\" bg_color=\"#f2f2f2\" column_gap=\"no\" padding_top=\"25\" padding_bottom=\"65\"][vc_column width=\"1\/2\" css=\".vc_custom_1469703385418{background-color: #ffffff !important;}\"][vc_column_text css=\".vc_custom_Sun Apr 09 2017 14:08:32 GMT+0300 (Jerusalem Standard Time){padding-left: 25px !important;}\"]<\/p>\n<p style=\"padding-left: 25px; padding-top: 25px; padding-bottom: 25px;\">Es importante consultar a un m\u00e9dico sobre los posibles tratamientos disponibles en funci\u00f3n de sus dudas personales y su historial m\u00e9dico.<\/p>\n<p>[\/vc_column_text][\/vc_column][vc_column width=\"1\/2\" css=\".vc_custom_1470817989316{margin-left: 0px !important;background: #ffffff url(https:\/\/femtouch.eu\/wp-content\/uploads\/2016\/08\/infographics-background.jpg?id=611) !important;background-position: center !important;background-repeat: no-repeat !important;background-size: cover !important;}\"][\/vc_column][\/vc_row][vc_row content_placement=\"middle\" type=\"color\" column_gap=\"no\" padding_top=\"50\" padding_bottom=\"25\"][vc_column][vc_custom_heading text=\"Gente real, historias reales\" font_container=\"tag:h2|text_align:center\" use_theme_fonts=\"yes\" el_class=\"border_bottom\"][\/vc_column][\/vc_row][vc_row equal_height=\"yes\" text_align=\"center\" column_gap=\"no\" el_class=\"testi\"][vc_column width=\"1\/2\" css=\".vc_custom_1469703589231{margin-right: 10px !important;background-color: #f2f2f2 !important;}\"][vc_single_image image=\"5962\" img_size=\"full\" alignment=\"center\" full_width=\"yes\" css=\".vc_custom_1470818037635{margin-bottom: 20px !important;}\"][vc_column_text font_size=\"20px\" css=\".vc_custom_1471865701057{padding-right: 35px !important;padding-left: 35px !important;}\"]<\/p>\n<p style=\"text-align: center;\"><em>\u201cNi siquiera sab\u00eda que en realidad necesitaba este procedimiento y, ahora, mi marido y yo estamos tipo \u2018guaw\u2019! Ha sido espectacular. \u00a1Le cont\u00e9 a todas mis amigas acerca de \u00e9l!\u201d<br \/>\n<\/em><\/p>\n<p style=\"text-align: center;\">A.P, Paciente de FemTouch<\/p>\n<p>[\/vc_column_text][vc_btn title=\"Lea m\u00e1s\" style=\"outline\" shape=\"round\" color=\"pink\" align=\"center\" css=\".vc_custom_1584712862007{margin-bottom: 30px !important;}\" link=\"url:https%3A%2F%2Ffemtouch.eu%2Fes%2Ffemtouch-testimonials%2Fwomens-testimonials%2F|||\"][\/vc_column][vc_column width=\"1\/2\" css=\".vc_custom_1469703597082{margin-left: 10px !important;background-color: #f2f2f2 !important;}\"][vc_single_image image=\"6040\" img_size=\"full\" alignment=\"center\" full_width=\"yes\" css=\".vc_custom_1470831300556{margin-bottom: 20px !important;}\"][vc_column_text font_size=\"20px\" css=\".vc_custom_1471865682747{padding-right: 35px !important;padding-left: 35px !important;}\"]<\/p>\n<p style=\"text-align: center;\"><em>\u201cTan poco esfuerzo para conseguir respuestas tan positivas. <\/em><\/p>\n<p style=\"text-align: center;\"><em>\u201cMis pacientes con menopausia est\u00e1n muy agradecidas por la ayuda que supone a la hora de restaurar sus vidas sexuales y aliviar la sequedad vaginal. Una paciente dijo que se sent\u00eda como si tuviera 19 a\u00f1os otra vez\u201d.<\/em><\/p>\n<p style=\"text-align: center;\">Dr. Scott Evan Eder, Ginec\u00f3logo<\/p>\n<p>[\/vc_column_text][vc_btn title=\"Lea m\u00e1s\" style=\"outline\" shape=\"round\" color=\"pink\" align=\"center\" css=\".vc_custom_1584712875707{margin-bottom: 30px !important;}\" link=\"url:https%3A%2F%2Ffemtouch.eu%2Fes%2Ffemtouch-testimonials%2Fdoctors-thought%2F|||\"][\/vc_column][\/vc_row][vc_row equal_height=\"yes\" content_placement=\"middle\" type=\"color\" bg_color=\"#f2f2f2\" column_gap=\"no\" padding_top=\"50\" padding_bottom=\"60\" margin_top=\"25\"][vc_column][vc_custom_heading text=\"Recursos cl\u00ednicos\" font_container=\"tag:h2|text_align:center\" use_theme_fonts=\"yes\" el_class=\"border_bottom\" css=\".vc_custom_1469703713462{margin-bottom: 60px !important;}\"][\/vc_column][vc_column width=\"1\/2\" css=\".vc_custom_1469698248453{background-color: #ffffff !important;}\"][vc_custom_heading text=\"Tratamiento con FemTouch\u2122 para mejorar la salud vaginal Dr. M. Marziali\" font_container=\"tag:h3|text_align:center|color:%23ef6967\" use_theme_fonts=\"yes\" css=\".vc_custom_1471181759565{margin-bottom: 30px !important;}\"][vc_column_text font_size=\"20px\"]<\/p>\n<p style=\"text-align: center;\">Recientes estudios muestran que los l\u00e1seres<br \/>\nde CO2 han sido efectivos en aliviar significativamente<br \/>\nlos s\u00edntomas como las sensaciones de<br \/>\nsequedad vaginal, irritaci\u00f3n y ardor.<\/p>\n<p>[\/vc_column_text][vc_btn title=\"Lea m\u00e1s\" style=\"outline\" shape=\"round\" color=\"pink\" align=\"center\" css=\".vc_custom_1584712845571{margin-bottom: 30px !important;}\" link=\"url:https%3A%2F%2Ffemtouch.eu%2Fes%2Ffor-physicians%2Fclinical-resources%2F|||\"][\/vc_column][vc_column width=\"1\/2\"][vc_single_image image=\"7552\" img_size=\"full\" alignment=\"center\" full_width=\"yes\" css=\".vc_custom_1471177462721{margin-bottom: 0px !important;}\"][\/vc_column][\/vc_row][vc_row content_placement=\"middle\" type=\"color\" column_gap=\"no\" padding_top=\"50\" padding_bottom=\"25\"][vc_column][vc_custom_heading text=\"\u00bfPREGUNTAS?\" font_container=\"tag:h2|text_align:center\" use_theme_fonts=\"yes\" el_class=\"border_bottom\" css=\".vc_custom_1471177495283{margin-bottom: 60px !important;}\"][vc_row_inner equal_height=\"yes\" content_placement=\"middle\"][vc_column_inner width=\"1\/2\"][vc_custom_heading text=\"\u00bfEs doloroso el tratamiento FemTouch?\" font_container=\"tag:h3|text_align:center|color:%23ef6967\" use_theme_fonts=\"yes\" css=\".vc_custom_1471181763934{margin-bottom: 30px !important;}\"][vc_column_text font_size=\"20px\"]<\/p>\n<p style=\"text-align: center;\">Los tratamientos FemTouch\u2122 son c\u00f3modos y no requieren adormecimiento ni anestesia.<\/p>\n<p>[\/vc_column_text][vc_btn title=\"Lea m\u00e1s\" style=\"outline\" shape=\"round\" color=\"pink\" align=\"center\" css=\".vc_custom_1584712823165{margin-bottom: 30px !important;}\" link=\"url:https%3A%2F%2Ffemtouch.eu%2Fes%2Fquestions%2F|||\"][\/vc_column_inner][vc_column_inner width=\"1\/2\"][vc_single_image image=\"600\" img_size=\"full\" full_width=\"yes\"][\/vc_column_inner][\/vc_row_inner][\/vc_column][\/vc_row][vc_row type=\"color\" bg_color=\"#f2f2f2\" padding_top=\"80\" padding_bottom=\"120\"][vc_column][vc_column_text]<\/p>\n<div id=\"storepoint-container\" data-language=\"spanish\" data-tags=\"women's health\" data-map-id=\"16334002e7fec5\"><\/div>\n<p><script>(function(){var a=document.createElement(\"script\");a.type=\"text\/javascript\";a.async=!0;a.src=\"https:\/\/cdn.storepoint.co\/api\/v1\/js\/16334002e7fec5.js\";var b=document.getElementsByTagName(\"script\")[0];b.parentNode.insertBefore(a,b);}());<\/script><\/p>\n<style>#storepoint-tag-dropdown{display:none!important;}<\/style>\n<p>[\/vc_column_text][vc_column_text]PB-00012510 Rev A_A[\/vc_column_text][\/vc_column][\/vc_row]<\/p>\n<\/div>","protected":false},"excerpt":{"rendered":"<p>[vc_row type=\u00bbimage\u00bb bg_position=\u00bbcenter\u00bb bg_position_horizontal=\u00bbcenter\u00bb column_gap=\u00bbno\u00bb padding_top=\u00bb13%\u00bb padding_bottom=\u00bb13%\u00bb bg_image=\u00bb682&#8243;][vc_column][vc_custom_heading text=\u00bb\u00bb font_container=\u00bbtag:h2|text_align:right|color:%23ffffff\u00bb use_theme_fonts=\u00bbyes\u00bb css=\u00bb.vc_custom_1470817422713{padding-right: 25px !important;padding-left: 25px !important;}\u00bb][\/vc_column][\/vc_row][vc_row text_align=\u00bbcenter\u00bb column_gap=\u00bbno\u00bb padding_top=\u00bb25&#8243; padding_bottom=\u00bb25&#8243;][vc_column][vc_column_text][\/vc_column_text][\/vc_column][\/vc_row][vc_row equal_height=\u00bbyes\u00bb content_placement=\u00bbmiddle\u00bb type=\u00bbcolor\u00bb bg_color=\u00bb#f2f2f2&#8243; column_gap=\u00bbno\u00bb padding_top=\u00bb65&#8243; padding_bottom=\u00bb25&#8243;][vc_column width=\u00bb1\/2&#8243; css=\u00bb.vc_custom_1469703385418{background-color: #ffffff !important;}\u00bb][vc_column_text] \u00bfQui\u00e9n es apta para FemTouch\u2122? [\/vc_column_text][vc_column_text css=\u00bb.vc_custom_Thu Jun 08 2017 17:09:43 GMT+0300 (Jerusalem Standard Time){padding-right: 25px !important;padding-left: 25px !important;}\u00bb] FemTouch\u2122 es apto para mujeres en etapa premenop\u00e1usica, menop\u00e1usica y [&hellip;]<\/p>\n","protected":false},"author":1,"featured_media":0,"parent":6097,"menu_order":0,"comment_status":"closed","ping_status":"closed","template":"","meta":{"footnotes":""},"class_list":["post-7321","page","type-page","status-publish","hentry"],"yoast_head":"<!-- This site is optimized with the Yoast SEO plugin v27.3 - https:\/\/yoast.com\/product\/yoast-seo-wordpress\/ -->\n<title>\u00bfNecesito un tratamiento vaginal? Qui\u00e9n es apta para la salud vaginal, qui\u00e9n es apta para Femtouch | Femtouch - Salud vaginal<\/title>\n<meta name=\"description\" content=\"FemTouch es apto para las mujeres, especialmente luego de dar a luz y las que est\u00e1n en la menopausia, que comienzan a observar s\u00edntomas relacionados con la salud vaginal que afectan a su calidad de vida, mientras se ocupan de mejorar su salud vaginal.\" \/>\n<meta name=\"robots\" content=\"index, follow, max-snippet:-1, max-image-preview:large, max-video-preview:-1\" \/>\n<link rel=\"canonical\" href=\"https:\/\/femtouch.eu\/es\/our-treatment\/do-i-need-it\/\" \/>\n<meta property=\"og:locale\" content=\"es_ES\" \/>\n<meta property=\"og:type\" content=\"article\" \/>\n<meta property=\"og:title\" content=\"\u00bfNecesito un tratamiento vaginal? Qui\u00e9n es apta para la salud vaginal, qui\u00e9n es apta para Femtouch | Femtouch - Salud vaginal\" \/>\n<meta property=\"og:description\" content=\"FemTouch es apto para las mujeres, especialmente luego de dar a luz y las que est\u00e1n en la menopausia, que comienzan a observar s\u00edntomas relacionados con la salud vaginal que afectan a su calidad de vida, mientras se ocupan de mejorar su salud vaginal.\" \/>\n<meta property=\"og:url\" content=\"https:\/\/femtouch.eu\/our-treatment\/do-i-need-it\/\" \/>\n<meta property=\"og:site_name\" content=\"FemTouch for Improved Vaginal Health\" \/>\n<meta property=\"article:modified_time\" content=\"2022-12-21T11:23:28+00:00\" \/>\n<meta name=\"twitter:card\" content=\"summary_large_image\" \/>\n<meta name=\"twitter:label1\" content=\"Tiempo de lectura\" \/>\n\t<meta name=\"twitter:data1\" content=\"5 minutos\" \/>\n<script type=\"application\/ld+json\" class=\"yoast-schema-graph\">{\"@context\":\"https:\\\/\\\/schema.org\",\"@graph\":[{\"@type\":\"WebPage\",\"@id\":\"https:\\\/\\\/femtouch.eu\\\/our-treatment\\\/do-i-need-it\\\/\",\"url\":\"https:\\\/\\\/femtouch.eu\\\/our-treatment\\\/do-i-need-it\\\/\",\"name\":\"\u00bfNecesito un tratamiento vaginal? Qui\u00e9n es apta para la salud vaginal, qui\u00e9n es apta para Femtouch | Femtouch - Salud vaginal\",\"isPartOf\":{\"@id\":\"https:\\\/\\\/femtouch.eu\\\/#website\"},\"datePublished\":\"2016-07-28T11:35:00+00:00\",\"dateModified\":\"2022-12-21T11:23:28+00:00\",\"description\":\"FemTouch es apto para las mujeres, especialmente luego de dar a luz y las que est\u00e1n en la menopausia, que comienzan a observar s\u00edntomas relacionados con la salud vaginal que afectan a su calidad de vida, mientras se ocupan de mejorar su salud vaginal.\",\"breadcrumb\":{\"@id\":\"https:\\\/\\\/femtouch.eu\\\/our-treatment\\\/do-i-need-it\\\/#breadcrumb\"},\"inLanguage\":\"es\",\"potentialAction\":[{\"@type\":\"ReadAction\",\"target\":[\"https:\\\/\\\/femtouch.eu\\\/our-treatment\\\/do-i-need-it\\\/\"]}]},{\"@type\":\"BreadcrumbList\",\"@id\":\"https:\\\/\\\/femtouch.eu\\\/our-treatment\\\/do-i-need-it\\\/#breadcrumb\",\"itemListElement\":[{\"@type\":\"ListItem\",\"position\":1,\"name\":\"HOME\",\"item\":\"https:\\\/\\\/femtouch.eu\\\/es\\\/\"},{\"@type\":\"ListItem\",\"position\":2,\"name\":\"OUR TREATMENT\",\"item\":\"https:\\\/\\\/femtouch.eu\\\/es\\\/our-treatment\\\/\"},{\"@type\":\"ListItem\",\"position\":3,\"name\":\"\u00bfYO LO NECESITO?\"}]},{\"@type\":\"WebSite\",\"@id\":\"https:\\\/\\\/femtouch.eu\\\/#website\",\"url\":\"https:\\\/\\\/femtouch.eu\\\/\",\"name\":\"FemTouch for Improved Vaginal Health\",\"description\":\"\",\"potentialAction\":[{\"@type\":\"SearchAction\",\"target\":{\"@type\":\"EntryPoint\",\"urlTemplate\":\"https:\\\/\\\/femtouch.eu\\\/?s={search_term_string}\"},\"query-input\":{\"@type\":\"PropertyValueSpecification\",\"valueRequired\":true,\"valueName\":\"search_term_string\"}}],\"inLanguage\":\"es\"}]}<\/script>\n<!-- \/ Yoast SEO plugin. -->","yoast_head_json":{"title":"\u00bfNecesito un tratamiento vaginal? Qui\u00e9n es apta para la salud vaginal, qui\u00e9n es apta para Femtouch | Femtouch - Salud vaginal","description":"FemTouch es apto para las mujeres, especialmente luego de dar a luz y las que est\u00e1n en la menopausia, que comienzan a observar s\u00edntomas relacionados con la salud vaginal que afectan a su calidad de vida, mientras se ocupan de mejorar su salud vaginal.","robots":{"index":"index","follow":"follow","max-snippet":"max-snippet:-1","max-image-preview":"max-image-preview:large","max-video-preview":"max-video-preview:-1"},"canonical":"https:\/\/femtouch.eu\/es\/our-treatment\/do-i-need-it\/","og_locale":"es_ES","og_type":"article","og_title":"\u00bfNecesito un tratamiento vaginal? Qui\u00e9n es apta para la salud vaginal, qui\u00e9n es apta para Femtouch | Femtouch - Salud vaginal","og_description":"FemTouch es apto para las mujeres, especialmente luego de dar a luz y las que est\u00e1n en la menopausia, que comienzan a observar s\u00edntomas relacionados con la salud vaginal que afectan a su calidad de vida, mientras se ocupan de mejorar su salud vaginal.","og_url":"https:\/\/femtouch.eu\/our-treatment\/do-i-need-it\/","og_site_name":"FemTouch for Improved Vaginal Health","article_modified_time":"2022-12-21T11:23:28+00:00","twitter_card":"summary_large_image","twitter_misc":{"Tiempo de lectura":"5 minutos"},"schema":{"@context":"https:\/\/schema.org","@graph":[{"@type":"WebPage","@id":"https:\/\/femtouch.eu\/our-treatment\/do-i-need-it\/","url":"https:\/\/femtouch.eu\/our-treatment\/do-i-need-it\/","name":"\u00bfNecesito un tratamiento vaginal? Qui\u00e9n es apta para la salud vaginal, qui\u00e9n es apta para Femtouch | Femtouch - Salud vaginal","isPartOf":{"@id":"https:\/\/femtouch.eu\/#website"},"datePublished":"2016-07-28T11:35:00+00:00","dateModified":"2022-12-21T11:23:28+00:00","description":"FemTouch es apto para las mujeres, especialmente luego de dar a luz y las que est\u00e1n en la menopausia, que comienzan a observar s\u00edntomas relacionados con la salud vaginal que afectan a su calidad de vida, mientras se ocupan de mejorar su salud vaginal.","breadcrumb":{"@id":"https:\/\/femtouch.eu\/our-treatment\/do-i-need-it\/#breadcrumb"},"inLanguage":"es","potentialAction":[{"@type":"ReadAction","target":["https:\/\/femtouch.eu\/our-treatment\/do-i-need-it\/"]}]},{"@type":"BreadcrumbList","@id":"https:\/\/femtouch.eu\/our-treatment\/do-i-need-it\/#breadcrumb","itemListElement":[{"@type":"ListItem","position":1,"name":"HOME","item":"https:\/\/femtouch.eu\/es\/"},{"@type":"ListItem","position":2,"name":"OUR TREATMENT","item":"https:\/\/femtouch.eu\/es\/our-treatment\/"},{"@type":"ListItem","position":3,"name":"\u00bfYO LO NECESITO?"}]},{"@type":"WebSite","@id":"https:\/\/femtouch.eu\/#website","url":"https:\/\/femtouch.eu\/","name":"FemTouch for Improved Vaginal Health","description":"","potentialAction":[{"@type":"SearchAction","target":{"@type":"EntryPoint","urlTemplate":"https:\/\/femtouch.eu\/?s={search_term_string}"},"query-input":{"@type":"PropertyValueSpecification","valueRequired":true,"valueName":"search_term_string"}}],"inLanguage":"es"}]}},"jetpack_shortlink":"https:\/\/wp.me\/P7S3gX-1U5","jetpack_sharing_enabled":true,"_links":{"self":[{"href":"https:\/\/femtouch.eu\/es\/wp-json\/wp\/v2\/pages\/7321","targetHints":{"allow":["GET"]}}],"collection":[{"href":"https:\/\/femtouch.eu\/es\/wp-json\/wp\/v2\/pages"}],"about":[{"href":"https:\/\/femtouch.eu\/es\/wp-json\/wp\/v2\/types\/page"}],"author":[{"embeddable":true,"href":"https:\/\/femtouch.eu\/es\/wp-json\/wp\/v2\/users\/1"}],"replies":[{"embeddable":true,"href":"https:\/\/femtouch.eu\/es\/wp-json\/wp\/v2\/comments?post=7321"}],"version-history":[{"count":5,"href":"https:\/\/femtouch.eu\/es\/wp-json\/wp\/v2\/pages\/7321\/revisions"}],"predecessor-version":[{"id":9352,"href":"https:\/\/femtouch.eu\/es\/wp-json\/wp\/v2\/pages\/7321\/revisions\/9352"}],"up":[{"embeddable":true,"href":"https:\/\/femtouch.eu\/es\/wp-json\/wp\/v2\/pages\/6097"}],"wp:attachment":[{"href":"https:\/\/femtouch.eu\/es\/wp-json\/wp\/v2\/media?parent=7321"}],"curies":[{"name":"wp","href":"https:\/\/api.w.org\/{rel}","templated":true}]}}