{"id":7335,"date":"2016-08-01T08:17:43","date_gmt":"2016-08-01T08:17:43","guid":{"rendered":"https:\/\/staging.femtouch.eu\/testimonials\/testimonios-de-mujeres\/"},"modified":"2022-12-21T11:22:42","modified_gmt":"2022-12-21T11:22:42","slug":"womens-testimonials","status":"publish","type":"page","link":"https:\/\/femtouch.eu\/es\/femtouch-testimonials\/womens-testimonials\/","title":{"rendered":"TESTIMONIOS DE MUJERES"},"content":{"rendered":"<div class=\"wpb-content-wrapper\"><p>[vc_row type=\u00bbimage\u00bb bg_position=\u00bbcenter\u00bb bg_position_horizontal=\u00bbcenter\u00bb column_gap=\u00bbno\u00bb padding_top=\u00bb13%\u00bb padding_bottom=\u00bb13%\u00bb bg_image=\u00bb1028&#8243;][vc_column][vc_custom_heading text=\u00bb\u00bb font_container=\u00bbtag:h2|text_align:left|color:%23ffffff\u00bb use_theme_fonts=\u00bbyes\u00bb][\/vc_column][\/vc_row][vc_row text_align=\u00bbcenter\u00bb text_color=\u00bb#ffffff\u00bb column_gap=\u00bbno\u00bb padding_top=\u00bb25&#8243; padding_bottom=\u00bb25&#8243;][vc_column][vc_column_text]<div id=\"ccchildpages-1\" class=\"ccchildpages ccflex  simple ccclearfix\"><ul class=\"ccchildpages_list ccclearfix\"><li class=\"page_item page-item-7335\"><a href=\"https:\/\/femtouch.eu\/es\/femtouch-testimonials\/womens-testimonials\/\">TESTIMONIOS DE MUJERES<\/a><\/li>\n<li class=\"page_item page-item-7345\"><a href=\"https:\/\/femtouch.eu\/es\/femtouch-testimonials\/doctors-thought\/\">LA OPINI\u00d3N DE LOS DOCTORES<\/a><\/li><\/ul><\/div>[\/vc_column_text][\/vc_column][\/vc_row][vc_row equal_height=\"yes\" text_align=\"center\" type=\"color\" bg_color=\"#f2f2f2\" column_gap=\"no\"][vc_column width=\"1\/2\" css=\".vc_custom_1542550981773{background-color: #ffffff !important;}\"][vc_custom_heading text=\"Conozca lo que las pacientes de FemTouch tienen para decir\" font_container=\"tag:h3|text_align:center|color:%23ef6967\" use_theme_fonts=\"yes\" css=\".vc_custom_1542550793506{padding-top: 15px !important;}\"][vc_column_text font_size=\"20\" css=\".vc_custom_1542550848530{border-bottom-width: 30px !important;padding-right: 35px !important;padding-left: 35px !important;}\"]<\/p>\n<p style=\"text-align: center; background: white; margin: 10.2pt 0in 10.2pt 0in;\" align=\"center\"><em><span style=\"font-size: 15.0pt; font-family: 'Open Sans'; color: #696a6c;\">Las pacientes comparten sus historias y explican de qu\u00e9 manera el tratamiento las ayud\u00f3 a mejorar su salud femenina.<\/span><\/em><\/p>\n<p style=\"text-align: center; background: white; margin: 10.2pt 0in 10.2pt 0in;\" align=\"center\"><em><span style=\"font-size: 15.0pt; font-family: 'Open Sans'; color: #696a6c;\">\u00a0<\/span><\/em><\/p>\n<p style=\"text-align: center; background: white; margin: 10.2pt 0in 10.2pt 0in;\" align=\"center\"><em><span style=\"font-size: 15.0pt; font-family: 'Open Sans'; color: #696a6c;\">\u201cEl procedimiento fue indoloro y f\u00e1cil\u201d<\/span><\/em><\/p>\n<p style=\"text-align: center; background: white; box-sizing: border-box; margin: 10.2pt 0in 10.2pt 0in;\" align=\"center\"><em><span style=\"font-size: 15.0pt; font-family: 'Open Sans'; color: #696a6c;\">\u201cFemTouch nos devolvi\u00f3 la vida\u201d<\/span><\/em><\/p>\n<p style=\"text-align: center; background: white; box-sizing: border-box; margin: 10.2pt 0in 10.2pt 0in;\" align=\"center\"><em><span style=\"font-size: 15.0pt; font-family: 'Open Sans'; color: #696a6c;\">\u201cPude volver a correr sin ning\u00fan temor\u201d<\/span><\/em><\/p>\n<p>[\/vc_column_text][\/vc_column][vc_column width=\"1\/2\" css=\".vc_custom_1470053051040{margin-right: 10px !important;background-color: #ffffff !important;}\"][\/vc_column][\/vc_row][vc_row equal_height=\"yes\" text_align=\"center\" column_gap=\"no\"][vc_column width=\"1\/2\" css=\".vc_custom_1542550545868{margin-right: 10px !important;background-color: #ffffff !important;}\"][vc_single_image image=\"6321\" img_size=\"full\" alignment=\"center\" full_width=\"yes\" css=\".vc_custom_1470907653671{margin-bottom: 20px !important;}\"][vc_column_text font_size=\"20px\" css=\".vc_custom_1471159228631{padding-top: 5px !important;padding-right: 35px !important;padding-bottom: 20px !important;padding-left: 35px !important;}\"]<\/p>\n<p style=\"text-align: center;\"><em>\u201cNo me habr\u00eda esperado un<\/em><br \/>\n<em>tratamiento tan c\u00f3modo\u201d.<\/em><\/p>\n<p style=\"text-align: center;\">A., Paciente de FemTouch<\/p>\n<p>[\/vc_column_text][\/vc_column][vc_column width=\"1\/2\" css=\".vc_custom_1542550540117{margin-left: 10px !important;background-color: #ffffff !important;}\"][vc_single_image image=\"6151\" img_size=\"full\" alignment=\"center\" full_width=\"yes\" css=\".vc_custom_1470907673658{margin-bottom: 20px !important;}\"][vc_column_text font_size=\"20px\" css=\".vc_custom_1471159238519{padding-top: 5px !important;padding-right: 35px !important;padding-bottom: 20px !important;padding-left: 35px !important;}\"]<\/p>\n<p style=\"text-align: center;\"><em>\u201cDespu\u00e9s de una intervenci\u00f3n ya me siento<\/em><br \/>\n<em>m\u00e1s joven e incluso mi vida \u00edntima ha mejorado.\u201d<\/em><\/p>\n<p style=\"text-align: center;\">L., Paciente de FemTouch<\/p>\n<p>[\/vc_column_text][\/vc_column][\/vc_row][vc_row equal_height=\"yes\" text_align=\"center\" type=\"color\" bg_color=\"#f2f2f2\" column_gap=\"no\" el_class=\"testi\"][vc_column width=\"1\/2\" css=\".vc_custom_1542550381722{margin-right: 10px !important;background-color: #ffffff !important;}\"][vc_single_image image=\"5962\" img_size=\"full\" alignment=\"center\" full_width=\"yes\" css=\".vc_custom_1471440428149{margin-bottom: 20px !important;}\"][vc_column_text font_size=\"20px\" css=\".vc_custom_1471180062902{padding-top: 5px !important;padding-right: 35px !important;padding-bottom: 20px !important;padding-left: 35px !important;}\"]<\/p>\n<div class=\"kleo_text_column wpb_content_element vc_custom_1471175857546\">\n<div class=\"wpb_wrapper\">\n<p style=\"text-align: center;\"><em>\u201cNi siquiera sab\u00eda que en realidad necesitaba<br \/>\neste procedimiento y, ahora, mi marido y yo<br \/>\nestamos tipo \u2018guaw\u2019! Ha sido espectacular.<br \/>\n\u00a1Le cont\u00e9 a todas mis amigas acerca de \u00e9l!\u201d<br \/>\n<\/em><\/p>\n<p style=\"text-align: center;\">A.P., Paciente de FemTouch<\/p>\n<\/div>\n<\/div>\n<div class=\"vc_btn3-container vc_btn3-center vc_custom_1471176010043\" style=\"text-align: center;\"><\/div>\n<p>[\/vc_column_text][\/vc_column][vc_column width=\"1\/2\" css=\".vc_custom_1470053057180{margin-left: 10px !important;background-color: #ffffff !important;}\"][vc_single_image image=\"6315\" img_size=\"full\" alignment=\"center\" full_width=\"yes\" css=\".vc_custom_1471179851849{margin-bottom: 20px !important;}\"][vc_column_text font_size=\"20px\" css=\".vc_custom_Sun Apr 09 2017 14:11:52 GMT+0300 (Jerusalem Standard Time){padding-top: 5px !important;padding-right: 35px !important;padding-left: 35px !important;}\"]<\/p>\n<p style=\"text-align: center;\"><em>\u201cTras 8 semanas y 2 tratamientos<br \/>\npude volver a correr sin<br \/>\nel temor ni la incomodidad que me imped\u00edan<br \/>\ncorrer en el pasado. \u00a1Esto es muy importante<br \/>\npara una mujer de 45 a\u00f1os!\u201d<br \/>\n<\/em><\/p>\n<p style=\"text-align: center;\">Marzia, Paciente de FemTouch<\/p>\n<p>[\/vc_column_text][vc_btn title=\"Lea m\u00e1s\" style=\"outline\" shape=\"round\" color=\"pink\" align=\"center\" css=\".vc_custom_1584944193017{margin-bottom: 30px !important;}\" link=\"url:https%3A%2F%2Ffemtouch.eu%2Fes%2Ffemtouch-testimonials%2Fwomen-testimonial%2Fmarzia-45-years-rome-italy-2%2F|||\"][\/vc_column][\/vc_row][vc_row type=\"color\" bg_color=\"#f2f2f2\" padding_top=\"80\" padding_bottom=\"120\"][vc_column][vc_column_text]<\/p>\n<div id=\"storepoint-container\" data-language=\"spanish\" data-tags=\"women's health\" data-map-id=\"16334002e7fec5\"><\/div>\n<p><script>(function(){var a=document.createElement(\"script\");a.type=\"text\/javascript\";a.async=!0;a.src=\"https:\/\/cdn.storepoint.co\/api\/v1\/js\/16334002e7fec5.js\";var b=document.getElementsByTagName(\"script\")[0];b.parentNode.insertBefore(a,b);}());<\/script><\/p>\n<style>#storepoint-tag-dropdown{display:none!important;}<\/style>\n<p>[\/vc_column_text][vc_column_text]PB-00012520 Rev A[\/vc_column_text][\/vc_column][\/vc_row][vc_row el_class=\"hidden-xs hidden-sm hidden-md hidden-lg\"][vc_column][vc_single_image image=\"6303\" img_size=\"615X410\" alignment=\"center\" full_width=\"yes\" css=\".vc_custom_1471181919148{margin-bottom: 39px !important;}\"][vc_column_text font_size=\"20px\" css=\".vc_custom_1471421572538{padding-right: 35px !important;padding-left: 35px !important;}\"]<\/p>\n<p style=\"text-align: center;\"><em>\u00a0\"I am 46 years young, and have four children. While I have always tried to take care of myself physically (doing yoga, eating healthy...\"<\/em><\/p>\n<p style=\"text-align: center;\">Wayne, NJ<\/p>\n<p>[\/vc_column_text][vc_btn title=\"Lea m\u00e1s\" style=\"outline\" shape=\"round\" color=\"pink\" align=\"center\" css=\".vc_custom_1471421500453{margin-bottom: 30px !important;}\" link=\"url:http%3A%2F%2Fwww.femtouch.com%2Ffemtouch-testimonials%2Fwomen-testimonial%2Fmost-definitely-worth-it-wayne-nj%2F|||\"][\/vc_column][\/vc_row]<\/p>\n<\/div>","protected":false},"excerpt":{"rendered":"<p>[vc_row type=\u00bbimage\u00bb bg_position=\u00bbcenter\u00bb bg_position_horizontal=\u00bbcenter\u00bb column_gap=\u00bbno\u00bb padding_top=\u00bb13%\u00bb padding_bottom=\u00bb13%\u00bb bg_image=\u00bb1028&#8243;][vc_column][vc_custom_heading text=\u00bb\u00bb font_container=\u00bbtag:h2|text_align:left|color:%23ffffff\u00bb use_theme_fonts=\u00bbyes\u00bb][\/vc_column][\/vc_row][vc_row text_align=\u00bbcenter\u00bb text_color=\u00bb#ffffff\u00bb column_gap=\u00bbno\u00bb padding_top=\u00bb25&#8243; padding_bottom=\u00bb25&#8243;][vc_column][vc_column_text][\/vc_column_text][\/vc_column][\/vc_row][vc_row equal_height=\u00bbyes\u00bb text_align=\u00bbcenter\u00bb type=\u00bbcolor\u00bb bg_color=\u00bb#f2f2f2&#8243; column_gap=\u00bbno\u00bb][vc_column width=\u00bb1\/2&#8243; css=\u00bb.vc_custom_1542550981773{background-color: #ffffff !important;}\u00bb][vc_custom_heading text=\u00bbConozca lo que las pacientes de FemTouch tienen para decir\u00bb font_container=\u00bbtag:h3|text_align:center|color:%23ef6967&#8243; use_theme_fonts=\u00bbyes\u00bb css=\u00bb.vc_custom_1542550793506{padding-top: 15px !important;}\u00bb][vc_column_text font_size=\u00bb20&#8243; css=\u00bb.vc_custom_1542550848530{border-bottom-width: 30px !important;padding-right: 35px !important;padding-left: 35px !important;}\u00bb] Las pacientes comparten sus historias y explican de qu\u00e9 manera el tratamiento [&hellip;]<\/p>\n","protected":false},"author":1,"featured_media":0,"parent":6087,"menu_order":0,"comment_status":"closed","ping_status":"closed","template":"","meta":{"footnotes":""},"class_list":["post-7335","page","type-page","status-publish","hentry"],"yoast_head":"<!-- This site is optimized with the Yoast SEO plugin v27.3 - https:\/\/yoast.com\/product\/yoast-seo-wordpress\/ -->\n<title>Testimonios sobre salud vaginal, Mujeres hablando sobre el tratamiento de salud vaginal, Testimonios sobre Femtouch | Femtouch - Salud vaginal<\/title>\n<meta name=\"description\" content=\"Sea bienvenido a nuestros testimonios \u00fanicos sobre Femtouch y conozca m\u00e1s acerca de la salud vaginal a partir de las historias de las pacientes y de c\u00f3mo las ayud\u00f3 el tratamiento a mejorar su salud vaginal\" \/>\n<meta name=\"robots\" content=\"index, follow, max-snippet:-1, max-image-preview:large, max-video-preview:-1\" \/>\n<link rel=\"canonical\" href=\"https:\/\/femtouch.eu\/es\/femtouch-testimonials\/womens-testimonials\/\" \/>\n<meta property=\"og:locale\" content=\"es_ES\" \/>\n<meta property=\"og:type\" content=\"article\" \/>\n<meta property=\"og:title\" content=\"Testimonios sobre salud vaginal, Mujeres hablando sobre el tratamiento de salud vaginal, Testimonios sobre Femtouch | Femtouch - Salud vaginal\" \/>\n<meta property=\"og:description\" content=\"Sea bienvenido a nuestros testimonios \u00fanicos sobre Femtouch y conozca m\u00e1s acerca de la salud vaginal a partir de las historias de las pacientes y de c\u00f3mo las ayud\u00f3 el tratamiento a mejorar su salud vaginal\" \/>\n<meta property=\"og:url\" content=\"https:\/\/femtouch.eu\/femtouch-testimonials\/womens-testimonials\/\" \/>\n<meta property=\"og:site_name\" content=\"FemTouch for Improved Vaginal Health\" \/>\n<meta property=\"article:modified_time\" content=\"2022-12-21T11:22:42+00:00\" \/>\n<meta name=\"twitter:card\" content=\"summary_large_image\" \/>\n<meta name=\"twitter:label1\" content=\"Tiempo de lectura\" \/>\n\t<meta name=\"twitter:data1\" content=\"4 minutos\" \/>\n<script type=\"application\/ld+json\" class=\"yoast-schema-graph\">{\"@context\":\"https:\\\/\\\/schema.org\",\"@graph\":[{\"@type\":\"WebPage\",\"@id\":\"https:\\\/\\\/femtouch.eu\\\/femtouch-testimonials\\\/womens-testimonials\\\/\",\"url\":\"https:\\\/\\\/femtouch.eu\\\/femtouch-testimonials\\\/womens-testimonials\\\/\",\"name\":\"Testimonios sobre salud vaginal, Mujeres hablando sobre el tratamiento de salud vaginal, Testimonios sobre Femtouch | Femtouch - Salud vaginal\",\"isPartOf\":{\"@id\":\"https:\\\/\\\/femtouch.eu\\\/#website\"},\"datePublished\":\"2016-08-01T08:17:43+00:00\",\"dateModified\":\"2022-12-21T11:22:42+00:00\",\"description\":\"Sea bienvenido a nuestros testimonios \u00fanicos sobre Femtouch y conozca m\u00e1s acerca de la salud vaginal a partir de las historias de las pacientes y de c\u00f3mo las ayud\u00f3 el tratamiento a mejorar su salud vaginal\",\"breadcrumb\":{\"@id\":\"https:\\\/\\\/femtouch.eu\\\/femtouch-testimonials\\\/womens-testimonials\\\/#breadcrumb\"},\"inLanguage\":\"es\",\"potentialAction\":[{\"@type\":\"ReadAction\",\"target\":[\"https:\\\/\\\/femtouch.eu\\\/femtouch-testimonials\\\/womens-testimonials\\\/\"]}]},{\"@type\":\"BreadcrumbList\",\"@id\":\"https:\\\/\\\/femtouch.eu\\\/femtouch-testimonials\\\/womens-testimonials\\\/#breadcrumb\",\"itemListElement\":[{\"@type\":\"ListItem\",\"position\":1,\"name\":\"HOME\",\"item\":\"https:\\\/\\\/femtouch.eu\\\/es\\\/\"},{\"@type\":\"ListItem\",\"position\":2,\"name\":\"TESTIMONIALS\",\"item\":\"https:\\\/\\\/femtouch.eu\\\/femtouch-testimonials\\\/\"},{\"@type\":\"ListItem\",\"position\":3,\"name\":\"TESTIMONIOS DE MUJERES\"}]},{\"@type\":\"WebSite\",\"@id\":\"https:\\\/\\\/femtouch.eu\\\/#website\",\"url\":\"https:\\\/\\\/femtouch.eu\\\/\",\"name\":\"FemTouch for Improved Vaginal Health\",\"description\":\"\",\"potentialAction\":[{\"@type\":\"SearchAction\",\"target\":{\"@type\":\"EntryPoint\",\"urlTemplate\":\"https:\\\/\\\/femtouch.eu\\\/?s={search_term_string}\"},\"query-input\":{\"@type\":\"PropertyValueSpecification\",\"valueRequired\":true,\"valueName\":\"search_term_string\"}}],\"inLanguage\":\"es\"}]}<\/script>\n<!-- \/ Yoast SEO plugin. -->","yoast_head_json":{"title":"Testimonios sobre salud vaginal, Mujeres hablando sobre el tratamiento de salud vaginal, Testimonios sobre Femtouch | Femtouch - Salud vaginal","description":"Sea bienvenido a nuestros testimonios \u00fanicos sobre Femtouch y conozca m\u00e1s acerca de la salud vaginal a partir de las historias de las pacientes y de c\u00f3mo las ayud\u00f3 el tratamiento a mejorar su salud vaginal","robots":{"index":"index","follow":"follow","max-snippet":"max-snippet:-1","max-image-preview":"max-image-preview:large","max-video-preview":"max-video-preview:-1"},"canonical":"https:\/\/femtouch.eu\/es\/femtouch-testimonials\/womens-testimonials\/","og_locale":"es_ES","og_type":"article","og_title":"Testimonios sobre salud vaginal, Mujeres hablando sobre el tratamiento de salud vaginal, Testimonios sobre Femtouch | Femtouch - Salud vaginal","og_description":"Sea bienvenido a nuestros testimonios \u00fanicos sobre Femtouch y conozca m\u00e1s acerca de la salud vaginal a partir de las historias de las pacientes y de c\u00f3mo las ayud\u00f3 el tratamiento a mejorar su salud vaginal","og_url":"https:\/\/femtouch.eu\/femtouch-testimonials\/womens-testimonials\/","og_site_name":"FemTouch for Improved Vaginal Health","article_modified_time":"2022-12-21T11:22:42+00:00","twitter_card":"summary_large_image","twitter_misc":{"Tiempo de lectura":"4 minutos"},"schema":{"@context":"https:\/\/schema.org","@graph":[{"@type":"WebPage","@id":"https:\/\/femtouch.eu\/femtouch-testimonials\/womens-testimonials\/","url":"https:\/\/femtouch.eu\/femtouch-testimonials\/womens-testimonials\/","name":"Testimonios sobre salud vaginal, Mujeres hablando sobre el tratamiento de salud vaginal, Testimonios sobre Femtouch | Femtouch - Salud vaginal","isPartOf":{"@id":"https:\/\/femtouch.eu\/#website"},"datePublished":"2016-08-01T08:17:43+00:00","dateModified":"2022-12-21T11:22:42+00:00","description":"Sea bienvenido a nuestros testimonios \u00fanicos sobre Femtouch y conozca m\u00e1s acerca de la salud vaginal a partir de las historias de las pacientes y de c\u00f3mo las ayud\u00f3 el tratamiento a mejorar su salud vaginal","breadcrumb":{"@id":"https:\/\/femtouch.eu\/femtouch-testimonials\/womens-testimonials\/#breadcrumb"},"inLanguage":"es","potentialAction":[{"@type":"ReadAction","target":["https:\/\/femtouch.eu\/femtouch-testimonials\/womens-testimonials\/"]}]},{"@type":"BreadcrumbList","@id":"https:\/\/femtouch.eu\/femtouch-testimonials\/womens-testimonials\/#breadcrumb","itemListElement":[{"@type":"ListItem","position":1,"name":"HOME","item":"https:\/\/femtouch.eu\/es\/"},{"@type":"ListItem","position":2,"name":"TESTIMONIALS","item":"https:\/\/femtouch.eu\/femtouch-testimonials\/"},{"@type":"ListItem","position":3,"name":"TESTIMONIOS DE MUJERES"}]},{"@type":"WebSite","@id":"https:\/\/femtouch.eu\/#website","url":"https:\/\/femtouch.eu\/","name":"FemTouch for Improved Vaginal Health","description":"","potentialAction":[{"@type":"SearchAction","target":{"@type":"EntryPoint","urlTemplate":"https:\/\/femtouch.eu\/?s={search_term_string}"},"query-input":{"@type":"PropertyValueSpecification","valueRequired":true,"valueName":"search_term_string"}}],"inLanguage":"es"}]}},"jetpack_shortlink":"https:\/\/wp.me\/P7S3gX-1Uj","jetpack_sharing_enabled":true,"_links":{"self":[{"href":"https:\/\/femtouch.eu\/es\/wp-json\/wp\/v2\/pages\/7335","targetHints":{"allow":["GET"]}}],"collection":[{"href":"https:\/\/femtouch.eu\/es\/wp-json\/wp\/v2\/pages"}],"about":[{"href":"https:\/\/femtouch.eu\/es\/wp-json\/wp\/v2\/types\/page"}],"author":[{"embeddable":true,"href":"https:\/\/femtouch.eu\/es\/wp-json\/wp\/v2\/users\/1"}],"replies":[{"embeddable":true,"href":"https:\/\/femtouch.eu\/es\/wp-json\/wp\/v2\/comments?post=7335"}],"version-history":[{"count":5,"href":"https:\/\/femtouch.eu\/es\/wp-json\/wp\/v2\/pages\/7335\/revisions"}],"predecessor-version":[{"id":9341,"href":"https:\/\/femtouch.eu\/es\/wp-json\/wp\/v2\/pages\/7335\/revisions\/9341"}],"up":[{"embeddable":true,"href":"https:\/\/femtouch.eu\/es\/wp-json\/wp\/v2\/pages\/6087"}],"wp:attachment":[{"href":"https:\/\/femtouch.eu\/es\/wp-json\/wp\/v2\/media?parent=7335"}],"curies":[{"name":"wp","href":"https:\/\/api.w.org\/{rel}","templated":true}]}}