{"id":7390,"date":"2016-07-28T06:59:44","date_gmt":"2016-07-28T06:59:44","guid":{"rendered":"https:\/\/staging.femtouch.eu\/preguntas\/"},"modified":"2022-12-21T11:23:50","modified_gmt":"2022-12-21T11:23:50","slug":"questions","status":"publish","type":"page","link":"https:\/\/femtouch.eu\/es\/questions\/","title":{"rendered":"\u00bfPREGUNTAS?"},"content":{"rendered":"<div class=\"wpb-content-wrapper\"><p>[vc_row section_type=\u00bbheader\u00bb type=\u00bbimage\u00bb bg_position_horizontal=\u00bbcenter\u00bb column_gap=\u00bbno\u00bb padding_top=\u00bb13%\u00bb padding_bottom=\u00bb13%\u00bb bg_image=\u00bb600&#8243;][vc_column][\/vc_column][\/vc_row][vc_row column_gap=\u00bbno\u00bb padding_top=\u00bb25&#8243; padding_bottom=\u00bb25&#8243;][vc_column][vc_column_text]<div class=\"breadcrumb\" itemprop=\"breadcrumb\"><span><span><a href=\"https:\/\/femtouch.eu\/es\/\">HOME<\/a><\/span><\/span><\/div>[\/vc_column_text][\/vc_column][\/vc_row][vc_row equal_height=\u00bbyes\u00bb type=\u00bbcolor\u00bb bg_color=\u00bb#f2f2f2&#8243; column_gap=\u00bbno\u00bb padding_top=\u00bb65&#8243; padding_bottom=\u00bb65&#8243;][vc_column width=\u00bb1\/2&#8243; css=\u00bb.vc_custom_1470899988502{margin-right: 10px !important;margin-left: 0px !important;padding-top: 25px !important;padding-right: 25px !important;padding-bottom: 25px !important;padding-left: 25px !important;background-color: #ffffff !important;}\u00bb][vc_custom_heading text=\u00bb\u00bfPREGUNTAS?\u00bb font_container=\u00bbtag:h3|text_align:center|color:%23ef6967&#8243; use_theme_fonts=\u00bbyes\u00bb el_class=\u00bbborder_bottom\u00bb css=\u00bb.vc_custom_1470903255613{padding-right: 25px !important;padding-left: 25px !important;}\u00bb]<ul class=\"link_colorA fontelo-list\" style=\"float:left;\"><li><i class=\"icon-angle-double-right\"><\/i> <a href=\"https:\/\/femtouch.eu\/es\/questions\/candidate-femtouch-treatments\/\"><strong>\u00bfQui\u00e9nes son candidatas para los tratamientos con FemTouch?<\/strong><\/a><\/li><li><i class=\"icon-angle-double-right\"><\/i> <strong><a href=\"https:\/\/femtouch.eu\/es\/questions\/long-femtouch-treatment-take\/\">\u00bfCu\u00e1nto dura cada tratamiento con FemTouch?<\/a><\/strong><\/li><li><i class=\"icon-angle-double-right\"><\/i> <strong><a href=\"https:\/\/femtouch.eu\/es\/questions\/many-treatments-needed\/\">\u00bfCu\u00e1ntos tratamientos se necesitan?<\/a><br \/>\n<\/strong><\/li><li><i class=\"icon-angle-double-right\"><\/i> <strong><a href=\"https:\/\/femtouch.eu\/es\/questions\/treatment-regime-look-like-many-weeks-treatment\/\">\u00bfC\u00f3mo es el r\u00e9gimen del tratamiento? \u00bfCu\u00e1ntas semanas deben pasar entre tratamientos?<\/a><br \/>\n<\/strong><\/li><li><i class=\"icon-angle-double-right\"><\/i> <a href=\"https:\/\/femtouch.eu\/es\/questions\/can-i-resume-my-daily-routine-after-the-treatment-what-about-sexual-intercourse\/\"><strong>\u00bfPuedo retomar mi rutina diaria luego del tratamiento? \u00bfQu\u00e9 pasa con las relaciones sexuales?<\/strong><\/a><strong><br \/>\n<\/strong><\/li><li><i class=\"icon-angle-double-right\"><\/i> <a href=\"https:\/\/femtouch.eu\/es\/questions\/is-the-femtouch-treatment-painful-what-will-i-feel-during-the-treatment\/\"><strong>\u00bfEs doloroso el tratamiento FemTouch? \u00bfQu\u00e9 sentir\u00e9 durante el tratamiento?<\/strong><\/a><strong><br \/>\n<\/strong><\/li><li><i class=\"icon-angle-double-right\"><\/i> <a href=\"https:\/\/femtouch.eu\/es\/questions\/what-post-treatment-care-is-required\/\"><strong>\u00bfQu\u00e9 cuidados especiales posteriores se necesitan?<\/strong><\/a><strong><br \/>\n<\/strong><\/li><li><i class=\"icon-angle-double-right\"><\/i> <a href=\"https:\/\/femtouch.eu\/es\/questions\/how-quickly-will-i-experience-an-improvement\/ \"><strong>\u00bfCu\u00e1n r\u00e1pido experimentar\u00e9 una mejor\u00eda?<\/strong><\/a><strong><br \/>\n<\/strong><\/li><li><i class=\"icon-angle-double-right\"><\/i> <a href=\"https:\/\/femtouch.eu\/es\/questions\/are-there-any-side-effects-associated-with-the-femtouch-treatment\/\"><strong>\u00bfExisten efectos secundarios asociados con el tratamiento con FemTouch?<\/strong><\/a><strong><br \/>\n<\/strong><\/li><li><i class=\"icon-angle-double-right\"><\/i> <a href=\"https:\/\/femtouch.eu\/es\/questions\/can-i-have-femtouch-treatment-if-i-had-a-hysterectomy\/\"><strong>\u00bfPuedo recibir un tratamiento con FemTouch si se me practic\u00f3 una histerectom\u00eda?<\/strong><\/a><strong><br \/>\n<\/strong><\/li><li><i class=\"icon-angle-double-right\"><\/i> <a href=\"https:\/\/femtouch.eu\/es\/questions\/can-i-undergo-treatment-while-breastfeeding\/\"><strong>\u00bfPuedo someterme al tratamiento mientras amamanto?<\/strong><\/a><strong><br \/>\n<\/strong><\/li><li><i class=\"icon-angle-double-right\"><\/i> <a href=\"https:\/\/femtouch.eu\/es\/questions\/what-type-of-equipment-is-used-during-the-treatment\/\"><strong>\u00bfQu\u00e9 tipo de equipo se usa durante el tratamiento?<\/strong><\/a><\/li><\/ul>[\/vc_column][vc_column width=\u00bb1\/2&#8243; css=\u00bb.vc_custom_1470901163847{background-image: url(https:\/\/femtouch.eu\/wp-content\/uploads\/2016\/08\/questions-banner.jpg?id=617) !important;background-position: center !important;background-repeat: no-repeat !important;background-size: cover !important;}\u00bb][\/vc_column][\/vc_row][vc_row content_placement=\u00bbmiddle\u00bb type=\u00bbcolor\u00bb bg_color=\u00bb#f2f2f2&#8243; column_gap=\u00bbno\u00bb padding_top=\u00bb25&#8243; padding_bottom=\u00bb25&#8243;][vc_column][vc_custom_heading text=\u00bbGente real, historias reales\u00bb font_container=\u00bbtag:h2|text_align:center\u00bb use_theme_fonts=\u00bbyes\u00bb el_class=\u00bbborder_bottom\u00bb][\/vc_column][\/vc_row][vc_row equal_height=\u00bbyes\u00bb text_align=\u00bbcenter\u00bb type=\u00bbcolor\u00bb bg_color=\u00bb#f2f2f2&#8243; column_gap=\u00bbno\u00bb el_class=\u00bbtesti\u00bb][vc_column width=\u00bb1\/2&#8243; css=\u00bb.vc_custom_1470053051040{margin-right: 10px !important;background-color: #ffffff !important;}\u00bb][vc_single_image image=\u00bb5962&#8243; img_size=\u00bbfull\u00bb alignment=\u00bbcenter\u00bb full_width=\u00bbyes\u00bb css=\u00bb.vc_custom_1470906364478{margin-bottom: 20px !important;}\u00bb][vc_column_text font_size=\u00bb20px\u00bb css=\u00bb.vc_custom_1471865938563{padding-right: 35px !important;padding-left: 35px !important;}\u00bb]<\/p>\n<div class=\"kleo_text_column wpb_content_element vc_custom_1470832655503\">\n<div class=\"wpb_wrapper\">\n<p style=\"text-align: center;\"><em>\u201cNi siquiera sab\u00eda que en realidad necesitaba este procedimiento<br \/>\ny, ahora, mi marido y yo estamos tipo \u2018guaw\u2019!<br \/>\nHa sido espectacular.<br \/>\n\u00a1Le cont\u00e9 a todas mis amigas acerca de \u00e9l!\u201d<br \/>\n<\/em><\/p>\n<p style=\"text-align: center;\">A.P, Paciente de FemTouch<\/p>\n<\/div>\n<\/div>\n<p>[\/vc_column_text][vc_btn title=\u00bbLea m\u00e1s\u00bb style=\u00bboutline\u00bb shape=\u00bbround\u00bb color=\u00bbpink\u00bb align=\u00bbcenter\u00bb css=\u00bb.vc_custom_1584951878996{margin-bottom: 30px !important;}\u00bb link=\u00bburl:https%3A%2F%2Ffemtouch.eu%2Fes%2Ffemtouch-testimonials%2Fwomens-testimonials%2F|||\u00bb][\/vc_column][vc_column width=\u00bb1\/2&#8243; css=\u00bb.vc_custom_1470834919842{margin-left: 10px !important;background-color: #ffffff !important;}\u00bb][vc_single_image image=\u00bb6315&#8243; img_size=\u00bbfull\u00bb alignment=\u00bbcenter\u00bb full_width=\u00bbyes\u00bb css=\u00bb.vc_custom_1471505827708{margin-bottom: 20px !important;}\u00bb][vc_column_text font_size=\u00bb20px\u00bb css=\u00bb.vc_custom_Sun Apr 09 2017 14:55:06 GMT+0300 (Jerusalem Standard Time){padding-right: 35px !important;padding-left: 35px !important;}\u00bb]<\/p>\n<p style=\"text-align: center;\"><em>\u201cTras 8 semanas y 2 tratamientos<br \/>\npude volver a correr sin<br \/>\nel temor ni la incomodidad que me imped\u00edan<br \/>\ncorrer en el pasado. \u00a1Esto es muy importante<br \/>\npara una mujer de 45 a\u00f1os!\u201d<br \/>\n<\/em><\/p>\n<p style=\"text-align: center;\">Marzia, Paciente de FemTouch<\/p>\n<p>[\/vc_column_text][vc_btn title=\u00bbLea m\u00e1s\u00bb style=\u00bboutline\u00bb shape=\u00bbround\u00bb color=\u00bbpink\u00bb align=\u00bbcenter\u00bb css=\u00bb.vc_custom_1584951929914{margin-bottom: 30px !important;}\u00bb link=\u00bburl:https%3A%2F%2Ffemtouch.eu%2Fes%2Ffemtouch-testimonials%2Fwomens-testimonials%2F|||\u00bb][\/vc_column][\/vc_row][vc_row equal_height=\u00bbyes\u00bb text_align=\u00bbcenter\u00bb type=\u00bbcolor\u00bb bg_color=\u00bb#f2f2f2&#8243; column_gap=\u00bbno\u00bb][vc_column][vc_raw_html]JTNDZGl2JTIwaWQlM0QlMjJzdG9yZXBvaW50LWNvbnRhaW5lciUyMiUyMGRhdGEtbGFuZ3VhZ2UlM0QlMjJzcGFuaXNoJTIyJTIwZGF0YS10YWdzJTNEJTIyd29tZW4lMjdzJTIwaGVhbHRoJTIyJTIwZGF0YS1tYXAtaWQlM0QlMjIxNjMzNDAwMmU3ZmVjNSUyMiUzRSUzQyUyRmRpdiUzRSUwQSUzQ3NjcmlwdCUzRSUyOGZ1bmN0aW9uJTI4JTI5JTdCdmFyJTIwYSUzRGRvY3VtZW50LmNyZWF0ZUVsZW1lbnQlMjglMjJzY3JpcHQlMjIlMjklM0JhLnR5cGUlM0QlMjJ0ZXh0JTJGamF2YXNjcmlwdCUyMiUzQmEuYXN5bmMlM0QlMjEwJTNCYS5zcmMlM0QlMjJodHRwcyUzQSUyRiUyRmNkbi5zdG9yZXBvaW50LmNvJTJGYXBpJTJGdjElMkZqcyUyRjE2MzM0MDAyZTdmZWM1LmpzJTIyJTNCdmFyJTIwYiUzRGRvY3VtZW50LmdldEVsZW1lbnRzQnlUYWdOYW1lJTI4JTIyc2NyaXB0JTIyJTI5JTVCMCU1RCUzQmIucGFyZW50Tm9kZS5pbnNlcnRCZWZvcmUlMjhhJTJDYiUyOSUzQiU3RCUyOCUyOSUyOSUzQiUzQyUyRnNjcmlwdCUzRSUwQSUwQSUzQ3N0eWxlJTNFJTIzc3RvcmVwb2ludC10YWctZHJvcGRvd24lN0JkaXNwbGF5JTNBbm9uZSUyMWltcG9ydGFudCUzQiU3RCUzQyUyRnN0eWxlJTNF[\/vc_raw_html][\/vc_column][\/vc_row][vc_row][vc_column][vc_column_text]PB-00012540 Rev A[\/vc_column_text][\/vc_column][\/vc_row]<\/p>\n<\/div>","protected":false},"excerpt":{"rendered":"<p>[vc_row section_type=\u00bbheader\u00bb type=\u00bbimage\u00bb bg_position_horizontal=\u00bbcenter\u00bb column_gap=\u00bbno\u00bb padding_top=\u00bb13%\u00bb padding_bottom=\u00bb13%\u00bb bg_image=\u00bb600&#8243;][vc_column][\/vc_column][\/vc_row][vc_row column_gap=\u00bbno\u00bb padding_top=\u00bb25&#8243; padding_bottom=\u00bb25&#8243;][vc_column][vc_column_text][\/vc_column_text][\/vc_column][\/vc_row][vc_row equal_height=\u00bbyes\u00bb type=\u00bbcolor\u00bb bg_color=\u00bb#f2f2f2&#8243; column_gap=\u00bbno\u00bb padding_top=\u00bb65&#8243; padding_bottom=\u00bb65&#8243;][vc_column width=\u00bb1\/2&#8243; css=\u00bb.vc_custom_1470899988502{margin-right: 10px !important;margin-left: 0px !important;padding-top: 25px !important;padding-right: 25px !important;padding-bottom: 25px !important;padding-left: 25px !important;background-color: #ffffff !important;}\u00bb][vc_custom_heading text=\u00bb\u00bfPREGUNTAS?\u00bb font_container=\u00bbtag:h3|text_align:center|color:%23ef6967&#8243; use_theme_fonts=\u00bbyes\u00bb el_class=\u00bbborder_bottom\u00bb css=\u00bb.vc_custom_1470903255613{padding-right: 25px !important;padding-left: 25px !important;}\u00bb][\/vc_column][vc_column width=\u00bb1\/2&#8243; css=\u00bb.vc_custom_1470901163847{background-image: url(https:\/\/femtouch.eu\/wp-content\/uploads\/2016\/08\/questions-banner.jpg?id=617) !important;background-position: center !important;background-repeat: no-repeat !important;background-size: cover !important;}\u00bb][\/vc_column][\/vc_row][vc_row content_placement=\u00bbmiddle\u00bb type=\u00bbcolor\u00bb bg_color=\u00bb#f2f2f2&#8243; column_gap=\u00bbno\u00bb padding_top=\u00bb25&#8243; padding_bottom=\u00bb25&#8243;][vc_column][vc_custom_heading text=\u00bbGente real, [&hellip;]<\/p>\n","protected":false},"author":1,"featured_media":0,"parent":0,"menu_order":0,"comment_status":"closed","ping_status":"closed","template":"","meta":{"footnotes":""},"class_list":["post-7390","page","type-page","status-publish","hentry"],"yoast_head":"<!-- This site is optimized with the Yoast SEO plugin v27.3 - https:\/\/yoast.com\/product\/yoast-seo-wordpress\/ -->\n<title>\u00bfEs doloroso? Preguntas frecuentes sobre salud vaginal, Preguntas sobre salud vaginal | Femtouch - Salud vaginal<\/title>\n<meta name=\"description\" content=\"Conozca m\u00e1s acerca de las causas y los tipos de salud vaginal y los tratamientos disponibles para las mujeres que sufren atrofia vaginal y para mejorar su calidad de vida\" \/>\n<meta name=\"robots\" content=\"index, follow, max-snippet:-1, max-image-preview:large, max-video-preview:-1\" \/>\n<link rel=\"canonical\" href=\"https:\/\/femtouch.eu\/es\/questions\/\" \/>\n<meta property=\"og:locale\" content=\"es_ES\" \/>\n<meta property=\"og:type\" content=\"article\" \/>\n<meta property=\"og:title\" content=\"\u00bfEs doloroso? Preguntas frecuentes sobre salud vaginal, Preguntas sobre salud vaginal | Femtouch - Salud vaginal\" \/>\n<meta property=\"og:description\" content=\"Conozca m\u00e1s acerca de las causas y los tipos de salud vaginal y los tratamientos disponibles para las mujeres que sufren atrofia vaginal y para mejorar su calidad de vida\" \/>\n<meta property=\"og:url\" content=\"https:\/\/femtouch.eu\/questions\/\" \/>\n<meta property=\"og:site_name\" content=\"FemTouch for Improved Vaginal Health\" \/>\n<meta property=\"article:modified_time\" content=\"2022-12-21T11:23:50+00:00\" \/>\n<meta name=\"twitter:card\" content=\"summary_large_image\" \/>\n<meta name=\"twitter:label1\" content=\"Tiempo de lectura\" \/>\n\t<meta name=\"twitter:data1\" content=\"4 minutos\" \/>\n<script type=\"application\/ld+json\" class=\"yoast-schema-graph\">{\"@context\":\"https:\\\/\\\/schema.org\",\"@graph\":[{\"@type\":\"WebPage\",\"@id\":\"https:\\\/\\\/femtouch.eu\\\/questions\\\/\",\"url\":\"https:\\\/\\\/femtouch.eu\\\/questions\\\/\",\"name\":\"\u00bfEs doloroso? Preguntas frecuentes sobre salud vaginal, Preguntas sobre salud vaginal | Femtouch - Salud vaginal\",\"isPartOf\":{\"@id\":\"https:\\\/\\\/femtouch.eu\\\/#website\"},\"datePublished\":\"2016-07-28T06:59:44+00:00\",\"dateModified\":\"2022-12-21T11:23:50+00:00\",\"description\":\"Conozca m\u00e1s acerca de las causas y los tipos de salud vaginal y los tratamientos disponibles para las mujeres que sufren atrofia vaginal y para mejorar su calidad de vida\",\"breadcrumb\":{\"@id\":\"https:\\\/\\\/femtouch.eu\\\/questions\\\/#breadcrumb\"},\"inLanguage\":\"es\",\"potentialAction\":[{\"@type\":\"ReadAction\",\"target\":[\"https:\\\/\\\/femtouch.eu\\\/questions\\\/\"]}]},{\"@type\":\"BreadcrumbList\",\"@id\":\"https:\\\/\\\/femtouch.eu\\\/questions\\\/#breadcrumb\",\"itemListElement\":[{\"@type\":\"ListItem\",\"position\":1,\"name\":\"HOME\",\"item\":\"https:\\\/\\\/femtouch.eu\\\/es\\\/\"},{\"@type\":\"ListItem\",\"position\":2,\"name\":\"\u00bfPREGUNTAS?\"}]},{\"@type\":\"WebSite\",\"@id\":\"https:\\\/\\\/femtouch.eu\\\/#website\",\"url\":\"https:\\\/\\\/femtouch.eu\\\/\",\"name\":\"FemTouch for Improved Vaginal Health\",\"description\":\"\",\"potentialAction\":[{\"@type\":\"SearchAction\",\"target\":{\"@type\":\"EntryPoint\",\"urlTemplate\":\"https:\\\/\\\/femtouch.eu\\\/?s={search_term_string}\"},\"query-input\":{\"@type\":\"PropertyValueSpecification\",\"valueRequired\":true,\"valueName\":\"search_term_string\"}}],\"inLanguage\":\"es\"}]}<\/script>\n<!-- \/ Yoast SEO plugin. -->","yoast_head_json":{"title":"\u00bfEs doloroso? Preguntas frecuentes sobre salud vaginal, Preguntas sobre salud vaginal | Femtouch - Salud vaginal","description":"Conozca m\u00e1s acerca de las causas y los tipos de salud vaginal y los tratamientos disponibles para las mujeres que sufren atrofia vaginal y para mejorar su calidad de vida","robots":{"index":"index","follow":"follow","max-snippet":"max-snippet:-1","max-image-preview":"max-image-preview:large","max-video-preview":"max-video-preview:-1"},"canonical":"https:\/\/femtouch.eu\/es\/questions\/","og_locale":"es_ES","og_type":"article","og_title":"\u00bfEs doloroso? Preguntas frecuentes sobre salud vaginal, Preguntas sobre salud vaginal | Femtouch - Salud vaginal","og_description":"Conozca m\u00e1s acerca de las causas y los tipos de salud vaginal y los tratamientos disponibles para las mujeres que sufren atrofia vaginal y para mejorar su calidad de vida","og_url":"https:\/\/femtouch.eu\/questions\/","og_site_name":"FemTouch for Improved Vaginal Health","article_modified_time":"2022-12-21T11:23:50+00:00","twitter_card":"summary_large_image","twitter_misc":{"Tiempo de lectura":"4 minutos"},"schema":{"@context":"https:\/\/schema.org","@graph":[{"@type":"WebPage","@id":"https:\/\/femtouch.eu\/questions\/","url":"https:\/\/femtouch.eu\/questions\/","name":"\u00bfEs doloroso? Preguntas frecuentes sobre salud vaginal, Preguntas sobre salud vaginal | Femtouch - Salud vaginal","isPartOf":{"@id":"https:\/\/femtouch.eu\/#website"},"datePublished":"2016-07-28T06:59:44+00:00","dateModified":"2022-12-21T11:23:50+00:00","description":"Conozca m\u00e1s acerca de las causas y los tipos de salud vaginal y los tratamientos disponibles para las mujeres que sufren atrofia vaginal y para mejorar su calidad de vida","breadcrumb":{"@id":"https:\/\/femtouch.eu\/questions\/#breadcrumb"},"inLanguage":"es","potentialAction":[{"@type":"ReadAction","target":["https:\/\/femtouch.eu\/questions\/"]}]},{"@type":"BreadcrumbList","@id":"https:\/\/femtouch.eu\/questions\/#breadcrumb","itemListElement":[{"@type":"ListItem","position":1,"name":"HOME","item":"https:\/\/femtouch.eu\/es\/"},{"@type":"ListItem","position":2,"name":"\u00bfPREGUNTAS?"}]},{"@type":"WebSite","@id":"https:\/\/femtouch.eu\/#website","url":"https:\/\/femtouch.eu\/","name":"FemTouch for Improved Vaginal Health","description":"","potentialAction":[{"@type":"SearchAction","target":{"@type":"EntryPoint","urlTemplate":"https:\/\/femtouch.eu\/?s={search_term_string}"},"query-input":{"@type":"PropertyValueSpecification","valueRequired":true,"valueName":"search_term_string"}}],"inLanguage":"es"}]}},"jetpack_shortlink":"https:\/\/wp.me\/P7S3gX-1Vc","jetpack_sharing_enabled":true,"_links":{"self":[{"href":"https:\/\/femtouch.eu\/es\/wp-json\/wp\/v2\/pages\/7390","targetHints":{"allow":["GET"]}}],"collection":[{"href":"https:\/\/femtouch.eu\/es\/wp-json\/wp\/v2\/pages"}],"about":[{"href":"https:\/\/femtouch.eu\/es\/wp-json\/wp\/v2\/types\/page"}],"author":[{"embeddable":true,"href":"https:\/\/femtouch.eu\/es\/wp-json\/wp\/v2\/users\/1"}],"replies":[{"embeddable":true,"href":"https:\/\/femtouch.eu\/es\/wp-json\/wp\/v2\/comments?post=7390"}],"version-history":[{"count":5,"href":"https:\/\/femtouch.eu\/es\/wp-json\/wp\/v2\/pages\/7390\/revisions"}],"predecessor-version":[{"id":9358,"href":"https:\/\/femtouch.eu\/es\/wp-json\/wp\/v2\/pages\/7390\/revisions\/9358"}],"wp:attachment":[{"href":"https:\/\/femtouch.eu\/es\/wp-json\/wp\/v2\/media?parent=7390"}],"curies":[{"name":"wp","href":"https:\/\/api.w.org\/{rel}","templated":true}]}}