{"id":7482,"date":"2016-08-11T08:41:53","date_gmt":"2016-08-11T08:41:53","guid":{"rendered":"https:\/\/staging.femtouch.eu\/questions\/existen-efectos-secundarios-asociados-con-el-tratamiento-con-femtouch\/"},"modified":"2020-03-23T12:25:29","modified_gmt":"2020-03-23T12:25:29","slug":"are-there-any-side-effects-associated-with-the-femtouch-treatment","status":"publish","type":"page","link":"https:\/\/femtouch.eu\/es\/questions\/are-there-any-side-effects-associated-with-the-femtouch-treatment\/","title":{"rendered":"\u00bfExisten efectos secundarios asociados con el tratamiento con FemTouch?"},"content":{"rendered":"<div class=\"wpb-content-wrapper\"><p>[vc_row type=\u00bbimage\u00bb bg_position_horizontal=\u00bbcenter\u00bb enable_parallax=\u00bbfalse\u00bb column_gap=\u00bbno\u00bb padding_top=\u00bb13%\u00bb padding_bottom=\u00bb13%\u00bb bg_image=\u00bb600&#8243;][vc_column][\/vc_column][\/vc_row][vc_row column_gap=\u00bbno\u00bb padding_top=\u00bb25&#8243; padding_bottom=\u00bb25&#8243;][vc_column][vc_column_text]<div class=\"breadcrumb\" itemprop=\"breadcrumb\"><span><span><a href=\"https:\/\/femtouch.eu\/es\/\">HOME<\/a><\/span><\/span><\/div>[\/vc_column_text][\/vc_column][\/vc_row][vc_row equal_height=\u00bbyes\u00bb content_placement=\u00bbmiddle\u00bb type=\u00bbcolor\u00bb bg_color=\u00bb#f2f2f2&#8243; column_gap=\u00bbno\u00bb padding_top=\u00bb65&#8243; padding_bottom=\u00bb65&#8243;][vc_column width=\u00bb2\/3&#8243; css=\u00bb.vc_custom_1470053436572{margin-right: 10px !important;margin-left: 0px !important;padding-top: 33px !important;padding-right: 25px !important;padding-bottom: 33px !important;padding-left: 25px !important;background-color: #ffffff !important;}\u00bb][vc_column_text]<\/p>\n<h3>\u00bfExisten efectos secundarios asociados con el tratamiento con FemTouch?<\/h3>\n<p>No se presentan efectos secundarios importantes con el <a href=\"https:\/\/femtouch.eu\/es\/our-treatment\/about\/\">Tratamiento FemTouch\u2122.<\/a> Algunas pacientes pueden experimentar algo de picaz\u00f3n en las horas posteriores al tratamiento, la que puede aliviarse con un gel hidratante recetado por su m\u00e9dico; para obtener m\u00e1s informaci\u00f3n consulte a su m\u00e9dico.[\/vc_column_text][vc_btn title=\u00bbVOLVER A LAS PREGUNTAS\u00bb size=\u00bbsm\u00bb link=\u00bburl:https%3A%2F%2Ffemtouch.eu%2Fes%2Fquestions%2F|||\u00bb][\/vc_column][vc_column width=\u00bb1\/3&#8243; css=\u00bb.vc_custom_1471180801601{margin-left: 10px !important;}\u00bb][\/vc_column][\/vc_row]<\/p>\n<\/div>","protected":false},"excerpt":{"rendered":"<p>[vc_row type=\u00bbimage\u00bb bg_position_horizontal=\u00bbcenter\u00bb enable_parallax=\u00bbfalse\u00bb column_gap=\u00bbno\u00bb padding_top=\u00bb13%\u00bb padding_bottom=\u00bb13%\u00bb bg_image=\u00bb600&#8243;][vc_column][\/vc_column][\/vc_row][vc_row column_gap=\u00bbno\u00bb padding_top=\u00bb25&#8243; padding_bottom=\u00bb25&#8243;][vc_column][vc_column_text][\/vc_column_text][\/vc_column][\/vc_row][vc_row equal_height=\u00bbyes\u00bb content_placement=\u00bbmiddle\u00bb type=\u00bbcolor\u00bb bg_color=\u00bb#f2f2f2&#8243; column_gap=\u00bbno\u00bb padding_top=\u00bb65&#8243; padding_bottom=\u00bb65&#8243;][vc_column width=\u00bb2\/3&#8243; css=\u00bb.vc_custom_1470053436572{margin-right: 10px !important;margin-left: 0px !important;padding-top: 33px !important;padding-right: 25px !important;padding-bottom: 33px !important;padding-left: 25px !important;background-color: #ffffff !important;}\u00bb][vc_column_text] \u00bfExisten efectos secundarios asociados con el tratamiento con FemTouch? No se presentan efectos secundarios importantes con el Tratamiento FemTouch\u2122. Algunas pacientes pueden experimentar algo de picaz\u00f3n [&hellip;]<\/p>\n","protected":false},"author":1,"featured_media":0,"parent":7390,"menu_order":0,"comment_status":"closed","ping_status":"closed","template":"","meta":{"footnotes":""},"class_list":["post-7482","page","type-page","status-publish","hentry"],"yoast_head":"<!-- This site is optimized with the Yoast SEO plugin v27.3 - https:\/\/yoast.com\/product\/yoast-seo-wordpress\/ -->\n<title>\u00bfExisten efectos secundarios asociados con el tratamiento con FemTouch? - FemTouch for Improved Vaginal Health<\/title>\n<meta name=\"robots\" content=\"index, follow, max-snippet:-1, max-image-preview:large, max-video-preview:-1\" \/>\n<link rel=\"canonical\" href=\"https:\/\/femtouch.eu\/es\/questions\/are-there-any-side-effects-associated-with-the-femtouch-treatment\/\" \/>\n<meta property=\"og:locale\" content=\"es_ES\" \/>\n<meta property=\"og:type\" content=\"article\" \/>\n<meta property=\"og:title\" content=\"\u00bfExisten efectos secundarios asociados con el tratamiento con FemTouch? - FemTouch for Improved Vaginal Health\" \/>\n<meta property=\"og:description\" content=\"[vc_row type=\u00bbimage\u00bb bg_position_horizontal=\u00bbcenter\u00bb enable_parallax=\u00bbfalse\u00bb column_gap=\u00bbno\u00bb padding_top=\u00bb13%\u00bb padding_bottom=\u00bb13%\u00bb bg_image=\u00bb600&#8243;][vc_column][\/vc_column][\/vc_row][vc_row column_gap=\u00bbno\u00bb padding_top=\u00bb25&#8243; padding_bottom=\u00bb25&#8243;][vc_column][vc_column_text][\/vc_column_text][\/vc_column][\/vc_row][vc_row equal_height=\u00bbyes\u00bb content_placement=\u00bbmiddle\u00bb type=\u00bbcolor\u00bb bg_color=\u00bb#f2f2f2&#8243; column_gap=\u00bbno\u00bb padding_top=\u00bb65&#8243; padding_bottom=\u00bb65&#8243;][vc_column width=\u00bb2\/3&#8243; css=\u00bb.vc_custom_1470053436572{margin-right: 10px !important;margin-left: 0px !important;padding-top: 33px !important;padding-right: 25px !important;padding-bottom: 33px !important;padding-left: 25px !important;background-color: #ffffff !important;}\u00bb][vc_column_text] \u00bfExisten efectos secundarios asociados con el tratamiento con FemTouch? No se presentan efectos secundarios importantes con el Tratamiento FemTouch\u2122. Algunas pacientes pueden experimentar algo de picaz\u00f3n [&hellip;]\" \/>\n<meta property=\"og:url\" content=\"https:\/\/femtouch.eu\/questions\/are-there-any-side-effects-associated-with-the-femtouch-treatment\/\" \/>\n<meta property=\"og:site_name\" content=\"FemTouch for Improved Vaginal Health\" \/>\n<meta property=\"article:modified_time\" content=\"2020-03-23T12:25:29+00:00\" \/>\n<meta name=\"twitter:card\" content=\"summary_large_image\" \/>\n<meta name=\"twitter:label1\" content=\"Tiempo de lectura\" \/>\n\t<meta name=\"twitter:data1\" content=\"1 minuto\" \/>\n<script type=\"application\/ld+json\" class=\"yoast-schema-graph\">{\"@context\":\"https:\\\/\\\/schema.org\",\"@graph\":[{\"@type\":\"WebPage\",\"@id\":\"https:\\\/\\\/femtouch.eu\\\/questions\\\/are-there-any-side-effects-associated-with-the-femtouch-treatment\\\/\",\"url\":\"https:\\\/\\\/femtouch.eu\\\/questions\\\/are-there-any-side-effects-associated-with-the-femtouch-treatment\\\/\",\"name\":\"\u00bfExisten efectos secundarios asociados con el tratamiento con FemTouch? - FemTouch for Improved Vaginal Health\",\"isPartOf\":{\"@id\":\"https:\\\/\\\/femtouch.eu\\\/#website\"},\"datePublished\":\"2016-08-11T08:41:53+00:00\",\"dateModified\":\"2020-03-23T12:25:29+00:00\",\"breadcrumb\":{\"@id\":\"https:\\\/\\\/femtouch.eu\\\/questions\\\/are-there-any-side-effects-associated-with-the-femtouch-treatment\\\/#breadcrumb\"},\"inLanguage\":\"es\",\"potentialAction\":[{\"@type\":\"ReadAction\",\"target\":[\"https:\\\/\\\/femtouch.eu\\\/questions\\\/are-there-any-side-effects-associated-with-the-femtouch-treatment\\\/\"]}]},{\"@type\":\"BreadcrumbList\",\"@id\":\"https:\\\/\\\/femtouch.eu\\\/questions\\\/are-there-any-side-effects-associated-with-the-femtouch-treatment\\\/#breadcrumb\",\"itemListElement\":[{\"@type\":\"ListItem\",\"position\":1,\"name\":\"HOME\",\"item\":\"https:\\\/\\\/femtouch.eu\\\/es\\\/\"},{\"@type\":\"ListItem\",\"position\":2,\"name\":\"\u00bfPREGUNTAS?\",\"item\":\"https:\\\/\\\/femtouch.eu\\\/questions\\\/\"},{\"@type\":\"ListItem\",\"position\":3,\"name\":\"\u00bfExisten efectos secundarios asociados con el tratamiento con FemTouch?\"}]},{\"@type\":\"WebSite\",\"@id\":\"https:\\\/\\\/femtouch.eu\\\/#website\",\"url\":\"https:\\\/\\\/femtouch.eu\\\/\",\"name\":\"FemTouch for Improved Vaginal Health\",\"description\":\"\",\"potentialAction\":[{\"@type\":\"SearchAction\",\"target\":{\"@type\":\"EntryPoint\",\"urlTemplate\":\"https:\\\/\\\/femtouch.eu\\\/?s={search_term_string}\"},\"query-input\":{\"@type\":\"PropertyValueSpecification\",\"valueRequired\":true,\"valueName\":\"search_term_string\"}}],\"inLanguage\":\"es\"}]}<\/script>\n<!-- \/ Yoast SEO plugin. -->","yoast_head_json":{"title":"\u00bfExisten efectos secundarios asociados con el tratamiento con FemTouch? - FemTouch for Improved Vaginal Health","robots":{"index":"index","follow":"follow","max-snippet":"max-snippet:-1","max-image-preview":"max-image-preview:large","max-video-preview":"max-video-preview:-1"},"canonical":"https:\/\/femtouch.eu\/es\/questions\/are-there-any-side-effects-associated-with-the-femtouch-treatment\/","og_locale":"es_ES","og_type":"article","og_title":"\u00bfExisten efectos secundarios asociados con el tratamiento con FemTouch? - FemTouch for Improved Vaginal Health","og_description":"[vc_row type=\u00bbimage\u00bb bg_position_horizontal=\u00bbcenter\u00bb enable_parallax=\u00bbfalse\u00bb column_gap=\u00bbno\u00bb padding_top=\u00bb13%\u00bb padding_bottom=\u00bb13%\u00bb bg_image=\u00bb600&#8243;][vc_column][\/vc_column][\/vc_row][vc_row column_gap=\u00bbno\u00bb padding_top=\u00bb25&#8243; padding_bottom=\u00bb25&#8243;][vc_column][vc_column_text][\/vc_column_text][\/vc_column][\/vc_row][vc_row equal_height=\u00bbyes\u00bb content_placement=\u00bbmiddle\u00bb type=\u00bbcolor\u00bb bg_color=\u00bb#f2f2f2&#8243; column_gap=\u00bbno\u00bb padding_top=\u00bb65&#8243; padding_bottom=\u00bb65&#8243;][vc_column width=\u00bb2\/3&#8243; css=\u00bb.vc_custom_1470053436572{margin-right: 10px !important;margin-left: 0px !important;padding-top: 33px !important;padding-right: 25px !important;padding-bottom: 33px !important;padding-left: 25px !important;background-color: #ffffff !important;}\u00bb][vc_column_text] \u00bfExisten efectos secundarios asociados con el tratamiento con FemTouch? No se presentan efectos secundarios importantes con el Tratamiento FemTouch\u2122. Algunas pacientes pueden experimentar algo de picaz\u00f3n [&hellip;]","og_url":"https:\/\/femtouch.eu\/questions\/are-there-any-side-effects-associated-with-the-femtouch-treatment\/","og_site_name":"FemTouch for Improved Vaginal Health","article_modified_time":"2020-03-23T12:25:29+00:00","twitter_card":"summary_large_image","twitter_misc":{"Tiempo de lectura":"1 minuto"},"schema":{"@context":"https:\/\/schema.org","@graph":[{"@type":"WebPage","@id":"https:\/\/femtouch.eu\/questions\/are-there-any-side-effects-associated-with-the-femtouch-treatment\/","url":"https:\/\/femtouch.eu\/questions\/are-there-any-side-effects-associated-with-the-femtouch-treatment\/","name":"\u00bfExisten efectos secundarios asociados con el tratamiento con FemTouch? - FemTouch for Improved Vaginal Health","isPartOf":{"@id":"https:\/\/femtouch.eu\/#website"},"datePublished":"2016-08-11T08:41:53+00:00","dateModified":"2020-03-23T12:25:29+00:00","breadcrumb":{"@id":"https:\/\/femtouch.eu\/questions\/are-there-any-side-effects-associated-with-the-femtouch-treatment\/#breadcrumb"},"inLanguage":"es","potentialAction":[{"@type":"ReadAction","target":["https:\/\/femtouch.eu\/questions\/are-there-any-side-effects-associated-with-the-femtouch-treatment\/"]}]},{"@type":"BreadcrumbList","@id":"https:\/\/femtouch.eu\/questions\/are-there-any-side-effects-associated-with-the-femtouch-treatment\/#breadcrumb","itemListElement":[{"@type":"ListItem","position":1,"name":"HOME","item":"https:\/\/femtouch.eu\/es\/"},{"@type":"ListItem","position":2,"name":"\u00bfPREGUNTAS?","item":"https:\/\/femtouch.eu\/questions\/"},{"@type":"ListItem","position":3,"name":"\u00bfExisten efectos secundarios asociados con el tratamiento con FemTouch?"}]},{"@type":"WebSite","@id":"https:\/\/femtouch.eu\/#website","url":"https:\/\/femtouch.eu\/","name":"FemTouch for Improved Vaginal Health","description":"","potentialAction":[{"@type":"SearchAction","target":{"@type":"EntryPoint","urlTemplate":"https:\/\/femtouch.eu\/?s={search_term_string}"},"query-input":{"@type":"PropertyValueSpecification","valueRequired":true,"valueName":"search_term_string"}}],"inLanguage":"es"}]}},"jetpack_shortlink":"https:\/\/wp.me\/P7S3gX-1WG","jetpack_sharing_enabled":true,"_links":{"self":[{"href":"https:\/\/femtouch.eu\/es\/wp-json\/wp\/v2\/pages\/7482","targetHints":{"allow":["GET"]}}],"collection":[{"href":"https:\/\/femtouch.eu\/es\/wp-json\/wp\/v2\/pages"}],"about":[{"href":"https:\/\/femtouch.eu\/es\/wp-json\/wp\/v2\/types\/page"}],"author":[{"embeddable":true,"href":"https:\/\/femtouch.eu\/es\/wp-json\/wp\/v2\/users\/1"}],"replies":[{"embeddable":true,"href":"https:\/\/femtouch.eu\/es\/wp-json\/wp\/v2\/comments?post=7482"}],"version-history":[{"count":3,"href":"https:\/\/femtouch.eu\/es\/wp-json\/wp\/v2\/pages\/7482\/revisions"}],"predecessor-version":[{"id":7494,"href":"https:\/\/femtouch.eu\/es\/wp-json\/wp\/v2\/pages\/7482\/revisions\/7494"}],"up":[{"embeddable":true,"href":"https:\/\/femtouch.eu\/es\/wp-json\/wp\/v2\/pages\/7390"}],"wp:attachment":[{"href":"https:\/\/femtouch.eu\/es\/wp-json\/wp\/v2\/media?parent=7482"}],"curies":[{"name":"wp","href":"https:\/\/api.w.org\/{rel}","templated":true}]}}