{"id":7563,"date":"2016-08-09T16:10:57","date_gmt":"2016-08-09T16:10:57","guid":{"rendered":"https:\/\/staging.femtouch.eu\/en-el-caso-de-que-se-experimenten-sintomas-mas-significativos-tiene-sentido-aumentar-la-energia-entregada\/"},"modified":"2020-03-24T06:58:18","modified_gmt":"2020-03-24T06:58:18","slug":"for-more-significant-symptoms-does-it-make-sense-to-increase-the-energy-delivered","status":"publish","type":"page","link":"https:\/\/femtouch.eu\/es\/for-more-significant-symptoms-does-it-make-sense-to-increase-the-energy-delivered\/","title":{"rendered":"En el caso de que se experimenten s\u00edntomas m\u00e1s significativos, \u00bftiene sentido aumentar la energ\u00eda entregada?"},"content":{"rendered":"<div class=\"wpb-content-wrapper\"><p>[vc_row type=\u00bbimage\u00bb bg_position_horizontal=\u00bbcenter\u00bb enable_parallax=\u00bbfalse\u00bb column_gap=\u00bbno\u00bb padding_top=\u00bb13%\u00bb padding_bottom=\u00bb13%\u00bb bg_image=\u00bb600&#8243;][vc_column][\/vc_column][\/vc_row][vc_row column_gap=\u00bbno\u00bb padding_top=\u00bb25&#8243; padding_bottom=\u00bb25&#8243;][vc_column][vc_column_text]<div class=\"breadcrumb\" itemprop=\"breadcrumb\"><span><span><a href=\"https:\/\/femtouch.eu\/es\/\">HOME<\/a><\/span><\/span><\/div>[\/vc_column_text][\/vc_column][\/vc_row][vc_row equal_height=\u00bbyes\u00bb content_placement=\u00bbmiddle\u00bb type=\u00bbcolor\u00bb bg_color=\u00bb#f2f2f2&#8243; column_gap=\u00bbno\u00bb padding_top=\u00bb65&#8243; padding_bottom=\u00bb65&#8243;][vc_column width=\u00bb2\/3&#8243; css=\u00bb.vc_custom_1470053436572{margin-right: 10px !important;margin-left: 0px !important;padding-top: 33px !important;padding-right: 25px !important;padding-bottom: 33px !important;padding-left: 25px !important;background-color: #ffffff !important;}\u00bb][vc_column_text]<\/p>\n<h4><strong>En el caso de que se experimenten s\u00edntomas m\u00e1s significativos, \u00bftiene sentido aumentar la energ\u00eda entregada?<\/strong><\/h4>\n<p><strong>RESPUESTA:<\/strong>No queremos penetrar m\u00e1s de 600 micrones, as\u00ed que, por razones de seguridad, el dispositivo est\u00e1 limitado a 12,5 mJ.[\/vc_column_text][vc_btn title=\u00bbVOLVER A LAS PREGUNTAS\u00bb size=\u00bbsm\u00bb link=\u00bburl:https%3A%2F%2Ffemtouch.eu%2Fes%2Ffor-physicians%2Ffaq%2F|||\u00bb][\/vc_column][vc_column width=\u00bb1\/3&#8243; css=\u00bb.vc_custom_1471850088783{margin-left: 10px !important;}\u00bb][\/vc_column][\/vc_row]<\/p>\n<\/div>","protected":false},"excerpt":{"rendered":"<p>[vc_row type=\u00bbimage\u00bb bg_position_horizontal=\u00bbcenter\u00bb enable_parallax=\u00bbfalse\u00bb column_gap=\u00bbno\u00bb padding_top=\u00bb13%\u00bb padding_bottom=\u00bb13%\u00bb bg_image=\u00bb600&#8243;][vc_column][\/vc_column][\/vc_row][vc_row column_gap=\u00bbno\u00bb padding_top=\u00bb25&#8243; padding_bottom=\u00bb25&#8243;][vc_column][vc_column_text][\/vc_column_text][\/vc_column][\/vc_row][vc_row equal_height=\u00bbyes\u00bb content_placement=\u00bbmiddle\u00bb type=\u00bbcolor\u00bb bg_color=\u00bb#f2f2f2&#8243; column_gap=\u00bbno\u00bb padding_top=\u00bb65&#8243; padding_bottom=\u00bb65&#8243;][vc_column width=\u00bb2\/3&#8243; css=\u00bb.vc_custom_1470053436572{margin-right: 10px !important;margin-left: 0px !important;padding-top: 33px !important;padding-right: 25px !important;padding-bottom: 33px !important;padding-left: 25px !important;background-color: #ffffff !important;}\u00bb][vc_column_text] En el caso de que se experimenten s\u00edntomas m\u00e1s significativos, \u00bftiene sentido aumentar la energ\u00eda entregada? RESPUESTA:No queremos penetrar m\u00e1s de 600 micrones, as\u00ed que, por [&hellip;]<\/p>\n","protected":false},"author":1,"featured_media":0,"parent":0,"menu_order":0,"comment_status":"closed","ping_status":"closed","template":"","meta":{"footnotes":""},"class_list":["post-7563","page","type-page","status-publish","hentry"],"yoast_head":"<!-- This site is optimized with the Yoast SEO plugin v27.3 - https:\/\/yoast.com\/product\/yoast-seo-wordpress\/ -->\n<title>En el caso de que se experimenten s\u00edntomas m\u00e1s significativos, \u00bftiene sentido aumentar la energ\u00eda entregada? - FemTouch for Improved Vaginal Health<\/title>\n<meta name=\"robots\" content=\"index, follow, max-snippet:-1, max-image-preview:large, max-video-preview:-1\" \/>\n<link rel=\"canonical\" href=\"https:\/\/femtouch.eu\/es\/for-more-significant-symptoms-does-it-make-sense-to-increase-the-energy-delivered\/\" \/>\n<meta property=\"og:locale\" content=\"es_ES\" \/>\n<meta property=\"og:type\" content=\"article\" \/>\n<meta property=\"og:title\" content=\"En el caso de que se experimenten s\u00edntomas m\u00e1s significativos, \u00bftiene sentido aumentar la energ\u00eda entregada? - FemTouch for Improved Vaginal Health\" \/>\n<meta property=\"og:description\" content=\"[vc_row type=\u00bbimage\u00bb bg_position_horizontal=\u00bbcenter\u00bb enable_parallax=\u00bbfalse\u00bb column_gap=\u00bbno\u00bb padding_top=\u00bb13%\u00bb padding_bottom=\u00bb13%\u00bb bg_image=\u00bb600&#8243;][vc_column][\/vc_column][\/vc_row][vc_row column_gap=\u00bbno\u00bb padding_top=\u00bb25&#8243; padding_bottom=\u00bb25&#8243;][vc_column][vc_column_text][\/vc_column_text][\/vc_column][\/vc_row][vc_row equal_height=\u00bbyes\u00bb content_placement=\u00bbmiddle\u00bb type=\u00bbcolor\u00bb bg_color=\u00bb#f2f2f2&#8243; column_gap=\u00bbno\u00bb padding_top=\u00bb65&#8243; padding_bottom=\u00bb65&#8243;][vc_column width=\u00bb2\/3&#8243; css=\u00bb.vc_custom_1470053436572{margin-right: 10px !important;margin-left: 0px !important;padding-top: 33px !important;padding-right: 25px !important;padding-bottom: 33px !important;padding-left: 25px !important;background-color: #ffffff !important;}\u00bb][vc_column_text] En el caso de que se experimenten s\u00edntomas m\u00e1s significativos, \u00bftiene sentido aumentar la energ\u00eda entregada? RESPUESTA:No queremos penetrar m\u00e1s de 600 micrones, as\u00ed que, por [&hellip;]\" \/>\n<meta property=\"og:url\" content=\"https:\/\/femtouch.eu\/for-more-significant-symptoms-does-it-make-sense-to-increase-the-energy-delivered\/\" \/>\n<meta property=\"og:site_name\" content=\"FemTouch for Improved Vaginal Health\" \/>\n<meta property=\"article:modified_time\" content=\"2020-03-24T06:58:18+00:00\" \/>\n<meta name=\"twitter:card\" content=\"summary_large_image\" \/>\n<meta name=\"twitter:label1\" content=\"Tiempo de lectura\" \/>\n\t<meta name=\"twitter:data1\" content=\"1 minuto\" \/>\n<script type=\"application\/ld+json\" class=\"yoast-schema-graph\">{\"@context\":\"https:\\\/\\\/schema.org\",\"@graph\":[{\"@type\":\"WebPage\",\"@id\":\"https:\\\/\\\/femtouch.eu\\\/for-more-significant-symptoms-does-it-make-sense-to-increase-the-energy-delivered\\\/\",\"url\":\"https:\\\/\\\/femtouch.eu\\\/for-more-significant-symptoms-does-it-make-sense-to-increase-the-energy-delivered\\\/\",\"name\":\"En el caso de que se experimenten s\u00edntomas m\u00e1s significativos, \u00bftiene sentido aumentar la energ\u00eda entregada? - FemTouch for Improved Vaginal Health\",\"isPartOf\":{\"@id\":\"https:\\\/\\\/femtouch.eu\\\/#website\"},\"datePublished\":\"2016-08-09T16:10:57+00:00\",\"dateModified\":\"2020-03-24T06:58:18+00:00\",\"breadcrumb\":{\"@id\":\"https:\\\/\\\/femtouch.eu\\\/for-more-significant-symptoms-does-it-make-sense-to-increase-the-energy-delivered\\\/#breadcrumb\"},\"inLanguage\":\"es\",\"potentialAction\":[{\"@type\":\"ReadAction\",\"target\":[\"https:\\\/\\\/femtouch.eu\\\/for-more-significant-symptoms-does-it-make-sense-to-increase-the-energy-delivered\\\/\"]}]},{\"@type\":\"BreadcrumbList\",\"@id\":\"https:\\\/\\\/femtouch.eu\\\/for-more-significant-symptoms-does-it-make-sense-to-increase-the-energy-delivered\\\/#breadcrumb\",\"itemListElement\":[{\"@type\":\"ListItem\",\"position\":1,\"name\":\"HOME\",\"item\":\"https:\\\/\\\/femtouch.eu\\\/es\\\/\"},{\"@type\":\"ListItem\",\"position\":2,\"name\":\"En el caso de que se experimenten s\u00edntomas m\u00e1s significativos, \u00bftiene sentido aumentar la energ\u00eda entregada?\"}]},{\"@type\":\"WebSite\",\"@id\":\"https:\\\/\\\/femtouch.eu\\\/#website\",\"url\":\"https:\\\/\\\/femtouch.eu\\\/\",\"name\":\"FemTouch for Improved Vaginal Health\",\"description\":\"\",\"potentialAction\":[{\"@type\":\"SearchAction\",\"target\":{\"@type\":\"EntryPoint\",\"urlTemplate\":\"https:\\\/\\\/femtouch.eu\\\/?s={search_term_string}\"},\"query-input\":{\"@type\":\"PropertyValueSpecification\",\"valueRequired\":true,\"valueName\":\"search_term_string\"}}],\"inLanguage\":\"es\"}]}<\/script>\n<!-- \/ Yoast SEO plugin. -->","yoast_head_json":{"title":"En el caso de que se experimenten s\u00edntomas m\u00e1s significativos, \u00bftiene sentido aumentar la energ\u00eda entregada? - FemTouch for Improved Vaginal Health","robots":{"index":"index","follow":"follow","max-snippet":"max-snippet:-1","max-image-preview":"max-image-preview:large","max-video-preview":"max-video-preview:-1"},"canonical":"https:\/\/femtouch.eu\/es\/for-more-significant-symptoms-does-it-make-sense-to-increase-the-energy-delivered\/","og_locale":"es_ES","og_type":"article","og_title":"En el caso de que se experimenten s\u00edntomas m\u00e1s significativos, \u00bftiene sentido aumentar la energ\u00eda entregada? - FemTouch for Improved Vaginal Health","og_description":"[vc_row type=\u00bbimage\u00bb bg_position_horizontal=\u00bbcenter\u00bb enable_parallax=\u00bbfalse\u00bb column_gap=\u00bbno\u00bb padding_top=\u00bb13%\u00bb padding_bottom=\u00bb13%\u00bb bg_image=\u00bb600&#8243;][vc_column][\/vc_column][\/vc_row][vc_row column_gap=\u00bbno\u00bb padding_top=\u00bb25&#8243; padding_bottom=\u00bb25&#8243;][vc_column][vc_column_text][\/vc_column_text][\/vc_column][\/vc_row][vc_row equal_height=\u00bbyes\u00bb content_placement=\u00bbmiddle\u00bb type=\u00bbcolor\u00bb bg_color=\u00bb#f2f2f2&#8243; column_gap=\u00bbno\u00bb padding_top=\u00bb65&#8243; padding_bottom=\u00bb65&#8243;][vc_column width=\u00bb2\/3&#8243; css=\u00bb.vc_custom_1470053436572{margin-right: 10px !important;margin-left: 0px !important;padding-top: 33px !important;padding-right: 25px !important;padding-bottom: 33px !important;padding-left: 25px !important;background-color: #ffffff !important;}\u00bb][vc_column_text] En el caso de que se experimenten s\u00edntomas m\u00e1s significativos, \u00bftiene sentido aumentar la energ\u00eda entregada? RESPUESTA:No queremos penetrar m\u00e1s de 600 micrones, as\u00ed que, por [&hellip;]","og_url":"https:\/\/femtouch.eu\/for-more-significant-symptoms-does-it-make-sense-to-increase-the-energy-delivered\/","og_site_name":"FemTouch for Improved Vaginal Health","article_modified_time":"2020-03-24T06:58:18+00:00","twitter_card":"summary_large_image","twitter_misc":{"Tiempo de lectura":"1 minuto"},"schema":{"@context":"https:\/\/schema.org","@graph":[{"@type":"WebPage","@id":"https:\/\/femtouch.eu\/for-more-significant-symptoms-does-it-make-sense-to-increase-the-energy-delivered\/","url":"https:\/\/femtouch.eu\/for-more-significant-symptoms-does-it-make-sense-to-increase-the-energy-delivered\/","name":"En el caso de que se experimenten s\u00edntomas m\u00e1s significativos, \u00bftiene sentido aumentar la energ\u00eda entregada? - FemTouch for Improved Vaginal Health","isPartOf":{"@id":"https:\/\/femtouch.eu\/#website"},"datePublished":"2016-08-09T16:10:57+00:00","dateModified":"2020-03-24T06:58:18+00:00","breadcrumb":{"@id":"https:\/\/femtouch.eu\/for-more-significant-symptoms-does-it-make-sense-to-increase-the-energy-delivered\/#breadcrumb"},"inLanguage":"es","potentialAction":[{"@type":"ReadAction","target":["https:\/\/femtouch.eu\/for-more-significant-symptoms-does-it-make-sense-to-increase-the-energy-delivered\/"]}]},{"@type":"BreadcrumbList","@id":"https:\/\/femtouch.eu\/for-more-significant-symptoms-does-it-make-sense-to-increase-the-energy-delivered\/#breadcrumb","itemListElement":[{"@type":"ListItem","position":1,"name":"HOME","item":"https:\/\/femtouch.eu\/es\/"},{"@type":"ListItem","position":2,"name":"En el caso de que se experimenten s\u00edntomas m\u00e1s significativos, \u00bftiene sentido aumentar la energ\u00eda entregada?"}]},{"@type":"WebSite","@id":"https:\/\/femtouch.eu\/#website","url":"https:\/\/femtouch.eu\/","name":"FemTouch for Improved Vaginal Health","description":"","potentialAction":[{"@type":"SearchAction","target":{"@type":"EntryPoint","urlTemplate":"https:\/\/femtouch.eu\/?s={search_term_string}"},"query-input":{"@type":"PropertyValueSpecification","valueRequired":true,"valueName":"search_term_string"}}],"inLanguage":"es"}]}},"jetpack_shortlink":"https:\/\/wp.me\/P7S3gX-1XZ","jetpack_sharing_enabled":true,"_links":{"self":[{"href":"https:\/\/femtouch.eu\/es\/wp-json\/wp\/v2\/pages\/7563","targetHints":{"allow":["GET"]}}],"collection":[{"href":"https:\/\/femtouch.eu\/es\/wp-json\/wp\/v2\/pages"}],"about":[{"href":"https:\/\/femtouch.eu\/es\/wp-json\/wp\/v2\/types\/page"}],"author":[{"embeddable":true,"href":"https:\/\/femtouch.eu\/es\/wp-json\/wp\/v2\/users\/1"}],"replies":[{"embeddable":true,"href":"https:\/\/femtouch.eu\/es\/wp-json\/wp\/v2\/comments?post=7563"}],"version-history":[{"count":2,"href":"https:\/\/femtouch.eu\/es\/wp-json\/wp\/v2\/pages\/7563\/revisions"}],"predecessor-version":[{"id":7569,"href":"https:\/\/femtouch.eu\/es\/wp-json\/wp\/v2\/pages\/7563\/revisions\/7569"}],"wp:attachment":[{"href":"https:\/\/femtouch.eu\/es\/wp-json\/wp\/v2\/media?parent=7563"}],"curies":[{"name":"wp","href":"https:\/\/api.w.org\/{rel}","templated":true}]}}