{"id":7578,"date":"2016-08-09T16:22:10","date_gmt":"2016-08-09T16:22:10","guid":{"rendered":"https:\/\/staging.femtouch.eu\/de-que-manera-controlo-la-profundidad-de-la-penetracion-y-me-aseguro-de-no-penetrar-la-capa-fibromuscular\/"},"modified":"2020-03-24T07:12:47","modified_gmt":"2020-03-24T07:12:47","slug":"how-do-i-control-the-penetration-depth-and-make-sure-i-dont-penetrate-into-the-fibromuscular-layer","status":"publish","type":"page","link":"https:\/\/femtouch.eu\/es\/for-physicians\/faq\/how-do-i-control-the-penetration-depth-and-make-sure-i-dont-penetrate-into-the-fibromuscular-layer\/","title":{"rendered":"\u00bfDe qu\u00e9 manera controlo la profundidad de la penetraci\u00f3n y me aseguro de no penetrar la capa fibromuscular?"},"content":{"rendered":"<div class=\"wpb-content-wrapper\"><p>[vc_row type=\u00bbimage\u00bb bg_position_horizontal=\u00bbcenter\u00bb enable_parallax=\u00bbfalse\u00bb column_gap=\u00bbno\u00bb padding_top=\u00bb13%\u00bb padding_bottom=\u00bb13%\u00bb bg_image=\u00bb600&#8243;][vc_column][vc_custom_heading text=\u00bb\u00bb font_container=\u00bbtag:h2|text_align:left|color:%23ffffff\u00bb use_theme_fonts=\u00bbyes\u00bb][\/vc_column][\/vc_row][vc_row column_gap=\u00bbno\u00bb padding_top=\u00bb25&#8243; padding_bottom=\u00bb25&#8243;][vc_column][vc_column_text]<div class=\"breadcrumb\" itemprop=\"breadcrumb\"><span><span><a href=\"https:\/\/femtouch.eu\/es\/\">HOME<\/a><\/span><\/span><\/div>[\/vc_column_text][\/vc_column][\/vc_row][vc_row equal_height=\u00bbyes\u00bb content_placement=\u00bbmiddle\u00bb type=\u00bbcolor\u00bb bg_color=\u00bb#f2f2f2&#8243; column_gap=\u00bbno\u00bb padding_top=\u00bb65&#8243; padding_bottom=\u00bb65&#8243;][vc_column width=\u00bb2\/3&#8243; css=\u00bb.vc_custom_1470053436572{margin-right: 10px !important;margin-left: 0px !important;padding-top: 33px !important;padding-right: 25px !important;padding-bottom: 33px !important;padding-left: 25px !important;background-color: #ffffff !important;}\u00bb][vc_column_text]<\/p>\n<h4>\u00bfDe qu\u00e9 manera controlo la profundidad de la penetraci\u00f3n y me aseguro de no penetrar la capa fibromuscular?<\/h4>\n<p><strong>RESPUESTA:\u00a0<\/strong>Como fue evaluado en el estudio precl\u00ednico, se ha mostrado que la profundidad de penetraci\u00f3n est\u00e1 controlada por las configuraciones de energ\u00eda. La profundidad de penetraci\u00f3n promedio (ablaci\u00f3n y coagulaci\u00f3n), en diversos niveles de energ\u00eda \u2013 7,5 &#8211; 12,5 mJ, var\u00eda entre 200 \u00b5m y 500 \u00b5m. Estos par\u00e1metros responden a los datos de la literatura que sostienen que debe limitarse la profundidad de penetraci\u00f3n a 600 \u00b5m. Se considera que esta profundidad es efectiva en t\u00e9rminos del proceso de remodelaci\u00f3n vaginal, sin afectar la l\u00e1mina muscular que est\u00e1 por debajo de la l\u00e1mina propria.<\/p>\n<p>&nbsp;<\/p>\n<p><span style=\"border-radius: 2px; text-indent: 20px; width: auto; padding: 0px 4px 0px 0px; text-align: center; font: bold 11px\/20px 'Helvetica Neue',Helvetica,sans-serif; color: #ffffff; background: #bd081c no-repeat scroll 3px 50% \/ 14px 14px; position: absolute; opacity: 0.85; z-index: 8675309; display: none; cursor: pointer; top: 285px; left: 20px;\">Save<\/span>[\/vc_column_text][vc_single_image image=\u00bb7219&#8243; img_size=\u00bbfull\u00bb full_width=\u00bbyes\u00bb][vc_btn title=\u00bbVOLVER A LAS PREGUNTAS\u00bb size=\u00bbsm\u00bb link=\u00bburl:https%3A%2F%2Ffemtouch.eu%2Fes%2Ffor-physicians%2Ffaq%2F|||\u00bb][\/vc_column][vc_column width=\u00bb1\/3&#8243; css=\u00bb.vc_custom_1471850146784{margin-left: 10px !important;}\u00bb][\/vc_column][\/vc_row]<\/p>\n<\/div>","protected":false},"excerpt":{"rendered":"<p>[vc_row type=\u00bbimage\u00bb bg_position_horizontal=\u00bbcenter\u00bb enable_parallax=\u00bbfalse\u00bb column_gap=\u00bbno\u00bb padding_top=\u00bb13%\u00bb padding_bottom=\u00bb13%\u00bb bg_image=\u00bb600&#8243;][vc_column][vc_custom_heading text=\u00bb\u00bb font_container=\u00bbtag:h2|text_align:left|color:%23ffffff\u00bb use_theme_fonts=\u00bbyes\u00bb][\/vc_column][\/vc_row][vc_row column_gap=\u00bbno\u00bb padding_top=\u00bb25&#8243; padding_bottom=\u00bb25&#8243;][vc_column][vc_column_text][\/vc_column_text][\/vc_column][\/vc_row][vc_row equal_height=\u00bbyes\u00bb content_placement=\u00bbmiddle\u00bb type=\u00bbcolor\u00bb bg_color=\u00bb#f2f2f2&#8243; column_gap=\u00bbno\u00bb padding_top=\u00bb65&#8243; padding_bottom=\u00bb65&#8243;][vc_column width=\u00bb2\/3&#8243; css=\u00bb.vc_custom_1470053436572{margin-right: 10px !important;margin-left: 0px !important;padding-top: 33px !important;padding-right: 25px !important;padding-bottom: 33px !important;padding-left: 25px !important;background-color: #ffffff !important;}\u00bb][vc_column_text] \u00bfDe qu\u00e9 manera controlo la profundidad de la penetraci\u00f3n y me aseguro de no penetrar la capa fibromuscular? RESPUESTA:\u00a0Como fue evaluado en el [&hellip;]<\/p>\n","protected":false},"author":1,"featured_media":0,"parent":7623,"menu_order":0,"comment_status":"closed","ping_status":"closed","template":"","meta":{"footnotes":""},"class_list":["post-7578","page","type-page","status-publish","hentry"],"yoast_head":"<!-- This site is optimized with the Yoast SEO plugin v27.3 - https:\/\/yoast.com\/product\/yoast-seo-wordpress\/ -->\n<title>\u00bfDe qu\u00e9 manera controlo la profundidad de la penetraci\u00f3n y me aseguro de no penetrar la capa fibromuscular? - FemTouch for Improved Vaginal Health<\/title>\n<meta name=\"robots\" content=\"index, follow, max-snippet:-1, max-image-preview:large, max-video-preview:-1\" \/>\n<link rel=\"canonical\" href=\"https:\/\/femtouch.eu\/es\/for-physicians\/faq\/how-do-i-control-the-penetration-depth-and-make-sure-i-dont-penetrate-into-the-fibromuscular-layer\/\" \/>\n<meta property=\"og:locale\" content=\"es_ES\" \/>\n<meta property=\"og:type\" content=\"article\" \/>\n<meta property=\"og:title\" content=\"\u00bfDe qu\u00e9 manera controlo la profundidad de la penetraci\u00f3n y me aseguro de no penetrar la capa fibromuscular? - FemTouch for Improved Vaginal Health\" \/>\n<meta property=\"og:description\" content=\"[vc_row type=\u00bbimage\u00bb bg_position_horizontal=\u00bbcenter\u00bb enable_parallax=\u00bbfalse\u00bb column_gap=\u00bbno\u00bb padding_top=\u00bb13%\u00bb padding_bottom=\u00bb13%\u00bb bg_image=\u00bb600&#8243;][vc_column][vc_custom_heading text=\u00bb\u00bb font_container=\u00bbtag:h2|text_align:left|color:%23ffffff\u00bb use_theme_fonts=\u00bbyes\u00bb][\/vc_column][\/vc_row][vc_row column_gap=\u00bbno\u00bb padding_top=\u00bb25&#8243; padding_bottom=\u00bb25&#8243;][vc_column][vc_column_text][\/vc_column_text][\/vc_column][\/vc_row][vc_row equal_height=\u00bbyes\u00bb content_placement=\u00bbmiddle\u00bb type=\u00bbcolor\u00bb bg_color=\u00bb#f2f2f2&#8243; column_gap=\u00bbno\u00bb padding_top=\u00bb65&#8243; padding_bottom=\u00bb65&#8243;][vc_column width=\u00bb2\/3&#8243; css=\u00bb.vc_custom_1470053436572{margin-right: 10px !important;margin-left: 0px !important;padding-top: 33px !important;padding-right: 25px !important;padding-bottom: 33px !important;padding-left: 25px !important;background-color: #ffffff !important;}\u00bb][vc_column_text] \u00bfDe qu\u00e9 manera controlo la profundidad de la penetraci\u00f3n y me aseguro de no penetrar la capa fibromuscular? RESPUESTA:\u00a0Como fue evaluado en el [&hellip;]\" \/>\n<meta property=\"og:url\" content=\"https:\/\/femtouch.eu\/for-physicians\/faq\/how-do-i-control-the-penetration-depth-and-make-sure-i-dont-penetrate-into-the-fibromuscular-layer\/\" \/>\n<meta property=\"og:site_name\" content=\"FemTouch for Improved Vaginal Health\" \/>\n<meta property=\"article:modified_time\" content=\"2020-03-24T07:12:47+00:00\" \/>\n<meta name=\"twitter:card\" content=\"summary_large_image\" \/>\n<meta name=\"twitter:label1\" content=\"Tiempo de lectura\" \/>\n\t<meta name=\"twitter:data1\" content=\"1 minuto\" \/>\n<script type=\"application\/ld+json\" class=\"yoast-schema-graph\">{\"@context\":\"https:\\\/\\\/schema.org\",\"@graph\":[{\"@type\":\"WebPage\",\"@id\":\"https:\\\/\\\/femtouch.eu\\\/for-physicians\\\/faq\\\/how-do-i-control-the-penetration-depth-and-make-sure-i-dont-penetrate-into-the-fibromuscular-layer\\\/\",\"url\":\"https:\\\/\\\/femtouch.eu\\\/for-physicians\\\/faq\\\/how-do-i-control-the-penetration-depth-and-make-sure-i-dont-penetrate-into-the-fibromuscular-layer\\\/\",\"name\":\"\u00bfDe qu\u00e9 manera controlo la profundidad de la penetraci\u00f3n y me aseguro de no penetrar la capa fibromuscular? - FemTouch for Improved Vaginal Health\",\"isPartOf\":{\"@id\":\"https:\\\/\\\/femtouch.eu\\\/#website\"},\"datePublished\":\"2016-08-09T16:22:10+00:00\",\"dateModified\":\"2020-03-24T07:12:47+00:00\",\"breadcrumb\":{\"@id\":\"https:\\\/\\\/femtouch.eu\\\/for-physicians\\\/faq\\\/how-do-i-control-the-penetration-depth-and-make-sure-i-dont-penetrate-into-the-fibromuscular-layer\\\/#breadcrumb\"},\"inLanguage\":\"es\",\"potentialAction\":[{\"@type\":\"ReadAction\",\"target\":[\"https:\\\/\\\/femtouch.eu\\\/for-physicians\\\/faq\\\/how-do-i-control-the-penetration-depth-and-make-sure-i-dont-penetrate-into-the-fibromuscular-layer\\\/\"]}]},{\"@type\":\"BreadcrumbList\",\"@id\":\"https:\\\/\\\/femtouch.eu\\\/for-physicians\\\/faq\\\/how-do-i-control-the-penetration-depth-and-make-sure-i-dont-penetrate-into-the-fibromuscular-layer\\\/#breadcrumb\",\"itemListElement\":[{\"@type\":\"ListItem\",\"position\":1,\"name\":\"HOME\",\"item\":\"https:\\\/\\\/femtouch.eu\\\/es\\\/\"},{\"@type\":\"ListItem\",\"position\":2,\"name\":\"FOR PHYSICIANS\",\"item\":\"https:\\\/\\\/femtouch.eu\\\/es\\\/for-physicians\\\/\"},{\"@type\":\"ListItem\",\"position\":3,\"name\":\"Preguntas frecuentes de m\u00e9dicos\",\"item\":\"https:\\\/\\\/femtouch.eu\\\/for-physicians\\\/faq\\\/\"},{\"@type\":\"ListItem\",\"position\":4,\"name\":\"\u00bfDe qu\u00e9 manera controlo la profundidad de la penetraci\u00f3n y me aseguro de no penetrar la capa fibromuscular?\"}]},{\"@type\":\"WebSite\",\"@id\":\"https:\\\/\\\/femtouch.eu\\\/#website\",\"url\":\"https:\\\/\\\/femtouch.eu\\\/\",\"name\":\"FemTouch for Improved Vaginal Health\",\"description\":\"\",\"potentialAction\":[{\"@type\":\"SearchAction\",\"target\":{\"@type\":\"EntryPoint\",\"urlTemplate\":\"https:\\\/\\\/femtouch.eu\\\/?s={search_term_string}\"},\"query-input\":{\"@type\":\"PropertyValueSpecification\",\"valueRequired\":true,\"valueName\":\"search_term_string\"}}],\"inLanguage\":\"es\"}]}<\/script>\n<!-- \/ Yoast SEO plugin. -->","yoast_head_json":{"title":"\u00bfDe qu\u00e9 manera controlo la profundidad de la penetraci\u00f3n y me aseguro de no penetrar la capa fibromuscular? - FemTouch for Improved Vaginal Health","robots":{"index":"index","follow":"follow","max-snippet":"max-snippet:-1","max-image-preview":"max-image-preview:large","max-video-preview":"max-video-preview:-1"},"canonical":"https:\/\/femtouch.eu\/es\/for-physicians\/faq\/how-do-i-control-the-penetration-depth-and-make-sure-i-dont-penetrate-into-the-fibromuscular-layer\/","og_locale":"es_ES","og_type":"article","og_title":"\u00bfDe qu\u00e9 manera controlo la profundidad de la penetraci\u00f3n y me aseguro de no penetrar la capa fibromuscular? - FemTouch for Improved Vaginal Health","og_description":"[vc_row type=\u00bbimage\u00bb bg_position_horizontal=\u00bbcenter\u00bb enable_parallax=\u00bbfalse\u00bb column_gap=\u00bbno\u00bb padding_top=\u00bb13%\u00bb padding_bottom=\u00bb13%\u00bb bg_image=\u00bb600&#8243;][vc_column][vc_custom_heading text=\u00bb\u00bb font_container=\u00bbtag:h2|text_align:left|color:%23ffffff\u00bb use_theme_fonts=\u00bbyes\u00bb][\/vc_column][\/vc_row][vc_row column_gap=\u00bbno\u00bb padding_top=\u00bb25&#8243; padding_bottom=\u00bb25&#8243;][vc_column][vc_column_text][\/vc_column_text][\/vc_column][\/vc_row][vc_row equal_height=\u00bbyes\u00bb content_placement=\u00bbmiddle\u00bb type=\u00bbcolor\u00bb bg_color=\u00bb#f2f2f2&#8243; column_gap=\u00bbno\u00bb padding_top=\u00bb65&#8243; padding_bottom=\u00bb65&#8243;][vc_column width=\u00bb2\/3&#8243; css=\u00bb.vc_custom_1470053436572{margin-right: 10px !important;margin-left: 0px !important;padding-top: 33px !important;padding-right: 25px !important;padding-bottom: 33px !important;padding-left: 25px !important;background-color: #ffffff !important;}\u00bb][vc_column_text] \u00bfDe qu\u00e9 manera controlo la profundidad de la penetraci\u00f3n y me aseguro de no penetrar la capa fibromuscular? RESPUESTA:\u00a0Como fue evaluado en el [&hellip;]","og_url":"https:\/\/femtouch.eu\/for-physicians\/faq\/how-do-i-control-the-penetration-depth-and-make-sure-i-dont-penetrate-into-the-fibromuscular-layer\/","og_site_name":"FemTouch for Improved Vaginal Health","article_modified_time":"2020-03-24T07:12:47+00:00","twitter_card":"summary_large_image","twitter_misc":{"Tiempo de lectura":"1 minuto"},"schema":{"@context":"https:\/\/schema.org","@graph":[{"@type":"WebPage","@id":"https:\/\/femtouch.eu\/for-physicians\/faq\/how-do-i-control-the-penetration-depth-and-make-sure-i-dont-penetrate-into-the-fibromuscular-layer\/","url":"https:\/\/femtouch.eu\/for-physicians\/faq\/how-do-i-control-the-penetration-depth-and-make-sure-i-dont-penetrate-into-the-fibromuscular-layer\/","name":"\u00bfDe qu\u00e9 manera controlo la profundidad de la penetraci\u00f3n y me aseguro de no penetrar la capa fibromuscular? - FemTouch for Improved Vaginal Health","isPartOf":{"@id":"https:\/\/femtouch.eu\/#website"},"datePublished":"2016-08-09T16:22:10+00:00","dateModified":"2020-03-24T07:12:47+00:00","breadcrumb":{"@id":"https:\/\/femtouch.eu\/for-physicians\/faq\/how-do-i-control-the-penetration-depth-and-make-sure-i-dont-penetrate-into-the-fibromuscular-layer\/#breadcrumb"},"inLanguage":"es","potentialAction":[{"@type":"ReadAction","target":["https:\/\/femtouch.eu\/for-physicians\/faq\/how-do-i-control-the-penetration-depth-and-make-sure-i-dont-penetrate-into-the-fibromuscular-layer\/"]}]},{"@type":"BreadcrumbList","@id":"https:\/\/femtouch.eu\/for-physicians\/faq\/how-do-i-control-the-penetration-depth-and-make-sure-i-dont-penetrate-into-the-fibromuscular-layer\/#breadcrumb","itemListElement":[{"@type":"ListItem","position":1,"name":"HOME","item":"https:\/\/femtouch.eu\/es\/"},{"@type":"ListItem","position":2,"name":"FOR PHYSICIANS","item":"https:\/\/femtouch.eu\/es\/for-physicians\/"},{"@type":"ListItem","position":3,"name":"Preguntas frecuentes de m\u00e9dicos","item":"https:\/\/femtouch.eu\/for-physicians\/faq\/"},{"@type":"ListItem","position":4,"name":"\u00bfDe qu\u00e9 manera controlo la profundidad de la penetraci\u00f3n y me aseguro de no penetrar la capa fibromuscular?"}]},{"@type":"WebSite","@id":"https:\/\/femtouch.eu\/#website","url":"https:\/\/femtouch.eu\/","name":"FemTouch for Improved Vaginal Health","description":"","potentialAction":[{"@type":"SearchAction","target":{"@type":"EntryPoint","urlTemplate":"https:\/\/femtouch.eu\/?s={search_term_string}"},"query-input":{"@type":"PropertyValueSpecification","valueRequired":true,"valueName":"search_term_string"}}],"inLanguage":"es"}]}},"jetpack_shortlink":"https:\/\/wp.me\/P7S3gX-1Ye","jetpack_sharing_enabled":true,"_links":{"self":[{"href":"https:\/\/femtouch.eu\/es\/wp-json\/wp\/v2\/pages\/7578","targetHints":{"allow":["GET"]}}],"collection":[{"href":"https:\/\/femtouch.eu\/es\/wp-json\/wp\/v2\/pages"}],"about":[{"href":"https:\/\/femtouch.eu\/es\/wp-json\/wp\/v2\/types\/page"}],"author":[{"embeddable":true,"href":"https:\/\/femtouch.eu\/es\/wp-json\/wp\/v2\/users\/1"}],"replies":[{"embeddable":true,"href":"https:\/\/femtouch.eu\/es\/wp-json\/wp\/v2\/comments?post=7578"}],"version-history":[{"count":3,"href":"https:\/\/femtouch.eu\/es\/wp-json\/wp\/v2\/pages\/7578\/revisions"}],"predecessor-version":[{"id":7585,"href":"https:\/\/femtouch.eu\/es\/wp-json\/wp\/v2\/pages\/7578\/revisions\/7585"}],"up":[{"embeddable":true,"href":"https:\/\/femtouch.eu\/es\/wp-json\/wp\/v2\/pages\/7623"}],"wp:attachment":[{"href":"https:\/\/femtouch.eu\/es\/wp-json\/wp\/v2\/media?parent=7578"}],"curies":[{"name":"wp","href":"https:\/\/api.w.org\/{rel}","templated":true}]}}