{"id":7594,"date":"2016-08-09T16:33:27","date_gmt":"2016-08-09T16:33:27","guid":{"rendered":"https:\/\/staging.femtouch.eu\/de-que-manera-el-tratamiento-con-co2-afecta-la-sequedad-vaginal\/"},"modified":"2020-03-24T08:41:37","modified_gmt":"2020-03-24T08:41:37","slug":"how-does-the-co2-treatment-affect-vaginal-dryness","status":"publish","type":"page","link":"https:\/\/femtouch.eu\/es\/for-physicians\/faq\/how-does-the-co2-treatment-affect-vaginal-dryness\/","title":{"rendered":"\u00bfDe qu\u00e9 manera el tratamiento con CO2 afecta la sequedad vaginal?"},"content":{"rendered":"<div class=\"wpb-content-wrapper\"><p>[vc_row type=\u00bbimage\u00bb bg_position_horizontal=\u00bbcenter\u00bb enable_parallax=\u00bbfalse\u00bb column_gap=\u00bbno\u00bb padding_top=\u00bb13%\u00bb padding_bottom=\u00bb13%\u00bb bg_image=\u00bb600&#8243;][vc_column][\/vc_column][\/vc_row][vc_row column_gap=\u00bbno\u00bb padding_top=\u00bb25&#8243; padding_bottom=\u00bb25&#8243;][vc_column][vc_column_text]<div class=\"breadcrumb\" itemprop=\"breadcrumb\"><span><span><a href=\"https:\/\/femtouch.eu\/es\/\">HOME<\/a><\/span><\/span><\/div>[\/vc_column_text][\/vc_column][\/vc_row][vc_row equal_height=\u00bbyes\u00bb content_placement=\u00bbmiddle\u00bb type=\u00bbcolor\u00bb bg_color=\u00bb#f2f2f2&#8243; column_gap=\u00bbno\u00bb padding_top=\u00bb65&#8243; padding_bottom=\u00bb65&#8243;][vc_column width=\u00bb2\/3&#8243; css=\u00bb.vc_custom_1470053436572{margin-right: 10px !important;margin-left: 0px !important;padding-top: 33px !important;padding-right: 25px !important;padding-bottom: 33px !important;padding-left: 25px !important;background-color: #ffffff !important;}\u00bb][vc_column_text]<\/p>\n<h4>How does the <em>CO<sub>2<\/sub><\/em> treatment affect vaginal dryness?<\/h4>\n<p><strong>RESPUESTA: <\/strong>Varios estudios han mostrado que el tratamiento l\u00e1ser mejor\u00f3 los s\u00edntomas generados por la <a href=\"https:\/\/femtouch.eu\/es\/vaginal-health\/vaginal-atrophy\/\">atrofia vaginal<\/a>, tales como: sequedad, picor y dispareunia. Por ejemplo, Juan F. et al, en su estudio, mostraron que antes del tratamiento todas las pacientes declararon tener <a href=\"https:\/\/femtouch.eu\/es\/vaginal-health\/vaginal-atrophy\/\">sequedad vaginal<\/a> grave y dispareunia grave, y 97,5% de los pacientes evitaban tener relaciones sexuales como consecuencia de sus s\u00edntomas. Tres meses despu\u00e9s del tratamiento l\u00e1ser, 70% de las pacientes declar\u00f3 no tener sequedad vaginal y 30% sostuvo que solo ten\u00eda sequedad vaginal leve. 90% de las pacientes dijeron que no ten\u00edan dispareunia y que ya no evitaban las relaciones sexuales, mientras que solo 10% de las pacientes continuaba experimentando una leve dispareunia y evitaba el coito ocasionalmente.<\/p>\n<p>De acuerdo con Salvatore et al., el tratamiento l\u00e1ser de <em>CO<sub>2<\/sub><\/em> fraccional fue efectivo y mejor\u00f3 los s\u00edntomas de la atrofia vulvovaginal, seg\u00fan lo evaluado en 50 mujeres durante un seguimiento de 12 semanas. Este inclu\u00eda el mejoramiento en la sequedad vaginal, el ardor vaginal, la <a href=\"https:\/\/femtouch.eu\/es\/vaginal-health\/vaginal-atrophy\/\">picaz\u00f3n vaginal<\/a>, la dispareunia y la disuria.<\/p>\n<p>De acuerdo con los autores, los mecanismos que llevan a esta clase de \u2018rejuvenecimiento\u2019 de las paredes vaginales a\u00fan deben ser elucidados, as\u00ed como la duraci\u00f3n de los cambios inducidos por la aplicaci\u00f3n del l\u00e1ser. Sin embargo, es concebible que el efecto sobre el remodelado del col\u00e1geno, que se ha demostrado en muestras vaginales ex vivo, es bastante similar a lo que se observ\u00f3 in vivo a nivel de la piel.<\/p>\n<p>La lubricaci\u00f3n vaginal puede generarse de varias fuentes:<\/p>\n<ul>\n<li>El c\u00e9rvix, que, como consecuencia del aumento de los niveles de estr\u00f3geno, segrega <a href=\"https:\/\/en.wikipedia.org\/wiki\/Mucus\" target=\"_blank\" rel=\"noopener noreferrer\">mucosidad<\/a> que exuda hacia la vagina.<\/li>\n<li>Las gl\u00e1ndulas de Bartolino, dos peque\u00f1\u00edsimas gl\u00e1ndulas ubicadas a cada lado de los labios menores, cerca de la abertura vaginal. Estas gl\u00e1ndulas segregan mucosidad para generar la <a href=\"https:\/\/en.wikipedia.org\/wiki\/Vaginal_lubrication\" target=\"_blank\" rel=\"noopener noreferrer\">lubricaci\u00f3n vaginal<\/a>. Las gl\u00e1ndulas de Bartolino segregan cantidades relativamente min\u00fasculas de fluido cuando una mujer est\u00e1 <a href=\"https:\/\/en.wikipedia.org\/wiki\/Sexual_arousal\" target=\"_blank\" rel=\"noopener noreferrer\">sexualmente excitada<\/a>.<\/li>\n<li>La vagina, si bien no tiene gl\u00e1ndulas, produce grandes cantidades de fluido. La secreci\u00f3n vaginal es una mezcla de varios componentes, como prote\u00ednas\/p\u00e9ptidos, glicoprote\u00ednas, \u00e1cido l\u00e1ctico, \u00e1cido ac\u00e9tico, glicerina, urea, gluc\u00f3geno e iones.<\/li>\n<\/ul>\n<p>Se ha comprobado que, luego del tratamiento con CO2, se incrementa la actividad fibrobl\u00e1stica. Esto es causado por la producci\u00f3n de nuevos componentes moleculares de la matriz de tejido conectivo, la restauraci\u00f3n del suministro vascular y un aumento en la actividad de las c\u00e9lulas epiteliales, y mejores s\u00edntesis, almacenamiento y liberaci\u00f3n de gluc\u00f3geno. La renovaci\u00f3n de los componentes de la sustancia fundamental significa una nueva s\u00edntesis y liberaci\u00f3n de los glicosaminoglicanos, glucoprote\u00ednas y glucoprote\u00ednas multiadhesivas. Estas mol\u00e9culas son capaces de vincular grandes cantidades de agua, lo que conduce a un significativo incremento en la hidrataci\u00f3n de los tejidos y un incremento relacionado en la permeabilidad de los nutrientes, que pueden moverse desde los vasos sangu\u00edneos a los tejidos.<\/p>\n<h6><span style=\"color: #333333;\">Juan F. Bojanini B et al  Laser Treatment of Vaginal Atrophy in Post-menopause and Post-gynecological Cancer Patients Journal of the Laser and Health Academy , 2014<\/span><\/h6>\n<ol>\n<li>\n<h6><span style=\"color: #333333;\"> 2.\tSalvatore et al. A 12-week treatment with fractional CO2 laser for vulvovaginal atrophy: a pilot study CLIMACTERIC 2014;17:363\u2013369<\/span><\/h6>\n<\/li>\n<\/ol>\n<p>&nbsp;<\/p>\n<p><span style=\"border-radius: 2px; text-indent: 20px; width: auto; padding: 0px 4px 0px 0px; text-align: center; font: bold 11px\/20px 'Helvetica Neue',Helvetica,sans-serif; color: #ffffff; background: #bd081c none no-repeat scroll 3px 50% \/ 14px 14px; position: absolute; opacity: 0.85; z-index: 8675309; display: none; cursor: pointer; top: 285px; left: 20px;\">Save<\/span>[\/vc_column_text][vc_btn title=\u00bbVOLVER A LAS PREGUNTAS\u00bb size=\u00bbsm\u00bb link=\u00bburl:https%3A%2F%2Ffemtouch.eu%2Fes%2Ffor-physicians%2Ffaq%2F|||\u00bb][\/vc_column][vc_column width=\u00bb1\/3&#8243; css=\u00bb.vc_custom_1471850235982{margin-left: 10px !important;}\u00bb][\/vc_column][\/vc_row]<\/p>\n<\/div>","protected":false},"excerpt":{"rendered":"<p>[vc_row type=\u00bbimage\u00bb bg_position_horizontal=\u00bbcenter\u00bb enable_parallax=\u00bbfalse\u00bb column_gap=\u00bbno\u00bb padding_top=\u00bb13%\u00bb padding_bottom=\u00bb13%\u00bb bg_image=\u00bb600&#8243;][vc_column][\/vc_column][\/vc_row][vc_row column_gap=\u00bbno\u00bb padding_top=\u00bb25&#8243; padding_bottom=\u00bb25&#8243;][vc_column][vc_column_text][\/vc_column_text][\/vc_column][\/vc_row][vc_row equal_height=\u00bbyes\u00bb content_placement=\u00bbmiddle\u00bb type=\u00bbcolor\u00bb bg_color=\u00bb#f2f2f2&#8243; column_gap=\u00bbno\u00bb padding_top=\u00bb65&#8243; padding_bottom=\u00bb65&#8243;][vc_column width=\u00bb2\/3&#8243; css=\u00bb.vc_custom_1470053436572{margin-right: 10px !important;margin-left: 0px !important;padding-top: 33px !important;padding-right: 25px !important;padding-bottom: 33px !important;padding-left: 25px !important;background-color: #ffffff !important;}\u00bb][vc_column_text] How does the CO2 treatment affect vaginal dryness? RESPUESTA: Varios estudios han mostrado que el tratamiento l\u00e1ser mejor\u00f3 los s\u00edntomas generados por la atrofia vaginal, tales [&hellip;]<\/p>\n","protected":false},"author":1,"featured_media":0,"parent":7623,"menu_order":0,"comment_status":"closed","ping_status":"closed","template":"","meta":{"footnotes":""},"class_list":["post-7594","page","type-page","status-publish","hentry"],"yoast_head":"<!-- This site is optimized with the Yoast SEO plugin v27.3 - https:\/\/yoast.com\/product\/yoast-seo-wordpress\/ -->\n<title>\u00bfDe qu\u00e9 manera el tratamiento con CO2 afecta la sequedad vaginal? - FemTouch for Improved Vaginal Health<\/title>\n<meta name=\"robots\" content=\"index, follow, max-snippet:-1, max-image-preview:large, max-video-preview:-1\" \/>\n<link rel=\"canonical\" href=\"https:\/\/femtouch.eu\/es\/for-physicians\/faq\/how-does-the-co2-treatment-affect-vaginal-dryness\/\" \/>\n<meta property=\"og:locale\" content=\"es_ES\" \/>\n<meta property=\"og:type\" content=\"article\" \/>\n<meta property=\"og:title\" content=\"\u00bfDe qu\u00e9 manera el tratamiento con CO2 afecta la sequedad vaginal? - FemTouch for Improved Vaginal Health\" \/>\n<meta property=\"og:description\" content=\"[vc_row type=\u00bbimage\u00bb bg_position_horizontal=\u00bbcenter\u00bb enable_parallax=\u00bbfalse\u00bb column_gap=\u00bbno\u00bb padding_top=\u00bb13%\u00bb padding_bottom=\u00bb13%\u00bb bg_image=\u00bb600&#8243;][vc_column][\/vc_column][\/vc_row][vc_row column_gap=\u00bbno\u00bb padding_top=\u00bb25&#8243; padding_bottom=\u00bb25&#8243;][vc_column][vc_column_text][\/vc_column_text][\/vc_column][\/vc_row][vc_row equal_height=\u00bbyes\u00bb content_placement=\u00bbmiddle\u00bb type=\u00bbcolor\u00bb bg_color=\u00bb#f2f2f2&#8243; column_gap=\u00bbno\u00bb padding_top=\u00bb65&#8243; padding_bottom=\u00bb65&#8243;][vc_column width=\u00bb2\/3&#8243; css=\u00bb.vc_custom_1470053436572{margin-right: 10px !important;margin-left: 0px !important;padding-top: 33px !important;padding-right: 25px !important;padding-bottom: 33px !important;padding-left: 25px !important;background-color: #ffffff !important;}\u00bb][vc_column_text] How does the CO2 treatment affect vaginal dryness? RESPUESTA: Varios estudios han mostrado que el tratamiento l\u00e1ser mejor\u00f3 los s\u00edntomas generados por la atrofia vaginal, tales [&hellip;]\" \/>\n<meta property=\"og:url\" content=\"https:\/\/femtouch.eu\/for-physicians\/faq\/how-does-the-co2-treatment-affect-vaginal-dryness\/\" \/>\n<meta property=\"og:site_name\" content=\"FemTouch for Improved Vaginal Health\" \/>\n<meta property=\"article:modified_time\" content=\"2020-03-24T08:41:37+00:00\" \/>\n<meta name=\"twitter:card\" content=\"summary_large_image\" \/>\n<meta name=\"twitter:label1\" content=\"Tiempo de lectura\" \/>\n\t<meta name=\"twitter:data1\" content=\"4 minutos\" \/>\n<script type=\"application\/ld+json\" class=\"yoast-schema-graph\">{\"@context\":\"https:\\\/\\\/schema.org\",\"@graph\":[{\"@type\":\"WebPage\",\"@id\":\"https:\\\/\\\/femtouch.eu\\\/for-physicians\\\/faq\\\/how-does-the-co2-treatment-affect-vaginal-dryness\\\/\",\"url\":\"https:\\\/\\\/femtouch.eu\\\/for-physicians\\\/faq\\\/how-does-the-co2-treatment-affect-vaginal-dryness\\\/\",\"name\":\"\u00bfDe qu\u00e9 manera el tratamiento con CO2 afecta la sequedad vaginal? - FemTouch for Improved Vaginal Health\",\"isPartOf\":{\"@id\":\"https:\\\/\\\/femtouch.eu\\\/#website\"},\"datePublished\":\"2016-08-09T16:33:27+00:00\",\"dateModified\":\"2020-03-24T08:41:37+00:00\",\"breadcrumb\":{\"@id\":\"https:\\\/\\\/femtouch.eu\\\/for-physicians\\\/faq\\\/how-does-the-co2-treatment-affect-vaginal-dryness\\\/#breadcrumb\"},\"inLanguage\":\"es\",\"potentialAction\":[{\"@type\":\"ReadAction\",\"target\":[\"https:\\\/\\\/femtouch.eu\\\/for-physicians\\\/faq\\\/how-does-the-co2-treatment-affect-vaginal-dryness\\\/\"]}]},{\"@type\":\"BreadcrumbList\",\"@id\":\"https:\\\/\\\/femtouch.eu\\\/for-physicians\\\/faq\\\/how-does-the-co2-treatment-affect-vaginal-dryness\\\/#breadcrumb\",\"itemListElement\":[{\"@type\":\"ListItem\",\"position\":1,\"name\":\"HOME\",\"item\":\"https:\\\/\\\/femtouch.eu\\\/es\\\/\"},{\"@type\":\"ListItem\",\"position\":2,\"name\":\"FOR PHYSICIANS\",\"item\":\"https:\\\/\\\/femtouch.eu\\\/es\\\/for-physicians\\\/\"},{\"@type\":\"ListItem\",\"position\":3,\"name\":\"Preguntas frecuentes de m\u00e9dicos\",\"item\":\"https:\\\/\\\/femtouch.eu\\\/for-physicians\\\/faq\\\/\"},{\"@type\":\"ListItem\",\"position\":4,\"name\":\"\u00bfDe qu\u00e9 manera el tratamiento con CO2 afecta la sequedad vaginal?\"}]},{\"@type\":\"WebSite\",\"@id\":\"https:\\\/\\\/femtouch.eu\\\/#website\",\"url\":\"https:\\\/\\\/femtouch.eu\\\/\",\"name\":\"FemTouch for Improved Vaginal Health\",\"description\":\"\",\"potentialAction\":[{\"@type\":\"SearchAction\",\"target\":{\"@type\":\"EntryPoint\",\"urlTemplate\":\"https:\\\/\\\/femtouch.eu\\\/?s={search_term_string}\"},\"query-input\":{\"@type\":\"PropertyValueSpecification\",\"valueRequired\":true,\"valueName\":\"search_term_string\"}}],\"inLanguage\":\"es\"}]}<\/script>\n<!-- \/ Yoast SEO plugin. -->","yoast_head_json":{"title":"\u00bfDe qu\u00e9 manera el tratamiento con CO2 afecta la sequedad vaginal? - FemTouch for Improved Vaginal Health","robots":{"index":"index","follow":"follow","max-snippet":"max-snippet:-1","max-image-preview":"max-image-preview:large","max-video-preview":"max-video-preview:-1"},"canonical":"https:\/\/femtouch.eu\/es\/for-physicians\/faq\/how-does-the-co2-treatment-affect-vaginal-dryness\/","og_locale":"es_ES","og_type":"article","og_title":"\u00bfDe qu\u00e9 manera el tratamiento con CO2 afecta la sequedad vaginal? - FemTouch for Improved Vaginal Health","og_description":"[vc_row type=\u00bbimage\u00bb bg_position_horizontal=\u00bbcenter\u00bb enable_parallax=\u00bbfalse\u00bb column_gap=\u00bbno\u00bb padding_top=\u00bb13%\u00bb padding_bottom=\u00bb13%\u00bb bg_image=\u00bb600&#8243;][vc_column][\/vc_column][\/vc_row][vc_row column_gap=\u00bbno\u00bb padding_top=\u00bb25&#8243; padding_bottom=\u00bb25&#8243;][vc_column][vc_column_text][\/vc_column_text][\/vc_column][\/vc_row][vc_row equal_height=\u00bbyes\u00bb content_placement=\u00bbmiddle\u00bb type=\u00bbcolor\u00bb bg_color=\u00bb#f2f2f2&#8243; column_gap=\u00bbno\u00bb padding_top=\u00bb65&#8243; padding_bottom=\u00bb65&#8243;][vc_column width=\u00bb2\/3&#8243; css=\u00bb.vc_custom_1470053436572{margin-right: 10px !important;margin-left: 0px !important;padding-top: 33px !important;padding-right: 25px !important;padding-bottom: 33px !important;padding-left: 25px !important;background-color: #ffffff !important;}\u00bb][vc_column_text] How does the CO2 treatment affect vaginal dryness? RESPUESTA: Varios estudios han mostrado que el tratamiento l\u00e1ser mejor\u00f3 los s\u00edntomas generados por la atrofia vaginal, tales [&hellip;]","og_url":"https:\/\/femtouch.eu\/for-physicians\/faq\/how-does-the-co2-treatment-affect-vaginal-dryness\/","og_site_name":"FemTouch for Improved Vaginal Health","article_modified_time":"2020-03-24T08:41:37+00:00","twitter_card":"summary_large_image","twitter_misc":{"Tiempo de lectura":"4 minutos"},"schema":{"@context":"https:\/\/schema.org","@graph":[{"@type":"WebPage","@id":"https:\/\/femtouch.eu\/for-physicians\/faq\/how-does-the-co2-treatment-affect-vaginal-dryness\/","url":"https:\/\/femtouch.eu\/for-physicians\/faq\/how-does-the-co2-treatment-affect-vaginal-dryness\/","name":"\u00bfDe qu\u00e9 manera el tratamiento con CO2 afecta la sequedad vaginal? - FemTouch for Improved Vaginal Health","isPartOf":{"@id":"https:\/\/femtouch.eu\/#website"},"datePublished":"2016-08-09T16:33:27+00:00","dateModified":"2020-03-24T08:41:37+00:00","breadcrumb":{"@id":"https:\/\/femtouch.eu\/for-physicians\/faq\/how-does-the-co2-treatment-affect-vaginal-dryness\/#breadcrumb"},"inLanguage":"es","potentialAction":[{"@type":"ReadAction","target":["https:\/\/femtouch.eu\/for-physicians\/faq\/how-does-the-co2-treatment-affect-vaginal-dryness\/"]}]},{"@type":"BreadcrumbList","@id":"https:\/\/femtouch.eu\/for-physicians\/faq\/how-does-the-co2-treatment-affect-vaginal-dryness\/#breadcrumb","itemListElement":[{"@type":"ListItem","position":1,"name":"HOME","item":"https:\/\/femtouch.eu\/es\/"},{"@type":"ListItem","position":2,"name":"FOR PHYSICIANS","item":"https:\/\/femtouch.eu\/es\/for-physicians\/"},{"@type":"ListItem","position":3,"name":"Preguntas frecuentes de m\u00e9dicos","item":"https:\/\/femtouch.eu\/for-physicians\/faq\/"},{"@type":"ListItem","position":4,"name":"\u00bfDe qu\u00e9 manera el tratamiento con CO2 afecta la sequedad vaginal?"}]},{"@type":"WebSite","@id":"https:\/\/femtouch.eu\/#website","url":"https:\/\/femtouch.eu\/","name":"FemTouch for Improved Vaginal Health","description":"","potentialAction":[{"@type":"SearchAction","target":{"@type":"EntryPoint","urlTemplate":"https:\/\/femtouch.eu\/?s={search_term_string}"},"query-input":{"@type":"PropertyValueSpecification","valueRequired":true,"valueName":"search_term_string"}}],"inLanguage":"es"}]}},"jetpack_shortlink":"https:\/\/wp.me\/P7S3gX-1Yu","jetpack_sharing_enabled":true,"_links":{"self":[{"href":"https:\/\/femtouch.eu\/es\/wp-json\/wp\/v2\/pages\/7594","targetHints":{"allow":["GET"]}}],"collection":[{"href":"https:\/\/femtouch.eu\/es\/wp-json\/wp\/v2\/pages"}],"about":[{"href":"https:\/\/femtouch.eu\/es\/wp-json\/wp\/v2\/types\/page"}],"author":[{"embeddable":true,"href":"https:\/\/femtouch.eu\/es\/wp-json\/wp\/v2\/users\/1"}],"replies":[{"embeddable":true,"href":"https:\/\/femtouch.eu\/es\/wp-json\/wp\/v2\/comments?post=7594"}],"version-history":[{"count":2,"href":"https:\/\/femtouch.eu\/es\/wp-json\/wp\/v2\/pages\/7594\/revisions"}],"predecessor-version":[{"id":7600,"href":"https:\/\/femtouch.eu\/es\/wp-json\/wp\/v2\/pages\/7594\/revisions\/7600"}],"up":[{"embeddable":true,"href":"https:\/\/femtouch.eu\/es\/wp-json\/wp\/v2\/pages\/7623"}],"wp:attachment":[{"href":"https:\/\/femtouch.eu\/es\/wp-json\/wp\/v2\/media?parent=7594"}],"curies":[{"name":"wp","href":"https:\/\/api.w.org\/{rel}","templated":true}]}}