{"id":7609,"date":"2016-08-09T16:40:46","date_gmt":"2016-08-09T16:40:46","guid":{"rendered":"https:\/\/staging.femtouch.eu\/cual-es-el-efecto-del-co2-sobre-la-capa-lamina-propria\/"},"modified":"2021-01-28T12:46:10","modified_gmt":"2021-01-28T12:46:10","slug":"what-is-the-co2-effect-on-the-lamina-propria-layer","status":"publish","type":"page","link":"https:\/\/femtouch.eu\/es\/for-physicians\/faq\/what-is-the-co2-effect-on-the-lamina-propria-layer\/","title":{"rendered":"\u00bfCu\u00e1l es el efecto del CO2 sobre la capa l\u00e1mina propria?"},"content":{"rendered":"<div class=\"wpb-content-wrapper\"><p>[vc_row type=\u00bbimage\u00bb bg_position_horizontal=\u00bbcenter\u00bb enable_parallax=\u00bbfalse\u00bb column_gap=\u00bbno\u00bb padding_top=\u00bb13%\u00bb padding_bottom=\u00bb13%\u00bb bg_image=\u00bb600&#8243;][vc_column][\/vc_column][\/vc_row][vc_row column_gap=\u00bbno\u00bb padding_top=\u00bb25&#8243; padding_bottom=\u00bb25&#8243;][vc_column][vc_column_text]<div class=\"breadcrumb\" itemprop=\"breadcrumb\"><span><span><a href=\"https:\/\/femtouch.eu\/es\/\">HOME<\/a><\/span><\/span><\/div>[\/vc_column_text][\/vc_column][\/vc_row][vc_row equal_height=\u00bbyes\u00bb content_placement=\u00bbmiddle\u00bb type=\u00bbcolor\u00bb bg_color=\u00bb#f2f2f2&#8243; column_gap=\u00bbno\u00bb padding_top=\u00bb65&#8243; padding_bottom=\u00bb65&#8243;][vc_column width=\u00bb2\/3&#8243; css=\u00bb.vc_custom_1470053436572{margin-right: 10px !important;margin-left: 0px !important;padding-top: 33px !important;padding-right: 25px !important;padding-bottom: 33px !important;padding-left: 25px !important;background-color: #ffffff !important;}\u00bb][vc_column_text]<\/p>\n<h4>\u00bfCu\u00e1l es el efecto del CO<sub>2<\/sub> sobre la capa l\u00e1mina propria?<\/h4>\n<p><strong>RESPUESTA: <\/strong>La estructura vaginal consta de:<\/p>\n<p>(1) El estrato epitelial mucoso interno<\/p>\n<p>(2) Una l\u00e1mina propria que contiene venas de paredes delgadas<\/p>\n<p>(3) El estrato muscular intermedio<\/p>\n<p>(4) La capa adventicia externa<\/p>\n<p>La <strong>l\u00e1mina propria<\/strong> de la mucosa contiene vasos sangu\u00edneos que contribuyen a la difusi\u00f3n del fluido vaginal a trav\u00e9s del epitelio, las fibras el\u00e1sticas, los vasos linf\u00e1ticos y los nervios. La poblaci\u00f3n celular de la l\u00e1mina propria es muy variada. Incluye, por ejemplo, fibroblastos, linfocitos, y c\u00e9lulas plasm\u00e1ticas, macr\u00f3fagos, leucocitos eosin\u00f3filos y mastocitos. Estos proporcionan soporte y nutrici\u00f3n al epitelio, as\u00ed como tambi\u00e9n los medios para unir el tejido subyacente.<\/p>\n<p>En casos de atrofia vaginal, el agua est\u00e1 menos presente en el epitelio superficial seco de la pared vaginal y est\u00e1 m\u00e1s presente en el tejido conectivo subyacente. Por lo tanto, ocurre un da\u00f1o m\u00ednimo al epitelio vaginal propiamente dicho, mientras que la capa subepitelial absorbe la energ\u00eda t\u00e9rmica.<\/p>\n<p>De hecho, las muestras histol\u00f3gicas tomadas de pacientes tratadas con un l\u00e1ser de CO2 fraccional durante unas pocas semanas, mostraron regeneraci\u00f3n de la mucosa y la submucosa vaginal, aumento del col\u00e1geno y la elastina, aumento de la circulaci\u00f3n de microvasos, engrosamiento de la submucosa y la mucosa y restauraci\u00f3n del gluc\u00f3geno. Se ha comprobado que, luego del tratamiento con CO2, se incrementa la actividad fibrobl\u00e1stica. Esto est\u00e1 involucrado la producci\u00f3n de nuevos componentes moleculares de la matriz de tejido conectivo, la restauraci\u00f3n del suministro vascular y un aumento en la actividad de las c\u00e9lulas epiteliales, y mejores s\u00edntesis, almacenamiento y liberaci\u00f3n de gluc\u00f3geno.<\/p>\n<p>La renovaci\u00f3n de los componentes de la sustancia fundamental significa una nueva s\u00edntesis y liberaci\u00f3n de los glicosaminoglicanos, glucoprote\u00ednas y glucoprote\u00ednas multiadhesivas. Estas mol\u00e9culas son capaces de vincular grandes cantidades de agua. Esto conduce a un significativo incremento en la hidrataci\u00f3n de los tejidos y un incremento relacionado en la permeabilidad de los nutrientes, que pueden moverse desde los vasos sangu\u00edneos a los tejidos.<\/p>\n<h6><em>-S. Salvatore et al. A 12-week treatment with fractional CO2 laser for vulvovaginal atrophy: a pilot study.<br \/>\nClimacteric Aug 2014, Vol. 17, No. 4: 363\u2013369.<br \/>\n<\/em><\/h6>\n<h6><em>-N. Zerbinati et al Microscopic and ultrastructural modifications of postmenopausal atrophic vaginal mucosa after fractional carbon dioxide laser treatment. <\/em><a href=\"http:\/\/www.ncbi.nlm.nih.gov\/pubmed\/25410301\" target=\"_blank\" rel=\"noopener noreferrer\"><em>Lasers Med Sci.<\/em><\/a><em>2015 (1):429-36<\/em><\/h6>\n<p>[\/vc_column_text][vc_btn title=\u00bbVOLVER A LAS PREGUNTAS\u00bb size=\u00bbsm\u00bb link=\u00bburl:https%3A%2F%2Ffemtouch.eu%2Fes%2Ffor-physicians%2Ffaq%2F|||\u00bb css=\u00bb.vc_custom_1611748453061{margin-top: 30px !important;}\u00bb el_class=\u00bbartical_download_btn\u00bb][\/vc_column][vc_column width=\u00bb1\/3&#8243; css=\u00bb.vc_custom_1471850274273{margin-left: 10px !important;}\u00bb][\/vc_column][\/vc_row]<\/p>\n<\/div>","protected":false},"excerpt":{"rendered":"<p>[vc_row type=\u00bbimage\u00bb bg_position_horizontal=\u00bbcenter\u00bb enable_parallax=\u00bbfalse\u00bb column_gap=\u00bbno\u00bb padding_top=\u00bb13%\u00bb padding_bottom=\u00bb13%\u00bb bg_image=\u00bb600&#8243;][vc_column][\/vc_column][\/vc_row][vc_row column_gap=\u00bbno\u00bb padding_top=\u00bb25&#8243; padding_bottom=\u00bb25&#8243;][vc_column][vc_column_text][\/vc_column_text][\/vc_column][\/vc_row][vc_row equal_height=\u00bbyes\u00bb content_placement=\u00bbmiddle\u00bb type=\u00bbcolor\u00bb bg_color=\u00bb#f2f2f2&#8243; column_gap=\u00bbno\u00bb padding_top=\u00bb65&#8243; padding_bottom=\u00bb65&#8243;][vc_column width=\u00bb2\/3&#8243; css=\u00bb.vc_custom_1470053436572{margin-right: 10px !important;margin-left: 0px !important;padding-top: 33px !important;padding-right: 25px !important;padding-bottom: 33px !important;padding-left: 25px !important;background-color: #ffffff !important;}\u00bb][vc_column_text] \u00bfCu\u00e1l es el efecto del CO2 sobre la capa l\u00e1mina propria? RESPUESTA: La estructura vaginal consta de: (1) El estrato epitelial mucoso interno (2) Una l\u00e1mina [&hellip;]<\/p>\n","protected":false},"author":1,"featured_media":0,"parent":7623,"menu_order":0,"comment_status":"closed","ping_status":"closed","template":"","meta":{"footnotes":""},"class_list":["post-7609","page","type-page","status-publish","hentry"],"yoast_head":"<!-- This site is optimized with the Yoast SEO plugin v27.3 - https:\/\/yoast.com\/product\/yoast-seo-wordpress\/ -->\n<title>\u00bfCu\u00e1l es el efecto del CO2 sobre la capa l\u00e1mina propria? - FemTouch for Improved Vaginal Health<\/title>\n<meta name=\"robots\" content=\"index, follow, max-snippet:-1, max-image-preview:large, max-video-preview:-1\" \/>\n<link rel=\"canonical\" href=\"https:\/\/femtouch.eu\/es\/for-physicians\/faq\/what-is-the-co2-effect-on-the-lamina-propria-layer\/\" \/>\n<meta property=\"og:locale\" content=\"es_ES\" \/>\n<meta property=\"og:type\" content=\"article\" \/>\n<meta property=\"og:title\" content=\"\u00bfCu\u00e1l es el efecto del CO2 sobre la capa l\u00e1mina propria? - FemTouch for Improved Vaginal Health\" \/>\n<meta property=\"og:description\" content=\"[vc_row type=\u00bbimage\u00bb bg_position_horizontal=\u00bbcenter\u00bb enable_parallax=\u00bbfalse\u00bb column_gap=\u00bbno\u00bb padding_top=\u00bb13%\u00bb padding_bottom=\u00bb13%\u00bb bg_image=\u00bb600&#8243;][vc_column][\/vc_column][\/vc_row][vc_row column_gap=\u00bbno\u00bb padding_top=\u00bb25&#8243; padding_bottom=\u00bb25&#8243;][vc_column][vc_column_text][\/vc_column_text][\/vc_column][\/vc_row][vc_row equal_height=\u00bbyes\u00bb content_placement=\u00bbmiddle\u00bb type=\u00bbcolor\u00bb bg_color=\u00bb#f2f2f2&#8243; column_gap=\u00bbno\u00bb padding_top=\u00bb65&#8243; padding_bottom=\u00bb65&#8243;][vc_column width=\u00bb2\/3&#8243; css=\u00bb.vc_custom_1470053436572{margin-right: 10px !important;margin-left: 0px !important;padding-top: 33px !important;padding-right: 25px !important;padding-bottom: 33px !important;padding-left: 25px !important;background-color: #ffffff !important;}\u00bb][vc_column_text] \u00bfCu\u00e1l es el efecto del CO2 sobre la capa l\u00e1mina propria? RESPUESTA: La estructura vaginal consta de: (1) El estrato epitelial mucoso interno (2) Una l\u00e1mina [&hellip;]\" \/>\n<meta property=\"og:url\" content=\"https:\/\/femtouch.eu\/for-physicians\/faq\/what-is-the-co2-effect-on-the-lamina-propria-layer\/\" \/>\n<meta property=\"og:site_name\" content=\"FemTouch for Improved Vaginal Health\" \/>\n<meta property=\"article:modified_time\" content=\"2021-01-28T12:46:10+00:00\" \/>\n<meta name=\"twitter:card\" content=\"summary_large_image\" \/>\n<meta name=\"twitter:label1\" content=\"Tiempo de lectura\" \/>\n\t<meta name=\"twitter:data1\" content=\"3 minutos\" \/>\n<script type=\"application\/ld+json\" class=\"yoast-schema-graph\">{\"@context\":\"https:\\\/\\\/schema.org\",\"@graph\":[{\"@type\":\"WebPage\",\"@id\":\"https:\\\/\\\/femtouch.eu\\\/for-physicians\\\/faq\\\/what-is-the-co2-effect-on-the-lamina-propria-layer\\\/\",\"url\":\"https:\\\/\\\/femtouch.eu\\\/for-physicians\\\/faq\\\/what-is-the-co2-effect-on-the-lamina-propria-layer\\\/\",\"name\":\"\u00bfCu\u00e1l es el efecto del CO2 sobre la capa l\u00e1mina propria? - FemTouch for Improved Vaginal Health\",\"isPartOf\":{\"@id\":\"https:\\\/\\\/femtouch.eu\\\/#website\"},\"datePublished\":\"2016-08-09T16:40:46+00:00\",\"dateModified\":\"2021-01-28T12:46:10+00:00\",\"breadcrumb\":{\"@id\":\"https:\\\/\\\/femtouch.eu\\\/for-physicians\\\/faq\\\/what-is-the-co2-effect-on-the-lamina-propria-layer\\\/#breadcrumb\"},\"inLanguage\":\"es\",\"potentialAction\":[{\"@type\":\"ReadAction\",\"target\":[\"https:\\\/\\\/femtouch.eu\\\/for-physicians\\\/faq\\\/what-is-the-co2-effect-on-the-lamina-propria-layer\\\/\"]}]},{\"@type\":\"BreadcrumbList\",\"@id\":\"https:\\\/\\\/femtouch.eu\\\/for-physicians\\\/faq\\\/what-is-the-co2-effect-on-the-lamina-propria-layer\\\/#breadcrumb\",\"itemListElement\":[{\"@type\":\"ListItem\",\"position\":1,\"name\":\"HOME\",\"item\":\"https:\\\/\\\/femtouch.eu\\\/es\\\/\"},{\"@type\":\"ListItem\",\"position\":2,\"name\":\"FOR PHYSICIANS\",\"item\":\"https:\\\/\\\/femtouch.eu\\\/es\\\/for-physicians\\\/\"},{\"@type\":\"ListItem\",\"position\":3,\"name\":\"Preguntas frecuentes de m\u00e9dicos\",\"item\":\"https:\\\/\\\/femtouch.eu\\\/for-physicians\\\/faq\\\/\"},{\"@type\":\"ListItem\",\"position\":4,\"name\":\"\u00bfCu\u00e1l es el efecto del CO2 sobre la capa l\u00e1mina propria?\"}]},{\"@type\":\"WebSite\",\"@id\":\"https:\\\/\\\/femtouch.eu\\\/#website\",\"url\":\"https:\\\/\\\/femtouch.eu\\\/\",\"name\":\"FemTouch for Improved Vaginal Health\",\"description\":\"\",\"potentialAction\":[{\"@type\":\"SearchAction\",\"target\":{\"@type\":\"EntryPoint\",\"urlTemplate\":\"https:\\\/\\\/femtouch.eu\\\/?s={search_term_string}\"},\"query-input\":{\"@type\":\"PropertyValueSpecification\",\"valueRequired\":true,\"valueName\":\"search_term_string\"}}],\"inLanguage\":\"es\"}]}<\/script>\n<!-- \/ Yoast SEO plugin. -->","yoast_head_json":{"title":"\u00bfCu\u00e1l es el efecto del CO2 sobre la capa l\u00e1mina propria? - FemTouch for Improved Vaginal Health","robots":{"index":"index","follow":"follow","max-snippet":"max-snippet:-1","max-image-preview":"max-image-preview:large","max-video-preview":"max-video-preview:-1"},"canonical":"https:\/\/femtouch.eu\/es\/for-physicians\/faq\/what-is-the-co2-effect-on-the-lamina-propria-layer\/","og_locale":"es_ES","og_type":"article","og_title":"\u00bfCu\u00e1l es el efecto del CO2 sobre la capa l\u00e1mina propria? - FemTouch for Improved Vaginal Health","og_description":"[vc_row type=\u00bbimage\u00bb bg_position_horizontal=\u00bbcenter\u00bb enable_parallax=\u00bbfalse\u00bb column_gap=\u00bbno\u00bb padding_top=\u00bb13%\u00bb padding_bottom=\u00bb13%\u00bb bg_image=\u00bb600&#8243;][vc_column][\/vc_column][\/vc_row][vc_row column_gap=\u00bbno\u00bb padding_top=\u00bb25&#8243; padding_bottom=\u00bb25&#8243;][vc_column][vc_column_text][\/vc_column_text][\/vc_column][\/vc_row][vc_row equal_height=\u00bbyes\u00bb content_placement=\u00bbmiddle\u00bb type=\u00bbcolor\u00bb bg_color=\u00bb#f2f2f2&#8243; column_gap=\u00bbno\u00bb padding_top=\u00bb65&#8243; padding_bottom=\u00bb65&#8243;][vc_column width=\u00bb2\/3&#8243; css=\u00bb.vc_custom_1470053436572{margin-right: 10px !important;margin-left: 0px !important;padding-top: 33px !important;padding-right: 25px !important;padding-bottom: 33px !important;padding-left: 25px !important;background-color: #ffffff !important;}\u00bb][vc_column_text] \u00bfCu\u00e1l es el efecto del CO2 sobre la capa l\u00e1mina propria? RESPUESTA: La estructura vaginal consta de: (1) El estrato epitelial mucoso interno (2) Una l\u00e1mina [&hellip;]","og_url":"https:\/\/femtouch.eu\/for-physicians\/faq\/what-is-the-co2-effect-on-the-lamina-propria-layer\/","og_site_name":"FemTouch for Improved Vaginal Health","article_modified_time":"2021-01-28T12:46:10+00:00","twitter_card":"summary_large_image","twitter_misc":{"Tiempo de lectura":"3 minutos"},"schema":{"@context":"https:\/\/schema.org","@graph":[{"@type":"WebPage","@id":"https:\/\/femtouch.eu\/for-physicians\/faq\/what-is-the-co2-effect-on-the-lamina-propria-layer\/","url":"https:\/\/femtouch.eu\/for-physicians\/faq\/what-is-the-co2-effect-on-the-lamina-propria-layer\/","name":"\u00bfCu\u00e1l es el efecto del CO2 sobre la capa l\u00e1mina propria? - FemTouch for Improved Vaginal Health","isPartOf":{"@id":"https:\/\/femtouch.eu\/#website"},"datePublished":"2016-08-09T16:40:46+00:00","dateModified":"2021-01-28T12:46:10+00:00","breadcrumb":{"@id":"https:\/\/femtouch.eu\/for-physicians\/faq\/what-is-the-co2-effect-on-the-lamina-propria-layer\/#breadcrumb"},"inLanguage":"es","potentialAction":[{"@type":"ReadAction","target":["https:\/\/femtouch.eu\/for-physicians\/faq\/what-is-the-co2-effect-on-the-lamina-propria-layer\/"]}]},{"@type":"BreadcrumbList","@id":"https:\/\/femtouch.eu\/for-physicians\/faq\/what-is-the-co2-effect-on-the-lamina-propria-layer\/#breadcrumb","itemListElement":[{"@type":"ListItem","position":1,"name":"HOME","item":"https:\/\/femtouch.eu\/es\/"},{"@type":"ListItem","position":2,"name":"FOR PHYSICIANS","item":"https:\/\/femtouch.eu\/es\/for-physicians\/"},{"@type":"ListItem","position":3,"name":"Preguntas frecuentes de m\u00e9dicos","item":"https:\/\/femtouch.eu\/for-physicians\/faq\/"},{"@type":"ListItem","position":4,"name":"\u00bfCu\u00e1l es el efecto del CO2 sobre la capa l\u00e1mina propria?"}]},{"@type":"WebSite","@id":"https:\/\/femtouch.eu\/#website","url":"https:\/\/femtouch.eu\/","name":"FemTouch for Improved Vaginal Health","description":"","potentialAction":[{"@type":"SearchAction","target":{"@type":"EntryPoint","urlTemplate":"https:\/\/femtouch.eu\/?s={search_term_string}"},"query-input":{"@type":"PropertyValueSpecification","valueRequired":true,"valueName":"search_term_string"}}],"inLanguage":"es"}]}},"jetpack_shortlink":"https:\/\/wp.me\/P7S3gX-1YJ","jetpack_sharing_enabled":true,"_links":{"self":[{"href":"https:\/\/femtouch.eu\/es\/wp-json\/wp\/v2\/pages\/7609","targetHints":{"allow":["GET"]}}],"collection":[{"href":"https:\/\/femtouch.eu\/es\/wp-json\/wp\/v2\/pages"}],"about":[{"href":"https:\/\/femtouch.eu\/es\/wp-json\/wp\/v2\/types\/page"}],"author":[{"embeddable":true,"href":"https:\/\/femtouch.eu\/es\/wp-json\/wp\/v2\/users\/1"}],"replies":[{"embeddable":true,"href":"https:\/\/femtouch.eu\/es\/wp-json\/wp\/v2\/comments?post=7609"}],"version-history":[{"count":6,"href":"https:\/\/femtouch.eu\/es\/wp-json\/wp\/v2\/pages\/7609\/revisions"}],"predecessor-version":[{"id":8845,"href":"https:\/\/femtouch.eu\/es\/wp-json\/wp\/v2\/pages\/7609\/revisions\/8845"}],"up":[{"embeddable":true,"href":"https:\/\/femtouch.eu\/es\/wp-json\/wp\/v2\/pages\/7623"}],"wp:attachment":[{"href":"https:\/\/femtouch.eu\/es\/wp-json\/wp\/v2\/media?parent=7609"}],"curies":[{"name":"wp","href":"https:\/\/api.w.org\/{rel}","templated":true}]}}