{"id":7623,"date":"2016-08-03T06:16:50","date_gmt":"2016-08-03T06:16:50","guid":{"rendered":"https:\/\/staging.femtouch.eu\/for-physicians\/preguntas-frecuentes-de-medicos\/"},"modified":"2021-04-20T12:26:21","modified_gmt":"2021-04-20T12:26:21","slug":"faq","status":"publish","type":"page","link":"https:\/\/femtouch.eu\/es\/for-physicians\/faq\/","title":{"rendered":"Preguntas frecuentes de m\u00e9dicos"},"content":{"rendered":"<div class=\"wpb-content-wrapper\"><p>[vc_row type=\u00bbimage\u00bb bg_position_horizontal=\u00bbcenter\u00bb enable_parallax=\u00bbfalse\u00bb column_gap=\u00bbno\u00bb padding_top=\u00bb13%\u00bb padding_bottom=\u00bb13%\u00bb bg_image=\u00bb600&#8243;][vc_column][\/vc_column][\/vc_row][vc_row text_align=\u00bbcenter\u00bb text_color=\u00bb#ffffff\u00bb column_gap=\u00bbno\u00bb padding_top=\u00bb25&#8243; padding_bottom=\u00bb25&#8243;][vc_column][vc_column_text]<div id=\"ccchildpages-1\" class=\"ccchildpages ccflex  simple ccclearfix\"><ul class=\"ccchildpages_list ccclearfix\"><li class=\"page_item page-item-7543\"><a href=\"https:\/\/femtouch.eu\/es\/for-physicians\/clinical-resources\/\">RECURSOS CL\u00cdNICOS<\/a><\/li>\n<li class=\"page_item page-item-7554\"><a href=\"https:\/\/femtouch.eu\/es\/for-physicians\/about-femtouch\/\">ACERCA DE FEMTOUCH\u2122<\/a><\/li>\n<li class=\"page_item page-item-7623 page_item_has_children\"><a href=\"https:\/\/femtouch.eu\/es\/for-physicians\/faq\/\">Preguntas frecuentes de m\u00e9dicos<\/a><\/li><\/ul><\/div>[\/vc_column_text][\/vc_column][\/vc_row][vc_row equal_height=\"yes\" type=\"color\" bg_color=\"#f2f2f2\" column_gap=\"no\" padding_top=\"65\" padding_bottom=\"65\"][vc_column width=\"1\/2\" css=\".vc_custom_1470899988502{margin-right: 10px !important;margin-left: 0px !important;padding-top: 25px !important;padding-right: 25px !important;padding-bottom: 25px !important;padding-left: 25px !important;background-color: #ffffff !important;}\"][vc_custom_heading text=\"Preguntas frecuentes de m\u00e9dicos\" font_container=\"tag:h3|text_align:center|color:%23ef6967\" use_theme_fonts=\"yes\" el_class=\"border_bottom\" css=\".vc_custom_1470902838738{padding-right: 25px !important;padding-left: 25px !important;}\"]<ul class=\"link_colorA fontelo-list\" style=\"float:left;\"><li><i class=\"icon-angle-double-right\"><\/i> <a href=\"https:\/\/femtouch.eu\/es\/for-physicians\/faq\/for-more-significant-symptoms-does-it-make-sense-to-increase-the-energy-delivered\/\"><strong>En el caso de que se experimenten s\u00edntomas m\u00e1s significativos, \u00bftiene sentido aumentar la energ\u00eda entregada?<\/strong><\/a><\/li><li><i class=\"icon-angle-double-right\"><\/i> <a href=\"https:\/\/femtouch.eu\/es\/for-physicians\/faq\/what-is-the-mechanism-that-causes-a-loss-of-estrogen-and-vaginal-dryness-during-breastfeeding\/\"><strong>\u00bfCu\u00e1l es el mecanismo que causa p\u00e9rdida de estr\u00f3geno y sequedad vaginal durante el amamantamiento?<\/strong><\/a><\/li><li><i class=\"icon-angle-double-right\"><\/i> <a href=\"https:\/\/femtouch.eu\/es\/questions\/how-do-i-control-the-penetration-depth-and-make-sure-i-dont-penetrate-into-the-fibromuscular-layer\/\"><strong>\u00bfDe qu\u00e9 manera controlo la profundidad de la penetraci\u00f3n y me aseguro de no penetrar la capa fibromuscular?<\/strong><\/a><\/li><li><i class=\"icon-angle-double-right\"><\/i> <a href=\"https:\/\/femtouch.eu\/es\/questions\/why-do-i-need-3-different-levels-of-energy-and-density\/\"><strong>\u00bfPor qu\u00e9 necesito tres niveles diferentes de energ\u00eda y densidad?<\/strong><\/a><\/li><li><i class=\"icon-angle-double-right\"><\/i> <a href=\"https:\/\/femtouch.eu\/es\/questions\/how-does-the-co2-treatment-affect-vaginal-dryness\/\"><strong>\u00bfDe qu\u00e9 manera el tratamiento con CO2 afecta la sequedad vaginal?<\/strong><\/a><\/li><li><i class=\"icon-angle-double-right\"><\/i> <a href=\"https:\/\/femtouch.eu\/es\/questions\/can-laser-based-energy-treatments-be-considered-preventative-and-positioned-for-prolapse\/\"><strong>\u00bfPueden los tratamientos de energ\u00eda basada en l\u00e1ser considerarse preventivos y posicionarse para prolapso?<\/strong><\/a><\/li><li><i class=\"icon-angle-double-right\"><\/i> <a href=\"https:\/\/femtouch.eu\/es\/questions\/what-is-the-co2-effect-on-the-lamina-propria-layer\/\"><strong>\u00bfCu\u00e1l es el efecto del CO2 sobre la capa l\u00e1mina propria?<\/strong><\/a><\/li><\/ul>[\/vc_column][vc_column width=\"1\/2\" css=\".vc_custom_1470902869503{background: #ffffff url(https:\/\/femtouch.eu\/wp-content\/uploads\/2016\/08\/find-a-clinic-2-banner.jpg?id=599) !important;background-position: center !important;background-repeat: no-repeat !important;background-size: cover !important;}\"][\/vc_column][\/vc_row][vc_row type=\"color\" bg_color=\"#142846\" border=\"bottom\" inline_style=\"border-bottom: 8px solid #ef6967;\"][vc_column][vc_column_text text_color=\"#ffffff\"]<\/p>\n<h4 style=\"color: #fff; font-size: 30px; line-height: 1; margin-top: 20px;\">GET MORE INFO<\/h4>\n<p>[\/vc_column_text][vc_raw_html]PCEtLVtpZiBsdGUgSUUgOF0+DQoNCjxzY3JpcHQgY2hhcnNldD0idXRmLTgiIHR5cGU9InRleHQvamF2YXNjcmlwdCIgc3JjPSIvL2pzLmhzZm9ybXMubmV0L2Zvcm1zL3YyLWxlZ2FjeS5qcyI+PC9zY3JpcHQ+DQoNCjwhW2VuZGlmXS0tPg0KDQo8c2NyaXB0IGNoYXJzZXQ9InV0Zi04IiB0eXBlPSJ0ZXh0L2phdmFzY3JpcHQiIHNyYz0iLy9qcy5oc2Zvcm1zLm5ldC9mb3Jtcy92Mi5qcyI+PC9zY3JpcHQ+DQoNCjxzY3JpcHQ+DQoNCiAgaGJzcHQuZm9ybXMuY3JlYXRlKHsNCg0KICAgIHNmZGNDYW1wYWlnbklkOiAnNzAxQzAwMDAwMDE5YWpjSUFBJywNCg0KICAgIHBvcnRhbElkOiAnMjc4NDI3JywNCg0KICAgIGZvcm1JZDogJzhjM2RmYmU1LTRlN2ItNDA2Yi1iZjBkLWZkYTNjNjVmODQ2NCcNCg0KICB9KTsNCg0KPC9zY3JpcHQ+[\/vc_raw_html][\/vc_column][\/vc_row][vc_row][vc_column][vc_column_text]PB-00012580 Rev A[\/vc_column_text][\/vc_column][\/vc_row]<\/p>\n<\/div>","protected":false},"excerpt":{"rendered":"<p>[vc_row type=\u00bbimage\u00bb bg_position_horizontal=\u00bbcenter\u00bb enable_parallax=\u00bbfalse\u00bb column_gap=\u00bbno\u00bb padding_top=\u00bb13%\u00bb padding_bottom=\u00bb13%\u00bb bg_image=\u00bb600&#8243;][vc_column][\/vc_column][\/vc_row][vc_row text_align=\u00bbcenter\u00bb text_color=\u00bb#ffffff\u00bb column_gap=\u00bbno\u00bb padding_top=\u00bb25&#8243; padding_bottom=\u00bb25&#8243;][vc_column][vc_column_text][\/vc_column_text][\/vc_column][\/vc_row][vc_row equal_height=\u00bbyes\u00bb type=\u00bbcolor\u00bb bg_color=\u00bb#f2f2f2&#8243; column_gap=\u00bbno\u00bb padding_top=\u00bb65&#8243; padding_bottom=\u00bb65&#8243;][vc_column width=\u00bb1\/2&#8243; css=\u00bb.vc_custom_1470899988502{margin-right: 10px !important;margin-left: 0px !important;padding-top: 25px !important;padding-right: 25px !important;padding-bottom: 25px !important;padding-left: 25px !important;background-color: #ffffff !important;}\u00bb][vc_custom_heading text=\u00bbPreguntas frecuentes de m\u00e9dicos\u00bb font_container=\u00bbtag:h3|text_align:center|color:%23ef6967&#8243; use_theme_fonts=\u00bbyes\u00bb el_class=\u00bbborder_bottom\u00bb css=\u00bb.vc_custom_1470902838738{padding-right: 25px !important;padding-left: 25px !important;}\u00bb][\/vc_column][vc_column width=\u00bb1\/2&#8243; css=\u00bb.vc_custom_1470902869503{background: #ffffff url(https:\/\/femtouch.eu\/wp-content\/uploads\/2016\/08\/find-a-clinic-2-banner.jpg?id=599) !important;background-position: center !important;background-repeat: no-repeat !important;background-size: cover !important;}\u00bb][\/vc_column][\/vc_row][vc_row type=\u00bbcolor\u00bb bg_color=\u00bb#142846&#8243; [&hellip;]<\/p>\n","protected":false},"author":1,"featured_media":0,"parent":6094,"menu_order":0,"comment_status":"closed","ping_status":"closed","template":"","meta":{"footnotes":""},"class_list":["post-7623","page","type-page","status-publish","hentry"],"yoast_head":"<!-- This site is optimized with the Yoast SEO plugin v27.3 - https:\/\/yoast.com\/product\/yoast-seo-wordpress\/ -->\n<title>Preguntas frecuentes sobre Femtouch<\/title>\n<meta name=\"robots\" content=\"index, follow, max-snippet:-1, max-image-preview:large, max-video-preview:-1\" \/>\n<link rel=\"canonical\" href=\"https:\/\/femtouch.eu\/es\/for-physicians\/faq\/\" \/>\n<meta property=\"og:locale\" content=\"es_ES\" \/>\n<meta property=\"og:type\" content=\"article\" \/>\n<meta property=\"og:title\" content=\"Preguntas frecuentes sobre Femtouch\" \/>\n<meta property=\"og:description\" content=\"[vc_row type=\u00bbimage\u00bb bg_position_horizontal=\u00bbcenter\u00bb enable_parallax=\u00bbfalse\u00bb column_gap=\u00bbno\u00bb padding_top=\u00bb13%\u00bb padding_bottom=\u00bb13%\u00bb bg_image=\u00bb600&#8243;][vc_column][\/vc_column][\/vc_row][vc_row text_align=\u00bbcenter\u00bb text_color=\u00bb#ffffff\u00bb column_gap=\u00bbno\u00bb padding_top=\u00bb25&#8243; padding_bottom=\u00bb25&#8243;][vc_column][vc_column_text][\/vc_column_text][\/vc_column][\/vc_row][vc_row equal_height=\u00bbyes\u00bb type=\u00bbcolor\u00bb bg_color=\u00bb#f2f2f2&#8243; column_gap=\u00bbno\u00bb padding_top=\u00bb65&#8243; padding_bottom=\u00bb65&#8243;][vc_column width=\u00bb1\/2&#8243; css=\u00bb.vc_custom_1470899988502{margin-right: 10px !important;margin-left: 0px !important;padding-top: 25px !important;padding-right: 25px !important;padding-bottom: 25px !important;padding-left: 25px !important;background-color: #ffffff !important;}\u00bb][vc_custom_heading text=\u00bbPreguntas frecuentes de m\u00e9dicos\u00bb font_container=\u00bbtag:h3|text_align:center|color:%23ef6967&#8243; use_theme_fonts=\u00bbyes\u00bb el_class=\u00bbborder_bottom\u00bb css=\u00bb.vc_custom_1470902838738{padding-right: 25px !important;padding-left: 25px !important;}\u00bb][\/vc_column][vc_column width=\u00bb1\/2&#8243; css=\u00bb.vc_custom_1470902869503{background: #ffffff url(https:\/\/femtouch.eu\/wp-content\/uploads\/2016\/08\/find-a-clinic-2-banner.jpg?id=599) !important;background-position: center !important;background-repeat: no-repeat !important;background-size: cover !important;}\u00bb][\/vc_column][\/vc_row][vc_row type=\u00bbcolor\u00bb bg_color=\u00bb#142846&#8243; [&hellip;]\" \/>\n<meta property=\"og:url\" content=\"https:\/\/femtouch.eu\/for-physicians\/faq\/\" \/>\n<meta property=\"og:site_name\" content=\"FemTouch for Improved Vaginal Health\" \/>\n<meta property=\"article:modified_time\" content=\"2021-04-20T12:26:21+00:00\" \/>\n<meta name=\"twitter:card\" content=\"summary_large_image\" \/>\n<meta name=\"twitter:label1\" content=\"Tiempo de lectura\" \/>\n\t<meta name=\"twitter:data1\" content=\"2 minutos\" \/>\n<script type=\"application\/ld+json\" class=\"yoast-schema-graph\">{\"@context\":\"https:\\\/\\\/schema.org\",\"@graph\":[{\"@type\":\"WebPage\",\"@id\":\"https:\\\/\\\/femtouch.eu\\\/for-physicians\\\/faq\\\/\",\"url\":\"https:\\\/\\\/femtouch.eu\\\/for-physicians\\\/faq\\\/\",\"name\":\"Preguntas frecuentes sobre Femtouch\",\"isPartOf\":{\"@id\":\"https:\\\/\\\/femtouch.eu\\\/#website\"},\"datePublished\":\"2016-08-03T06:16:50+00:00\",\"dateModified\":\"2021-04-20T12:26:21+00:00\",\"breadcrumb\":{\"@id\":\"https:\\\/\\\/femtouch.eu\\\/for-physicians\\\/faq\\\/#breadcrumb\"},\"inLanguage\":\"es\",\"potentialAction\":[{\"@type\":\"ReadAction\",\"target\":[\"https:\\\/\\\/femtouch.eu\\\/for-physicians\\\/faq\\\/\"]}]},{\"@type\":\"BreadcrumbList\",\"@id\":\"https:\\\/\\\/femtouch.eu\\\/for-physicians\\\/faq\\\/#breadcrumb\",\"itemListElement\":[{\"@type\":\"ListItem\",\"position\":1,\"name\":\"HOME\",\"item\":\"https:\\\/\\\/femtouch.eu\\\/es\\\/\"},{\"@type\":\"ListItem\",\"position\":2,\"name\":\"FOR PHYSICIANS\",\"item\":\"https:\\\/\\\/femtouch.eu\\\/es\\\/for-physicians\\\/\"},{\"@type\":\"ListItem\",\"position\":3,\"name\":\"Preguntas frecuentes de m\u00e9dicos\"}]},{\"@type\":\"WebSite\",\"@id\":\"https:\\\/\\\/femtouch.eu\\\/#website\",\"url\":\"https:\\\/\\\/femtouch.eu\\\/\",\"name\":\"FemTouch for Improved Vaginal Health\",\"description\":\"\",\"potentialAction\":[{\"@type\":\"SearchAction\",\"target\":{\"@type\":\"EntryPoint\",\"urlTemplate\":\"https:\\\/\\\/femtouch.eu\\\/?s={search_term_string}\"},\"query-input\":{\"@type\":\"PropertyValueSpecification\",\"valueRequired\":true,\"valueName\":\"search_term_string\"}}],\"inLanguage\":\"es\"}]}<\/script>\n<!-- \/ Yoast SEO plugin. -->","yoast_head_json":{"title":"Preguntas frecuentes sobre Femtouch","robots":{"index":"index","follow":"follow","max-snippet":"max-snippet:-1","max-image-preview":"max-image-preview:large","max-video-preview":"max-video-preview:-1"},"canonical":"https:\/\/femtouch.eu\/es\/for-physicians\/faq\/","og_locale":"es_ES","og_type":"article","og_title":"Preguntas frecuentes sobre Femtouch","og_description":"[vc_row type=\u00bbimage\u00bb bg_position_horizontal=\u00bbcenter\u00bb enable_parallax=\u00bbfalse\u00bb column_gap=\u00bbno\u00bb padding_top=\u00bb13%\u00bb padding_bottom=\u00bb13%\u00bb bg_image=\u00bb600&#8243;][vc_column][\/vc_column][\/vc_row][vc_row text_align=\u00bbcenter\u00bb text_color=\u00bb#ffffff\u00bb column_gap=\u00bbno\u00bb padding_top=\u00bb25&#8243; padding_bottom=\u00bb25&#8243;][vc_column][vc_column_text][\/vc_column_text][\/vc_column][\/vc_row][vc_row equal_height=\u00bbyes\u00bb type=\u00bbcolor\u00bb bg_color=\u00bb#f2f2f2&#8243; column_gap=\u00bbno\u00bb padding_top=\u00bb65&#8243; padding_bottom=\u00bb65&#8243;][vc_column width=\u00bb1\/2&#8243; css=\u00bb.vc_custom_1470899988502{margin-right: 10px !important;margin-left: 0px !important;padding-top: 25px !important;padding-right: 25px !important;padding-bottom: 25px !important;padding-left: 25px !important;background-color: #ffffff !important;}\u00bb][vc_custom_heading text=\u00bbPreguntas frecuentes de m\u00e9dicos\u00bb font_container=\u00bbtag:h3|text_align:center|color:%23ef6967&#8243; use_theme_fonts=\u00bbyes\u00bb el_class=\u00bbborder_bottom\u00bb css=\u00bb.vc_custom_1470902838738{padding-right: 25px !important;padding-left: 25px !important;}\u00bb][\/vc_column][vc_column width=\u00bb1\/2&#8243; css=\u00bb.vc_custom_1470902869503{background: #ffffff url(https:\/\/femtouch.eu\/wp-content\/uploads\/2016\/08\/find-a-clinic-2-banner.jpg?id=599) !important;background-position: center !important;background-repeat: no-repeat !important;background-size: cover !important;}\u00bb][\/vc_column][\/vc_row][vc_row type=\u00bbcolor\u00bb bg_color=\u00bb#142846&#8243; [&hellip;]","og_url":"https:\/\/femtouch.eu\/for-physicians\/faq\/","og_site_name":"FemTouch for Improved Vaginal Health","article_modified_time":"2021-04-20T12:26:21+00:00","twitter_card":"summary_large_image","twitter_misc":{"Tiempo de lectura":"2 minutos"},"schema":{"@context":"https:\/\/schema.org","@graph":[{"@type":"WebPage","@id":"https:\/\/femtouch.eu\/for-physicians\/faq\/","url":"https:\/\/femtouch.eu\/for-physicians\/faq\/","name":"Preguntas frecuentes sobre Femtouch","isPartOf":{"@id":"https:\/\/femtouch.eu\/#website"},"datePublished":"2016-08-03T06:16:50+00:00","dateModified":"2021-04-20T12:26:21+00:00","breadcrumb":{"@id":"https:\/\/femtouch.eu\/for-physicians\/faq\/#breadcrumb"},"inLanguage":"es","potentialAction":[{"@type":"ReadAction","target":["https:\/\/femtouch.eu\/for-physicians\/faq\/"]}]},{"@type":"BreadcrumbList","@id":"https:\/\/femtouch.eu\/for-physicians\/faq\/#breadcrumb","itemListElement":[{"@type":"ListItem","position":1,"name":"HOME","item":"https:\/\/femtouch.eu\/es\/"},{"@type":"ListItem","position":2,"name":"FOR PHYSICIANS","item":"https:\/\/femtouch.eu\/es\/for-physicians\/"},{"@type":"ListItem","position":3,"name":"Preguntas frecuentes de m\u00e9dicos"}]},{"@type":"WebSite","@id":"https:\/\/femtouch.eu\/#website","url":"https:\/\/femtouch.eu\/","name":"FemTouch for Improved Vaginal Health","description":"","potentialAction":[{"@type":"SearchAction","target":{"@type":"EntryPoint","urlTemplate":"https:\/\/femtouch.eu\/?s={search_term_string}"},"query-input":{"@type":"PropertyValueSpecification","valueRequired":true,"valueName":"search_term_string"}}],"inLanguage":"es"}]}},"jetpack_shortlink":"https:\/\/wp.me\/P7S3gX-1YX","jetpack_sharing_enabled":true,"_links":{"self":[{"href":"https:\/\/femtouch.eu\/es\/wp-json\/wp\/v2\/pages\/7623","targetHints":{"allow":["GET"]}}],"collection":[{"href":"https:\/\/femtouch.eu\/es\/wp-json\/wp\/v2\/pages"}],"about":[{"href":"https:\/\/femtouch.eu\/es\/wp-json\/wp\/v2\/types\/page"}],"author":[{"embeddable":true,"href":"https:\/\/femtouch.eu\/es\/wp-json\/wp\/v2\/users\/1"}],"replies":[{"embeddable":true,"href":"https:\/\/femtouch.eu\/es\/wp-json\/wp\/v2\/comments?post=7623"}],"version-history":[{"count":3,"href":"https:\/\/femtouch.eu\/es\/wp-json\/wp\/v2\/pages\/7623\/revisions"}],"predecessor-version":[{"id":9029,"href":"https:\/\/femtouch.eu\/es\/wp-json\/wp\/v2\/pages\/7623\/revisions\/9029"}],"up":[{"embeddable":true,"href":"https:\/\/femtouch.eu\/es\/wp-json\/wp\/v2\/pages\/6094"}],"wp:attachment":[{"href":"https:\/\/femtouch.eu\/es\/wp-json\/wp\/v2\/media?parent=7623"}],"curies":[{"name":"wp","href":"https:\/\/api.w.org\/{rel}","templated":true}]}}