{"id":8785,"date":"2021-04-20T11:49:04","date_gmt":"2021-04-20T11:49:04","guid":{"rendered":"https:\/\/femtouch.eu\/?page_id=8785"},"modified":"2022-12-21T11:23:12","modified_gmt":"2022-12-21T11:23:12","slug":"doctors-thought-2","status":"publish","type":"page","link":"https:\/\/femtouch.eu\/es\/doctors-thought-2\/","title":{"rendered":"LA OPINI\u00d3N DE LOS DOCTORES"},"content":{"rendered":"<div class=\"wpb-content-wrapper\"><p>[vc_row type=\u00bbimage\u00bb bg_position=\u00bbcenter\u00bb bg_position_horizontal=\u00bbcenter\u00bb column_gap=\u00bbno\u00bb padding_top=\u00bb13%\u00bb padding_bottom=\u00bb13%\u00bb bg_image=\u00bb1028&#8243;][vc_column][vc_custom_heading text=\u00bb\u00bb font_container=\u00bbtag:h2|text_align:left|color:%23ffffff\u00bb use_theme_fonts=\u00bbyes\u00bb][\/vc_column][\/vc_row][vc_row text_align=\u00bbcenter\u00bb text_color=\u00bb#ffffff\u00bb column_gap=\u00bbno\u00bb padding_top=\u00bb25&#8243; padding_bottom=\u00bb25&#8243;][vc_column][vc_column_text]<div id=\"ccchildpages-1\" class=\"ccchildpages ccflex  simple ccclearfix\"><ul class=\"ccchildpages_list ccclearfix\"><li class=\"page_item page-item-8785\"><a href=\"https:\/\/femtouch.eu\/es\/doctors-thought-2\/\">LA OPINI\u00d3N DE LOS DOCTORES<\/a><\/li>\n<li class=\"page_item page-item-7273\"><a href=\"https:\/\/femtouch.eu\/es\/\">Hogar<\/a><\/li>\n<li class=\"page_item page-item-7536\"><a href=\"https:\/\/femtouch.eu\/es\/sidebar\/\">sidebar<\/a><\/li>\n<li class=\"page_item page-item-7563\"><a href=\"https:\/\/femtouch.eu\/es\/for-more-significant-symptoms-does-it-make-sense-to-increase-the-energy-delivered\/\">En el caso de que se experimenten s\u00edntomas m\u00e1s significativos, \u00bftiene sentido aumentar la energ\u00eda entregada?<\/a><\/li>\n<li class=\"page_item page-item-9128\"><a href=\"https:\/\/femtouch.eu\/es\/terms-of-use\/\">Terms of Use<\/a><\/li>\n<li class=\"page_item page-item-8617\"><a href=\"https:\/\/femtouch.eu\/es\/privacy-statement\/\">Privacy Statement<\/a><\/li>\n<li class=\"page_item page-item-6087 page_item_has_children\"><a href=\"https:\/\/femtouch.eu\/es\/femtouch-testimonials\/\">TESTIMONIALS<\/a><\/li>\n<li class=\"page_item page-item-6094 page_item_has_children\"><a href=\"https:\/\/femtouch.eu\/es\/for-physicians\/\">FOR PHYSICIANS<\/a><\/li>\n<li class=\"page_item page-item-6097 page_item_has_children\"><a href=\"https:\/\/femtouch.eu\/es\/our-treatment\/\">OUR TREATMENT<\/a><\/li>\n<li class=\"page_item page-item-6109\"><a href=\"https:\/\/femtouch.eu\/es\/find-a-center\/\">FIND A CENTER<\/a><\/li>\n<li class=\"page_item page-item-7390 page_item_has_children\"><a href=\"https:\/\/femtouch.eu\/es\/questions\/\">\u00bfPREGUNTAS?<\/a><\/li><\/ul><\/div>[\/vc_column_text][\/vc_column][\/vc_row][vc_row equal_height=\"yes\" text_align=\"center\" type=\"color\" bg_color=\"#f2f2f2\" column_gap=\"no\"][vc_column width=\"1\/2\" css=\".vc_custom_1501077019530{margin-right: 0px !important;background-color: #ffffff !important;}\"][vc_custom_heading text=\"Averig\u00fce lo que los m\u00e9dicos expertos en FemTouch tienen para decir\" font_container=\"tag:h3|text_align:center|color:%23ef6967\" use_theme_fonts=\"yes\" css=\".vc_custom_1501078582355{padding-top: 15px !important;}\"][vc_column_text font_size=\"20px\" css=\".vc_custom_1539263017030{padding-top: 0px !important;padding-right: 35px !important;padding-bottom: 10px !important;padding-left: 35px !important;}\"]<\/p>\n<p style=\"text-align: center;\">Los m\u00e9dicos comparten sus experiencias tratando pacientes con FemTouch, que se ocupa de los problemas habituales en la salud femenina.<\/p>\n<p style=\"text-align: center;\"><em>\u201cSignificativa mejor\u00eda en la calidad de vida\u201d<\/em><\/p>\n<p style=\"text-align: center;\"><em>\u201cEs un \u00e9xito... algo que no hab\u00eda visto desde el b\u00f3tox\u201d<\/em><\/p>\n<p style=\"text-align: center;\"><em>\u201cPacientes muy satisfechos\u201d<\/em><\/p>\n<p>[\/vc_column_text][\/vc_column][vc_column width=\"1\/2\" css=\".vc_custom_1501077026611{background-color: #ffffff !important;}\"][vc_column_text][\/vc_column_text][\/vc_column][\/vc_row][vc_row equal_height=\"yes\" text_align=\"center\" type=\"color\" bg_color=\"#f2f2f2\" column_gap=\"no\"][vc_column width=\"1\/2\" css=\".vc_custom_1501082834281{margin-right: 10px !important;background-color: #ffffff !important;}\"][vc_single_image image=\"1907\" img_size=\"full\" alignment=\"center\" full_width=\"yes\" css=\".vc_custom_1501082391861{margin-bottom: 10px !important;}\"][vc_column_text font_size=\"20px\" css=\".vc_custom_1543235070786{padding-right: 35px !important;padding-bottom: 30px !important;padding-left: 35px !important;}\"]<\/p>\n<p style=\"text-align: center; padding-left: 35px; padding-right: 35px;\"><em>\u201cNo solo es el procedimiento r\u00e1pido y relativamente indoloro, sino que adem\u00e1s ha dado resultados tan espectaculares en t\u00e9rminos de eficacia y satisfacci\u00f3n de las pacientes que me siento muy confiado al recomend\u00e1rselo a mis pacientes...\" \t\t<a\t\t\t\thref=\"javascript:void(0)\"\r\n\t\t\t\tclass=\"sgpb-show-popup sgpb-popup-id-2679\"\r\n\t\tdata-sgpbpopupid=\"2679\"\r\n\t\tdata-popup-event=\"click\"\r\n\t\t>\r\n\t\tLea m\u00e1s\t\t<\/a>\r\n\t\t<\/em><\/p>\n<p style=\"text-align: center; padding-left: 35px; padding-right: 35px;\">Monika G. Kiripolsky, M\u00e9dica, FAAD, FAACS<br \/>\nDermat\u00f3loga Certificada por la Junta<br \/>\nCirujana l\u00e1ser y cosm\u00e9tica capacitada por m\u00e9dicos<\/p>\n<p>[\/vc_column_text][\/vc_column][vc_column width=\"1\/2\" css=\".vc_custom_1501082858272{margin-left: 10px !important;background-color: #ffffff !important;}\"][vc_single_image image=\"7363\" img_size=\"full\" alignment=\"center\" full_width=\"yes\" css=\".vc_custom_1501082841837{margin-bottom: 10px !important;}\"][vc_column_text font_size=\"20px\" css=\".vc_custom_Sun Apr 09 2017 14:41:56 GMT+0300 (Jerusalem Standard Time){padding-top: 10px !important;padding-right: 35px !important;padding-bottom: 50px !important;padding-left: 35px !important;}\"]<\/p>\n<p style=\"text-align: center; padding-left: 35px; padding-right: 35px;\"><em>\u201cEl tratamiento vaginal con l\u00e1ser de CO2 fraccional con FemTouch Laser fue bien tolerado y mejor\u00f3 los s\u00edntomas vaginales y la calidad de vida en las mujeres despu\u00e9s de 3 tratamientos mensuales. Nuevos estudios para caracterizar los beneficios en los s\u00edntomas y los resultados a largo plazo est\u00e1n en curso; evaluar\u00e1n tambi\u00e9n este tratamiento m\u00ednimamente invasivo\".<\/em><\/p>\n<p style=\"text-align: center; padding-left: 35px; padding-right: 35px;\">Jamie Bartley, DO. Beaumont Urology, Detroit MI<\/p>\n<p>[\/vc_column_text][\/vc_column][\/vc_row][vc_row equal_height=\"yes\" text_align=\"center\" type=\"color\" bg_color=\"#f2f2f2\" column_gap=\"no\"][vc_column width=\"1\/2\" css=\".vc_custom_1501082870856{margin-right: 10px !important;background-color: #ffffff !important;}\"][vc_single_image image=\"1461\" img_size=\"full\" alignment=\"center\" full_width=\"yes\" css=\".vc_custom_1473164378924{margin-bottom: 20px !important;}\"][vc_column_text font_size=\"20px\" css=\".vc_custom_Sun Apr 09 2017 14:16:42 GMT+0300 (Jerusalem Standard Time){padding-right: 35px !important;padding-bottom: 10px !important;padding-left: 35px !important;}\"]<\/p>\n<p style=\"text-align: center;\"><em>\"Creo que este procedimiento de vanguardia, m\u00ednimamente invasivo y ambulatorio podr\u00eda cambiarles la vida a las pacientes.\"<\/em><\/p>\n<p style=\"text-align: center;\">Miss Smita Rajshekhar, Obstetra y Ginec\u00f3loga, Reino Unido<\/p>\n<p>[\/vc_column_text][\/vc_column][vc_column width=\"1\/2\" css=\".vc_custom_1501082864825{margin-left: 10px !important;background-color: #ffffff !important;}\"][vc_single_image image=\"1904\" img_size=\"full\" alignment=\"center\" full_width=\"yes\" css=\".vc_custom_1501082702586{margin-bottom: 20px !important;}\"][vc_column_text font_size=\"20px\" css=\".vc_custom_1539263058548{padding-right: 35px !important;padding-bottom: 10px !important;padding-left: 35px !important;}\"]<\/p>\n<p style=\"text-align: center;\"><em>\"Estoy encantada con la incorporaci\u00f3n de FemTouch a mi pr\u00e1ctica de cirug\u00eda cosm\u00e9tica y medicina regenerativa. Habiendo dependido de las reparaciones quir\u00fargicas anteriores y posteriores en el pasado, ahora puedo tratar con FemTouch enfermedades habituales relacionadas con la salud femenina. Me gustar sentir la confianza de que Lumenis est\u00e1 en la vanguardia desarrollando y refinando esta tecnolog\u00eda ya que es muy responsable por las necesidades del usuario final\".<\/em><\/p>\n<p style=\"text-align: center;\">David N. Michelson, M\u00e9dico, Presidente de American<br \/>\nSociety of Cosmetic Breast Surgery<br \/>\nOxnard, CA<\/p>\n<p>[\/vc_column_text][\/vc_column][\/vc_row][vc_row equal_height=\"yes\" text_align=\"center\" type=\"color\" bg_color=\"#f2f2f2\" column_gap=\"no\"][vc_column width=\"1\/2\" css=\".vc_custom_1470053051040{margin-right: 10px !important;background-color: #ffffff !important;}\"][vc_single_image image=\"2003\" img_size=\"full\" alignment=\"center\" css=\".vc_custom_1509282786662{margin-bottom: 10px !important;}\"][vc_column_text font_size=\"20px\" css=\".vc_custom_Sun Apr 09 2017 14:15:25 GMT+0300 (Jerusalem Standard Time){padding-right: 35px !important;padding-bottom: 10px !important;padding-left: 35px !important;}\"]<\/p>\n<p style=\"text-align: center;\"><em>\u201cTan poco esfuerzo para conseguir respuestas tan positivas. Mis pacientes menopa\u00fasicas est\u00e1n muy agradecidas por la ayuda. Una paciente dijo que se sent\u00eda como si tuviera 19 a\u00f1os otra vez\u201d.<\/em><\/p>\n<p style=\"text-align: center;\">Dr. Scott Evan Eder, Ginec\u00f3logo<\/p>\n<p>[\/vc_column_text][\/vc_column][vc_column width=\"1\/2\" css=\".vc_custom_1470053057180{margin-left: 10px !important;background-color: #ffffff !important;}\"][vc_single_image image=\"7357\" img_size=\"full\" alignment=\"center\" full_width=\"yes\" css=\".vc_custom_1501073904969{margin-bottom: -3px !important;}\"][vc_column_text font_size=\"20px\" css=\".vc_custom_1539263074167{padding-top: 10px !important;padding-right: 35px !important;padding-bottom: 50px !important;padding-left: 35px !important;}\"]<\/p>\n<p style=\"text-align: center;\"><em>\u201cEl tratamiento FemTouch es r\u00e1pido y c\u00f3modo.<\/em><br \/>\n<em>Es el futuro de la salud femenina\u201d.<\/em><\/p>\n<p style=\"text-align: center;\">Dr. Massimiliano. Marziali, Ginec\u00f3logo<\/p>\n<p>[\/vc_column_text][\/vc_column][\/vc_row][vc_row type=\"color\" bg_color=\"#f2f2f2\" padding_top=\"80\" padding_bottom=\"120\"][vc_column][vc_column_text]<\/p>\n<div id=\"storepoint-container\" data-language=\"spanish\" data-tags=\"women's health\" data-map-id=\"16334002e7fec5\"><\/div>\n<p><script>(function(){var a=document.createElement(\"script\");a.type=\"text\/javascript\";a.async=!0;a.src=\"https:\/\/cdn.storepoint.co\/api\/v1\/js\/16334002e7fec5.js\";var b=document.getElementsByTagName(\"script\")[0];b.parentNode.insertBefore(a,b);}());<\/script><\/p>\n<style>#storepoint-tag-dropdown{display:none!important;}<\/style>\n<p>[\/vc_column_text][vc_column_text]PB-00012530 Rev A_A[\/vc_column_text][\/vc_column][\/vc_row]<\/p>\n<\/div>","protected":false},"excerpt":{"rendered":"<p>[vc_row type=\u00bbimage\u00bb bg_position=\u00bbcenter\u00bb bg_position_horizontal=\u00bbcenter\u00bb column_gap=\u00bbno\u00bb padding_top=\u00bb13%\u00bb padding_bottom=\u00bb13%\u00bb bg_image=\u00bb1028&#8243;][vc_column][vc_custom_heading text=\u00bb\u00bb font_container=\u00bbtag:h2|text_align:left|color:%23ffffff\u00bb use_theme_fonts=\u00bbyes\u00bb][\/vc_column][\/vc_row][vc_row text_align=\u00bbcenter\u00bb text_color=\u00bb#ffffff\u00bb column_gap=\u00bbno\u00bb padding_top=\u00bb25&#8243; padding_bottom=\u00bb25&#8243;][vc_column][vc_column_text][\/vc_column_text][\/vc_column][\/vc_row][vc_row equal_height=\u00bbyes\u00bb text_align=\u00bbcenter\u00bb type=\u00bbcolor\u00bb bg_color=\u00bb#f2f2f2&#8243; column_gap=\u00bbno\u00bb][vc_column width=\u00bb1\/2&#8243; css=\u00bb.vc_custom_1501077019530{margin-right: 0px !important;background-color: #ffffff !important;}\u00bb][vc_custom_heading text=\u00bbAverig\u00fce lo que los m\u00e9dicos expertos en FemTouch tienen para decir\u00bb font_container=\u00bbtag:h3|text_align:center|color:%23ef6967&#8243; use_theme_fonts=\u00bbyes\u00bb css=\u00bb.vc_custom_1501078582355{padding-top: 15px !important;}\u00bb][vc_column_text font_size=\u00bb20px\u00bb css=\u00bb.vc_custom_1539263017030{padding-top: 0px !important;padding-right: 35px !important;padding-bottom: 10px !important;padding-left: 35px !important;}\u00bb] Los m\u00e9dicos comparten sus experiencias tratando pacientes [&hellip;]<\/p>\n","protected":false},"author":5,"featured_media":0,"parent":0,"menu_order":0,"comment_status":"closed","ping_status":"closed","template":"","meta":{"footnotes":""},"class_list":["post-8785","page","type-page","status-publish","hentry"],"yoast_head":"<!-- This site is optimized with the Yoast SEO plugin v27.4 - https:\/\/yoast.com\/product\/yoast-seo-wordpress\/ -->\n<title>Doctores sobre la salud vaginal, Doctores hablando sobre Femtouch para salud vaginal | Femtouch - Salud vaginal<\/title>\n<meta name=\"description\" content=\"Conozca lo que los m\u00e9dicos piensan sobre el tratamiento con Femtouch para la salud vaginal y sobre c\u00f3mo usted puede mejorar su calidad de vida con el tratamiento adecuado.\" \/>\n<meta name=\"robots\" content=\"index, follow, max-snippet:-1, max-image-preview:large, max-video-preview:-1\" \/>\n<link rel=\"canonical\" href=\"https:\/\/femtouch.eu\/es\/?page_id=8782\" \/>\n<meta property=\"og:locale\" content=\"es_ES\" \/>\n<meta property=\"og:type\" content=\"article\" \/>\n<meta property=\"og:title\" content=\"Doctores sobre la salud vaginal, Doctores hablando sobre Femtouch para salud vaginal | Femtouch - Salud vaginal\" \/>\n<meta property=\"og:description\" content=\"Conozca lo que los m\u00e9dicos piensan sobre el tratamiento con Femtouch para la salud vaginal y sobre c\u00f3mo usted puede mejorar su calidad de vida con el tratamiento adecuado.\" \/>\n<meta property=\"og:url\" content=\"https:\/\/femtouch.eu\/?page_id=8782\" \/>\n<meta property=\"og:site_name\" content=\"FemTouch for Improved Vaginal Health\" \/>\n<meta property=\"article:modified_time\" content=\"2022-12-21T11:23:12+00:00\" \/>\n<meta name=\"twitter:card\" content=\"summary_large_image\" \/>\n<meta name=\"twitter:label1\" content=\"Tiempo de lectura\" \/>\n\t<meta name=\"twitter:data1\" content=\"5 minutos\" \/>\n<script type=\"application\/ld+json\" class=\"yoast-schema-graph\">{\"@context\":\"https:\\\/\\\/schema.org\",\"@graph\":[{\"@type\":\"WebPage\",\"@id\":\"https:\\\/\\\/femtouch.eu\\\/?page_id=8782\",\"url\":\"https:\\\/\\\/femtouch.eu\\\/?page_id=8782\",\"name\":\"Doctores sobre la salud vaginal, Doctores hablando sobre Femtouch para salud vaginal | Femtouch - Salud vaginal\",\"isPartOf\":{\"@id\":\"https:\\\/\\\/femtouch.eu\\\/#website\"},\"datePublished\":\"2021-04-20T11:49:04+00:00\",\"dateModified\":\"2022-12-21T11:23:12+00:00\",\"description\":\"Conozca lo que los m\u00e9dicos piensan sobre el tratamiento con Femtouch para la salud vaginal y sobre c\u00f3mo usted puede mejorar su calidad de vida con el tratamiento adecuado.\",\"breadcrumb\":{\"@id\":\"https:\\\/\\\/femtouch.eu\\\/?page_id=8782#breadcrumb\"},\"inLanguage\":\"es\",\"potentialAction\":[{\"@type\":\"ReadAction\",\"target\":[\"https:\\\/\\\/femtouch.eu\\\/?page_id=8782\"]}]},{\"@type\":\"BreadcrumbList\",\"@id\":\"https:\\\/\\\/femtouch.eu\\\/?page_id=8782#breadcrumb\",\"itemListElement\":[{\"@type\":\"ListItem\",\"position\":1,\"name\":\"HOME\",\"item\":\"https:\\\/\\\/femtouch.eu\\\/es\\\/\"},{\"@type\":\"ListItem\",\"position\":2,\"name\":\"LA OPINI\u00d3N DE LOS DOCTORES\"}]},{\"@type\":\"WebSite\",\"@id\":\"https:\\\/\\\/femtouch.eu\\\/#website\",\"url\":\"https:\\\/\\\/femtouch.eu\\\/\",\"name\":\"FemTouch for Improved Vaginal Health\",\"description\":\"\",\"potentialAction\":[{\"@type\":\"SearchAction\",\"target\":{\"@type\":\"EntryPoint\",\"urlTemplate\":\"https:\\\/\\\/femtouch.eu\\\/?s={search_term_string}\"},\"query-input\":{\"@type\":\"PropertyValueSpecification\",\"valueRequired\":true,\"valueName\":\"search_term_string\"}}],\"inLanguage\":\"es\"}]}<\/script>\n<!-- \/ Yoast SEO plugin. -->","yoast_head_json":{"title":"Doctores sobre la salud vaginal, Doctores hablando sobre Femtouch para salud vaginal | Femtouch - Salud vaginal","description":"Conozca lo que los m\u00e9dicos piensan sobre el tratamiento con Femtouch para la salud vaginal y sobre c\u00f3mo usted puede mejorar su calidad de vida con el tratamiento adecuado.","robots":{"index":"index","follow":"follow","max-snippet":"max-snippet:-1","max-image-preview":"max-image-preview:large","max-video-preview":"max-video-preview:-1"},"canonical":"https:\/\/femtouch.eu\/es\/?page_id=8782","og_locale":"es_ES","og_type":"article","og_title":"Doctores sobre la salud vaginal, Doctores hablando sobre Femtouch para salud vaginal | Femtouch - Salud vaginal","og_description":"Conozca lo que los m\u00e9dicos piensan sobre el tratamiento con Femtouch para la salud vaginal y sobre c\u00f3mo usted puede mejorar su calidad de vida con el tratamiento adecuado.","og_url":"https:\/\/femtouch.eu\/?page_id=8782","og_site_name":"FemTouch for Improved Vaginal Health","article_modified_time":"2022-12-21T11:23:12+00:00","twitter_card":"summary_large_image","twitter_misc":{"Tiempo de lectura":"5 minutos"},"schema":{"@context":"https:\/\/schema.org","@graph":[{"@type":"WebPage","@id":"https:\/\/femtouch.eu\/?page_id=8782","url":"https:\/\/femtouch.eu\/?page_id=8782","name":"Doctores sobre la salud vaginal, Doctores hablando sobre Femtouch para salud vaginal | Femtouch - Salud vaginal","isPartOf":{"@id":"https:\/\/femtouch.eu\/#website"},"datePublished":"2021-04-20T11:49:04+00:00","dateModified":"2022-12-21T11:23:12+00:00","description":"Conozca lo que los m\u00e9dicos piensan sobre el tratamiento con Femtouch para la salud vaginal y sobre c\u00f3mo usted puede mejorar su calidad de vida con el tratamiento adecuado.","breadcrumb":{"@id":"https:\/\/femtouch.eu\/?page_id=8782#breadcrumb"},"inLanguage":"es","potentialAction":[{"@type":"ReadAction","target":["https:\/\/femtouch.eu\/?page_id=8782"]}]},{"@type":"BreadcrumbList","@id":"https:\/\/femtouch.eu\/?page_id=8782#breadcrumb","itemListElement":[{"@type":"ListItem","position":1,"name":"HOME","item":"https:\/\/femtouch.eu\/es\/"},{"@type":"ListItem","position":2,"name":"LA OPINI\u00d3N DE LOS DOCTORES"}]},{"@type":"WebSite","@id":"https:\/\/femtouch.eu\/#website","url":"https:\/\/femtouch.eu\/","name":"FemTouch for Improved Vaginal Health","description":"","potentialAction":[{"@type":"SearchAction","target":{"@type":"EntryPoint","urlTemplate":"https:\/\/femtouch.eu\/?s={search_term_string}"},"query-input":{"@type":"PropertyValueSpecification","valueRequired":true,"valueName":"search_term_string"}}],"inLanguage":"es"}]}},"jetpack_shortlink":"https:\/\/wp.me\/P7S3gX-2hH","jetpack_sharing_enabled":true,"_links":{"self":[{"href":"https:\/\/femtouch.eu\/es\/wp-json\/wp\/v2\/pages\/8785","targetHints":{"allow":["GET"]}}],"collection":[{"href":"https:\/\/femtouch.eu\/es\/wp-json\/wp\/v2\/pages"}],"about":[{"href":"https:\/\/femtouch.eu\/es\/wp-json\/wp\/v2\/types\/page"}],"author":[{"embeddable":true,"href":"https:\/\/femtouch.eu\/es\/wp-json\/wp\/v2\/users\/5"}],"replies":[{"embeddable":true,"href":"https:\/\/femtouch.eu\/es\/wp-json\/wp\/v2\/comments?post=8785"}],"version-history":[{"count":3,"href":"https:\/\/femtouch.eu\/es\/wp-json\/wp\/v2\/pages\/8785\/revisions"}],"predecessor-version":[{"id":9347,"href":"https:\/\/femtouch.eu\/es\/wp-json\/wp\/v2\/pages\/8785\/revisions\/9347"}],"wp:attachment":[{"href":"https:\/\/femtouch.eu\/es\/wp-json\/wp\/v2\/media?parent=8785"}],"curies":[{"name":"wp","href":"https:\/\/api.w.org\/{rel}","templated":true}]}}