{"id":6640,"date":"2016-08-09T16:18:44","date_gmt":"2016-08-09T16:18:44","guid":{"rendered":"https:\/\/staging.femtouch.eu\/quale-meccanismo-causa-la-diminuzione-dei-livelli-di-estrogeni-e-la-secchezza-vaginale-durante-lallattamento-al-seno\/"},"modified":"2020-03-18T06:41:49","modified_gmt":"2020-03-18T06:41:49","slug":"what-is-the-mechanism-that-causes-a-loss-of-estrogen-and-vaginal-dryness-during-breastfeeding","status":"publish","type":"page","link":"https:\/\/femtouch.eu\/it\/for-physicians\/faq\/what-is-the-mechanism-that-causes-a-loss-of-estrogen-and-vaginal-dryness-during-breastfeeding\/","title":{"rendered":"Quale meccanismo causa la diminuzione dei livelli di estrogeni e la secchezza vaginale durante l&#8217;allattamento al seno?"},"content":{"rendered":"<div class=\"wpb-content-wrapper\"><p>[vc_row type=&#8221;image&#8221; bg_position_horizontal=&#8221;center&#8221; enable_parallax=&#8221;false&#8221; column_gap=&#8221;no&#8221; padding_top=&#8221;13%&#8221; padding_bottom=&#8221;13%&#8221; bg_image=&#8221;600&#8243;][vc_column][\/vc_column][\/vc_row][vc_row column_gap=&#8221;no&#8221; padding_top=&#8221;25&#8243; padding_bottom=&#8221;25&#8243;][vc_column][vc_column_text]<div class=\"breadcrumb\" itemprop=\"breadcrumb\"><span><span><a href=\"https:\/\/femtouch.eu\/it\/\">HOME<\/a><\/span><\/span><\/div>[\/vc_column_text][\/vc_column][\/vc_row][vc_row equal_height=&#8221;yes&#8221; content_placement=&#8221;middle&#8221; type=&#8221;color&#8221; bg_color=&#8221;#f2f2f2&#8243; column_gap=&#8221;no&#8221; padding_top=&#8221;65&#8243; padding_bottom=&#8221;65&#8243;][vc_column width=&#8221;2\/3&#8243; css=&#8221;.vc_custom_1470053436572{margin-right: 10px !important;margin-left: 0px !important;padding-top: 33px !important;padding-right: 25px !important;padding-bottom: 33px !important;padding-left: 25px !important;background-color: #ffffff !important;}&#8221;][vc_column_text]<\/p>\n<h4>Quale meccanismo causa la diminuzione dei livelli di estrogeni e la secchezza vaginale durante l&#8217;allattamento al seno?<\/h4>\n<p><strong>RISPOSTA :\u00a0<\/strong>La parete vaginale \u00e8 composta da tre strati: epitelio vaginale, lamina propria e tonaca muscolare. Tutti e tre gli strati posseggono recettori per gli estrogeni. Gli estrogeni sono i principali agenti di regolazione dello sviluppo e delle funzioni della muscolatura liscia, sia vascolare e che non vascolare, presente negli strati subepiteliali della vagina, nella lamina propria, e nella tonaca muscolare. La sostanziale riduzione dei livelli di estrogeni durante la menopausa determina l&#8217;assottigliamento dell&#8217;epitelio vaginale (da circa otto\/dieci strati cellulari, a tre o quattro). La carenza di estrogeni influenza i tessuti vaginali, determinando perdita di collagene, minore capacit\u00e0 di ritenzione d&#8217;acqua e assottigliamento della superficie epiteliale. L&#8217;assottigliamento rende il tessuto pi\u00f9 facilmente irritabile, mentre la superficie vaginale si fa friabile, con petecchie, ulcerazioni e maggiore propensione al sanguinamento al minimo trauma.<br \/>\nDurante l&#8217;allattamento al seno, i livelli di prolattina si innalzano ed esercitano un&#8217;azione antagonista sulla produzione di estrogeni. Tutto ci\u00f2 pu\u00f2 portare a ipoestrogenemia durante tutto il periodo della lattazione. La riduzione dei livelli di estrogeni pu\u00f2 inoltre causare atrofia urogenitale, inclusi assottigliamento epiteliale, minore elasticit\u00e0 e ridotto apporto sanguigno alla vagina. I cambiamenti vulvovaginali ipoestrogenici sintomatici sono spesso riportati come vaginite atrofica, e si presentano tipicamente con <a href=\"https:\/\/femtouch.eu\/it\/vaginal-health\/vaginal-atrophy\/\">secchezza vaginale<\/a>, prurito, bruciore, irritazione e dispareunia. L&#8217;ipoestrogenemia pu\u00f2 anche causare sintomi urinari, come disuria, urgenza e maggiore frequenza urinatoria.<\/p>\n<p>[\/vc_column_text][vc_btn title=&#8221;TORNA ALLE DOMANDE&#8221; size=&#8221;sm&#8221; link=&#8221;url:https%3A%2F%2Ffemtouch.eu%2Fit%2Ffor-physicians%2Ffaq%2F|||&#8221;][\/vc_column][vc_column width=&#8221;1\/3&#8243; css=&#8221;.vc_custom_1471850113310{margin-left: 10px !important;}&#8221;][\/vc_column][\/vc_row]<\/p>\n<\/div>","protected":false},"excerpt":{"rendered":"<p>[vc_row type=&#8221;image&#8221; bg_position_horizontal=&#8221;center&#8221; enable_parallax=&#8221;false&#8221; column_gap=&#8221;no&#8221; padding_top=&#8221;13%&#8221; padding_bottom=&#8221;13%&#8221; bg_image=&#8221;600&#8243;][vc_column][\/vc_column][\/vc_row][vc_row column_gap=&#8221;no&#8221; padding_top=&#8221;25&#8243; padding_bottom=&#8221;25&#8243;][vc_column][vc_column_text][\/vc_column_text][\/vc_column][\/vc_row][vc_row equal_height=&#8221;yes&#8221; content_placement=&#8221;middle&#8221; type=&#8221;color&#8221; bg_color=&#8221;#f2f2f2&#8243; column_gap=&#8221;no&#8221; padding_top=&#8221;65&#8243; padding_bottom=&#8221;65&#8243;][vc_column width=&#8221;2\/3&#8243; css=&#8221;.vc_custom_1470053436572{margin-right: 10px !important;margin-left: 0px !important;padding-top: 33px !important;padding-right: 25px !important;padding-bottom: 33px !important;padding-left: 25px !important;background-color: #ffffff !important;}&#8221;][vc_column_text] Quale meccanismo causa la diminuzione dei livelli di estrogeni e la secchezza vaginale durante l&#8217;allattamento al seno? RISPOSTA :\u00a0La parete vaginale \u00e8 composta da tre strati: [&hellip;]<\/p>\n","protected":false},"author":1,"featured_media":0,"parent":6705,"menu_order":0,"comment_status":"closed","ping_status":"closed","template":"","meta":{"footnotes":""},"class_list":["post-6640","page","type-page","status-publish","hentry"],"yoast_head":"<!-- This site is optimized with the Yoast SEO plugin v27.3 - https:\/\/yoast.com\/product\/yoast-seo-wordpress\/ -->\n<title>Quale meccanismo causa la diminuzione dei livelli di estrogeni e la secchezza vaginale durante l&#039;allattamento al seno? - FemTouch for Improved Vaginal Health<\/title>\n<meta name=\"robots\" content=\"index, follow, max-snippet:-1, max-image-preview:large, max-video-preview:-1\" \/>\n<link rel=\"canonical\" href=\"https:\/\/femtouch.eu\/it\/for-physicians\/faq\/what-is-the-mechanism-that-causes-a-loss-of-estrogen-and-vaginal-dryness-during-breastfeeding\/\" \/>\n<meta property=\"og:locale\" content=\"it_IT\" \/>\n<meta property=\"og:type\" content=\"article\" \/>\n<meta property=\"og:title\" content=\"Quale meccanismo causa la diminuzione dei livelli di estrogeni e la secchezza vaginale durante l&#039;allattamento al seno? - FemTouch for Improved Vaginal Health\" \/>\n<meta property=\"og:description\" content=\"[vc_row type=&#8221;image&#8221; bg_position_horizontal=&#8221;center&#8221; enable_parallax=&#8221;false&#8221; column_gap=&#8221;no&#8221; padding_top=&#8221;13%&#8221; padding_bottom=&#8221;13%&#8221; bg_image=&#8221;600&#8243;][vc_column][\/vc_column][\/vc_row][vc_row column_gap=&#8221;no&#8221; padding_top=&#8221;25&#8243; padding_bottom=&#8221;25&#8243;][vc_column][vc_column_text][\/vc_column_text][\/vc_column][\/vc_row][vc_row equal_height=&#8221;yes&#8221; content_placement=&#8221;middle&#8221; type=&#8221;color&#8221; bg_color=&#8221;#f2f2f2&#8243; column_gap=&#8221;no&#8221; padding_top=&#8221;65&#8243; padding_bottom=&#8221;65&#8243;][vc_column width=&#8221;2\/3&#8243; css=&#8221;.vc_custom_1470053436572{margin-right: 10px !important;margin-left: 0px !important;padding-top: 33px !important;padding-right: 25px !important;padding-bottom: 33px !important;padding-left: 25px !important;background-color: #ffffff !important;}&#8221;][vc_column_text] Quale meccanismo causa la diminuzione dei livelli di estrogeni e la secchezza vaginale durante l&#8217;allattamento al seno? RISPOSTA :\u00a0La parete vaginale \u00e8 composta da tre strati: [&hellip;]\" \/>\n<meta property=\"og:url\" content=\"https:\/\/femtouch.eu\/for-physicians\/faq\/what-is-the-mechanism-that-causes-a-loss-of-estrogen-and-vaginal-dryness-during-breastfeeding\/\" \/>\n<meta property=\"og:site_name\" content=\"FemTouch for Improved Vaginal Health\" \/>\n<meta property=\"article:modified_time\" content=\"2020-03-18T06:41:49+00:00\" \/>\n<meta name=\"twitter:card\" content=\"summary_large_image\" \/>\n<meta name=\"twitter:label1\" content=\"Tempo di lettura stimato\" \/>\n\t<meta name=\"twitter:data1\" content=\"2 minuti\" \/>\n<script type=\"application\/ld+json\" class=\"yoast-schema-graph\">{\"@context\":\"https:\\\/\\\/schema.org\",\"@graph\":[{\"@type\":\"WebPage\",\"@id\":\"https:\\\/\\\/femtouch.eu\\\/for-physicians\\\/faq\\\/what-is-the-mechanism-that-causes-a-loss-of-estrogen-and-vaginal-dryness-during-breastfeeding\\\/\",\"url\":\"https:\\\/\\\/femtouch.eu\\\/for-physicians\\\/faq\\\/what-is-the-mechanism-that-causes-a-loss-of-estrogen-and-vaginal-dryness-during-breastfeeding\\\/\",\"name\":\"Quale meccanismo causa la diminuzione dei livelli di estrogeni e la secchezza vaginale durante l'allattamento al seno? - FemTouch for Improved Vaginal Health\",\"isPartOf\":{\"@id\":\"https:\\\/\\\/femtouch.eu\\\/#website\"},\"datePublished\":\"2016-08-09T16:18:44+00:00\",\"dateModified\":\"2020-03-18T06:41:49+00:00\",\"breadcrumb\":{\"@id\":\"https:\\\/\\\/femtouch.eu\\\/for-physicians\\\/faq\\\/what-is-the-mechanism-that-causes-a-loss-of-estrogen-and-vaginal-dryness-during-breastfeeding\\\/#breadcrumb\"},\"inLanguage\":\"it-IT\",\"potentialAction\":[{\"@type\":\"ReadAction\",\"target\":[\"https:\\\/\\\/femtouch.eu\\\/for-physicians\\\/faq\\\/what-is-the-mechanism-that-causes-a-loss-of-estrogen-and-vaginal-dryness-during-breastfeeding\\\/\"]}]},{\"@type\":\"BreadcrumbList\",\"@id\":\"https:\\\/\\\/femtouch.eu\\\/for-physicians\\\/faq\\\/what-is-the-mechanism-that-causes-a-loss-of-estrogen-and-vaginal-dryness-during-breastfeeding\\\/#breadcrumb\",\"itemListElement\":[{\"@type\":\"ListItem\",\"position\":1,\"name\":\"HOME\",\"item\":\"https:\\\/\\\/femtouch.eu\\\/it\\\/\"},{\"@type\":\"ListItem\",\"position\":2,\"name\":\"FOR PHYSICIANS\",\"item\":\"https:\\\/\\\/femtouch.eu\\\/it\\\/for-physicians\\\/\"},{\"@type\":\"ListItem\",\"position\":3,\"name\":\"Domande frequenti dei\",\"item\":\"https:\\\/\\\/femtouch.eu\\\/it\\\/for-physicians\\\/faq\\\/\"},{\"@type\":\"ListItem\",\"position\":4,\"name\":\"Quale meccanismo causa la diminuzione dei livelli di estrogeni e la secchezza vaginale durante l&#8217;allattamento al seno?\"}]},{\"@type\":\"WebSite\",\"@id\":\"https:\\\/\\\/femtouch.eu\\\/#website\",\"url\":\"https:\\\/\\\/femtouch.eu\\\/\",\"name\":\"FemTouch for Improved Vaginal Health\",\"description\":\"\",\"potentialAction\":[{\"@type\":\"SearchAction\",\"target\":{\"@type\":\"EntryPoint\",\"urlTemplate\":\"https:\\\/\\\/femtouch.eu\\\/?s={search_term_string}\"},\"query-input\":{\"@type\":\"PropertyValueSpecification\",\"valueRequired\":true,\"valueName\":\"search_term_string\"}}],\"inLanguage\":\"it-IT\"}]}<\/script>\n<!-- \/ Yoast SEO plugin. -->","yoast_head_json":{"title":"Quale meccanismo causa la diminuzione dei livelli di estrogeni e la secchezza vaginale durante l'allattamento al seno? - FemTouch for Improved Vaginal Health","robots":{"index":"index","follow":"follow","max-snippet":"max-snippet:-1","max-image-preview":"max-image-preview:large","max-video-preview":"max-video-preview:-1"},"canonical":"https:\/\/femtouch.eu\/it\/for-physicians\/faq\/what-is-the-mechanism-that-causes-a-loss-of-estrogen-and-vaginal-dryness-during-breastfeeding\/","og_locale":"it_IT","og_type":"article","og_title":"Quale meccanismo causa la diminuzione dei livelli di estrogeni e la secchezza vaginale durante l'allattamento al seno? - FemTouch for Improved Vaginal Health","og_description":"[vc_row type=&#8221;image&#8221; bg_position_horizontal=&#8221;center&#8221; enable_parallax=&#8221;false&#8221; column_gap=&#8221;no&#8221; padding_top=&#8221;13%&#8221; padding_bottom=&#8221;13%&#8221; bg_image=&#8221;600&#8243;][vc_column][\/vc_column][\/vc_row][vc_row column_gap=&#8221;no&#8221; padding_top=&#8221;25&#8243; padding_bottom=&#8221;25&#8243;][vc_column][vc_column_text][\/vc_column_text][\/vc_column][\/vc_row][vc_row equal_height=&#8221;yes&#8221; content_placement=&#8221;middle&#8221; type=&#8221;color&#8221; bg_color=&#8221;#f2f2f2&#8243; column_gap=&#8221;no&#8221; padding_top=&#8221;65&#8243; padding_bottom=&#8221;65&#8243;][vc_column width=&#8221;2\/3&#8243; css=&#8221;.vc_custom_1470053436572{margin-right: 10px !important;margin-left: 0px !important;padding-top: 33px !important;padding-right: 25px !important;padding-bottom: 33px !important;padding-left: 25px !important;background-color: #ffffff !important;}&#8221;][vc_column_text] Quale meccanismo causa la diminuzione dei livelli di estrogeni e la secchezza vaginale durante l&#8217;allattamento al seno? RISPOSTA :\u00a0La parete vaginale \u00e8 composta da tre strati: [&hellip;]","og_url":"https:\/\/femtouch.eu\/for-physicians\/faq\/what-is-the-mechanism-that-causes-a-loss-of-estrogen-and-vaginal-dryness-during-breastfeeding\/","og_site_name":"FemTouch for Improved Vaginal Health","article_modified_time":"2020-03-18T06:41:49+00:00","twitter_card":"summary_large_image","twitter_misc":{"Tempo di lettura stimato":"2 minuti"},"schema":{"@context":"https:\/\/schema.org","@graph":[{"@type":"WebPage","@id":"https:\/\/femtouch.eu\/for-physicians\/faq\/what-is-the-mechanism-that-causes-a-loss-of-estrogen-and-vaginal-dryness-during-breastfeeding\/","url":"https:\/\/femtouch.eu\/for-physicians\/faq\/what-is-the-mechanism-that-causes-a-loss-of-estrogen-and-vaginal-dryness-during-breastfeeding\/","name":"Quale meccanismo causa la diminuzione dei livelli di estrogeni e la secchezza vaginale durante l'allattamento al seno? - FemTouch for Improved Vaginal Health","isPartOf":{"@id":"https:\/\/femtouch.eu\/#website"},"datePublished":"2016-08-09T16:18:44+00:00","dateModified":"2020-03-18T06:41:49+00:00","breadcrumb":{"@id":"https:\/\/femtouch.eu\/for-physicians\/faq\/what-is-the-mechanism-that-causes-a-loss-of-estrogen-and-vaginal-dryness-during-breastfeeding\/#breadcrumb"},"inLanguage":"it-IT","potentialAction":[{"@type":"ReadAction","target":["https:\/\/femtouch.eu\/for-physicians\/faq\/what-is-the-mechanism-that-causes-a-loss-of-estrogen-and-vaginal-dryness-during-breastfeeding\/"]}]},{"@type":"BreadcrumbList","@id":"https:\/\/femtouch.eu\/for-physicians\/faq\/what-is-the-mechanism-that-causes-a-loss-of-estrogen-and-vaginal-dryness-during-breastfeeding\/#breadcrumb","itemListElement":[{"@type":"ListItem","position":1,"name":"HOME","item":"https:\/\/femtouch.eu\/it\/"},{"@type":"ListItem","position":2,"name":"FOR PHYSICIANS","item":"https:\/\/femtouch.eu\/it\/for-physicians\/"},{"@type":"ListItem","position":3,"name":"Domande frequenti dei","item":"https:\/\/femtouch.eu\/it\/for-physicians\/faq\/"},{"@type":"ListItem","position":4,"name":"Quale meccanismo causa la diminuzione dei livelli di estrogeni e la secchezza vaginale durante l&#8217;allattamento al seno?"}]},{"@type":"WebSite","@id":"https:\/\/femtouch.eu\/#website","url":"https:\/\/femtouch.eu\/","name":"FemTouch for Improved Vaginal Health","description":"","potentialAction":[{"@type":"SearchAction","target":{"@type":"EntryPoint","urlTemplate":"https:\/\/femtouch.eu\/?s={search_term_string}"},"query-input":{"@type":"PropertyValueSpecification","valueRequired":true,"valueName":"search_term_string"}}],"inLanguage":"it-IT"}]}},"jetpack_shortlink":"https:\/\/wp.me\/P7S3gX-1J6","jetpack_sharing_enabled":true,"_links":{"self":[{"href":"https:\/\/femtouch.eu\/it\/wp-json\/wp\/v2\/pages\/6640","targetHints":{"allow":["GET"]}}],"collection":[{"href":"https:\/\/femtouch.eu\/it\/wp-json\/wp\/v2\/pages"}],"about":[{"href":"https:\/\/femtouch.eu\/it\/wp-json\/wp\/v2\/types\/page"}],"author":[{"embeddable":true,"href":"https:\/\/femtouch.eu\/it\/wp-json\/wp\/v2\/users\/1"}],"replies":[{"embeddable":true,"href":"https:\/\/femtouch.eu\/it\/wp-json\/wp\/v2\/comments?post=6640"}],"version-history":[{"count":3,"href":"https:\/\/femtouch.eu\/it\/wp-json\/wp\/v2\/pages\/6640\/revisions"}],"predecessor-version":[{"id":6690,"href":"https:\/\/femtouch.eu\/it\/wp-json\/wp\/v2\/pages\/6640\/revisions\/6690"}],"up":[{"embeddable":true,"href":"https:\/\/femtouch.eu\/it\/wp-json\/wp\/v2\/pages\/6705"}],"wp:attachment":[{"href":"https:\/\/femtouch.eu\/it\/wp-json\/wp\/v2\/media?parent=6640"}],"curies":[{"name":"wp","href":"https:\/\/api.w.org\/{rel}","templated":true}]}}