{"id":6646,"date":"2016-08-09T16:22:10","date_gmt":"2016-08-09T16:22:10","guid":{"rendered":"https:\/\/staging.femtouch.eu\/come-controllare-la-profondita-di-penetrazione-laser-per-essere-sicuri-di-non-spingersi-allinterno-dello-strato-fibromuscolare\/"},"modified":"2020-03-18T06:10:37","modified_gmt":"2020-03-18T06:10:37","slug":"how-do-i-control-the-penetration-depth-and-make-sure-i-dont-penetrate-into-the-fibromuscular-layer","status":"publish","type":"page","link":"https:\/\/femtouch.eu\/it\/for-physicians\/faq\/how-do-i-control-the-penetration-depth-and-make-sure-i-dont-penetrate-into-the-fibromuscular-layer\/","title":{"rendered":"Come controllare la profondit\u00e0 di penetrazione laser per essere sicuri di non spingersi all&#8217;interno dello strato fibromuscolare?"},"content":{"rendered":"<div class=\"wpb-content-wrapper\"><p>[vc_row type=&#8221;image&#8221; bg_position_horizontal=&#8221;center&#8221; enable_parallax=&#8221;false&#8221; column_gap=&#8221;no&#8221; padding_top=&#8221;13%&#8221; padding_bottom=&#8221;13%&#8221; bg_image=&#8221;600&#8243;][vc_column][vc_custom_heading text=&#8221;&#8221; font_container=&#8221;tag:h2|text_align:left|color:%23ffffff&#8221; use_theme_fonts=&#8221;yes&#8221;][\/vc_column][\/vc_row][vc_row column_gap=&#8221;no&#8221; padding_top=&#8221;25&#8243; padding_bottom=&#8221;25&#8243;][vc_column][vc_column_text]<div class=\"breadcrumb\" itemprop=\"breadcrumb\"><span><span><a href=\"https:\/\/femtouch.eu\/it\/\">HOME<\/a><\/span><\/span><\/div>[\/vc_column_text][\/vc_column][\/vc_row][vc_row equal_height=&#8221;yes&#8221; content_placement=&#8221;middle&#8221; type=&#8221;color&#8221; bg_color=&#8221;#f2f2f2&#8243; column_gap=&#8221;no&#8221; padding_top=&#8221;65&#8243; padding_bottom=&#8221;65&#8243;][vc_column width=&#8221;2\/3&#8243; css=&#8221;.vc_custom_1470053436572{margin-right: 10px !important;margin-left: 0px !important;padding-top: 33px !important;padding-right: 25px !important;padding-bottom: 33px !important;padding-left: 25px !important;background-color: #ffffff !important;}&#8221;][vc_column_text]<\/p>\n<h4>Come controllare la profondit\u00e0 di penetrazione laser per essere sicuri di non spingersi all&#8217;interno dello strato fibromuscolare?<\/h4>\n<p><strong>RISPOSTA:\u00a0<\/strong>Come dimostrato in uno studio pre-clinico, la profondit\u00e0 di penetrazione laser dipende dalle impostazioni energetiche. La profondit\u00e0 media di penetrazione (ablazione e coagulazione) varia da 200 a 500 \u00b5m secondo il livello di energia (da 7,5 a 12,5 mJ) erogato.  Tali parametri concordano con i dati riportati in letteratura, fissando a 600 \u00b5m il limite di profondit\u00e0 di penetrazione laser. Tale profondit\u00e0 \u00e8 considerata efficace per il rimodellamento vaginale e conserva inalterata la tonaca muscolare al di sotto della lamina propria.<br \/>\n&nbsp;<\/p>\n<p><span style=\"border-radius: 2px; text-indent: 20px; width: auto; padding: 0px 4px 0px 0px; text-align: center; font: bold 11px\/20px 'Helvetica Neue',Helvetica,sans-serif; color: #ffffff; background: #bd081c no-repeat scroll 3px 50% \/ 14px 14px; position: absolute; opacity: 0.85; z-index: 8675309; display: none; cursor: pointer; top: 285px; left: 20px;\">Save<\/span>[\/vc_column_text][vc_single_image image=&#8221;6601&#8243; img_size=&#8221;full&#8221; full_width=&#8221;yes&#8221;][vc_btn title=&#8221;TORNA ALLE DOMANDE&#8221; size=&#8221;sm&#8221; link=&#8221;url:https%3A%2F%2Ffemtouch.eu%2Fit%2Ffor-physicians%2Ffaq%2F|||&#8221;][\/vc_column][vc_column width=&#8221;1\/3&#8243; css=&#8221;.vc_custom_1471850146784{margin-left: 10px !important;}&#8221;][\/vc_column][\/vc_row]<\/p>\n<\/div>","protected":false},"excerpt":{"rendered":"<p>[vc_row type=&#8221;image&#8221; bg_position_horizontal=&#8221;center&#8221; enable_parallax=&#8221;false&#8221; column_gap=&#8221;no&#8221; padding_top=&#8221;13%&#8221; padding_bottom=&#8221;13%&#8221; bg_image=&#8221;600&#8243;][vc_column][vc_custom_heading text=&#8221;&#8221; font_container=&#8221;tag:h2|text_align:left|color:%23ffffff&#8221; use_theme_fonts=&#8221;yes&#8221;][\/vc_column][\/vc_row][vc_row column_gap=&#8221;no&#8221; padding_top=&#8221;25&#8243; padding_bottom=&#8221;25&#8243;][vc_column][vc_column_text][\/vc_column_text][\/vc_column][\/vc_row][vc_row equal_height=&#8221;yes&#8221; content_placement=&#8221;middle&#8221; type=&#8221;color&#8221; bg_color=&#8221;#f2f2f2&#8243; column_gap=&#8221;no&#8221; padding_top=&#8221;65&#8243; padding_bottom=&#8221;65&#8243;][vc_column width=&#8221;2\/3&#8243; css=&#8221;.vc_custom_1470053436572{margin-right: 10px !important;margin-left: 0px !important;padding-top: 33px !important;padding-right: 25px !important;padding-bottom: 33px !important;padding-left: 25px !important;background-color: #ffffff !important;}&#8221;][vc_column_text] Come controllare la profondit\u00e0 di penetrazione laser per essere sicuri di non spingersi all&#8217;interno dello strato fibromuscolare? RISPOSTA:\u00a0Come dimostrato in uno studio pre-clinico, [&hellip;]<\/p>\n","protected":false},"author":1,"featured_media":0,"parent":6705,"menu_order":0,"comment_status":"closed","ping_status":"closed","template":"","meta":{"footnotes":""},"class_list":["post-6646","page","type-page","status-publish","hentry"],"yoast_head":"<!-- This site is optimized with the Yoast SEO plugin v27.3 - https:\/\/yoast.com\/product\/yoast-seo-wordpress\/ -->\n<title>Come controllare la profondit\u00e0 di penetrazione laser per essere sicuri di non spingersi all&#039;interno dello strato fibromuscolare? - FemTouch for Improved Vaginal Health<\/title>\n<meta name=\"robots\" content=\"index, follow, max-snippet:-1, max-image-preview:large, max-video-preview:-1\" \/>\n<link rel=\"canonical\" href=\"https:\/\/femtouch.eu\/it\/for-physicians\/faq\/how-do-i-control-the-penetration-depth-and-make-sure-i-dont-penetrate-into-the-fibromuscular-layer\/\" \/>\n<meta property=\"og:locale\" content=\"it_IT\" \/>\n<meta property=\"og:type\" content=\"article\" \/>\n<meta property=\"og:title\" content=\"Come controllare la profondit\u00e0 di penetrazione laser per essere sicuri di non spingersi all&#039;interno dello strato fibromuscolare? - FemTouch for Improved Vaginal Health\" \/>\n<meta property=\"og:description\" content=\"[vc_row type=&#8221;image&#8221; bg_position_horizontal=&#8221;center&#8221; enable_parallax=&#8221;false&#8221; column_gap=&#8221;no&#8221; padding_top=&#8221;13%&#8221; padding_bottom=&#8221;13%&#8221; bg_image=&#8221;600&#8243;][vc_column][vc_custom_heading text=&#8221;&#8221; font_container=&#8221;tag:h2|text_align:left|color:%23ffffff&#8221; use_theme_fonts=&#8221;yes&#8221;][\/vc_column][\/vc_row][vc_row column_gap=&#8221;no&#8221; padding_top=&#8221;25&#8243; padding_bottom=&#8221;25&#8243;][vc_column][vc_column_text][\/vc_column_text][\/vc_column][\/vc_row][vc_row equal_height=&#8221;yes&#8221; content_placement=&#8221;middle&#8221; type=&#8221;color&#8221; bg_color=&#8221;#f2f2f2&#8243; column_gap=&#8221;no&#8221; padding_top=&#8221;65&#8243; padding_bottom=&#8221;65&#8243;][vc_column width=&#8221;2\/3&#8243; css=&#8221;.vc_custom_1470053436572{margin-right: 10px !important;margin-left: 0px !important;padding-top: 33px !important;padding-right: 25px !important;padding-bottom: 33px !important;padding-left: 25px !important;background-color: #ffffff !important;}&#8221;][vc_column_text] Come controllare la profondit\u00e0 di penetrazione laser per essere sicuri di non spingersi all&#8217;interno dello strato fibromuscolare? RISPOSTA:\u00a0Come dimostrato in uno studio pre-clinico, [&hellip;]\" \/>\n<meta property=\"og:url\" content=\"https:\/\/femtouch.eu\/it\/for-physicians\/faq\/how-do-i-control-the-penetration-depth-and-make-sure-i-dont-penetrate-into-the-fibromuscular-layer\/\" \/>\n<meta property=\"og:site_name\" content=\"FemTouch for Improved Vaginal Health\" \/>\n<meta property=\"article:modified_time\" content=\"2020-03-18T06:10:37+00:00\" \/>\n<meta name=\"twitter:card\" content=\"summary_large_image\" \/>\n<meta name=\"twitter:label1\" content=\"Tempo di lettura stimato\" \/>\n\t<meta name=\"twitter:data1\" content=\"1 minuto\" \/>\n<script type=\"application\/ld+json\" class=\"yoast-schema-graph\">{\"@context\":\"https:\\\/\\\/schema.org\",\"@graph\":[{\"@type\":\"WebPage\",\"@id\":\"https:\\\/\\\/femtouch.eu\\\/it\\\/for-physicians\\\/faq\\\/how-do-i-control-the-penetration-depth-and-make-sure-i-dont-penetrate-into-the-fibromuscular-layer\\\/\",\"url\":\"https:\\\/\\\/femtouch.eu\\\/it\\\/for-physicians\\\/faq\\\/how-do-i-control-the-penetration-depth-and-make-sure-i-dont-penetrate-into-the-fibromuscular-layer\\\/\",\"name\":\"Come controllare la profondit\u00e0 di penetrazione laser per essere sicuri di non spingersi all'interno dello strato fibromuscolare? - FemTouch for Improved Vaginal Health\",\"isPartOf\":{\"@id\":\"https:\\\/\\\/femtouch.eu\\\/#website\"},\"datePublished\":\"2016-08-09T16:22:10+00:00\",\"dateModified\":\"2020-03-18T06:10:37+00:00\",\"breadcrumb\":{\"@id\":\"https:\\\/\\\/femtouch.eu\\\/it\\\/for-physicians\\\/faq\\\/how-do-i-control-the-penetration-depth-and-make-sure-i-dont-penetrate-into-the-fibromuscular-layer\\\/#breadcrumb\"},\"inLanguage\":\"it-IT\",\"potentialAction\":[{\"@type\":\"ReadAction\",\"target\":[\"https:\\\/\\\/femtouch.eu\\\/it\\\/for-physicians\\\/faq\\\/how-do-i-control-the-penetration-depth-and-make-sure-i-dont-penetrate-into-the-fibromuscular-layer\\\/\"]}]},{\"@type\":\"BreadcrumbList\",\"@id\":\"https:\\\/\\\/femtouch.eu\\\/it\\\/for-physicians\\\/faq\\\/how-do-i-control-the-penetration-depth-and-make-sure-i-dont-penetrate-into-the-fibromuscular-layer\\\/#breadcrumb\",\"itemListElement\":[{\"@type\":\"ListItem\",\"position\":1,\"name\":\"HOME\",\"item\":\"https:\\\/\\\/femtouch.eu\\\/it\\\/\"},{\"@type\":\"ListItem\",\"position\":2,\"name\":\"FOR PHYSICIANS\",\"item\":\"https:\\\/\\\/femtouch.eu\\\/it\\\/for-physicians\\\/\"},{\"@type\":\"ListItem\",\"position\":3,\"name\":\"Domande frequenti dei\",\"item\":\"https:\\\/\\\/femtouch.eu\\\/it\\\/for-physicians\\\/faq\\\/\"},{\"@type\":\"ListItem\",\"position\":4,\"name\":\"Come controllare la profondit\u00e0 di penetrazione laser per essere sicuri di non spingersi all&#8217;interno dello strato fibromuscolare?\"}]},{\"@type\":\"WebSite\",\"@id\":\"https:\\\/\\\/femtouch.eu\\\/#website\",\"url\":\"https:\\\/\\\/femtouch.eu\\\/\",\"name\":\"FemTouch for Improved Vaginal Health\",\"description\":\"\",\"potentialAction\":[{\"@type\":\"SearchAction\",\"target\":{\"@type\":\"EntryPoint\",\"urlTemplate\":\"https:\\\/\\\/femtouch.eu\\\/?s={search_term_string}\"},\"query-input\":{\"@type\":\"PropertyValueSpecification\",\"valueRequired\":true,\"valueName\":\"search_term_string\"}}],\"inLanguage\":\"it-IT\"}]}<\/script>\n<!-- \/ Yoast SEO plugin. -->","yoast_head_json":{"title":"Come controllare la profondit\u00e0 di penetrazione laser per essere sicuri di non spingersi all'interno dello strato fibromuscolare? - FemTouch for Improved Vaginal Health","robots":{"index":"index","follow":"follow","max-snippet":"max-snippet:-1","max-image-preview":"max-image-preview:large","max-video-preview":"max-video-preview:-1"},"canonical":"https:\/\/femtouch.eu\/it\/for-physicians\/faq\/how-do-i-control-the-penetration-depth-and-make-sure-i-dont-penetrate-into-the-fibromuscular-layer\/","og_locale":"it_IT","og_type":"article","og_title":"Come controllare la profondit\u00e0 di penetrazione laser per essere sicuri di non spingersi all'interno dello strato fibromuscolare? - FemTouch for Improved Vaginal Health","og_description":"[vc_row type=&#8221;image&#8221; bg_position_horizontal=&#8221;center&#8221; enable_parallax=&#8221;false&#8221; column_gap=&#8221;no&#8221; padding_top=&#8221;13%&#8221; padding_bottom=&#8221;13%&#8221; bg_image=&#8221;600&#8243;][vc_column][vc_custom_heading text=&#8221;&#8221; font_container=&#8221;tag:h2|text_align:left|color:%23ffffff&#8221; use_theme_fonts=&#8221;yes&#8221;][\/vc_column][\/vc_row][vc_row column_gap=&#8221;no&#8221; padding_top=&#8221;25&#8243; padding_bottom=&#8221;25&#8243;][vc_column][vc_column_text][\/vc_column_text][\/vc_column][\/vc_row][vc_row equal_height=&#8221;yes&#8221; content_placement=&#8221;middle&#8221; type=&#8221;color&#8221; bg_color=&#8221;#f2f2f2&#8243; column_gap=&#8221;no&#8221; padding_top=&#8221;65&#8243; padding_bottom=&#8221;65&#8243;][vc_column width=&#8221;2\/3&#8243; css=&#8221;.vc_custom_1470053436572{margin-right: 10px !important;margin-left: 0px !important;padding-top: 33px !important;padding-right: 25px !important;padding-bottom: 33px !important;padding-left: 25px !important;background-color: #ffffff !important;}&#8221;][vc_column_text] Come controllare la profondit\u00e0 di penetrazione laser per essere sicuri di non spingersi all&#8217;interno dello strato fibromuscolare? RISPOSTA:\u00a0Come dimostrato in uno studio pre-clinico, [&hellip;]","og_url":"https:\/\/femtouch.eu\/it\/for-physicians\/faq\/how-do-i-control-the-penetration-depth-and-make-sure-i-dont-penetrate-into-the-fibromuscular-layer\/","og_site_name":"FemTouch for Improved Vaginal Health","article_modified_time":"2020-03-18T06:10:37+00:00","twitter_card":"summary_large_image","twitter_misc":{"Tempo di lettura stimato":"1 minuto"},"schema":{"@context":"https:\/\/schema.org","@graph":[{"@type":"WebPage","@id":"https:\/\/femtouch.eu\/it\/for-physicians\/faq\/how-do-i-control-the-penetration-depth-and-make-sure-i-dont-penetrate-into-the-fibromuscular-layer\/","url":"https:\/\/femtouch.eu\/it\/for-physicians\/faq\/how-do-i-control-the-penetration-depth-and-make-sure-i-dont-penetrate-into-the-fibromuscular-layer\/","name":"Come controllare la profondit\u00e0 di penetrazione laser per essere sicuri di non spingersi all'interno dello strato fibromuscolare? - FemTouch for Improved Vaginal Health","isPartOf":{"@id":"https:\/\/femtouch.eu\/#website"},"datePublished":"2016-08-09T16:22:10+00:00","dateModified":"2020-03-18T06:10:37+00:00","breadcrumb":{"@id":"https:\/\/femtouch.eu\/it\/for-physicians\/faq\/how-do-i-control-the-penetration-depth-and-make-sure-i-dont-penetrate-into-the-fibromuscular-layer\/#breadcrumb"},"inLanguage":"it-IT","potentialAction":[{"@type":"ReadAction","target":["https:\/\/femtouch.eu\/it\/for-physicians\/faq\/how-do-i-control-the-penetration-depth-and-make-sure-i-dont-penetrate-into-the-fibromuscular-layer\/"]}]},{"@type":"BreadcrumbList","@id":"https:\/\/femtouch.eu\/it\/for-physicians\/faq\/how-do-i-control-the-penetration-depth-and-make-sure-i-dont-penetrate-into-the-fibromuscular-layer\/#breadcrumb","itemListElement":[{"@type":"ListItem","position":1,"name":"HOME","item":"https:\/\/femtouch.eu\/it\/"},{"@type":"ListItem","position":2,"name":"FOR PHYSICIANS","item":"https:\/\/femtouch.eu\/it\/for-physicians\/"},{"@type":"ListItem","position":3,"name":"Domande frequenti dei","item":"https:\/\/femtouch.eu\/it\/for-physicians\/faq\/"},{"@type":"ListItem","position":4,"name":"Come controllare la profondit\u00e0 di penetrazione laser per essere sicuri di non spingersi all&#8217;interno dello strato fibromuscolare?"}]},{"@type":"WebSite","@id":"https:\/\/femtouch.eu\/#website","url":"https:\/\/femtouch.eu\/","name":"FemTouch for Improved Vaginal Health","description":"","potentialAction":[{"@type":"SearchAction","target":{"@type":"EntryPoint","urlTemplate":"https:\/\/femtouch.eu\/?s={search_term_string}"},"query-input":{"@type":"PropertyValueSpecification","valueRequired":true,"valueName":"search_term_string"}}],"inLanguage":"it-IT"}]}},"jetpack_shortlink":"https:\/\/wp.me\/P7S3gX-1Jc","jetpack_sharing_enabled":true,"_links":{"self":[{"href":"https:\/\/femtouch.eu\/it\/wp-json\/wp\/v2\/pages\/6646","targetHints":{"allow":["GET"]}}],"collection":[{"href":"https:\/\/femtouch.eu\/it\/wp-json\/wp\/v2\/pages"}],"about":[{"href":"https:\/\/femtouch.eu\/it\/wp-json\/wp\/v2\/types\/page"}],"author":[{"embeddable":true,"href":"https:\/\/femtouch.eu\/it\/wp-json\/wp\/v2\/users\/1"}],"replies":[{"embeddable":true,"href":"https:\/\/femtouch.eu\/it\/wp-json\/wp\/v2\/comments?post=6646"}],"version-history":[{"count":3,"href":"https:\/\/femtouch.eu\/it\/wp-json\/wp\/v2\/pages\/6646\/revisions"}],"predecessor-version":[{"id":6654,"href":"https:\/\/femtouch.eu\/it\/wp-json\/wp\/v2\/pages\/6646\/revisions\/6654"}],"up":[{"embeddable":true,"href":"https:\/\/femtouch.eu\/it\/wp-json\/wp\/v2\/pages\/6705"}],"wp:attachment":[{"href":"https:\/\/femtouch.eu\/it\/wp-json\/wp\/v2\/media?parent=6646"}],"curies":[{"name":"wp","href":"https:\/\/api.w.org\/{rel}","templated":true}]}}