{"id":6655,"date":"2016-08-09T16:28:28","date_gmt":"2016-08-09T16:28:28","guid":{"rendered":"https:\/\/staging.femtouch.eu\/questions\/perche-sono-necessari-3-livelli-di-energia-e-densita\/"},"modified":"2020-03-18T06:15:33","modified_gmt":"2020-03-18T06:15:33","slug":"why-do-i-need-3-different-levels-of-energy-and-density","status":"publish","type":"page","link":"https:\/\/femtouch.eu\/it\/questions\/why-do-i-need-3-different-levels-of-energy-and-density\/","title":{"rendered":"Perch\u00e9 sono necessari 3 livelli di energia e densit\u00e0?"},"content":{"rendered":"<div class=\"wpb-content-wrapper\"><p>[vc_row type=&#8221;image&#8221; bg_position_horizontal=&#8221;center&#8221; enable_parallax=&#8221;false&#8221; column_gap=&#8221;no&#8221; padding_top=&#8221;13%&#8221; padding_bottom=&#8221;13%&#8221; bg_image=&#8221;600&#8243;][vc_column][\/vc_column][\/vc_row][vc_row column_gap=&#8221;no&#8221; padding_top=&#8221;25&#8243; padding_bottom=&#8221;25&#8243;][vc_column][vc_column_text]<div class=\"breadcrumb\" itemprop=\"breadcrumb\"><span><span><a href=\"https:\/\/femtouch.eu\/it\/\">HOME<\/a><\/span><\/span><\/div>[\/vc_column_text][\/vc_column][\/vc_row][vc_row equal_height=&#8221;yes&#8221; content_placement=&#8221;middle&#8221; type=&#8221;color&#8221; bg_color=&#8221;#f2f2f2&#8243; column_gap=&#8221;no&#8221; padding_top=&#8221;65&#8243; padding_bottom=&#8221;65&#8243;][vc_column width=&#8221;2\/3&#8243; css=&#8221;.vc_custom_1470053436572{margin-right: 10px !important;margin-left: 0px !important;padding-top: 33px !important;padding-right: 25px !important;padding-bottom: 33px !important;padding-left: 25px !important;background-color: #ffffff !important;}&#8221;][vc_column_text]<\/p>\n<h4>Perch\u00e9 sono necessari 3 livelli di energia e densit\u00e0?<\/h4>\n<p><strong>RISPOSTA:\u00a0<\/strong>Disponendo di diversi livelli di energia e densit\u00e0, il medico pu\u00f2 trattare ciascun paziente in base alle sue specifiche necessit\u00e0. I parametri di impostazione devono essere rapportati allo spessore delle strato mucoso. Avendo facolt\u00e0 di scegliere tra diversi livelli di energia, il medico \u00e8 in grado di controllare la profondit\u00e0 di penetrazione laser che ritiene opportuna. Inoltre, \u00e8 stato suggerito che gli effetti del trattamento laser possano dipendere da diversi fattori, come la selezione della paziente, la sua et\u00e0, il tempo trascorso dalla menopausa, il contenuto acquoso del tessuto, e le caratteristiche cliniche del soggetto in trattamento<\/p>\n<p>&nbsp;<\/p>\n<p><span style=\"border-radius: 2px; text-indent: 20px; width: auto; padding: 0px 4px 0px 0px; text-align: center; font: bold 11px\/20px 'Helvetica Neue',Helvetica,sans-serif; color: #ffffff; background: #bd081c no-repeat scroll 3px 50% \/ 14px 14px; position: absolute; opacity: 0.85; z-index: 8675309; display: none; cursor: pointer; top: 285px; left: 20px;\">Save<\/span>[\/vc_column_text][vc_btn title=&#8221;TORNA ALLE DOMANDE&#8221; size=&#8221;sm&#8221; link=&#8221;url:https%3A%2F%2Ffemtouch.eu%2Fit%2Ffor-physicians%2Ffaq%2F|||&#8221;][\/vc_column][vc_column width=&#8221;1\/3&#8243; css=&#8221;.vc_custom_1471850214247{margin-left: 10px !important;}&#8221;][\/vc_column][\/vc_row]<\/p>\n<\/div>","protected":false},"excerpt":{"rendered":"<p>[vc_row type=&#8221;image&#8221; bg_position_horizontal=&#8221;center&#8221; enable_parallax=&#8221;false&#8221; column_gap=&#8221;no&#8221; padding_top=&#8221;13%&#8221; padding_bottom=&#8221;13%&#8221; bg_image=&#8221;600&#8243;][vc_column][\/vc_column][\/vc_row][vc_row column_gap=&#8221;no&#8221; padding_top=&#8221;25&#8243; padding_bottom=&#8221;25&#8243;][vc_column][vc_column_text][\/vc_column_text][\/vc_column][\/vc_row][vc_row equal_height=&#8221;yes&#8221; content_placement=&#8221;middle&#8221; type=&#8221;color&#8221; bg_color=&#8221;#f2f2f2&#8243; column_gap=&#8221;no&#8221; padding_top=&#8221;65&#8243; padding_bottom=&#8221;65&#8243;][vc_column width=&#8221;2\/3&#8243; css=&#8221;.vc_custom_1470053436572{margin-right: 10px !important;margin-left: 0px !important;padding-top: 33px !important;padding-right: 25px !important;padding-bottom: 33px !important;padding-left: 25px !important;background-color: #ffffff !important;}&#8221;][vc_column_text] Perch\u00e9 sono necessari 3 livelli di energia e densit\u00e0? RISPOSTA:\u00a0Disponendo di diversi livelli di energia e densit\u00e0, il medico pu\u00f2 trattare ciascun paziente in base alle [&hellip;]<\/p>\n","protected":false},"author":1,"featured_media":0,"parent":6391,"menu_order":0,"comment_status":"closed","ping_status":"closed","template":"","meta":{"footnotes":""},"class_list":["post-6655","page","type-page","status-publish","hentry"],"yoast_head":"<!-- This site is optimized with the Yoast SEO plugin v27.4 - https:\/\/yoast.com\/product\/yoast-seo-wordpress\/ -->\n<title>Perch\u00e9 sono necessari 3 livelli di energia e densit\u00e0? - FemTouch for Improved Vaginal Health<\/title>\n<meta name=\"robots\" content=\"index, follow, max-snippet:-1, max-image-preview:large, max-video-preview:-1\" \/>\n<link rel=\"canonical\" href=\"https:\/\/femtouch.eu\/it\/questions\/why-do-i-need-3-different-levels-of-energy-and-density\/\" \/>\n<meta property=\"og:locale\" content=\"it_IT\" \/>\n<meta property=\"og:type\" content=\"article\" \/>\n<meta property=\"og:title\" content=\"Perch\u00e9 sono necessari 3 livelli di energia e densit\u00e0? - FemTouch for Improved Vaginal Health\" \/>\n<meta property=\"og:description\" content=\"[vc_row type=&#8221;image&#8221; bg_position_horizontal=&#8221;center&#8221; enable_parallax=&#8221;false&#8221; column_gap=&#8221;no&#8221; padding_top=&#8221;13%&#8221; padding_bottom=&#8221;13%&#8221; bg_image=&#8221;600&#8243;][vc_column][\/vc_column][\/vc_row][vc_row column_gap=&#8221;no&#8221; padding_top=&#8221;25&#8243; padding_bottom=&#8221;25&#8243;][vc_column][vc_column_text][\/vc_column_text][\/vc_column][\/vc_row][vc_row equal_height=&#8221;yes&#8221; content_placement=&#8221;middle&#8221; type=&#8221;color&#8221; bg_color=&#8221;#f2f2f2&#8243; column_gap=&#8221;no&#8221; padding_top=&#8221;65&#8243; padding_bottom=&#8221;65&#8243;][vc_column width=&#8221;2\/3&#8243; css=&#8221;.vc_custom_1470053436572{margin-right: 10px !important;margin-left: 0px !important;padding-top: 33px !important;padding-right: 25px !important;padding-bottom: 33px !important;padding-left: 25px !important;background-color: #ffffff !important;}&#8221;][vc_column_text] Perch\u00e9 sono necessari 3 livelli di energia e densit\u00e0? RISPOSTA:\u00a0Disponendo di diversi livelli di energia e densit\u00e0, il medico pu\u00f2 trattare ciascun paziente in base alle [&hellip;]\" \/>\n<meta property=\"og:url\" content=\"https:\/\/femtouch.eu\/questions\/why-do-i-need-3-different-levels-of-energy-and-density\/\" \/>\n<meta property=\"og:site_name\" content=\"FemTouch for Improved Vaginal Health\" \/>\n<meta property=\"article:modified_time\" content=\"2020-03-18T06:15:33+00:00\" \/>\n<meta name=\"twitter:card\" content=\"summary_large_image\" \/>\n<meta name=\"twitter:label1\" content=\"Tempo di lettura stimato\" \/>\n\t<meta name=\"twitter:data1\" content=\"1 minuto\" \/>\n<script type=\"application\/ld+json\" class=\"yoast-schema-graph\">{\"@context\":\"https:\\\/\\\/schema.org\",\"@graph\":[{\"@type\":\"WebPage\",\"@id\":\"https:\\\/\\\/femtouch.eu\\\/questions\\\/why-do-i-need-3-different-levels-of-energy-and-density\\\/\",\"url\":\"https:\\\/\\\/femtouch.eu\\\/questions\\\/why-do-i-need-3-different-levels-of-energy-and-density\\\/\",\"name\":\"Perch\u00e9 sono necessari 3 livelli di energia e densit\u00e0? - FemTouch for Improved Vaginal Health\",\"isPartOf\":{\"@id\":\"https:\\\/\\\/femtouch.eu\\\/#website\"},\"datePublished\":\"2016-08-09T16:28:28+00:00\",\"dateModified\":\"2020-03-18T06:15:33+00:00\",\"breadcrumb\":{\"@id\":\"https:\\\/\\\/femtouch.eu\\\/questions\\\/why-do-i-need-3-different-levels-of-energy-and-density\\\/#breadcrumb\"},\"inLanguage\":\"it-IT\",\"potentialAction\":[{\"@type\":\"ReadAction\",\"target\":[\"https:\\\/\\\/femtouch.eu\\\/questions\\\/why-do-i-need-3-different-levels-of-energy-and-density\\\/\"]}]},{\"@type\":\"BreadcrumbList\",\"@id\":\"https:\\\/\\\/femtouch.eu\\\/questions\\\/why-do-i-need-3-different-levels-of-energy-and-density\\\/#breadcrumb\",\"itemListElement\":[{\"@type\":\"ListItem\",\"position\":1,\"name\":\"HOME\",\"item\":\"https:\\\/\\\/femtouch.eu\\\/it\\\/\"},{\"@type\":\"ListItem\",\"position\":2,\"name\":\"DOMANDE?\",\"item\":\"https:\\\/\\\/femtouch.eu\\\/questions\\\/\"},{\"@type\":\"ListItem\",\"position\":3,\"name\":\"Perch\u00e9 sono necessari 3 livelli di energia e densit\u00e0?\"}]},{\"@type\":\"WebSite\",\"@id\":\"https:\\\/\\\/femtouch.eu\\\/#website\",\"url\":\"https:\\\/\\\/femtouch.eu\\\/\",\"name\":\"FemTouch for Improved Vaginal Health\",\"description\":\"\",\"potentialAction\":[{\"@type\":\"SearchAction\",\"target\":{\"@type\":\"EntryPoint\",\"urlTemplate\":\"https:\\\/\\\/femtouch.eu\\\/?s={search_term_string}\"},\"query-input\":{\"@type\":\"PropertyValueSpecification\",\"valueRequired\":true,\"valueName\":\"search_term_string\"}}],\"inLanguage\":\"it-IT\"}]}<\/script>\n<!-- \/ Yoast SEO plugin. -->","yoast_head_json":{"title":"Perch\u00e9 sono necessari 3 livelli di energia e densit\u00e0? - FemTouch for Improved Vaginal Health","robots":{"index":"index","follow":"follow","max-snippet":"max-snippet:-1","max-image-preview":"max-image-preview:large","max-video-preview":"max-video-preview:-1"},"canonical":"https:\/\/femtouch.eu\/it\/questions\/why-do-i-need-3-different-levels-of-energy-and-density\/","og_locale":"it_IT","og_type":"article","og_title":"Perch\u00e9 sono necessari 3 livelli di energia e densit\u00e0? - FemTouch for Improved Vaginal Health","og_description":"[vc_row type=&#8221;image&#8221; bg_position_horizontal=&#8221;center&#8221; enable_parallax=&#8221;false&#8221; column_gap=&#8221;no&#8221; padding_top=&#8221;13%&#8221; padding_bottom=&#8221;13%&#8221; bg_image=&#8221;600&#8243;][vc_column][\/vc_column][\/vc_row][vc_row column_gap=&#8221;no&#8221; padding_top=&#8221;25&#8243; padding_bottom=&#8221;25&#8243;][vc_column][vc_column_text][\/vc_column_text][\/vc_column][\/vc_row][vc_row equal_height=&#8221;yes&#8221; content_placement=&#8221;middle&#8221; type=&#8221;color&#8221; bg_color=&#8221;#f2f2f2&#8243; column_gap=&#8221;no&#8221; padding_top=&#8221;65&#8243; padding_bottom=&#8221;65&#8243;][vc_column width=&#8221;2\/3&#8243; css=&#8221;.vc_custom_1470053436572{margin-right: 10px !important;margin-left: 0px !important;padding-top: 33px !important;padding-right: 25px !important;padding-bottom: 33px !important;padding-left: 25px !important;background-color: #ffffff !important;}&#8221;][vc_column_text] Perch\u00e9 sono necessari 3 livelli di energia e densit\u00e0? RISPOSTA:\u00a0Disponendo di diversi livelli di energia e densit\u00e0, il medico pu\u00f2 trattare ciascun paziente in base alle [&hellip;]","og_url":"https:\/\/femtouch.eu\/questions\/why-do-i-need-3-different-levels-of-energy-and-density\/","og_site_name":"FemTouch for Improved Vaginal Health","article_modified_time":"2020-03-18T06:15:33+00:00","twitter_card":"summary_large_image","twitter_misc":{"Tempo di lettura stimato":"1 minuto"},"schema":{"@context":"https:\/\/schema.org","@graph":[{"@type":"WebPage","@id":"https:\/\/femtouch.eu\/questions\/why-do-i-need-3-different-levels-of-energy-and-density\/","url":"https:\/\/femtouch.eu\/questions\/why-do-i-need-3-different-levels-of-energy-and-density\/","name":"Perch\u00e9 sono necessari 3 livelli di energia e densit\u00e0? - FemTouch for Improved Vaginal Health","isPartOf":{"@id":"https:\/\/femtouch.eu\/#website"},"datePublished":"2016-08-09T16:28:28+00:00","dateModified":"2020-03-18T06:15:33+00:00","breadcrumb":{"@id":"https:\/\/femtouch.eu\/questions\/why-do-i-need-3-different-levels-of-energy-and-density\/#breadcrumb"},"inLanguage":"it-IT","potentialAction":[{"@type":"ReadAction","target":["https:\/\/femtouch.eu\/questions\/why-do-i-need-3-different-levels-of-energy-and-density\/"]}]},{"@type":"BreadcrumbList","@id":"https:\/\/femtouch.eu\/questions\/why-do-i-need-3-different-levels-of-energy-and-density\/#breadcrumb","itemListElement":[{"@type":"ListItem","position":1,"name":"HOME","item":"https:\/\/femtouch.eu\/it\/"},{"@type":"ListItem","position":2,"name":"DOMANDE?","item":"https:\/\/femtouch.eu\/questions\/"},{"@type":"ListItem","position":3,"name":"Perch\u00e9 sono necessari 3 livelli di energia e densit\u00e0?"}]},{"@type":"WebSite","@id":"https:\/\/femtouch.eu\/#website","url":"https:\/\/femtouch.eu\/","name":"FemTouch for Improved Vaginal Health","description":"","potentialAction":[{"@type":"SearchAction","target":{"@type":"EntryPoint","urlTemplate":"https:\/\/femtouch.eu\/?s={search_term_string}"},"query-input":{"@type":"PropertyValueSpecification","valueRequired":true,"valueName":"search_term_string"}}],"inLanguage":"it-IT"}]}},"jetpack_shortlink":"https:\/\/wp.me\/P7S3gX-1Jl","jetpack_sharing_enabled":true,"_links":{"self":[{"href":"https:\/\/femtouch.eu\/it\/wp-json\/wp\/v2\/pages\/6655","targetHints":{"allow":["GET"]}}],"collection":[{"href":"https:\/\/femtouch.eu\/it\/wp-json\/wp\/v2\/pages"}],"about":[{"href":"https:\/\/femtouch.eu\/it\/wp-json\/wp\/v2\/types\/page"}],"author":[{"embeddable":true,"href":"https:\/\/femtouch.eu\/it\/wp-json\/wp\/v2\/users\/1"}],"replies":[{"embeddable":true,"href":"https:\/\/femtouch.eu\/it\/wp-json\/wp\/v2\/comments?post=6655"}],"version-history":[{"count":3,"href":"https:\/\/femtouch.eu\/it\/wp-json\/wp\/v2\/pages\/6655\/revisions"}],"predecessor-version":[{"id":6691,"href":"https:\/\/femtouch.eu\/it\/wp-json\/wp\/v2\/pages\/6655\/revisions\/6691"}],"up":[{"embeddable":true,"href":"https:\/\/femtouch.eu\/it\/wp-json\/wp\/v2\/pages\/6391"}],"wp:attachment":[{"href":"https:\/\/femtouch.eu\/it\/wp-json\/wp\/v2\/media?parent=6655"}],"curies":[{"name":"wp","href":"https:\/\/api.w.org\/{rel}","templated":true}]}}