{"id":6666,"date":"2016-08-09T16:33:27","date_gmt":"2016-08-09T16:33:27","guid":{"rendered":"https:\/\/staging.femtouch.eu\/in-che-modo-il-trattamento-con-laser-co2-influisce-sulla-secchezza-vaginale\/"},"modified":"2020-11-12T12:48:24","modified_gmt":"2020-11-12T12:48:24","slug":"how-does-the-co2-treatment-affect-vaginal-dryness","status":"publish","type":"page","link":"https:\/\/femtouch.eu\/it\/for-physicians\/faq\/how-does-the-co2-treatment-affect-vaginal-dryness\/","title":{"rendered":"In che modo il trattamento con laser CO2 influisce sulla secchezza vaginale?"},"content":{"rendered":"<div class=\"wpb-content-wrapper\"><p>[vc_row type=&#8221;image&#8221; bg_position_horizontal=&#8221;center&#8221; enable_parallax=&#8221;false&#8221; column_gap=&#8221;no&#8221; padding_top=&#8221;13%&#8221; padding_bottom=&#8221;13%&#8221; bg_image=&#8221;600&#8243;][vc_column][\/vc_column][\/vc_row][vc_row column_gap=&#8221;no&#8221; padding_top=&#8221;25&#8243; padding_bottom=&#8221;25&#8243;][vc_column][vc_column_text]<div class=\"breadcrumb\" itemprop=\"breadcrumb\"><span><span><a href=\"https:\/\/femtouch.eu\/it\/\">HOME<\/a><\/span><\/span><\/div>[\/vc_column_text][\/vc_column][\/vc_row][vc_row equal_height=&#8221;yes&#8221; content_placement=&#8221;middle&#8221; type=&#8221;color&#8221; bg_color=&#8221;#f2f2f2&#8243; column_gap=&#8221;no&#8221; padding_top=&#8221;65&#8243; padding_bottom=&#8221;65&#8243;][vc_column width=&#8221;2\/3&#8243; css=&#8221;.vc_custom_1470053436572{margin-right: 10px !important;margin-left: 0px !important;padding-top: 33px !important;padding-right: 25px !important;padding-bottom: 33px !important;padding-left: 25px !important;background-color: #ffffff !important;}&#8221;][vc_column_text]<\/p>\n<h4>In che modo il trattamento con laser <em>CO<sub>2\u00a0 <\/sub><\/em>influisce sulla secchezza vaginale?<\/h4>\n<p><strong>RISPOSTA: <\/strong>Diversi studi hanno dimostrato che il trattamento laser migliora i sintomi generati dall&#8217;<a href=\"https:\/\/femtouch.eu\/it\/vaginal-health\/vaginal-atrophy\/\">atrofia vaginale<\/a>, come la secchezza, il prurito e la dispareunia. Ad esempio, uno studio di Juan F. et al. ha evidenziato che, se prima del trattamento tutte le pazienti lamentavano <a href=\"https:\/\/femtouch.eu\/it\/vaginal-health\/vaginal-atrophy\/\">secchezza vaginale<\/a> e dispareunia di grave entit\u00e0, con il 97,5% di esse che evitava rapporti sessuali a causa della propria sintomatologia, dopo 3 mesi di trattamento laser il 70% delle pazienti non aveva pi\u00f9 secchezza vaginale e il 30% una secchezza vaginale di lieve entit\u00e0. Inoltre, il 90% delle pazienti dichiarava la scomparsa della dispareunia e di non rinunciare pi\u00f9 al rapporto sessuale mentre il restante 10% avvertiva ancora una lieve dispareunia residua e si asteneva solo raramente dal rapporto sessuale.<\/p>\n<p>Per Salvatore et al., il trattamento con laser <em>CO<sub>2<\/sub><\/em> frazionato \u00e8 stato efficace e ha attenuato i sintomi di atrofia vulvovaginale, come dimostrato in uno studio condotto su 50 donne durante un follow-up di 12 settimane. Il trattamento ha attenuando secchezza, bruciore e <a href=\"https:\/\/femtouch.eu\/it\/vaginal-health\/vaginal-atrophy\/\">prurito vaginali<\/a>,, oltre alla dispareunia e alla disuria.<\/p>\n<p>Secondo gli autori, restano ancora da chiarire i meccanismi che portano a questo tipo di &#8220;ringiovanimento&#8221; delle pareti vaginali, cos\u00ec come la durata dei cambiamenti indotti dall&#8217;applicazione del laser. Tuttavia, \u00e8 ipotizzabile che l&#8217;effetto sul rimodellamento del collagene, dimostrato in campioni vaginali ex vivo, sia abbastanza simile a quello osservabile in vivo a livello cutaneo.<\/p>\n<p>La lubrificazione vaginale proviene da diverse fonti:<\/p>\n<ul>\n<li>In risposta all&#8217;aumento dei livelli di estrogeni, la cervice secerne muco, che trasuda nella vagina.<\/li>\n<li>Ghiandole di Bartolino &#8211; due minuscole ghiandole situate su ciascuna delle piccole labbra, in prossimit\u00e0 del meato vaginale. Queste ghiandole secernono <a href=\"https:\/\/en.wikipedia.org\/wiki\/Mucus\" target=\"_blank\" rel=\"noopener noreferrer\">muco<\/a> che <a href=\"https:\/\/en.wikipedia.org\/wiki\/Vaginal_lubrication\" target=\"_blank\" rel=\"noopener noreferrer\">lubrifica la vagina<\/a>. Quando una donna \u00e8 <a href=\"https:\/\/en.wikipedia.org\/wiki\/Sexual_arousal\" target=\"_blank\" rel=\"noopener noreferrer\">sessualmente eccitata<\/a>, le ghiandole del Bartolino secernono quantit\u00e0 relativamente piccole di fluido.<\/li>\n<li>Pur non disponendo di ghiandole proprie, la vagina, produce grandi quantit\u00e0 di liquido. La secrezione vaginale \u00e8 un miscuglio di diversi componenti, tra i quali proteine\/peptidi, glicoproteine, acido lattico, acido acetico, glicerolo, urea, glicogeno e ioni.<\/li>\n<\/ul>\n<p>\u00c8 stato dimostrato che a seguito del trattamento con laser <em>CO<sub>2<\/sub><\/em>, l&#8217;attivit\u00e0 dei fibroblasti aumenta. Ci\u00f2 \u00e8 imputabile alla produzione di nuovi componenti molecolari della matrice del connettivo, al ripristino dell&#8217;apporto vascolare, e all&#8217;aumento di attivit\u00e0 delle cellule epiteliali, con maggiore sintesi, accumulo e rilascio di glicogeno. Il rinnovamento dei componenti della sostanza fondamentale si manifesta con nuova sintesi e rilascio di glicosaminoglicani, glicoproteine, e glicoproteine multiadesive. Queste molecole sono in grado legare grandi quantit\u00e0 d&#8217;acqua, determinando un significativo aumento dell&#8217;idratazione tissutale e la conseguente maggiore permeabilit\u00e0 ai nutrienti che possono perci\u00f2 passare dai vasi ai tessuti.<\/p>\n<h6><span style=\"color: #333333;\">Juan F. Bojanini B et al Laser Treatment of Vaginal Atrophy in Post-menopause and Post-gynecological Cancer Patients Journal of the Laser and Health Academy , 2014<\/span><\/h6>\n<ol>\n<li>\n<h6><span style=\"color: #333333;\">Salvatore et al. A 12-week treatment with fractional CO2 laser for vulvovaginal atrophy: a pilot study CLIMACTERIC 2014;17:363\u2013369<\/span><\/h6>\n<\/li>\n<\/ol>\n<p>&nbsp;<\/p>\n<p><span style=\"border-radius: 2px; text-indent: 20px; width: auto; padding: 0px 4px 0px 0px; text-align: center; font: bold 11px\/20px 'Helvetica Neue',Helvetica,sans-serif; color: #ffffff; background: #bd081c none no-repeat scroll 3px 50% \/ 14px 14px; position: absolute; opacity: 0.85; z-index: 8675309; display: none; cursor: pointer; top: 285px; left: 20px;\">Save<\/span>[\/vc_column_text][vc_btn title=&#8221;TORNA ALLE DOMANDE&#8221; size=&#8221;sm&#8221; link=&#8221;url:https%3A%2F%2Ffemtouch.eu%2Fit%2Ffor-physicians%2Ffaq%2F|||&#8221;][\/vc_column][vc_column width=&#8221;1\/3&#8243; css=&#8221;.vc_custom_1471850235982{margin-left: 10px !important;}&#8221;][\/vc_column][\/vc_row]<\/p>\n<\/div>","protected":false},"excerpt":{"rendered":"<p>[vc_row type=&#8221;image&#8221; bg_position_horizontal=&#8221;center&#8221; enable_parallax=&#8221;false&#8221; column_gap=&#8221;no&#8221; padding_top=&#8221;13%&#8221; padding_bottom=&#8221;13%&#8221; bg_image=&#8221;600&#8243;][vc_column][\/vc_column][\/vc_row][vc_row column_gap=&#8221;no&#8221; padding_top=&#8221;25&#8243; padding_bottom=&#8221;25&#8243;][vc_column][vc_column_text][\/vc_column_text][\/vc_column][\/vc_row][vc_row equal_height=&#8221;yes&#8221; content_placement=&#8221;middle&#8221; type=&#8221;color&#8221; bg_color=&#8221;#f2f2f2&#8243; column_gap=&#8221;no&#8221; padding_top=&#8221;65&#8243; padding_bottom=&#8221;65&#8243;][vc_column width=&#8221;2\/3&#8243; css=&#8221;.vc_custom_1470053436572{margin-right: 10px !important;margin-left: 0px !important;padding-top: 33px !important;padding-right: 25px !important;padding-bottom: 33px !important;padding-left: 25px !important;background-color: #ffffff !important;}&#8221;][vc_column_text] In che modo il trattamento con laser CO2\u00a0 influisce sulla secchezza vaginale? RISPOSTA: Diversi studi hanno dimostrato che il trattamento laser migliora i sintomi generati dall&#8217;atrofia [&hellip;]<\/p>\n","protected":false},"author":1,"featured_media":0,"parent":6705,"menu_order":0,"comment_status":"closed","ping_status":"closed","template":"","meta":{"footnotes":""},"class_list":["post-6666","page","type-page","status-publish","hentry"],"yoast_head":"<!-- This site is optimized with the Yoast SEO plugin v27.3 - https:\/\/yoast.com\/product\/yoast-seo-wordpress\/ -->\n<title>In che modo il trattamento con laser CO2 influisce sulla secchezza vaginale? - FemTouch for Improved Vaginal Health<\/title>\n<meta name=\"robots\" content=\"index, follow, max-snippet:-1, max-image-preview:large, max-video-preview:-1\" \/>\n<link rel=\"canonical\" href=\"https:\/\/femtouch.eu\/it\/for-physicians\/faq\/how-does-the-co2-treatment-affect-vaginal-dryness\/\" \/>\n<meta property=\"og:locale\" content=\"it_IT\" \/>\n<meta property=\"og:type\" content=\"article\" \/>\n<meta property=\"og:title\" content=\"In che modo il trattamento con laser CO2 influisce sulla secchezza vaginale? - FemTouch for Improved Vaginal Health\" \/>\n<meta property=\"og:description\" content=\"[vc_row type=&#8221;image&#8221; bg_position_horizontal=&#8221;center&#8221; enable_parallax=&#8221;false&#8221; column_gap=&#8221;no&#8221; padding_top=&#8221;13%&#8221; padding_bottom=&#8221;13%&#8221; bg_image=&#8221;600&#8243;][vc_column][\/vc_column][\/vc_row][vc_row column_gap=&#8221;no&#8221; padding_top=&#8221;25&#8243; padding_bottom=&#8221;25&#8243;][vc_column][vc_column_text][\/vc_column_text][\/vc_column][\/vc_row][vc_row equal_height=&#8221;yes&#8221; content_placement=&#8221;middle&#8221; type=&#8221;color&#8221; bg_color=&#8221;#f2f2f2&#8243; column_gap=&#8221;no&#8221; padding_top=&#8221;65&#8243; padding_bottom=&#8221;65&#8243;][vc_column width=&#8221;2\/3&#8243; css=&#8221;.vc_custom_1470053436572{margin-right: 10px !important;margin-left: 0px !important;padding-top: 33px !important;padding-right: 25px !important;padding-bottom: 33px !important;padding-left: 25px !important;background-color: #ffffff !important;}&#8221;][vc_column_text] In che modo il trattamento con laser CO2\u00a0 influisce sulla secchezza vaginale? RISPOSTA: Diversi studi hanno dimostrato che il trattamento laser migliora i sintomi generati dall&#8217;atrofia [&hellip;]\" \/>\n<meta property=\"og:url\" content=\"https:\/\/femtouch.eu\/for-physicians\/faq\/how-does-the-co2-treatment-affect-vaginal-dryness\/\" \/>\n<meta property=\"og:site_name\" content=\"FemTouch for Improved Vaginal Health\" \/>\n<meta property=\"article:modified_time\" content=\"2020-11-12T12:48:24+00:00\" \/>\n<meta name=\"twitter:card\" content=\"summary_large_image\" \/>\n<meta name=\"twitter:label1\" content=\"Tempo di lettura stimato\" \/>\n\t<meta name=\"twitter:data1\" content=\"3 minuti\" \/>\n<script type=\"application\/ld+json\" class=\"yoast-schema-graph\">{\"@context\":\"https:\\\/\\\/schema.org\",\"@graph\":[{\"@type\":\"WebPage\",\"@id\":\"https:\\\/\\\/femtouch.eu\\\/for-physicians\\\/faq\\\/how-does-the-co2-treatment-affect-vaginal-dryness\\\/\",\"url\":\"https:\\\/\\\/femtouch.eu\\\/for-physicians\\\/faq\\\/how-does-the-co2-treatment-affect-vaginal-dryness\\\/\",\"name\":\"In che modo il trattamento con laser CO2 influisce sulla secchezza vaginale? - FemTouch for Improved Vaginal Health\",\"isPartOf\":{\"@id\":\"https:\\\/\\\/femtouch.eu\\\/#website\"},\"datePublished\":\"2016-08-09T16:33:27+00:00\",\"dateModified\":\"2020-11-12T12:48:24+00:00\",\"breadcrumb\":{\"@id\":\"https:\\\/\\\/femtouch.eu\\\/for-physicians\\\/faq\\\/how-does-the-co2-treatment-affect-vaginal-dryness\\\/#breadcrumb\"},\"inLanguage\":\"it-IT\",\"potentialAction\":[{\"@type\":\"ReadAction\",\"target\":[\"https:\\\/\\\/femtouch.eu\\\/for-physicians\\\/faq\\\/how-does-the-co2-treatment-affect-vaginal-dryness\\\/\"]}]},{\"@type\":\"BreadcrumbList\",\"@id\":\"https:\\\/\\\/femtouch.eu\\\/for-physicians\\\/faq\\\/how-does-the-co2-treatment-affect-vaginal-dryness\\\/#breadcrumb\",\"itemListElement\":[{\"@type\":\"ListItem\",\"position\":1,\"name\":\"HOME\",\"item\":\"https:\\\/\\\/femtouch.eu\\\/it\\\/\"},{\"@type\":\"ListItem\",\"position\":2,\"name\":\"FOR PHYSICIANS\",\"item\":\"https:\\\/\\\/femtouch.eu\\\/it\\\/for-physicians\\\/\"},{\"@type\":\"ListItem\",\"position\":3,\"name\":\"Domande frequenti dei\",\"item\":\"https:\\\/\\\/femtouch.eu\\\/it\\\/for-physicians\\\/faq\\\/\"},{\"@type\":\"ListItem\",\"position\":4,\"name\":\"In che modo il trattamento con laser CO2 influisce sulla secchezza vaginale?\"}]},{\"@type\":\"WebSite\",\"@id\":\"https:\\\/\\\/femtouch.eu\\\/#website\",\"url\":\"https:\\\/\\\/femtouch.eu\\\/\",\"name\":\"FemTouch for Improved Vaginal Health\",\"description\":\"\",\"potentialAction\":[{\"@type\":\"SearchAction\",\"target\":{\"@type\":\"EntryPoint\",\"urlTemplate\":\"https:\\\/\\\/femtouch.eu\\\/?s={search_term_string}\"},\"query-input\":{\"@type\":\"PropertyValueSpecification\",\"valueRequired\":true,\"valueName\":\"search_term_string\"}}],\"inLanguage\":\"it-IT\"}]}<\/script>\n<!-- \/ Yoast SEO plugin. -->","yoast_head_json":{"title":"In che modo il trattamento con laser CO2 influisce sulla secchezza vaginale? - FemTouch for Improved Vaginal Health","robots":{"index":"index","follow":"follow","max-snippet":"max-snippet:-1","max-image-preview":"max-image-preview:large","max-video-preview":"max-video-preview:-1"},"canonical":"https:\/\/femtouch.eu\/it\/for-physicians\/faq\/how-does-the-co2-treatment-affect-vaginal-dryness\/","og_locale":"it_IT","og_type":"article","og_title":"In che modo il trattamento con laser CO2 influisce sulla secchezza vaginale? - FemTouch for Improved Vaginal Health","og_description":"[vc_row type=&#8221;image&#8221; bg_position_horizontal=&#8221;center&#8221; enable_parallax=&#8221;false&#8221; column_gap=&#8221;no&#8221; padding_top=&#8221;13%&#8221; padding_bottom=&#8221;13%&#8221; bg_image=&#8221;600&#8243;][vc_column][\/vc_column][\/vc_row][vc_row column_gap=&#8221;no&#8221; padding_top=&#8221;25&#8243; padding_bottom=&#8221;25&#8243;][vc_column][vc_column_text][\/vc_column_text][\/vc_column][\/vc_row][vc_row equal_height=&#8221;yes&#8221; content_placement=&#8221;middle&#8221; type=&#8221;color&#8221; bg_color=&#8221;#f2f2f2&#8243; column_gap=&#8221;no&#8221; padding_top=&#8221;65&#8243; padding_bottom=&#8221;65&#8243;][vc_column width=&#8221;2\/3&#8243; css=&#8221;.vc_custom_1470053436572{margin-right: 10px !important;margin-left: 0px !important;padding-top: 33px !important;padding-right: 25px !important;padding-bottom: 33px !important;padding-left: 25px !important;background-color: #ffffff !important;}&#8221;][vc_column_text] In che modo il trattamento con laser CO2\u00a0 influisce sulla secchezza vaginale? RISPOSTA: Diversi studi hanno dimostrato che il trattamento laser migliora i sintomi generati dall&#8217;atrofia [&hellip;]","og_url":"https:\/\/femtouch.eu\/for-physicians\/faq\/how-does-the-co2-treatment-affect-vaginal-dryness\/","og_site_name":"FemTouch for Improved Vaginal Health","article_modified_time":"2020-11-12T12:48:24+00:00","twitter_card":"summary_large_image","twitter_misc":{"Tempo di lettura stimato":"3 minuti"},"schema":{"@context":"https:\/\/schema.org","@graph":[{"@type":"WebPage","@id":"https:\/\/femtouch.eu\/for-physicians\/faq\/how-does-the-co2-treatment-affect-vaginal-dryness\/","url":"https:\/\/femtouch.eu\/for-physicians\/faq\/how-does-the-co2-treatment-affect-vaginal-dryness\/","name":"In che modo il trattamento con laser CO2 influisce sulla secchezza vaginale? - FemTouch for Improved Vaginal Health","isPartOf":{"@id":"https:\/\/femtouch.eu\/#website"},"datePublished":"2016-08-09T16:33:27+00:00","dateModified":"2020-11-12T12:48:24+00:00","breadcrumb":{"@id":"https:\/\/femtouch.eu\/for-physicians\/faq\/how-does-the-co2-treatment-affect-vaginal-dryness\/#breadcrumb"},"inLanguage":"it-IT","potentialAction":[{"@type":"ReadAction","target":["https:\/\/femtouch.eu\/for-physicians\/faq\/how-does-the-co2-treatment-affect-vaginal-dryness\/"]}]},{"@type":"BreadcrumbList","@id":"https:\/\/femtouch.eu\/for-physicians\/faq\/how-does-the-co2-treatment-affect-vaginal-dryness\/#breadcrumb","itemListElement":[{"@type":"ListItem","position":1,"name":"HOME","item":"https:\/\/femtouch.eu\/it\/"},{"@type":"ListItem","position":2,"name":"FOR PHYSICIANS","item":"https:\/\/femtouch.eu\/it\/for-physicians\/"},{"@type":"ListItem","position":3,"name":"Domande frequenti dei","item":"https:\/\/femtouch.eu\/it\/for-physicians\/faq\/"},{"@type":"ListItem","position":4,"name":"In che modo il trattamento con laser CO2 influisce sulla secchezza vaginale?"}]},{"@type":"WebSite","@id":"https:\/\/femtouch.eu\/#website","url":"https:\/\/femtouch.eu\/","name":"FemTouch for Improved Vaginal Health","description":"","potentialAction":[{"@type":"SearchAction","target":{"@type":"EntryPoint","urlTemplate":"https:\/\/femtouch.eu\/?s={search_term_string}"},"query-input":{"@type":"PropertyValueSpecification","valueRequired":true,"valueName":"search_term_string"}}],"inLanguage":"it-IT"}]}},"jetpack_shortlink":"https:\/\/wp.me\/P7S3gX-1Jw","jetpack_sharing_enabled":true,"_links":{"self":[{"href":"https:\/\/femtouch.eu\/it\/wp-json\/wp\/v2\/pages\/6666","targetHints":{"allow":["GET"]}}],"collection":[{"href":"https:\/\/femtouch.eu\/it\/wp-json\/wp\/v2\/pages"}],"about":[{"href":"https:\/\/femtouch.eu\/it\/wp-json\/wp\/v2\/types\/page"}],"author":[{"embeddable":true,"href":"https:\/\/femtouch.eu\/it\/wp-json\/wp\/v2\/users\/1"}],"replies":[{"embeddable":true,"href":"https:\/\/femtouch.eu\/it\/wp-json\/wp\/v2\/comments?post=6666"}],"version-history":[{"count":5,"href":"https:\/\/femtouch.eu\/it\/wp-json\/wp\/v2\/pages\/6666\/revisions"}],"predecessor-version":[{"id":8559,"href":"https:\/\/femtouch.eu\/it\/wp-json\/wp\/v2\/pages\/6666\/revisions\/8559"}],"up":[{"embeddable":true,"href":"https:\/\/femtouch.eu\/it\/wp-json\/wp\/v2\/pages\/6705"}],"wp:attachment":[{"href":"https:\/\/femtouch.eu\/it\/wp-json\/wp\/v2\/media?parent=6666"}],"curies":[{"name":"wp","href":"https:\/\/api.w.org\/{rel}","templated":true}]}}